{"id":868,"date":"2020-03-23T16:37:07","date_gmt":"2020-03-23T16:37:07","guid":{"rendered":"https:\/\/mybody5.ee.mybody.ee\/proov\/product\/kombo-immuunsusteemi-tugevdaja-1\/"},"modified":"2020-03-23T16:37:07","modified_gmt":"2020-03-23T16:37:07","slug":"kombo-immuunsusteemi-tugevdaja-1","status":"publish","type":"product","link":"https:\/\/mybody5.ee.mybody.ee\/proov\/product\/kombo-immuunsusteemi-tugevdaja-1\/","title":{"rendered":"Kombo &#8211; Immuuns\u00fcsteemi tugevdaja 1"},"content":{"rendered":"<p style=\"outline: 0px; margin-bottom: 10px;\"><b>C-vitmiin ja D-vitamiin<\/b><\/p>\n<p class=\"MsoNormal\">C-vitamiin ja D-vitamiin on vajalik organismi vastupanuv\u00f5ime t\u00f5stmiseks, kevadv\u00e4simuse ja stressi peletamiseks. Lisaks tugevdab immuunsust ja parandab \u00fcldist heaolu. C-vitamiini nind D-vitamiini t\u00e4ielik puudumine toidus v\u00f5i kestev defitsiit v\u00f5ib organismile olla kahjulik ning koguni ohtlik, p\u00f5hjustades haiguslikke seisundeid.&nbsp;<\/p>\n<ul style=\"outline: 0px; margin-bottom: 10px;\">\n<li style=\"outline: 0px;\">Peletab v\u00e4simuse ja stressi&nbsp;<\/li>\n<li style=\"outline: 0px;\">Parandab raua omastumist<\/li>\n<li style=\"outline: 0px;\">Toetab s\u00fcdamet\u00f6\u00f6d ja n\u00e4rvis\u00fcsteemi<\/li>\n<li style=\"outline: 0px;\">Tugevdab immuunsust<\/li>\n<li style=\"outline: 0px;\">T\u00f5stab energiataset<\/li>\n<\/ul>\n<h3 style=\"outline: 0px;\">Kasutamine:<\/h3>\n<p style=\"outline: 0px;\">D-vitamiini p\u00e4evane annus 1 kapsel koos hommikus\u00f6\u00f6giga.&nbsp;C-vitmiini p\u00e4evane annus on 1\/2 tabletti lahustatuna vees.<\/p>\n<p style=\"outline: 0px;\"><span style=\"color: inherit; font-family: inherit; font-size: 23px;\">Kellel sobib:<\/span><\/p>\n<p style=\"outline: 0px;\">Sobib h\u00e4sti inimesele, kellel on n\u00f5rgenenud imuunsus v\u00f5i kes soovivad tugevdada enda immuunsust.<\/p>\n<h3 style=\"outline: 0px;\">Sisaldus:<\/h3>\n<p style=\"outline: 0px;\">C-vitamiini 1\/2 tablett sisaldab 500mg<\/p>\n<p class=\"MsoNormal\"><span lang=\"ET\"><o:p><\/o:p><\/span><\/p>\n<p style=\"outline: 0px;\">D-vitamiin 1 kapsel sisaldab&nbsp;100\u00b5g (4000IU)<\/p>\n<p style=\"outline: 0px;\"><\/p>\n<h3 style=\"outline: 0px; margin-bottom: 10px;\">Konsultatsioon<\/h3>\n<ul style=\"outline: 0px; margin-bottom: 0px; padding-bottom: 0px;\">\n<li style=\"outline: 0px;\">Oled oodatud tasuta konsultatsioonile MYBODY Audentese kauplusesse,<\/li>\n<li style=\"outline: 0px;\">Asukoht: Audentese Spordikeskus, Tondi 84.<\/li>\n<li style=\"outline: 0px;\">Telefon EST\/RUS\/ENG +372&nbsp;523 1960<\/li>\n<li style=\"outline: 0px;\">Telefon EST\/ENG +372 56&nbsp;458&nbsp;688<\/li>\n<li style=\"outline: 0px;\"><a href=\"mailto:info@mybody.ee\" style=\"outline: 0px; line-height: 1.6; transition: all 0.2s ease-in 0s;\">info@mybody.ee<\/a><\/li>\n<li style=\"outline: 0px;\"><a href=\"http:\/\/www.facebook.com\/mybody.ee\" style=\"outline: 0px; line-height: 1.6; transition: all 0.2s ease-in 0s;\">www.facebook.com\/mybody.ee<\/a><\/li>\n<\/ul>\n","protected":false},"excerpt":{"rendered":"<p>C-vitmiin ja D-vitamiin C-vitamiin ja D-vitamiin on vajalik organismi vastupanuv\u00f5ime t\u00f5stmiseks, kevadv\u00e4simuse ja stressi peletamiseks. Lisaks tugevdab immuunsust ja parandab \u00fcldist heaolu. C-vitamiini nind D-vitamiini t\u00e4ielik puudumine toidus v\u00f5i kestev defitsiit v\u00f5ib organismile olla kahjulik ning koguni ohtlik, p\u00f5hjustades haiguslikke seisundeid.&nbsp; Peletab v\u00e4simuse ja stressi&nbsp; Parandab raua omastumist Toetab s\u00fcdamet\u00f6\u00f6d ja n\u00e4rvis\u00fcsteemi Tugevdab immuunsust T\u00f5stab [&hellip;]<\/p>\n","protected":false},"featured_media":0,"comment_status":"open","ping_status":"closed","template":"","meta":{"inline_featured_image":false},"product_cat":[22,50],"product_tag":[],"class_list":{"0":"post-868","1":"product","2":"type-product","3":"status-publish","5":"product_cat-kombod-2-120","6":"product_cat-vitamiinid-ja-mineraalid","8":"first","9":"instock","10":"shipping-taxable","11":"purchasable","12":"product-type-simple"},"yoast_head":"<!-- This site is optimized with the Yoast SEO plugin v27.3 - https:\/\/yoast.com\/product\/yoast-seo-wordpress\/ -->\n<title>Kombo - Immuuns\u00fcsteemi tugevdaja 1<\/title>\n<meta name=\"robots\" content=\"index, follow, max-snippet:-1, max-image-preview:large, max-video-preview:-1\" \/>\n<link rel=\"canonical\" href=\"https:\/\/mybody5.ee.mybody.ee\/proov\/product\/kombo-immuunsusteemi-tugevdaja-1\/\" \/>\n<meta property=\"og:locale\" content=\"et_EE\" \/>\n<meta property=\"og:type\" content=\"article\" \/>\n<meta property=\"og:title\" content=\"Kombo - Immuuns\u00fcsteemi tugevdaja 1\" \/>\n<meta property=\"og:description\" content=\"C-vitmiin ja D-vitamiin C-vitamiin ja D-vitamiin on vajalik organismi vastupanuv\u00f5ime t\u00f5stmiseks, kevadv\u00e4simuse ja stressi peletamiseks. Lisaks tugevdab immuunsust ja parandab \u00fcldist heaolu. C-vitamiini nind D-vitamiini t\u00e4ielik puudumine toidus v\u00f5i kestev defitsiit v\u00f5ib organismile olla kahjulik ning koguni ohtlik, p\u00f5hjustades haiguslikke seisundeid.&nbsp; Peletab v\u00e4simuse ja stressi&nbsp; Parandab raua omastumist Toetab s\u00fcdamet\u00f6\u00f6d ja n\u00e4rvis\u00fcsteemi Tugevdab immuunsust T\u00f5stab [&hellip;]\" \/>\n<meta property=\"og:url\" content=\"https:\/\/mybody5.ee.mybody.ee\/proov\/product\/kombo-immuunsusteemi-tugevdaja-1\/\" \/>\n<meta property=\"og:site_name\" content=\"supplero\" \/>\n<meta property=\"article:publisher\" content=\"https:\/\/facebook.com\/MyBody.ee\/\" \/>\n<meta property=\"og:image\" content=\"https:\/\/mybody5.ee.mybody.ee\/proov\/wp-content\/uploads\/2023\/11\/mybody_logo_h65.png\" \/>\n\t<meta property=\"og:image:width\" content=\"229\" \/>\n\t<meta property=\"og:image:height\" content=\"65\" \/>\n\t<meta property=\"og:image:type\" content=\"image\/png\" \/>\n<meta name=\"twitter:card\" content=\"summary_large_image\" \/>\n<meta name=\"twitter:label1\" content=\"Est. reading time\" \/>\n\t<meta name=\"twitter:data1\" content=\"1 minut\" \/>\n<script type=\"application\/ld+json\" class=\"yoast-schema-graph\">{\"@context\":\"https:\\\/\\\/schema.org\",\"@graph\":[{\"@type\":\"WebPage\",\"@id\":\"https:\\\/\\\/mybody5.ee.mybody.ee\\\/proov\\\/product\\\/kombo-immuunsusteemi-tugevdaja-1\\\/\",\"url\":\"https:\\\/\\\/mybody5.ee.mybody.ee\\\/proov\\\/product\\\/kombo-immuunsusteemi-tugevdaja-1\\\/\",\"name\":\"Kombo - Immuuns\u00fcsteemi tugevdaja 1\",\"isPartOf\":{\"@id\":\"https:\\\/\\\/mybody5.ee.mybody.ee\\\/proov\\\/#website\"},\"datePublished\":\"2020-03-23T16:37:07+00:00\",\"breadcrumb\":{\"@id\":\"https:\\\/\\\/mybody5.ee.mybody.ee\\\/proov\\\/product\\\/kombo-immuunsusteemi-tugevdaja-1\\\/#breadcrumb\"},\"inLanguage\":\"et\",\"potentialAction\":[{\"@type\":\"ReadAction\",\"target\":[\"https:\\\/\\\/mybody5.ee.mybody.ee\\\/proov\\\/product\\\/kombo-immuunsusteemi-tugevdaja-1\\\/\"]}]},{\"@type\":\"BreadcrumbList\",\"@id\":\"https:\\\/\\\/mybody5.ee.mybody.ee\\\/proov\\\/product\\\/kombo-immuunsusteemi-tugevdaja-1\\\/#breadcrumb\",\"itemListElement\":[{\"@type\":\"ListItem\",\"position\":1,\"name\":\"Home\",\"item\":\"https:\\\/\\\/mybody5.ee.mybody.ee\\\/proov\\\/\"},{\"@type\":\"ListItem\",\"position\":2,\"name\":\"Shop\",\"item\":\"https:\\\/\\\/mybody5.ee.mybody.ee\\\/proov\\\/shop\\\/\"},{\"@type\":\"ListItem\",\"position\":3,\"name\":\"Kombo &#8211; Immuuns\u00fcsteemi tugevdaja 1\"}]},{\"@type\":\"WebSite\",\"@id\":\"https:\\\/\\\/mybody5.ee.mybody.ee\\\/proov\\\/#website\",\"url\":\"https:\\\/\\\/mybody5.ee.mybody.ee\\\/proov\\\/\",\"name\":\"MyBody.ee - Toidulisandid ja sporditarvikud\",\"description\":\"Just another WordPress site\",\"publisher\":{\"@id\":\"https:\\\/\\\/mybody5.ee.mybody.ee\\\/proov\\\/#organization\"},\"potentialAction\":[{\"@type\":\"SearchAction\",\"target\":{\"@type\":\"EntryPoint\",\"urlTemplate\":\"https:\\\/\\\/mybody5.ee.mybody.ee\\\/proov\\\/?s={search_term_string}\"},\"query-input\":{\"@type\":\"PropertyValueSpecification\",\"valueRequired\":true,\"valueName\":\"search_term_string\"}}],\"inLanguage\":\"et\"},{\"@type\":\"Organization\",\"@id\":\"https:\\\/\\\/mybody5.ee.mybody.ee\\\/proov\\\/#organization\",\"name\":\"MyBody.ee\",\"url\":\"https:\\\/\\\/mybody5.ee.mybody.ee\\\/proov\\\/\",\"logo\":{\"@type\":\"ImageObject\",\"inLanguage\":\"et\",\"@id\":\"https:\\\/\\\/mybody5.ee.mybody.ee\\\/proov\\\/#\\\/schema\\\/logo\\\/image\\\/\",\"url\":\"https:\\\/\\\/mybody5.ee.mybody.ee\\\/proov\\\/wp-content\\\/uploads\\\/2023\\\/11\\\/mybody_logo_h65-2.png\",\"contentUrl\":\"https:\\\/\\\/mybody5.ee.mybody.ee\\\/proov\\\/wp-content\\\/uploads\\\/2023\\\/11\\\/mybody_logo_h65-2.png\",\"width\":229,\"height\":65,\"caption\":\"MyBody.ee\"},\"image\":{\"@id\":\"https:\\\/\\\/mybody5.ee.mybody.ee\\\/proov\\\/#\\\/schema\\\/logo\\\/image\\\/\"},\"sameAs\":[\"https:\\\/\\\/facebook.com\\\/MyBody.ee\\\/\"]}]}<\/script>\n<!-- \/ Yoast SEO plugin. -->","yoast_head_json":{"title":"Kombo - Immuuns\u00fcsteemi tugevdaja 1","robots":{"index":"index","follow":"follow","max-snippet":"max-snippet:-1","max-image-preview":"max-image-preview:large","max-video-preview":"max-video-preview:-1"},"canonical":"https:\/\/mybody5.ee.mybody.ee\/proov\/product\/kombo-immuunsusteemi-tugevdaja-1\/","og_locale":"et_EE","og_type":"article","og_title":"Kombo - Immuuns\u00fcsteemi tugevdaja 1","og_description":"C-vitmiin ja D-vitamiin C-vitamiin ja D-vitamiin on vajalik organismi vastupanuv\u00f5ime t\u00f5stmiseks, kevadv\u00e4simuse ja stressi peletamiseks. Lisaks tugevdab immuunsust ja parandab \u00fcldist heaolu. C-vitamiini nind D-vitamiini t\u00e4ielik puudumine toidus v\u00f5i kestev defitsiit v\u00f5ib organismile olla kahjulik ning koguni ohtlik, p\u00f5hjustades haiguslikke seisundeid.&nbsp; Peletab v\u00e4simuse ja stressi&nbsp; Parandab raua omastumist Toetab s\u00fcdamet\u00f6\u00f6d ja n\u00e4rvis\u00fcsteemi Tugevdab immuunsust T\u00f5stab [&hellip;]","og_url":"https:\/\/mybody5.ee.mybody.ee\/proov\/product\/kombo-immuunsusteemi-tugevdaja-1\/","og_site_name":"supplero","article_publisher":"https:\/\/facebook.com\/MyBody.ee\/","og_image":[{"width":229,"height":65,"url":"https:\/\/mybody5.ee.mybody.ee\/proov\/wp-content\/uploads\/2023\/11\/mybody_logo_h65.png","type":"image\/png"}],"twitter_card":"summary_large_image","twitter_misc":{"Est. reading time":"1 minut"},"schema":{"@context":"https:\/\/schema.org","@graph":[{"@type":"WebPage","@id":"https:\/\/mybody5.ee.mybody.ee\/proov\/product\/kombo-immuunsusteemi-tugevdaja-1\/","url":"https:\/\/mybody5.ee.mybody.ee\/proov\/product\/kombo-immuunsusteemi-tugevdaja-1\/","name":"Kombo - Immuuns\u00fcsteemi tugevdaja 1","isPartOf":{"@id":"https:\/\/mybody5.ee.mybody.ee\/proov\/#website"},"datePublished":"2020-03-23T16:37:07+00:00","breadcrumb":{"@id":"https:\/\/mybody5.ee.mybody.ee\/proov\/product\/kombo-immuunsusteemi-tugevdaja-1\/#breadcrumb"},"inLanguage":"et","potentialAction":[{"@type":"ReadAction","target":["https:\/\/mybody5.ee.mybody.ee\/proov\/product\/kombo-immuunsusteemi-tugevdaja-1\/"]}]},{"@type":"BreadcrumbList","@id":"https:\/\/mybody5.ee.mybody.ee\/proov\/product\/kombo-immuunsusteemi-tugevdaja-1\/#breadcrumb","itemListElement":[{"@type":"ListItem","position":1,"name":"Home","item":"https:\/\/mybody5.ee.mybody.ee\/proov\/"},{"@type":"ListItem","position":2,"name":"Shop","item":"https:\/\/mybody5.ee.mybody.ee\/proov\/shop\/"},{"@type":"ListItem","position":3,"name":"Kombo &#8211; Immuuns\u00fcsteemi tugevdaja 1"}]},{"@type":"WebSite","@id":"https:\/\/mybody5.ee.mybody.ee\/proov\/#website","url":"https:\/\/mybody5.ee.mybody.ee\/proov\/","name":"MyBody.ee - Toidulisandid ja sporditarvikud","description":"Just another WordPress site","publisher":{"@id":"https:\/\/mybody5.ee.mybody.ee\/proov\/#organization"},"potentialAction":[{"@type":"SearchAction","target":{"@type":"EntryPoint","urlTemplate":"https:\/\/mybody5.ee.mybody.ee\/proov\/?s={search_term_string}"},"query-input":{"@type":"PropertyValueSpecification","valueRequired":true,"valueName":"search_term_string"}}],"inLanguage":"et"},{"@type":"Organization","@id":"https:\/\/mybody5.ee.mybody.ee\/proov\/#organization","name":"MyBody.ee","url":"https:\/\/mybody5.ee.mybody.ee\/proov\/","logo":{"@type":"ImageObject","inLanguage":"et","@id":"https:\/\/mybody5.ee.mybody.ee\/proov\/#\/schema\/logo\/image\/","url":"https:\/\/mybody5.ee.mybody.ee\/proov\/wp-content\/uploads\/2023\/11\/mybody_logo_h65-2.png","contentUrl":"https:\/\/mybody5.ee.mybody.ee\/proov\/wp-content\/uploads\/2023\/11\/mybody_logo_h65-2.png","width":229,"height":65,"caption":"MyBody.ee"},"image":{"@id":"https:\/\/mybody5.ee.mybody.ee\/proov\/#\/schema\/logo\/image\/"},"sameAs":["https:\/\/facebook.com\/MyBody.ee\/"]}]}},"_links":{"self":[{"href":"https:\/\/mybody5.ee.mybody.ee\/proov\/wp-json\/wp\/v2\/product\/868","targetHints":{"allow":["GET"]}}],"collection":[{"href":"https:\/\/mybody5.ee.mybody.ee\/proov\/wp-json\/wp\/v2\/product"}],"about":[{"href":"https:\/\/mybody5.ee.mybody.ee\/proov\/wp-json\/wp\/v2\/types\/product"}],"replies":[{"embeddable":true,"href":"https:\/\/mybody5.ee.mybody.ee\/proov\/wp-json\/wp\/v2\/comments?post=868"}],"wp:attachment":[{"href":"https:\/\/mybody5.ee.mybody.ee\/proov\/wp-json\/wp\/v2\/media?parent=868"}],"wp:term":[{"taxonomy":"product_cat","embeddable":true,"href":"https:\/\/mybody5.ee.mybody.ee\/proov\/wp-json\/wp\/v2\/product_cat?post=868"},{"taxonomy":"product_tag","embeddable":true,"href":"https:\/\/mybody5.ee.mybody.ee\/proov\/wp-json\/wp\/v2\/product_tag?post=868"}],"curies":[{"name":"wp","href":"https:\/\/api.w.org\/{rel}","templated":true}]}}