{"id":876,"date":"2020-03-27T13:42:17","date_gmt":"2020-03-27T13:42:17","guid":{"rendered":"https:\/\/mybody5.ee.mybody.ee\/proov\/product\/valgupulber-sportlastele-tervisesportlastele-ning-oma-tervisest-hoolivatele-inimestele-self-sport-protein-30g\/"},"modified":"2020-03-27T13:42:17","modified_gmt":"2020-03-27T13:42:17","slug":"valgupulber-sportlastele-tervisesportlastele-ning-oma-tervisest-hoolivatele-inimestele-self-sport-protein-30g","status":"publish","type":"product","link":"https:\/\/mybody5.ee.mybody.ee\/proov\/product\/valgupulber-sportlastele-tervisesportlastele-ning-oma-tervisest-hoolivatele-inimestele-self-sport-protein-30g\/","title":{"rendered":"Valgupulber sportlastele, tervisesportlastele ning oma tervisest hoolivatele inimestele- SELF Sport Protein  30g"},"content":{"rendered":"<p><strong>SELF Sport Protein<\/strong>&nbsp;<b>30g&nbsp;<\/b>on magusainega&nbsp;toidulisand. Toode sisaldab vadakuvalku isolaati ja sojavalgu isolaati. Vadakuvalk ja selle koostises olevad aminohapped on kasulikud <span style=\"line-height: 20.8px;\">tippsportlastele, tervisesportlastele kui lihtsalt oma tervisest hoolivatele inimestele, kuna&nbsp;vadakuvalk on nii v\u00f5i teisiti organismile vajalik makrotoitaine.<\/span><\/p>\n<p><strong style=\"line-height: 1.6em;\">SELF Sport Protein<\/strong><span style=\"line-height: 1.6em;\"> aitab taastuda erinevatest treeningustest, olgu nendeks j\u00f5ualad, pallim\u00e4ngud, kontaktspordialad, kergej\u00f5ustik v\u00f5i vastupidavusalad.&nbsp;<\/span><\/p>\n<p><span style=\"line-height: 1.6em;\">Men\u00fc\u00fc valgusisalduse suurendamiseks v\u00f5ib&nbsp;valgupulbrit&nbsp;segada ka pudru v\u00f5i jogurti sisse.&nbsp;<strong>Sport Protein<\/strong> valgupulber talub ka kuumutamist ning sobib seet\u00f5ttu h\u00e4sti k\u00fcpsetamiseks ja&nbsp;toiduvalmistamiseks.<\/span><\/p>\n<ul>\n<li>Veelgi parem maitse t\u00e4nu uuele tehnoloogiale<\/li>\n<li>Sobib&nbsp;k\u00fcpsetamiseks ja smuutidesse<\/li>\n<li>Aitab kehal taastuda p\u00e4rast treeningut<\/li>\n<li>88% valku<\/li>\n<li>Aitab s\u00e4ilitada ja \u00fcles ehitada lihasmassi<\/li>\n<li>K\u00e4ep\u00e4rane pakend 30g pakend<\/li>\n<\/ul>\n<h3>Kasutamine<\/h3>\n<p><span style=\"line-height: 20.7999992370605px;\">Segada 30 g (1 pakk) pulbrit 3-4 dl vee, mahla v\u00f5i piimaga 1-3 korda p\u00e4evas. Toode ei asenda mitmek\u00fclgset ja tasakaalustatud toitumist ning tervislikku eluviisi.<\/span><\/p>\n<h3>Kellele sobib?<\/h3>\n<p><span style=\"line-height: 20.7999992370605px;\">Sobib k\u00f5ikide spordialade harrastajatele lisavalguna enne ja\/v\u00f5i&nbsp;p\u00e4rast trenni ning valguvajaduse katmiseks p\u00e4eva jooksul. Aitab taastuda rasketest treeningutest.<\/span><\/p>\n<h3>Pakend: <span style=\"font-size:12px;\"><span style=\"font-family: arial,helvetica,sans-serif;\">30g<\/span><\/span><\/h3>\n<h3>Maitsed: <span style=\"font-size:12px;\"><span style=\"font-family:arial,helvetica,sans-serif;\">Maasika<\/span><\/span><\/h3>\n<table border=\"1\" cellpadding=\"1\" cellspacing=\"1\" height=\"330\" style=\"height:100px;width:400px;\" width=\"500\">\n<tbody>\n<tr>\n<td><strong>Sport Protein toitev\u00e4\u00e4rtus:<\/strong><\/td>\n<td><strong>100g<\/strong><\/td>\n<td><strong>30g<\/strong><\/td>\n<\/tr>\n<tr>\n<td>Energiat<\/td>\n<td>440kcal\/1840KJ<\/td>\n<td>132kcal\/552KJ<\/td>\n<\/tr>\n<tr>\n<td>Valku<\/td>\n<td>88g<\/td>\n<td>26,67g<\/td>\n<\/tr>\n<tr>\n<td>S\u00fcsivesikuid<\/td>\n<td>2g<\/td>\n<td>0,6g<\/td>\n<\/tr>\n<tr>\n<td>Rasva<\/td>\n<td>0,5g<\/td>\n<td>0,15g<\/td>\n<\/tr>\n<tr>\n<td>Soola<\/td>\n<td>0,4g<\/td>\n<td>0,12g<\/td>\n<\/tr>\n<tr>\n<td colspan=\"3\"><span style=\"font-size:10px;\">Koostis:&nbsp;vadakuvalgu isolaat, sojavalgu isolaat, maitseaine, p\u00e4evalille letsitsiin, v\u00e4rvaine E162 (maasikamaitseline), magusaine (sukraloos, E950).<\/span><\/td>\n<\/tr>\n<\/tbody>\n<\/table>\n<p>Konsultatsioon<\/p>\n<ul>\n<li>Oled oodatud tasuta konsultatsioonile MYBODY Audentese kauplusesse,<\/li>\n<li>Asukoht: Audentese Spordikeskus, Tondi 84.<\/li>\n<li>Telefon EST\/RUS\/ENG +372&nbsp;523 1960<\/li>\n<li>Telefon EST\/ENG +372 56&nbsp;458&nbsp;688<\/li>\n<li><a href=\"mailto:info@mybody.ee\">info@mybody.ee<\/a><\/li>\n<li><a href=\"http:\/\/www.facebook.com\/mybody.ee\">www.facebook.com\/mybody.ee<\/a><\/li>\n<\/ul>\n<hr>\n","protected":false},"excerpt":{"rendered":"<p>SELF Sport Protein&nbsp;30g&nbsp;on magusainega&nbsp;toidulisand. Toode sisaldab vadakuvalku isolaati ja sojavalgu isolaati. Vadakuvalk ja selle koostises olevad aminohapped on kasulikud tippsportlastele, tervisesportlastele kui lihtsalt oma tervisest hoolivatele inimestele, kuna&nbsp;vadakuvalk on nii v\u00f5i teisiti organismile vajalik makrotoitaine. SELF Sport Protein aitab taastuda erinevatest treeningustest, olgu nendeks j\u00f5ualad, pallim\u00e4ngud, kontaktspordialad, kergej\u00f5ustik v\u00f5i vastupidavusalad.&nbsp; Men\u00fc\u00fc valgusisalduse suurendamiseks v\u00f5ib&nbsp;valgupulbrit&nbsp;segada ka [&hellip;]<\/p>\n","protected":false},"featured_media":0,"comment_status":"open","ping_status":"closed","template":"","meta":{"inline_featured_image":false},"product_cat":[27,46],"product_tag":[],"class_list":{"0":"post-876","1":"product","2":"type-product","3":"status-publish","5":"product_cat-proteiinid","6":"product_cat-vadakuvalk","8":"first","9":"instock","10":"shipping-taxable","11":"purchasable","12":"product-type-simple"},"yoast_head":"<!-- This site is optimized with the Yoast SEO plugin v27.3 - https:\/\/yoast.com\/product\/yoast-seo-wordpress\/ -->\n<title>Valgupulber sportlastele, tervisesportlastele ning oma tervisest hoolivatele inimestele- SELF Sport Protein 30g<\/title>\n<meta name=\"description\" content=\"SELF Sport Protein on magusainega\u00a0toidulisand. Toode sisaldab vadakuvalku, piimavalku\" \/>\n<meta name=\"robots\" content=\"index, follow, max-snippet:-1, max-image-preview:large, max-video-preview:-1\" \/>\n<link rel=\"canonical\" href=\"https:\/\/mybody5.ee.mybody.ee\/proov\/product\/valgupulber-sportlastele-tervisesportlastele-ning-oma-tervisest-hoolivatele-inimestele-self-sport-protein-30g\/\" \/>\n<meta property=\"og:locale\" content=\"et_EE\" \/>\n<meta property=\"og:type\" content=\"article\" \/>\n<meta property=\"og:title\" content=\"Valgupulber sportlastele, tervisesportlastele ning oma tervisest hoolivatele inimestele- SELF Sport Protein 30g\" \/>\n<meta property=\"og:description\" content=\"SELF Sport Protein on magusainega\u00a0toidulisand. Toode sisaldab vadakuvalku, piimavalku\" \/>\n<meta property=\"og:url\" content=\"https:\/\/mybody5.ee.mybody.ee\/proov\/product\/valgupulber-sportlastele-tervisesportlastele-ning-oma-tervisest-hoolivatele-inimestele-self-sport-protein-30g\/\" \/>\n<meta property=\"og:site_name\" content=\"supplero\" \/>\n<meta property=\"article:publisher\" content=\"https:\/\/facebook.com\/MyBody.ee\/\" \/>\n<meta property=\"og:image\" content=\"https:\/\/mybody5.ee.mybody.ee\/proov\/wp-content\/uploads\/2023\/11\/mybody_logo_h65.png\" \/>\n\t<meta property=\"og:image:width\" content=\"229\" \/>\n\t<meta property=\"og:image:height\" content=\"65\" \/>\n\t<meta property=\"og:image:type\" content=\"image\/png\" \/>\n<meta name=\"twitter:card\" content=\"summary_large_image\" \/>\n<meta name=\"twitter:label1\" content=\"Est. reading time\" \/>\n\t<meta name=\"twitter:data1\" content=\"1 minut\" \/>\n<script type=\"application\/ld+json\" class=\"yoast-schema-graph\">{\"@context\":\"https:\\\/\\\/schema.org\",\"@graph\":[{\"@type\":\"WebPage\",\"@id\":\"https:\\\/\\\/mybody5.ee.mybody.ee\\\/proov\\\/product\\\/valgupulber-sportlastele-tervisesportlastele-ning-oma-tervisest-hoolivatele-inimestele-self-sport-protein-30g\\\/\",\"url\":\"https:\\\/\\\/mybody5.ee.mybody.ee\\\/proov\\\/product\\\/valgupulber-sportlastele-tervisesportlastele-ning-oma-tervisest-hoolivatele-inimestele-self-sport-protein-30g\\\/\",\"name\":\"Valgupulber sportlastele, tervisesportlastele ning oma tervisest hoolivatele inimestele- SELF Sport Protein 30g\",\"isPartOf\":{\"@id\":\"https:\\\/\\\/mybody5.ee.mybody.ee\\\/proov\\\/#website\"},\"datePublished\":\"2020-03-27T13:42:17+00:00\",\"description\":\"SELF Sport Protein on magusainega\u00a0toidulisand. Toode sisaldab vadakuvalku, piimavalku\",\"breadcrumb\":{\"@id\":\"https:\\\/\\\/mybody5.ee.mybody.ee\\\/proov\\\/product\\\/valgupulber-sportlastele-tervisesportlastele-ning-oma-tervisest-hoolivatele-inimestele-self-sport-protein-30g\\\/#breadcrumb\"},\"inLanguage\":\"et\",\"potentialAction\":[{\"@type\":\"ReadAction\",\"target\":[\"https:\\\/\\\/mybody5.ee.mybody.ee\\\/proov\\\/product\\\/valgupulber-sportlastele-tervisesportlastele-ning-oma-tervisest-hoolivatele-inimestele-self-sport-protein-30g\\\/\"]}]},{\"@type\":\"BreadcrumbList\",\"@id\":\"https:\\\/\\\/mybody5.ee.mybody.ee\\\/proov\\\/product\\\/valgupulber-sportlastele-tervisesportlastele-ning-oma-tervisest-hoolivatele-inimestele-self-sport-protein-30g\\\/#breadcrumb\",\"itemListElement\":[{\"@type\":\"ListItem\",\"position\":1,\"name\":\"Home\",\"item\":\"https:\\\/\\\/mybody5.ee.mybody.ee\\\/proov\\\/\"},{\"@type\":\"ListItem\",\"position\":2,\"name\":\"Shop\",\"item\":\"https:\\\/\\\/mybody5.ee.mybody.ee\\\/proov\\\/shop\\\/\"},{\"@type\":\"ListItem\",\"position\":3,\"name\":\"Valgupulber sportlastele, tervisesportlastele ning oma tervisest hoolivatele inimestele- SELF Sport Protein 30g\"}]},{\"@type\":\"WebSite\",\"@id\":\"https:\\\/\\\/mybody5.ee.mybody.ee\\\/proov\\\/#website\",\"url\":\"https:\\\/\\\/mybody5.ee.mybody.ee\\\/proov\\\/\",\"name\":\"MyBody.ee - Toidulisandid ja sporditarvikud\",\"description\":\"Just another WordPress site\",\"publisher\":{\"@id\":\"https:\\\/\\\/mybody5.ee.mybody.ee\\\/proov\\\/#organization\"},\"potentialAction\":[{\"@type\":\"SearchAction\",\"target\":{\"@type\":\"EntryPoint\",\"urlTemplate\":\"https:\\\/\\\/mybody5.ee.mybody.ee\\\/proov\\\/?s={search_term_string}\"},\"query-input\":{\"@type\":\"PropertyValueSpecification\",\"valueRequired\":true,\"valueName\":\"search_term_string\"}}],\"inLanguage\":\"et\"},{\"@type\":\"Organization\",\"@id\":\"https:\\\/\\\/mybody5.ee.mybody.ee\\\/proov\\\/#organization\",\"name\":\"MyBody.ee\",\"url\":\"https:\\\/\\\/mybody5.ee.mybody.ee\\\/proov\\\/\",\"logo\":{\"@type\":\"ImageObject\",\"inLanguage\":\"et\",\"@id\":\"https:\\\/\\\/mybody5.ee.mybody.ee\\\/proov\\\/#\\\/schema\\\/logo\\\/image\\\/\",\"url\":\"https:\\\/\\\/mybody5.ee.mybody.ee\\\/proov\\\/wp-content\\\/uploads\\\/2023\\\/11\\\/mybody_logo_h65-2.png\",\"contentUrl\":\"https:\\\/\\\/mybody5.ee.mybody.ee\\\/proov\\\/wp-content\\\/uploads\\\/2023\\\/11\\\/mybody_logo_h65-2.png\",\"width\":229,\"height\":65,\"caption\":\"MyBody.ee\"},\"image\":{\"@id\":\"https:\\\/\\\/mybody5.ee.mybody.ee\\\/proov\\\/#\\\/schema\\\/logo\\\/image\\\/\"},\"sameAs\":[\"https:\\\/\\\/facebook.com\\\/MyBody.ee\\\/\"]}]}<\/script>\n<!-- \/ Yoast SEO plugin. -->","yoast_head_json":{"title":"Valgupulber sportlastele, tervisesportlastele ning oma tervisest hoolivatele inimestele- SELF Sport Protein 30g","description":"SELF Sport Protein on magusainega\u00a0toidulisand. Toode sisaldab vadakuvalku, piimavalku","robots":{"index":"index","follow":"follow","max-snippet":"max-snippet:-1","max-image-preview":"max-image-preview:large","max-video-preview":"max-video-preview:-1"},"canonical":"https:\/\/mybody5.ee.mybody.ee\/proov\/product\/valgupulber-sportlastele-tervisesportlastele-ning-oma-tervisest-hoolivatele-inimestele-self-sport-protein-30g\/","og_locale":"et_EE","og_type":"article","og_title":"Valgupulber sportlastele, tervisesportlastele ning oma tervisest hoolivatele inimestele- SELF Sport Protein 30g","og_description":"SELF Sport Protein on magusainega\u00a0toidulisand. Toode sisaldab vadakuvalku, piimavalku","og_url":"https:\/\/mybody5.ee.mybody.ee\/proov\/product\/valgupulber-sportlastele-tervisesportlastele-ning-oma-tervisest-hoolivatele-inimestele-self-sport-protein-30g\/","og_site_name":"supplero","article_publisher":"https:\/\/facebook.com\/MyBody.ee\/","og_image":[{"width":229,"height":65,"url":"https:\/\/mybody5.ee.mybody.ee\/proov\/wp-content\/uploads\/2023\/11\/mybody_logo_h65.png","type":"image\/png"}],"twitter_card":"summary_large_image","twitter_misc":{"Est. reading time":"1 minut"},"schema":{"@context":"https:\/\/schema.org","@graph":[{"@type":"WebPage","@id":"https:\/\/mybody5.ee.mybody.ee\/proov\/product\/valgupulber-sportlastele-tervisesportlastele-ning-oma-tervisest-hoolivatele-inimestele-self-sport-protein-30g\/","url":"https:\/\/mybody5.ee.mybody.ee\/proov\/product\/valgupulber-sportlastele-tervisesportlastele-ning-oma-tervisest-hoolivatele-inimestele-self-sport-protein-30g\/","name":"Valgupulber sportlastele, tervisesportlastele ning oma tervisest hoolivatele inimestele- SELF Sport Protein 30g","isPartOf":{"@id":"https:\/\/mybody5.ee.mybody.ee\/proov\/#website"},"datePublished":"2020-03-27T13:42:17+00:00","description":"SELF Sport Protein on magusainega\u00a0toidulisand. Toode sisaldab vadakuvalku, piimavalku","breadcrumb":{"@id":"https:\/\/mybody5.ee.mybody.ee\/proov\/product\/valgupulber-sportlastele-tervisesportlastele-ning-oma-tervisest-hoolivatele-inimestele-self-sport-protein-30g\/#breadcrumb"},"inLanguage":"et","potentialAction":[{"@type":"ReadAction","target":["https:\/\/mybody5.ee.mybody.ee\/proov\/product\/valgupulber-sportlastele-tervisesportlastele-ning-oma-tervisest-hoolivatele-inimestele-self-sport-protein-30g\/"]}]},{"@type":"BreadcrumbList","@id":"https:\/\/mybody5.ee.mybody.ee\/proov\/product\/valgupulber-sportlastele-tervisesportlastele-ning-oma-tervisest-hoolivatele-inimestele-self-sport-protein-30g\/#breadcrumb","itemListElement":[{"@type":"ListItem","position":1,"name":"Home","item":"https:\/\/mybody5.ee.mybody.ee\/proov\/"},{"@type":"ListItem","position":2,"name":"Shop","item":"https:\/\/mybody5.ee.mybody.ee\/proov\/shop\/"},{"@type":"ListItem","position":3,"name":"Valgupulber sportlastele, tervisesportlastele ning oma tervisest hoolivatele inimestele- SELF Sport Protein 30g"}]},{"@type":"WebSite","@id":"https:\/\/mybody5.ee.mybody.ee\/proov\/#website","url":"https:\/\/mybody5.ee.mybody.ee\/proov\/","name":"MyBody.ee - Toidulisandid ja sporditarvikud","description":"Just another WordPress site","publisher":{"@id":"https:\/\/mybody5.ee.mybody.ee\/proov\/#organization"},"potentialAction":[{"@type":"SearchAction","target":{"@type":"EntryPoint","urlTemplate":"https:\/\/mybody5.ee.mybody.ee\/proov\/?s={search_term_string}"},"query-input":{"@type":"PropertyValueSpecification","valueRequired":true,"valueName":"search_term_string"}}],"inLanguage":"et"},{"@type":"Organization","@id":"https:\/\/mybody5.ee.mybody.ee\/proov\/#organization","name":"MyBody.ee","url":"https:\/\/mybody5.ee.mybody.ee\/proov\/","logo":{"@type":"ImageObject","inLanguage":"et","@id":"https:\/\/mybody5.ee.mybody.ee\/proov\/#\/schema\/logo\/image\/","url":"https:\/\/mybody5.ee.mybody.ee\/proov\/wp-content\/uploads\/2023\/11\/mybody_logo_h65-2.png","contentUrl":"https:\/\/mybody5.ee.mybody.ee\/proov\/wp-content\/uploads\/2023\/11\/mybody_logo_h65-2.png","width":229,"height":65,"caption":"MyBody.ee"},"image":{"@id":"https:\/\/mybody5.ee.mybody.ee\/proov\/#\/schema\/logo\/image\/"},"sameAs":["https:\/\/facebook.com\/MyBody.ee\/"]}]}},"_links":{"self":[{"href":"https:\/\/mybody5.ee.mybody.ee\/proov\/wp-json\/wp\/v2\/product\/876","targetHints":{"allow":["GET"]}}],"collection":[{"href":"https:\/\/mybody5.ee.mybody.ee\/proov\/wp-json\/wp\/v2\/product"}],"about":[{"href":"https:\/\/mybody5.ee.mybody.ee\/proov\/wp-json\/wp\/v2\/types\/product"}],"replies":[{"embeddable":true,"href":"https:\/\/mybody5.ee.mybody.ee\/proov\/wp-json\/wp\/v2\/comments?post=876"}],"wp:attachment":[{"href":"https:\/\/mybody5.ee.mybody.ee\/proov\/wp-json\/wp\/v2\/media?parent=876"}],"wp:term":[{"taxonomy":"product_cat","embeddable":true,"href":"https:\/\/mybody5.ee.mybody.ee\/proov\/wp-json\/wp\/v2\/product_cat?post=876"},{"taxonomy":"product_tag","embeddable":true,"href":"https:\/\/mybody5.ee.mybody.ee\/proov\/wp-json\/wp\/v2\/product_tag?post=876"}],"curies":[{"name":"wp","href":"https:\/\/api.w.org\/{rel}","templated":true}]}}