{"id":878,"date":"2020-04-09T11:00:56","date_gmt":"2020-04-09T11:00:56","guid":{"rendered":"https:\/\/mybody5.ee.mybody.ee\/proov\/product\/vitamin-c-d3-nac-pro-immuunsussusteemi-tugevdamiseks-self\/"},"modified":"2020-04-09T11:00:56","modified_gmt":"2020-04-09T11:00:56","slug":"vitamin-c-d3-nac-pro-immuunsussusteemi-tugevdamiseks-self","status":"publish","type":"product","link":"https:\/\/mybody5.ee.mybody.ee\/proov\/product\/vitamin-c-d3-nac-pro-immuunsussusteemi-tugevdamiseks-self\/","title":{"rendered":"Vitamin C, D3, NAC Pro immuunsuss\u00fcsteemi tugevdamiseks &#8211; SELF"},"content":{"rendered":"<p><font face=\"Arial\"><b><span style=\"font-size: 14px;\">SELF Vita<\/span><span style=\"font-size: 14px;\">min C&nbsp;PRO<\/span><\/b><span style=\"font-size: 14px;\">&nbsp;suurep\u00e4rane immuuns\u00fcstemi kooslus C-vitamiini, NAC antioks\u00fcdanti, D3 vitamiini!<\/span><\/font><\/p>\n<h4><font face=\"Arial\"><span style=\"font-size: 14px;\"><b>C-vitamiin<\/b>, mis on vajalik organismi vastupanuv\u00f5ime t\u00f5stmiseks, kevadv\u00e4simuse ja stressi peletamiseks. Lisaks tugevdab immuunsust ja parandab \u00fcldist heaolu. C-vitamiini t\u00e4ielik puudumine toidus v\u00f5i kestev defitsiit v\u00f5ib organismile olla kahjulik ning koguni ohtlik, p\u00f5hjustades haiguslikke seisundeid.<\/span><\/font><\/h4>\n<h4><font face=\"Arial\" style=\"color: inherit;\"><span style=\"font-size: 14px;\"><b>NAC:&nbsp;<\/b><\/span><\/font><span style=\"color: inherit; caret-color: rgb(51, 51, 51); font-size: 14px; font-family: Arial;\">N-atset\u00fc\u00fclts\u00fcsteiin p\u00e4rineb aminohappest L-ts\u00fcsteiin. N-atset\u00fc\u00fclts\u00fcsteiin ehk l\u00fchidalt NAC on antioks\u00fcdant, mis on suurep\u00e4rane abimees&nbsp;<\/span><span style=\"font-size: 14px; caret-color: rgb(51, 51, 51); font-family: Arial;\">t\u00f5sta organismis loomuliku glutatiooni taset, mis on tugevaim antioks\u00fcdant. NAC aitab aeglustada vananemisprotsesse, tugevdab immuunsust ja v\u00e4ljutab toksiine. Eriti oluline on NACi t\u00e4iendav tarbimine suurema f\u00fc\u00fcsilise koormuse v\u00f5i treeningute j\u00e4rel, et taastada lihaseid. Aitab suurendada keha vastupidavust.<\/span><\/h4>\n<h4><span style=\"caret-color: rgb(51, 51, 51); font-size: 14px; font-family: Arial;\">NAC: N-atset\u00fc\u00fclts\u00fcsteiin on v\u00e4ga hea vahend toetamaks maksa ning <b>kopsude t\u00f6\u00f6d<\/b>.<\/span><\/h4>\n<h4><font face=\"Arial\"><span style=\"outline: 0px; font-size: 14px;\"><b>Vitamin D3<\/b><\/span><span style=\"font-size: 14px;\"><b>&nbsp;<\/b>parandab immuns\u00fcsteemi ja lihaste funktsioone. D-vitamiin&nbsp;on tuntud kui tervete luude vitamiin, mis&nbsp;tagab kaltsiumi ja fosfori normaalse imendumise peensoolest, mille tulemusena&nbsp;moodustuvad tugevad luud ning hambad. Luud muutuvad tugevamaks ja tihedamaks kuni 30. eluaastani, p\u00e4rast seda algab tasapisi luude h\u00f5renemine ja ka siis on v\u00e4ga oluline omastada piisavalt D-vitamiini.<\/span><\/font><\/h4>\n<p style=\"outline: 0px; margin-bottom: 10px; caret-color: rgb(76, 76, 76); font-size: 14px;\"><font face=\"Arial\"><span style=\"font-size: 14px;\">Viimase 15-aasta teadusuuringute tulemuste valguses vaadeldakse D-vitamiini kui hormooni, millel on oluliselt laiem m\u00f5ju, sest paljude rakkude membraanidel on D-vitamiini retseptorid. D-vitamiini madalat taset seostatakse suurema riskiga haigestuda pahaloomulistesse kasvajatesse, diabeeti, s\u00fcdamehaigustesse, tuberkuloosi ja teistesse infektsioonihaigustesse. D-vitamiin m\u00f5jutab immuuns\u00fcsteemi ja lihaste funktsioone, tugevdab lihaseid, parandab koordinatsiooni ning v\u00e4hendab kukkumiste ohtu. N\u00e4iteks Soomes on I t\u00fc\u00fcbi diabeeti haigestumine v\u00e4ga suur ja uuringud n\u00e4itavad, et piisav D-vitamiini kogus raseduse ajal v\u00e4hendab suhkurt\u00f5ve levikut. Teised uuringud on n\u00e4idanud, et D-vitamiin v\u00f5ib t\u00f5sta insuliini aktiivsust II t\u00fc\u00fcbi diabeetikutel.<\/span><\/font><\/p>\n<p style=\"outline: 0px; margin-bottom: 10px; caret-color: rgb(76, 76, 76); font-size: 14px;\"><font face=\"Arial\"><span style=\"font-size: 14px;\">D-vitamiini vaegusest v\u00f5ivad m\u00e4rku anda luuvalud, lihaste n\u00f5rkus ja sage kukkumine, kuid vaegus v\u00f5ib esineda ka igasuguste s\u00fcmptomiteta. Parim viis selle avastamiseks on D-vitamiini sisalduse m\u00e4\u00e4ramine veres.<\/span><\/font><\/p>\n<h4><font face=\"Arial\"><span style=\"font-size: 14px;\"><b> Omadused<\/b><\/span><\/font><\/h4>\n<p><span style=\"font-size: 14px;\"><font face=\"Arial\">  <\/font><\/span><\/p>\n<ul><span style=\"font-size: 14px;\"><font face=\"Arial\"> \t<\/font><\/span><\/p>\n<li><font face=\"Arial\"><span style=\"font-size: 14px;\">Organismi vastupanuv\u00f5ime t\u00f5stmiseks, kevadv\u00e4simuse ja stressi peletamiseks<\/span><\/font><\/li>\n<li><font face=\"Arial\"><span style=\"font-size: 14px;\">Steroidhormoonide s\u00fcnteesi m\u00f5jutamiseks ja sapphappe tekkimiseks kolesteroolist ning vere kolesteroolitaseme tasakaalustamiseks<\/span><\/font><\/li>\n<p><span style=\"font-size: 14px;\"><font face=\"Arial\"> \t<\/font><\/span><\/p>\n<li><font face=\"Arial\"><span style=\"font-size: 14px;\">Aitab kaasa aju normaalsele&nbsp;funktsioneerimisele<\/span><\/font><\/li>\n<p><span style=\"font-size: 14px;\"><font face=\"Arial\"> \t<\/font><\/span><\/p>\n<li><font face=\"Arial\"><span style=\"font-size: 14px;\">Parandab raua omastumist<\/span><\/font><\/li>\n<p><span style=\"font-size: 14px;\"><font face=\"Arial\"> \t<\/font><\/span><\/p>\n<li><font face=\"Arial\"><span style=\"font-size: 14px;\">T\u00f5stab immuunsust<\/span><\/font><\/li>\n<p><span style=\"font-size: 14px;\"><font face=\"Arial\"> \t<\/font><\/span><\/p>\n<li><span style=\"caret-color: rgb(51, 51, 51); font-size: 14px;\"><font face=\"Arial\">Aitab v\u00f5idelda rakkude oks\u00fcdatiivse stressiga<\/font><\/span><\/li>\n<li><span style=\"caret-color: rgb(51, 51, 51); font-size: 14px;\"><font face=\"Arial\">Leevendab kudede p\u00f5letikke<\/font><\/span><\/li>\n<li><span style=\"caret-color: rgb(51, 51, 51); font-size: 14px;\"><font face=\"Arial\">V\u00e4hendab insuliini residentsust<\/font><\/span><\/li>\n<li><span style=\"caret-color: rgb(51, 51, 51); font-size: 14px;\"><font face=\"Arial\">V\u00f5ib aidata v\u00e4ltida depressiooni, osessiiv-komplusiivset ja bipolaarset h\u00e4iret<\/font><\/span><\/li>\n<li><span style=\"caret-color: rgb(51, 51, 51); font-size: 14px;\"><font face=\"Arial\">V\u00f5ib aidata uneh\u00e4irete korral<\/font><\/span><\/li>\n<li><span style=\"caret-color: rgb(51, 51, 51); font-size: 14px;\"><font face=\"Arial\">V\u00f5ib v\u00e4hendada&nbsp; s\u00fcdame veresoonkonna haiguste riski<\/font><\/span><\/li>\n<li><span style=\"caret-color: rgb(51, 51, 51); font-size: 14px;\"><font face=\"Arial\">V\u00f5ib v\u00e4hendada s\u00f5ltuvusk\u00e4itumist<\/font><\/span><\/li>\n<li style=\"outline: 0px;\"><font face=\"Arial\"><span style=\"font-size: 14px;\">Oluline luude ja hammaste arenguks<\/span><\/font><\/li>\n<li style=\"outline: 0px;\"><font face=\"Arial\"><span style=\"font-size: 14px;\">Aitab imenduda kaltsiumil<\/span><\/font><\/li>\n<li style=\"outline: 0px;\"><font face=\"Arial\"><span style=\"font-size: 14px;\">Toetab s\u00fcdamet\u00f6\u00f6d ja n\u00e4rvis\u00fcsteemi<\/span><\/font><\/li>\n<\/ul>\n<h3>Kasutamine:<\/h3>\n<p>P\u00e4evane annus 1 tabletti p\u00e4evas koos veega 250ml. Mitte \u00fcletada p\u00e4evast annust.<\/p>\n<h3>Kellele sobib?<\/h3>\n<p>Haiguste ennetamiseks ehk siis immuuns\u00fcsteemi tugevdamiseks<\/p>\n<h3>Pakend: 100<span style=\"font-size:14px;\"><span style=\"font-family:arial,helvetica,sans-serif;\">&nbsp;tabletti<\/span><\/span><\/h3>\n<table cellpadding=\"1\" cellspacing=\"1\" style=\"height:106px; width:409px\">\n<tbody>\n<tr>\n<td><strong>SELF Vitamin C Pro<\/strong><\/td>\n<td><strong>1 tabletti<\/strong><\/td>\n<\/tr>\n<tr>\n<td>\n<p>Vitamiin C (L-askorbiinhape)<\/p>\n<\/td>\n<td>\n<p>1000mg (1050%)<\/p>\n<\/td>\n<\/tr>\n<tr>\n<td>\n<p>NAC (N-acetyl-cysteine)<\/p>\n<\/td>\n<td>\n<p>84mg&nbsp;<\/p>\n<\/td>\n<\/tr>\n<tr>\n<td>\n<p>Vitamiin D (cholecalciferol D3)<\/p>\n<\/td>\n<td>\n<p>45ug (900%)<\/p>\n<\/td>\n<\/tr>\n<tr>\n<td colspan=\"2\">*RDA% &#8211; soovitatavast igap\u00e4evasest toitainete hulgast (RDA RL 2008\/100\/EU).<\/td>\n<\/tr>\n<tr>\n<td colspan=\"2\">\n<p><span style=\"font-size:10px;\">Koostis: stabilisaatorid (E953, E470b E551),&nbsp;<\/span><\/p>\n<\/td>\n<\/tr>\n<\/tbody>\n<\/table>\n<p> Konsultatsioon<\/p>\n<ul>\n<li>Oled oodatud tasuta konsultatsioonile MYBODY Audentese kauplusesse,<\/li>\n<li>Asukoht: Audentese Spordikeskusesse, Tondi 84.<\/li>\n<li>Telefon EST\/RUS\/ENG +372&nbsp;523 1960<\/li>\n<li>Telefon EST\/ENG +372 56&nbsp;458&nbsp;688<\/li>\n<li><a href=\"mailto:info@mybody.ee\">info@mybody.ee<\/a><\/li>\n<li><a href=\"http:\/\/www.facebook.com\/mybody.ee\">www.facebook.com\/mybody.ee<\/a><\/li>\n<\/ul>\n","protected":false},"excerpt":{"rendered":"<p>SELF Vitamin C&nbsp;PRO&nbsp;suurep\u00e4rane immuuns\u00fcstemi kooslus C-vitamiini, NAC antioks\u00fcdanti, D3 vitamiini! C-vitamiin, mis on vajalik organismi vastupanuv\u00f5ime t\u00f5stmiseks, kevadv\u00e4simuse ja stressi peletamiseks. Lisaks tugevdab immuunsust ja parandab \u00fcldist heaolu. C-vitamiini t\u00e4ielik puudumine toidus v\u00f5i kestev defitsiit v\u00f5ib organismile olla kahjulik ning koguni ohtlik, p\u00f5hjustades haiguslikke seisundeid. NAC:&nbsp;N-atset\u00fc\u00fclts\u00fcsteiin p\u00e4rineb aminohappest L-ts\u00fcsteiin. N-atset\u00fc\u00fclts\u00fcsteiin ehk l\u00fchidalt NAC on antioks\u00fcdant, [&hellip;]<\/p>\n","protected":false},"featured_media":0,"comment_status":"open","ping_status":"closed","template":"","meta":{"inline_featured_image":false},"product_cat":[45,40,50,32,39],"product_tag":[],"class_list":{"0":"post-878","1":"product","2":"type-product","3":"status-publish","5":"product_cat-seksuaaltervis","6":"product_cat-tervis-hobi","7":"product_cat-vitamiinid-ja-mineraalid","8":"product_cat-mikroelemendid","9":"product_cat-voimlemine-tantsimine","10":"pa_kogustablettikapslit-20tk","11":"pa_kunakasutada-uldiselttugevdav","12":"pa_vorm-tablettkapsel","14":"first","15":"instock","16":"shipping-taxable","17":"purchasable","18":"product-type-simple"},"yoast_head":"<!-- This site is optimized with the Yoast SEO plugin v27.3 - https:\/\/yoast.com\/product\/yoast-seo-wordpress\/ -->\n<title>C-vitamiin immuunsuss\u00fcsteemi tugevdamiseks - SELF Sport Vitamin C - MyBody.ee - Toidulisandid ja sporditarvikud<\/title>\n<meta name=\"description\" content=\"SELF Sport Vitamin C on magusainega toidulisand, millest lihtsasti valmib\" \/>\n<meta name=\"robots\" content=\"index, follow, max-snippet:-1, max-image-preview:large, max-video-preview:-1\" \/>\n<link rel=\"canonical\" href=\"https:\/\/mybody5.ee.mybody.ee\/proov\/product\/vitamin-c-d3-nac-pro-immuunsussusteemi-tugevdamiseks-self\/\" \/>\n<meta property=\"og:locale\" content=\"et_EE\" \/>\n<meta property=\"og:type\" content=\"article\" \/>\n<meta property=\"og:title\" content=\"C-vitamiin immuunsuss\u00fcsteemi tugevdamiseks - SELF Sport Vitamin C - MyBody.ee - Toidulisandid ja sporditarvikud\" \/>\n<meta property=\"og:description\" content=\"SELF Sport Vitamin C on magusainega toidulisand, millest lihtsasti valmib\" \/>\n<meta property=\"og:url\" content=\"https:\/\/mybody5.ee.mybody.ee\/proov\/product\/vitamin-c-d3-nac-pro-immuunsussusteemi-tugevdamiseks-self\/\" \/>\n<meta property=\"og:site_name\" content=\"supplero\" \/>\n<meta property=\"article:publisher\" content=\"https:\/\/facebook.com\/MyBody.ee\/\" \/>\n<meta property=\"og:image\" content=\"https:\/\/mybody5.ee.mybody.ee\/proov\/wp-content\/uploads\/2023\/11\/mybody_logo_h65.png\" \/>\n\t<meta property=\"og:image:width\" content=\"229\" \/>\n\t<meta property=\"og:image:height\" content=\"65\" \/>\n\t<meta property=\"og:image:type\" content=\"image\/png\" \/>\n<meta name=\"twitter:card\" content=\"summary_large_image\" \/>\n<meta name=\"twitter:label1\" content=\"Est. reading time\" \/>\n\t<meta name=\"twitter:data1\" content=\"3 minutit\" \/>\n<script type=\"application\/ld+json\" class=\"yoast-schema-graph\">{\"@context\":\"https:\\\/\\\/schema.org\",\"@graph\":[{\"@type\":\"WebPage\",\"@id\":\"https:\\\/\\\/mybody5.ee.mybody.ee\\\/proov\\\/product\\\/vitamin-c-d3-nac-pro-immuunsussusteemi-tugevdamiseks-self\\\/\",\"url\":\"https:\\\/\\\/mybody5.ee.mybody.ee\\\/proov\\\/product\\\/vitamin-c-d3-nac-pro-immuunsussusteemi-tugevdamiseks-self\\\/\",\"name\":\"C-vitamiin immuunsuss\u00fcsteemi tugevdamiseks - SELF Sport Vitamin C - MyBody.ee - Toidulisandid ja sporditarvikud\",\"isPartOf\":{\"@id\":\"https:\\\/\\\/mybody5.ee.mybody.ee\\\/proov\\\/#website\"},\"datePublished\":\"2020-04-09T11:00:56+00:00\",\"description\":\"SELF Sport Vitamin C on magusainega toidulisand, millest lihtsasti valmib\",\"breadcrumb\":{\"@id\":\"https:\\\/\\\/mybody5.ee.mybody.ee\\\/proov\\\/product\\\/vitamin-c-d3-nac-pro-immuunsussusteemi-tugevdamiseks-self\\\/#breadcrumb\"},\"inLanguage\":\"et\",\"potentialAction\":[{\"@type\":\"ReadAction\",\"target\":[\"https:\\\/\\\/mybody5.ee.mybody.ee\\\/proov\\\/product\\\/vitamin-c-d3-nac-pro-immuunsussusteemi-tugevdamiseks-self\\\/\"]}]},{\"@type\":\"BreadcrumbList\",\"@id\":\"https:\\\/\\\/mybody5.ee.mybody.ee\\\/proov\\\/product\\\/vitamin-c-d3-nac-pro-immuunsussusteemi-tugevdamiseks-self\\\/#breadcrumb\",\"itemListElement\":[{\"@type\":\"ListItem\",\"position\":1,\"name\":\"Home\",\"item\":\"https:\\\/\\\/mybody5.ee.mybody.ee\\\/proov\\\/\"},{\"@type\":\"ListItem\",\"position\":2,\"name\":\"Shop\",\"item\":\"https:\\\/\\\/mybody5.ee.mybody.ee\\\/proov\\\/shop\\\/\"},{\"@type\":\"ListItem\",\"position\":3,\"name\":\"Vitamin C, D3, NAC Pro immuunsuss\u00fcsteemi tugevdamiseks &#8211; SELF\"}]},{\"@type\":\"WebSite\",\"@id\":\"https:\\\/\\\/mybody5.ee.mybody.ee\\\/proov\\\/#website\",\"url\":\"https:\\\/\\\/mybody5.ee.mybody.ee\\\/proov\\\/\",\"name\":\"MyBody.ee - Toidulisandid ja sporditarvikud\",\"description\":\"Just another WordPress site\",\"publisher\":{\"@id\":\"https:\\\/\\\/mybody5.ee.mybody.ee\\\/proov\\\/#organization\"},\"potentialAction\":[{\"@type\":\"SearchAction\",\"target\":{\"@type\":\"EntryPoint\",\"urlTemplate\":\"https:\\\/\\\/mybody5.ee.mybody.ee\\\/proov\\\/?s={search_term_string}\"},\"query-input\":{\"@type\":\"PropertyValueSpecification\",\"valueRequired\":true,\"valueName\":\"search_term_string\"}}],\"inLanguage\":\"et\"},{\"@type\":\"Organization\",\"@id\":\"https:\\\/\\\/mybody5.ee.mybody.ee\\\/proov\\\/#organization\",\"name\":\"MyBody.ee\",\"url\":\"https:\\\/\\\/mybody5.ee.mybody.ee\\\/proov\\\/\",\"logo\":{\"@type\":\"ImageObject\",\"inLanguage\":\"et\",\"@id\":\"https:\\\/\\\/mybody5.ee.mybody.ee\\\/proov\\\/#\\\/schema\\\/logo\\\/image\\\/\",\"url\":\"https:\\\/\\\/mybody5.ee.mybody.ee\\\/proov\\\/wp-content\\\/uploads\\\/2023\\\/11\\\/mybody_logo_h65-2.png\",\"contentUrl\":\"https:\\\/\\\/mybody5.ee.mybody.ee\\\/proov\\\/wp-content\\\/uploads\\\/2023\\\/11\\\/mybody_logo_h65-2.png\",\"width\":229,\"height\":65,\"caption\":\"MyBody.ee\"},\"image\":{\"@id\":\"https:\\\/\\\/mybody5.ee.mybody.ee\\\/proov\\\/#\\\/schema\\\/logo\\\/image\\\/\"},\"sameAs\":[\"https:\\\/\\\/facebook.com\\\/MyBody.ee\\\/\"]}]}<\/script>\n<!-- \/ Yoast SEO plugin. -->","yoast_head_json":{"title":"C-vitamiin immuunsuss\u00fcsteemi tugevdamiseks - SELF Sport Vitamin C - MyBody.ee - Toidulisandid ja sporditarvikud","description":"SELF Sport Vitamin C on magusainega toidulisand, millest lihtsasti valmib","robots":{"index":"index","follow":"follow","max-snippet":"max-snippet:-1","max-image-preview":"max-image-preview:large","max-video-preview":"max-video-preview:-1"},"canonical":"https:\/\/mybody5.ee.mybody.ee\/proov\/product\/vitamin-c-d3-nac-pro-immuunsussusteemi-tugevdamiseks-self\/","og_locale":"et_EE","og_type":"article","og_title":"C-vitamiin immuunsuss\u00fcsteemi tugevdamiseks - SELF Sport Vitamin C - MyBody.ee - Toidulisandid ja sporditarvikud","og_description":"SELF Sport Vitamin C on magusainega toidulisand, millest lihtsasti valmib","og_url":"https:\/\/mybody5.ee.mybody.ee\/proov\/product\/vitamin-c-d3-nac-pro-immuunsussusteemi-tugevdamiseks-self\/","og_site_name":"supplero","article_publisher":"https:\/\/facebook.com\/MyBody.ee\/","og_image":[{"width":229,"height":65,"url":"https:\/\/mybody5.ee.mybody.ee\/proov\/wp-content\/uploads\/2023\/11\/mybody_logo_h65.png","type":"image\/png"}],"twitter_card":"summary_large_image","twitter_misc":{"Est. reading time":"3 minutit"},"schema":{"@context":"https:\/\/schema.org","@graph":[{"@type":"WebPage","@id":"https:\/\/mybody5.ee.mybody.ee\/proov\/product\/vitamin-c-d3-nac-pro-immuunsussusteemi-tugevdamiseks-self\/","url":"https:\/\/mybody5.ee.mybody.ee\/proov\/product\/vitamin-c-d3-nac-pro-immuunsussusteemi-tugevdamiseks-self\/","name":"C-vitamiin immuunsuss\u00fcsteemi tugevdamiseks - SELF Sport Vitamin C - MyBody.ee - Toidulisandid ja sporditarvikud","isPartOf":{"@id":"https:\/\/mybody5.ee.mybody.ee\/proov\/#website"},"datePublished":"2020-04-09T11:00:56+00:00","description":"SELF Sport Vitamin C on magusainega toidulisand, millest lihtsasti valmib","breadcrumb":{"@id":"https:\/\/mybody5.ee.mybody.ee\/proov\/product\/vitamin-c-d3-nac-pro-immuunsussusteemi-tugevdamiseks-self\/#breadcrumb"},"inLanguage":"et","potentialAction":[{"@type":"ReadAction","target":["https:\/\/mybody5.ee.mybody.ee\/proov\/product\/vitamin-c-d3-nac-pro-immuunsussusteemi-tugevdamiseks-self\/"]}]},{"@type":"BreadcrumbList","@id":"https:\/\/mybody5.ee.mybody.ee\/proov\/product\/vitamin-c-d3-nac-pro-immuunsussusteemi-tugevdamiseks-self\/#breadcrumb","itemListElement":[{"@type":"ListItem","position":1,"name":"Home","item":"https:\/\/mybody5.ee.mybody.ee\/proov\/"},{"@type":"ListItem","position":2,"name":"Shop","item":"https:\/\/mybody5.ee.mybody.ee\/proov\/shop\/"},{"@type":"ListItem","position":3,"name":"Vitamin C, D3, NAC Pro immuunsuss\u00fcsteemi tugevdamiseks &#8211; SELF"}]},{"@type":"WebSite","@id":"https:\/\/mybody5.ee.mybody.ee\/proov\/#website","url":"https:\/\/mybody5.ee.mybody.ee\/proov\/","name":"MyBody.ee - Toidulisandid ja sporditarvikud","description":"Just another WordPress site","publisher":{"@id":"https:\/\/mybody5.ee.mybody.ee\/proov\/#organization"},"potentialAction":[{"@type":"SearchAction","target":{"@type":"EntryPoint","urlTemplate":"https:\/\/mybody5.ee.mybody.ee\/proov\/?s={search_term_string}"},"query-input":{"@type":"PropertyValueSpecification","valueRequired":true,"valueName":"search_term_string"}}],"inLanguage":"et"},{"@type":"Organization","@id":"https:\/\/mybody5.ee.mybody.ee\/proov\/#organization","name":"MyBody.ee","url":"https:\/\/mybody5.ee.mybody.ee\/proov\/","logo":{"@type":"ImageObject","inLanguage":"et","@id":"https:\/\/mybody5.ee.mybody.ee\/proov\/#\/schema\/logo\/image\/","url":"https:\/\/mybody5.ee.mybody.ee\/proov\/wp-content\/uploads\/2023\/11\/mybody_logo_h65-2.png","contentUrl":"https:\/\/mybody5.ee.mybody.ee\/proov\/wp-content\/uploads\/2023\/11\/mybody_logo_h65-2.png","width":229,"height":65,"caption":"MyBody.ee"},"image":{"@id":"https:\/\/mybody5.ee.mybody.ee\/proov\/#\/schema\/logo\/image\/"},"sameAs":["https:\/\/facebook.com\/MyBody.ee\/"]}]}},"_links":{"self":[{"href":"https:\/\/mybody5.ee.mybody.ee\/proov\/wp-json\/wp\/v2\/product\/878","targetHints":{"allow":["GET"]}}],"collection":[{"href":"https:\/\/mybody5.ee.mybody.ee\/proov\/wp-json\/wp\/v2\/product"}],"about":[{"href":"https:\/\/mybody5.ee.mybody.ee\/proov\/wp-json\/wp\/v2\/types\/product"}],"replies":[{"embeddable":true,"href":"https:\/\/mybody5.ee.mybody.ee\/proov\/wp-json\/wp\/v2\/comments?post=878"}],"wp:attachment":[{"href":"https:\/\/mybody5.ee.mybody.ee\/proov\/wp-json\/wp\/v2\/media?parent=878"}],"wp:term":[{"taxonomy":"product_cat","embeddable":true,"href":"https:\/\/mybody5.ee.mybody.ee\/proov\/wp-json\/wp\/v2\/product_cat?post=878"},{"taxonomy":"product_tag","embeddable":true,"href":"https:\/\/mybody5.ee.mybody.ee\/proov\/wp-json\/wp\/v2\/product_tag?post=878"}],"curies":[{"name":"wp","href":"https:\/\/api.w.org\/{rel}","templated":true}]}}