{"id":887,"date":"2020-09-15T14:51:38","date_gmt":"2020-09-15T14:51:38","guid":{"rendered":"https:\/\/mybody5.ee.mybody.ee\/proov\/product\/kolmefaasiline-valkude-segu-parimaks-taastumiseks-self-all-time-protein\/"},"modified":"2020-09-15T14:51:38","modified_gmt":"2020-09-15T14:51:38","slug":"kolmefaasiline-valkude-segu-parimaks-taastumiseks-self-all-time-protein","status":"publish","type":"product","link":"https:\/\/mybody5.ee.mybody.ee\/proov\/product\/kolmefaasiline-valkude-segu-parimaks-taastumiseks-self-all-time-protein\/","title":{"rendered":"Kolmefaasiline valkude segu parimaks taastumiseks &#8211; SELF All Time Protein"},"content":{"rendered":"<p><strong style=\"color: rgb(51, 51, 51); font-family: sans-serif, Arial, Verdana, &quot;Trebuchet MS&quot;; font-size: 13px; line-height: 20.8px; background-color: rgb(255, 255, 255);\">SELF All Time Protein&nbsp;<\/strong><span style=\"color: rgb(51, 51, 51); font-family: sans-serif, Arial, Verdana, &quot;Trebuchet MS&quot;; font-size: 13px; line-height: 20.8px; background-color: rgb(255, 255, 255);\">on kolmefaasiline valkude segu parimaks taastumiseks&nbsp;sisaldab kolme p\u00f5hilist valku, s.o piima-, muna- ja vadakuvalku. Erineva imendumiskiirusega&nbsp;proteiinide&nbsp;segu kindlustab, et keha saaks piisavalt aminohappeid mitmes erinevas faasis. Uuringud on n\u00e4idanud, et just kolme erineva valgu tarbimine m\u00f5jub taastumisele ja keha \u00fcldisele arengule k\u00f5ige paremini.<\/span><\/p>\n<p><strong>Piimavalk<\/strong> <strong>ehk kaseiin<\/strong> imendub 8 tunni jooksul, mille k\u00e4igus muutub see seedetraktis geelitaoliseks aineks, mis aeglustab mao t\u00fchjenemist. Nii pikeneb kontaktaeg maoseinaga&nbsp;ja sellega koos aminohapete imendumine, mis teeb kaseiini tarvitamise eriti sobivaks&nbsp;just enne magamaminekut v\u00f5i&nbsp;p\u00e4eval toidukorda asendades.<\/p>\n<p><strong>Munavalk<\/strong> sisaldab organismi poolt kergesti omastatavaid asendamatuid aminohappeid ja&nbsp;imendub 6 tunni v\u00e4ltel. Munavalk on tuntud kui v\u00f5istlusproteiin, sest hoiab \u00e4ra vee kogunemise naha alla ja tagab parema lihasstruktuuri.<\/p>\n<p><strong>Vadakuvalk<\/strong> on&nbsp;kvaliteetne kergelt imenduv proteiin, mis&nbsp;sisaldab lihaste kasvuks ja taastumiseks vajalikke aminohappeid ja&nbsp;imendub 2 tunni jooksul. Uuringud on n\u00e4idanud, et vadakuvalk kiirendab taastumist rasketest treeningutest.<\/p>\n<h3>Toime<\/h3>\n<ul>\n<li>Varustab organismi aminohapetega kuni 8 tundi!<\/li>\n<li>Palju glutamiini ja hargnenud ahelaga aminohappeid<\/li>\n<li>K\u00f5rgeim bioloogiline v\u00e4\u00e4rtus<\/li>\n<li>Sisaldab organismi poolt kergesti omastatavaid aminohappeid ideaalses vahekorras!<\/li>\n<\/ul>\n<h3>Kasutamine<\/h3>\n<p>Segada 1-3 korda p\u00e4evas 30g-50g 300ml vee, piima v\u00f5i mahlaga. Tarbida enne trenni, p\u00e4rast trenni ja&nbsp;enne magamaminekut.<\/p>\n<h3>Kellele sobib?<\/h3>\n<p>Sobib lisavalguks ja taastusjoogi komponendiks k\u00f5ikidele sportlastele ja tervisesportlastele, kes soovivad kiirendada treeningutest taastumist ja suurendada oma p\u00e4evast valgukogust.<\/p>\n<h3>Pakend:<span style=\"font-family:arial,helvetica,sans-serif;\"><span style=\"font-size:12px;\">&nbsp;9<span style=\"font-size:14px;\">00g<\/span><\/span><\/span><\/h3>\n<h3>Maitsed: <span style=\"font-size:14px;\"><span style=\"font-family:arial,helvetica,sans-serif;\">&nbsp;\u0161okolaad, \u0161okolaad maap\u00e4hkli, piimak\u00fcpsise, valge \u0161okolaadi, &nbsp;vanilje, banaan-\u0161okolaad, espresso j\u00e4\u00e4kohv<\/span><\/span><\/h3>\n<h3>\n<table border=\"1\" cellpadding=\"1\" cellspacing=\"1\" style=\"background-color: rgb(255, 255, 255); font-size: 13px; width: 400px;\">\n<tbody>\n<tr>\n<td><\/td>\n<td><\/td>\n<td><\/td>\n<\/tr>\n<\/tbody>\n<\/table>\n<table border=\"1\" cellpadding=\"1\" cellspacing=\"1\" style=\"background-color: rgb(255, 255, 255); font-size: 13px; width: 400px;\">\n<tbody>\n<tr>\n<td><strong>Phase 3 toitev\u00e4\u00e4rtus<\/strong><\/td>\n<td><strong>100g<\/strong><\/td>\n<td><strong>30g<\/strong><\/td>\n<\/tr>\n<tr>\n<td>Energiat<\/td>\n<td>380kcal\/1590Kj<\/td>\n<td>190kcal\/795Kj<\/td>\n<\/tr>\n<tr>\n<td>Valke<\/td>\n<td>80g<\/td>\n<td>24g<\/td>\n<\/tr>\n<tr>\n<td>S\u00fcsivesikuid (millest suhkrud)<\/td>\n<td>4g (3g)<\/td>\n<td>2g (0,9g)<\/td>\n<\/tr>\n<tr>\n<td>Rasvu (millest k\u00fcllastunud)<\/td>\n<td>5g (3g)<\/td>\n<td>\n<p>1,5g (0,9g)<\/p>\n<\/td>\n<\/tr>\n<\/tbody>\n<\/table>\n<\/h3>\n<\/p>\n<table border=\"1\" cellpadding=\"1\" cellspacing=\"1\" style=\"width:400px;\">\n<tbody>\n<tr>\n<td><strong>Phase 3 koostisosad<\/strong><\/td>\n<td><strong>100g<\/strong><\/td>\n<td><strong>50g<\/strong><\/td>\n<\/tr>\n<tr>\n<td>Vitamin D<\/td>\n<td>10ug 200%*<\/td>\n<td>4ug 30%<\/td>\n<\/tr>\n<tr>\n<td>Kaltsium<\/td>\n<td>400mg<\/td>\n<td>120g<\/td>\n<\/tr>\n<tr>\n<td>Magnesium<\/td>\n<td>180mg<\/td>\n<td>54g<\/td>\n<\/tr>\n<tr>\n<td>Sool<\/td>\n<td>0,4g<\/td>\n<td>\n<p>0,12g<\/p>\n<\/td>\n<\/tr>\n<tr>\n<td colspan=\"3\">\n<p><span style=\"font-size:10px;\">Koostis: Vadakuvalk ( isolaat ja kontsentraat piimast), piimavalk, kaltsiumkaseinaat, munavalgepulber, vadakuvalgu h\u00fcdrol\u00fc\u00fcs. &nbsp;Aminohapped, l-gl\u00fcsiin 4% l-l\u00fcsiin l-alaniin2%, vitamiin d3,, kakao, magneesiumtsitraat, kaltsiumtsitraat l\u00f5hna-ja maitseained, kakao, stabilisaator (E341, E466) magustaja (sukraloos, E950).<\/span><\/p>\n<\/td>\n<\/tr>\n<\/tbody>\n<\/table>\n<p>Konsultatsioon<\/p>\n<ul>\n<li>Oled oodatud tasuta konsultatsioonile MYBODY Audentese kauplusesse,<\/li>\n<li>Asukoht: Audentese Spordikeskusesse, Tondi 84.<\/li>\n<li>Telefon EST\/RUS\/ENG +372&nbsp;523 1960<\/li>\n<li>Telefon EST\/ENG +372 56&nbsp;458&nbsp;688<\/li>\n<li><a href=\"mailto:info@mybody.ee\">info@mybody.ee<\/a><\/li>\n<li><a href=\"http:\/\/www.facebook.com\/mybody.ee\">www.facebook.com\/mybody.ee<\/a><\/li>\n<\/ul>\n","protected":false},"excerpt":{"rendered":"<p>SELF All Time Protein&nbsp;on kolmefaasiline valkude segu parimaks taastumiseks&nbsp;sisaldab kolme p\u00f5hilist valku, s.o piima-, muna- ja vadakuvalku. Erineva imendumiskiirusega&nbsp;proteiinide&nbsp;segu kindlustab, et keha saaks piisavalt aminohappeid mitmes erinevas faasis. Uuringud on n\u00e4idanud, et just kolme erineva valgu tarbimine m\u00f5jub taastumisele ja keha \u00fcldisele arengule k\u00f5ige paremini. Piimavalk ehk kaseiin imendub 8 tunni jooksul, mille k\u00e4igus muutub [&hellip;]<\/p>\n","protected":false},"featured_media":0,"comment_status":"open","ping_status":"closed","template":"","meta":{"inline_featured_image":false},"product_cat":[47,63,27,29],"product_tag":[],"class_list":{"0":"post-887","1":"product","2":"type-product","3":"status-publish","5":"product_cat-muud-valgud","6":"product_cat-populaarsed-est","7":"product_cat-proteiinid","8":"product_cat-sooduspakkumised","9":"pa_energia-400kcal","10":"pa_kogusg-1000g","11":"pa_kunakasutada-parasttrenni","12":"pa_maitse-banaan_karramell","13":"pa_maitse-chocolatenut_crunch","14":"pa_maitse-sokolaad","15":"pa_maitse-vanilje","16":"pa_rasvad-2g","17":"pa_susivesikud-4g","18":"pa_valgud-86g","19":"pa_vorm-pulber","21":"first","22":"instock","23":"shipping-taxable","24":"purchasable","25":"product-type-variable"},"yoast_head":"<!-- This site is optimized with the Yoast SEO plugin v27.3 - https:\/\/yoast.com\/product\/yoast-seo-wordpress\/ -->\n<title>Kolmefaasiline valkude segu parimaks taastumiseks - SELF 3 Phase Protein - MyBody.ee - Toidulisandid ja sporditarvikud<\/title>\n<meta name=\"description\" content=\"SELF Phase 3 Protein\u00a0on kolmefaasiline valkude segu parimaks taastumiseks\u00a0\" \/>\n<meta name=\"robots\" content=\"index, follow, max-snippet:-1, max-image-preview:large, max-video-preview:-1\" \/>\n<link rel=\"canonical\" href=\"https:\/\/mybody5.ee.mybody.ee\/proov\/product\/kolmefaasiline-valkude-segu-parimaks-taastumiseks-self-all-time-protein\/\" \/>\n<meta property=\"og:locale\" content=\"et_EE\" \/>\n<meta property=\"og:type\" content=\"article\" \/>\n<meta property=\"og:title\" content=\"Kolmefaasiline valkude segu parimaks taastumiseks - SELF 3 Phase Protein - MyBody.ee - Toidulisandid ja sporditarvikud\" \/>\n<meta property=\"og:description\" content=\"SELF Phase 3 Protein\u00a0on kolmefaasiline valkude segu parimaks taastumiseks\u00a0\" \/>\n<meta property=\"og:url\" content=\"https:\/\/mybody5.ee.mybody.ee\/proov\/product\/kolmefaasiline-valkude-segu-parimaks-taastumiseks-self-all-time-protein\/\" \/>\n<meta property=\"og:site_name\" content=\"supplero\" \/>\n<meta property=\"article:publisher\" content=\"https:\/\/facebook.com\/MyBody.ee\/\" \/>\n<meta property=\"og:image\" content=\"https:\/\/mybody5.ee.mybody.ee\/proov\/wp-content\/uploads\/2023\/11\/mybody_logo_h65.png\" \/>\n\t<meta property=\"og:image:width\" content=\"229\" \/>\n\t<meta property=\"og:image:height\" content=\"65\" \/>\n\t<meta property=\"og:image:type\" content=\"image\/png\" \/>\n<meta name=\"twitter:card\" content=\"summary_large_image\" \/>\n<meta name=\"twitter:label1\" content=\"Est. reading time\" \/>\n\t<meta name=\"twitter:data1\" content=\"2 minutit\" \/>\n<script type=\"application\/ld+json\" class=\"yoast-schema-graph\">{\"@context\":\"https:\\\/\\\/schema.org\",\"@graph\":[{\"@type\":\"WebPage\",\"@id\":\"https:\\\/\\\/mybody5.ee.mybody.ee\\\/proov\\\/product\\\/kolmefaasiline-valkude-segu-parimaks-taastumiseks-self-all-time-protein\\\/\",\"url\":\"https:\\\/\\\/mybody5.ee.mybody.ee\\\/proov\\\/product\\\/kolmefaasiline-valkude-segu-parimaks-taastumiseks-self-all-time-protein\\\/\",\"name\":\"Kolmefaasiline valkude segu parimaks taastumiseks - SELF 3 Phase Protein - MyBody.ee - Toidulisandid ja sporditarvikud\",\"isPartOf\":{\"@id\":\"https:\\\/\\\/mybody5.ee.mybody.ee\\\/proov\\\/#website\"},\"datePublished\":\"2020-09-15T14:51:38+00:00\",\"description\":\"SELF Phase 3 Protein\u00a0on kolmefaasiline valkude segu parimaks taastumiseks\u00a0\",\"breadcrumb\":{\"@id\":\"https:\\\/\\\/mybody5.ee.mybody.ee\\\/proov\\\/product\\\/kolmefaasiline-valkude-segu-parimaks-taastumiseks-self-all-time-protein\\\/#breadcrumb\"},\"inLanguage\":\"et\",\"potentialAction\":[{\"@type\":\"ReadAction\",\"target\":[\"https:\\\/\\\/mybody5.ee.mybody.ee\\\/proov\\\/product\\\/kolmefaasiline-valkude-segu-parimaks-taastumiseks-self-all-time-protein\\\/\"]}]},{\"@type\":\"BreadcrumbList\",\"@id\":\"https:\\\/\\\/mybody5.ee.mybody.ee\\\/proov\\\/product\\\/kolmefaasiline-valkude-segu-parimaks-taastumiseks-self-all-time-protein\\\/#breadcrumb\",\"itemListElement\":[{\"@type\":\"ListItem\",\"position\":1,\"name\":\"Home\",\"item\":\"https:\\\/\\\/mybody5.ee.mybody.ee\\\/proov\\\/\"},{\"@type\":\"ListItem\",\"position\":2,\"name\":\"Shop\",\"item\":\"https:\\\/\\\/mybody5.ee.mybody.ee\\\/proov\\\/shop\\\/\"},{\"@type\":\"ListItem\",\"position\":3,\"name\":\"Kolmefaasiline valkude segu parimaks taastumiseks &#8211; SELF All Time Protein\"}]},{\"@type\":\"WebSite\",\"@id\":\"https:\\\/\\\/mybody5.ee.mybody.ee\\\/proov\\\/#website\",\"url\":\"https:\\\/\\\/mybody5.ee.mybody.ee\\\/proov\\\/\",\"name\":\"MyBody.ee - Toidulisandid ja sporditarvikud\",\"description\":\"Just another WordPress site\",\"publisher\":{\"@id\":\"https:\\\/\\\/mybody5.ee.mybody.ee\\\/proov\\\/#organization\"},\"potentialAction\":[{\"@type\":\"SearchAction\",\"target\":{\"@type\":\"EntryPoint\",\"urlTemplate\":\"https:\\\/\\\/mybody5.ee.mybody.ee\\\/proov\\\/?s={search_term_string}\"},\"query-input\":{\"@type\":\"PropertyValueSpecification\",\"valueRequired\":true,\"valueName\":\"search_term_string\"}}],\"inLanguage\":\"et\"},{\"@type\":\"Organization\",\"@id\":\"https:\\\/\\\/mybody5.ee.mybody.ee\\\/proov\\\/#organization\",\"name\":\"MyBody.ee\",\"url\":\"https:\\\/\\\/mybody5.ee.mybody.ee\\\/proov\\\/\",\"logo\":{\"@type\":\"ImageObject\",\"inLanguage\":\"et\",\"@id\":\"https:\\\/\\\/mybody5.ee.mybody.ee\\\/proov\\\/#\\\/schema\\\/logo\\\/image\\\/\",\"url\":\"https:\\\/\\\/mybody5.ee.mybody.ee\\\/proov\\\/wp-content\\\/uploads\\\/2023\\\/11\\\/mybody_logo_h65-2.png\",\"contentUrl\":\"https:\\\/\\\/mybody5.ee.mybody.ee\\\/proov\\\/wp-content\\\/uploads\\\/2023\\\/11\\\/mybody_logo_h65-2.png\",\"width\":229,\"height\":65,\"caption\":\"MyBody.ee\"},\"image\":{\"@id\":\"https:\\\/\\\/mybody5.ee.mybody.ee\\\/proov\\\/#\\\/schema\\\/logo\\\/image\\\/\"},\"sameAs\":[\"https:\\\/\\\/facebook.com\\\/MyBody.ee\\\/\"]}]}<\/script>\n<!-- \/ Yoast SEO plugin. -->","yoast_head_json":{"title":"Kolmefaasiline valkude segu parimaks taastumiseks - SELF 3 Phase Protein - MyBody.ee - Toidulisandid ja sporditarvikud","description":"SELF Phase 3 Protein\u00a0on kolmefaasiline valkude segu parimaks taastumiseks\u00a0","robots":{"index":"index","follow":"follow","max-snippet":"max-snippet:-1","max-image-preview":"max-image-preview:large","max-video-preview":"max-video-preview:-1"},"canonical":"https:\/\/mybody5.ee.mybody.ee\/proov\/product\/kolmefaasiline-valkude-segu-parimaks-taastumiseks-self-all-time-protein\/","og_locale":"et_EE","og_type":"article","og_title":"Kolmefaasiline valkude segu parimaks taastumiseks - SELF 3 Phase Protein - MyBody.ee - Toidulisandid ja sporditarvikud","og_description":"SELF Phase 3 Protein\u00a0on kolmefaasiline valkude segu parimaks taastumiseks\u00a0","og_url":"https:\/\/mybody5.ee.mybody.ee\/proov\/product\/kolmefaasiline-valkude-segu-parimaks-taastumiseks-self-all-time-protein\/","og_site_name":"supplero","article_publisher":"https:\/\/facebook.com\/MyBody.ee\/","og_image":[{"width":229,"height":65,"url":"https:\/\/mybody5.ee.mybody.ee\/proov\/wp-content\/uploads\/2023\/11\/mybody_logo_h65.png","type":"image\/png"}],"twitter_card":"summary_large_image","twitter_misc":{"Est. reading time":"2 minutit"},"schema":{"@context":"https:\/\/schema.org","@graph":[{"@type":"WebPage","@id":"https:\/\/mybody5.ee.mybody.ee\/proov\/product\/kolmefaasiline-valkude-segu-parimaks-taastumiseks-self-all-time-protein\/","url":"https:\/\/mybody5.ee.mybody.ee\/proov\/product\/kolmefaasiline-valkude-segu-parimaks-taastumiseks-self-all-time-protein\/","name":"Kolmefaasiline valkude segu parimaks taastumiseks - SELF 3 Phase Protein - MyBody.ee - Toidulisandid ja sporditarvikud","isPartOf":{"@id":"https:\/\/mybody5.ee.mybody.ee\/proov\/#website"},"datePublished":"2020-09-15T14:51:38+00:00","description":"SELF Phase 3 Protein\u00a0on kolmefaasiline valkude segu parimaks taastumiseks\u00a0","breadcrumb":{"@id":"https:\/\/mybody5.ee.mybody.ee\/proov\/product\/kolmefaasiline-valkude-segu-parimaks-taastumiseks-self-all-time-protein\/#breadcrumb"},"inLanguage":"et","potentialAction":[{"@type":"ReadAction","target":["https:\/\/mybody5.ee.mybody.ee\/proov\/product\/kolmefaasiline-valkude-segu-parimaks-taastumiseks-self-all-time-protein\/"]}]},{"@type":"BreadcrumbList","@id":"https:\/\/mybody5.ee.mybody.ee\/proov\/product\/kolmefaasiline-valkude-segu-parimaks-taastumiseks-self-all-time-protein\/#breadcrumb","itemListElement":[{"@type":"ListItem","position":1,"name":"Home","item":"https:\/\/mybody5.ee.mybody.ee\/proov\/"},{"@type":"ListItem","position":2,"name":"Shop","item":"https:\/\/mybody5.ee.mybody.ee\/proov\/shop\/"},{"@type":"ListItem","position":3,"name":"Kolmefaasiline valkude segu parimaks taastumiseks &#8211; SELF All Time Protein"}]},{"@type":"WebSite","@id":"https:\/\/mybody5.ee.mybody.ee\/proov\/#website","url":"https:\/\/mybody5.ee.mybody.ee\/proov\/","name":"MyBody.ee - Toidulisandid ja sporditarvikud","description":"Just another WordPress site","publisher":{"@id":"https:\/\/mybody5.ee.mybody.ee\/proov\/#organization"},"potentialAction":[{"@type":"SearchAction","target":{"@type":"EntryPoint","urlTemplate":"https:\/\/mybody5.ee.mybody.ee\/proov\/?s={search_term_string}"},"query-input":{"@type":"PropertyValueSpecification","valueRequired":true,"valueName":"search_term_string"}}],"inLanguage":"et"},{"@type":"Organization","@id":"https:\/\/mybody5.ee.mybody.ee\/proov\/#organization","name":"MyBody.ee","url":"https:\/\/mybody5.ee.mybody.ee\/proov\/","logo":{"@type":"ImageObject","inLanguage":"et","@id":"https:\/\/mybody5.ee.mybody.ee\/proov\/#\/schema\/logo\/image\/","url":"https:\/\/mybody5.ee.mybody.ee\/proov\/wp-content\/uploads\/2023\/11\/mybody_logo_h65-2.png","contentUrl":"https:\/\/mybody5.ee.mybody.ee\/proov\/wp-content\/uploads\/2023\/11\/mybody_logo_h65-2.png","width":229,"height":65,"caption":"MyBody.ee"},"image":{"@id":"https:\/\/mybody5.ee.mybody.ee\/proov\/#\/schema\/logo\/image\/"},"sameAs":["https:\/\/facebook.com\/MyBody.ee\/"]}]}},"_links":{"self":[{"href":"https:\/\/mybody5.ee.mybody.ee\/proov\/wp-json\/wp\/v2\/product\/887","targetHints":{"allow":["GET"]}}],"collection":[{"href":"https:\/\/mybody5.ee.mybody.ee\/proov\/wp-json\/wp\/v2\/product"}],"about":[{"href":"https:\/\/mybody5.ee.mybody.ee\/proov\/wp-json\/wp\/v2\/types\/product"}],"replies":[{"embeddable":true,"href":"https:\/\/mybody5.ee.mybody.ee\/proov\/wp-json\/wp\/v2\/comments?post=887"}],"wp:attachment":[{"href":"https:\/\/mybody5.ee.mybody.ee\/proov\/wp-json\/wp\/v2\/media?parent=887"}],"wp:term":[{"taxonomy":"product_cat","embeddable":true,"href":"https:\/\/mybody5.ee.mybody.ee\/proov\/wp-json\/wp\/v2\/product_cat?post=887"},{"taxonomy":"product_tag","embeddable":true,"href":"https:\/\/mybody5.ee.mybody.ee\/proov\/wp-json\/wp\/v2\/product_tag?post=887"}],"curies":[{"name":"wp","href":"https:\/\/api.w.org\/{rel}","templated":true}]}}