{"id":89,"date":"2019-12-09T22:25:36","date_gmt":"2019-12-09T22:25:36","guid":{"rendered":"https:\/\/mybody5.ee.mybody.ee\/proov\/product\/asendamatud-oomega-3-rasvahapped-tugevab-immuunsust-ja-aitab-kaasa-rasvapoletusele-self-omega3-120-geelkapslit\/"},"modified":"2019-12-09T22:25:36","modified_gmt":"2019-12-09T22:25:36","slug":"asendamatud-oomega-3-rasvahapped-tugevab-immuunsust-ja-aitab-kaasa-rasvapoletusele-self-omega3-120-geelkapslit","status":"publish","type":"product","link":"https:\/\/mybody5.ee.mybody.ee\/proov\/product\/asendamatud-oomega-3-rasvahapped-tugevab-immuunsust-ja-aitab-kaasa-rasvapoletusele-self-omega3-120-geelkapslit\/","title":{"rendered":"Asendamatud oomega-3-rasvahapped, tugevab immuunsust ja aitab kaasa rasvap\u00f5letusele &#8211; SELF Omega3 (120 geelkapslit)"},"content":{"rendered":"<p><strong>Omega3<\/strong>&nbsp;k\u00f5rge puhtusega kala\u00f5li varustab organismi&nbsp;asendamatute oomega-3-rasvhapetega. Kapsli kujul toodet on lihtne tarbida kogu p\u00e4eva jooksul,&nbsp;annus on t\u00e4pne ja puudub spetsiifiline kalamaitse.<\/p>\n<p>Oomega-3-rasvhapped alandavad verer\u00f5hku, trigl\u00fctseriidide taset, normaliseerivad vereh\u00fc\u00fcbivust, aitavad v\u00e4hendada trombide teket ja muudavad veresoonte seinad elastsemaks. Samuti v\u00e4hendavad oomega-3-rasvhapped p\u00f5letikureaktsioone, millel on kasulik m\u00f5ju ka n\u00e4iteks&nbsp;liigesevalude ja&nbsp;nahaprobleemide korral.&nbsp;<\/p>\n<p>Uuringute kohaselt t\u00f5hustavad omega-3-rasvhapped keharasvade lagundamist&nbsp;ja aitavad s\u00e4ilitada lihasmassi kaalulangetamise ajal ning omavad positiivset m\u00f5ju&nbsp;liigeste tervisele. Kala\u00f5li sisaldab oomega-3-rasvhappeid pikaahelaliste, imenduvate, aktiivsete EPA- ja DHA-rasvhapetena.&nbsp;<span style=\"font-family: Arial, Helvetica, sans-serif; line-height: 23px;\">EPA ja DHA on olulised s\u00fcdamele ja arteritele, ajule ja paindlike liigeste jaoks.<\/span><\/p>\n<ul>\n<li>Suurendab rasvap\u00f5letust<\/li>\n<li>V\u00e4hendab p\u00f5letikku, t\u00f5stab immuunsust<\/li>\n<li>V\u00e4hendab stressi m\u00f5ju organismis<\/li>\n<li>Organismile asendamatu rasvhape<\/li>\n<\/ul>\n<h3>Kellele?<\/h3>\n<p>Oomega-3-rasvhapped kuuluvad kui organismile h\u00e4davajalikud rasvhapped iga tervisest lugu pidava inimese men\u00fc\u00fcsse. Oomega-3 on eriti kasulik kaalulangetajatele, liigesevalu korral ja s\u00fcdame-veresoonkonna probleemide korral.<\/p>\n<h3>Kasutamine<\/h3>\n<p>3 kapslit p\u00e4evas koos toiduga. V\u00f5ib v\u00f5tta vajaduse korral ka suurema annuse, n\u00e4iteks liigesevalu, p\u00f5letiku v\u00f5i dieedi korral. \u00dcleannust oomega-3-st ei saa.<\/p>\n<h3>Koostis: <span style=\"font-size:12px;\"><span style=\"font-family: arial,helvetica,sans-serif;\">Kala\u00f5li, \u017eelatiin, E -vitamiin<\/span><\/span><\/h3>\n<h3>Pakend: <span style=\"font-size:12px;\"><span style=\"font-family: arial,helvetica,sans-serif;\">120 geekapslit (1 geelkapsel 1000mg)<\/span><\/span><\/h3>\n<table border=\"1\" cellpadding=\"1\" cellspacing=\"1\" style=\"height:15px; width:377px\">\n<tbody>\n<tr>\n<td><strong>OMEGA 3 toimeained<\/strong><\/td>\n<td><strong>mg\/3 geelkapslit<\/strong><\/td>\n<\/tr>\n<tr>\n<td>Kala\u00f5li<\/td>\n<td>3000<\/td>\n<\/tr>\n<tr>\n<td>EPA<\/td>\n<td>540<\/td>\n<\/tr>\n<tr>\n<td>DHA<\/td>\n<td>360<\/td>\n<\/tr>\n<\/tbody>\n<\/table>\n<div class=\"title-h1 title-h2\" style=\"font-size: 16px; font-family: Georgia, &quot;Times New Roman&quot;, &quot;Bitstream Charter&quot;, Times, serif;\">&nbsp;<\/div>\n<div class=\"title-h1 title-h2\" style=\"font-size: 16px; font-family: Georgia, &quot;Times New Roman&quot;, &quot;Bitstream Charter&quot;, Times, serif;\">Uuringute tulemused:<\/div>\n<div class=\"title-h1 title-h2\" style=\"font-size: 16px; font-family: Georgia, &quot;Times New Roman&quot;, &quot;Bitstream Charter&quot;, Times, serif;\">&nbsp;<\/div>\n<div class=\"title-h1 title-h2\" style=\"font-size: 16px; font-family: Georgia, &quot;Times New Roman&quot;, &quot;Bitstream Charter&quot;, Times, serif;\">Oomega 3 RASVHAPPED JA TREENING<\/div>\n<div class=\"title-h1 title-h2\" style=\"font-size: 16px; font-family: Georgia, &quot;Times New Roman&quot;, &quot;Bitstream Charter&quot;, Times, serif;\">&nbsp;<\/div>\n<div class=\"title-h1 title-h2\" style=\"font-size: 16px; font-family: Georgia, &quot;Times New Roman&quot;, &quot;Bitstream Charter&quot;, Times, serif;\">Oomega 3 ja keharasvadest vabanemine!<\/div>\n<div class=\"title-h1\" style=\"font-size: 16px; font-family: Georgia, &quot;Times New Roman&quot;, &quot;Bitstream Charter&quot;, Times, serif;\"><span style=\"font-size: 16px; font-family: Georgia, &quot;Times New Roman&quot;, &quot;Bitstream Charter&quot;, Times, serif;\">2010.&nbsp;aastal viidi l\u00e4bi uuring, mille \u00fcheks eesm\u00e4rgiks oli kindlaks teha v\u00f5imalik kala\u00f5li manustamise efekt keha kompositsioonile. Vaatlusalusteks oli 44 tervet inimest, kellest moodustati 2 gruppi. Eksperimentaalgrupile manustati 6 n\u00e4dala pikkuse perioodi jooksul 4 grammi kala\u00f5li n\u00e4ol 1600mg EPA-t ja 800mg DHA-d p\u00e4evas, platseebogrupile manustati p\u00e4evas 4g safloori\u00f5li. Keha kompositsiooni hinnati uuringu algul ning peale 6 n\u00e4dalat. V\u00f5rreldes kontrollgrupiga toimus eksperimentaalgrupi vaatlusalustel oluline rasvavaba kehamassi t\u00f5us, rasvamassi langus ning kalduvus rasvaprotsendi langusele. (Noreen et al., 2010).<\/span><\/div>\n<div class=\"title-h1\" style=\"font-size: 16px; font-family: Georgia, &quot;Times New Roman&quot;, &quot;Bitstream Charter&quot;, Times, serif;\">&nbsp;<\/div>\n<div class=\"title-h2\" style=\"font-size: 16px; font-family: Georgia, &quot;Times New Roman&quot;, &quot;Bitstream Charter&quot;, Times, serif;\">Lihasvalkude metabolism! Lihasvalkude bilanss s\u00f5ltub valkude s\u00fcnteesi ja \u2013lagundamise tasakaalu muutustest. Valgus\u00fcnteesi intensiivsuse suurenemine v\u00f5rreldes lagundamisprotsessidega viib positiivse bilansini ning lihash\u00fcpertroofiani. On teada, et parem aminohapete k\u00e4ttesaadavus suurendab valgus\u00fcnteesi intensiivsust (Jeromson et al., 2015).<\/div>\n<p style=\"font-size: 16px; font-family: Georgia, &quot;Times New Roman&quot;, &quot;Bitstream Charter&quot;, Times, serif;\">2011.&nbsp;aastal viidi l\u00e4bi uuring, et v\u00e4lja selgitada oomega 3 rasvhapete v\u00f5imalik m\u00f5ju lihasvalkude ainevahetusele. Vaatlusalusteks oli 9 tervet inimest vanuses 25-45 ning neile manustati 8 n\u00e4dala jooksul 1,5g DHA-d ja 1,86g EPA-t p\u00e4evas. M\u00f5\u00f5deti lihase valgu, DNA ja RNA kontsentratsiooni ning valgus\u00fcnteesi intensiivsust. P\u00e4rast rasvhapete manustamist ilmnes uuritavatel v\u00f5rreldes algtasemega insuliini ja aminohapete infusioonile tugevam anaboolne reaktsioon, mis v\u00e4ljendus valgus\u00fcnteesi ulatuslikumas intensiivistumises. Veel oli v\u00f5rreldes algtasemega suurem valgu kontsentratsioon lihases<\/p>\n<p style=\"font-size: 16px; font-family: Georgia, &quot;Times New Roman&quot;, &quot;Bitstream Charter&quot;, Times, serif;\">DOMS ehk hilinenud algusega lihasvalulikkus on tuttav n\u00e4htus igale v\u00e4hegi sporti harrastanud inimesele. S\u00fcmptomid varieeruvad kergest lihashellusest kuni t\u00f5sise kurnava valuni, mis segab treeninguid ja elu \u00fcldiselt. Need tugevnevad 24 tunni jooksul peale treeningu l\u00f5ppu ning eskaleeruvad 24-72 tunni jooksul peale treeningut. S\u00fcmptomid kaovad kui treeningust on m\u00f6\u00f6dunud 5-7 p\u00e4eva. K\u00f5ige sagedasemalt haarab DOMS inimese siis, kui sportlased naasevad treeningpuhkuselt v\u00f5i sooritavad m\u00f5nd harjutust, mis on nende jaoks uus. Peamiselt seostatakse DOMS-i treeningutega, kus on \u00fclekaalus ekstsentriline lihast\u00f6\u00f6. Tavainimesel v\u00f5ib DOMS tekkida lihtsalt ebatavaliselt suuremahulise treeningu tagaj\u00e4rjel. Tegemist on \u00fche k\u00f5ige sagedasema ja korduvama spordivigastuse vormiga, mis p\u00e4rsib sportlaste sooritusv\u00f5imet ja segab normaalset treenimist (Cheung et al., 2003).<\/p>\n<p style=\"font-size: 16px; font-family: Georgia, &quot;Times New Roman&quot;, &quot;Bitstream Charter&quot;, Times, serif;\">\u00dcheks DOMS-i tunnuseks on lokaalne p\u00f5letik mille s\u00fcmptomiteks on valu, paistetus ja t\u00f5usnud temperatuur. 2011. aastal l\u00e4biviidud uuringus p\u00fcstitati h\u00fcpotees, et oomega 3 rasvhapete manustamine v\u00e4hendab lihasvalulikkust, k\u00e4e \u00fcmberm\u00f5\u00f5tu ja naha temperatuuri 48 tunni jooksul p\u00e4rast ekstsentrilise k\u00fc\u00fcnarliigese fleksiooni harjutuse sooritamist, mis m\u00f5jutab m. Biceps brachii-d.<\/p>\n<p style=\"font-size: 16px; font-family: Georgia, &quot;Times New Roman&quot;, &quot;Bitstream Charter&quot;, Times, serif;\">Vaatlusalusteks oli 11 inimest vanuses 35 +- 10 aastat, sealhulgas 8 naist ja 3 meest. Harjutust sooritati kahel korral: esmalt p\u00e4rast 14 p\u00e4eva, kus oomega 3 annus oli piiratud ning seej\u00e4rel 14-p\u00e4evase \u03c9- 3 manustamise j\u00e4rgselt. Harjutust sooritati 2 seeriat 60 sekundilise puhkeajaga nende vahel. Lihasvalulikkuse, k\u00e4e \u00fcmberm\u00f5\u00f5du ja naha temperatuuri m\u00f5\u00f5tmised teostati enne harjutuse sooritamist ning 48 tundi p\u00e4rast sooritust. Lihasvalulikkus suurenes harjutuse sooritamise tagaj\u00e4rjel ning p\u00e4rast oomega3 manustamist oli valulikkuse suurenemise m\u00e4\u00e4r 15% v\u00e4iksem kui ilma oomega 3 manustamiseta. Ilma oomega 3 manustamiseta oli 48 tunni j\u00e4rgselt p\u00e4rast harjutuste sooritamist \u00f5lavarre \u00fcmberm\u00f5\u00f5t suurenenud, kuid p\u00e4rast rasvhapete manustamise perioodi sellist n\u00e4htust ei esinenud. Nahatemperatuuri t\u00f5usu treeninguj\u00e4rgselt ei t\u00e4heldatud (Jouris et al., 2011).<\/p>\n<div class=\"title-h2\" style=\"font-size: 16px; font-family: Georgia, &quot;Times New Roman&quot;, &quot;Bitstream Charter&quot;, Times, serif;\">Vastupidavus<\/div>\n<p style=\"font-size: 16px; font-family: Georgia, &quot;Times New Roman&quot;, &quot;Bitstream Charter&quot;, Times, serif;\">Ka juba v\u00e4ga treenitud vastupidavusalade sportlased, kel k\u00f5rge aeroobne v\u00f5imekus, on suutelised treeningsooritust parandama. Areng p\u00f5hineb skeletilihase adapteerumisel, mis omakorda t\u00e4hendab oks\u00fcdatiivsete lihaskiudude osakaalu suurenemist ja paremat v\u00f5imet kasutada hapnikku lihast\u00f6\u00f6ks vajamineva energia genereerimisel. Intensiivse treeningu paratamatuks tagaj\u00e4rjeks on perifeerne vasokonstriktsioon, mis on p\u00f5hjustatud arteriaalse barorefleksi aktiviseerumise poolt. See toob kaasa ka k\u00f5rgenenud verer\u00f5hu. Mehhanismiks, mis seda n\u00e4htust v\u00e4hendab, on endoteelist s\u00f5ltuva&nbsp;dilatatiivse kapatsiteedi t\u00f5us. On teada, et selle t\u00f5usu juures m\u00e4ngib olulist rolli l\u00e4mmastikoksiidisisaldus vereplasmas (\u017debrowska et al., 2014).<\/p>\n<p><strong>Hoiatus:<\/strong> toode ei ole sobilik lastele, rasedatele ja rinnaga toitvatele naistele. Hoida lastele k\u00e4ttesaamatus kohas. Ei ole m\u00f5eldud asendama mitmek\u00fclgset ja tasakaalustatud toitumist. \u00c4rge \u00fcletage soovituslikku p\u00e4evast kogust! Hoida kuivas, temperatuuril alla 25\u00baC. Hoida k\u00fclmumise eest. P\u00e4rast avamist tarbida 5 kuu jooksul.Parim enne: vaata pakendilt. Maaletooja MyBody O\u00dc, Tondi 84, Tallinn, 11316, Harjumaa. Tel: +372&nbsp;523 1960, e-mail <a href=\"mailto:info@mybody.ee\">info@mybody.ee<\/a>. P\u00e4ritolumaa: Rootsi.<\/p>\n<p>Konsultatsioon<\/p>\n<ul>\n<li>Oled oodatud tasuta konsultatsioonile MYBODY Audentese kauplusesse,<\/li>\n<li>Asukoht: Audentese Spordikeskus, Tondi 84.<\/li>\n<li>Telefon EST\/RUS\/ENG +372&nbsp;523 1960<\/li>\n<li>Telefon EST\/ENG +372 56&nbsp;458&nbsp;688<\/li>\n<li><a href=\"mailto:info@mybody.ee\">info@mybody.ee<\/a><\/li>\n<li><a href=\"http:\/\/www.facebook.com\/mybody.ee\">www.facebook.com\/mybody.ee<\/a><\/li>\n<\/ul>\n","protected":false},"excerpt":{"rendered":"<p>Omega3&nbsp;k\u00f5rge puhtusega kala\u00f5li varustab organismi&nbsp;asendamatute oomega-3-rasvhapetega. Kapsli kujul toodet on lihtne tarbida kogu p\u00e4eva jooksul,&nbsp;annus on t\u00e4pne ja puudub spetsiifiline kalamaitse. Oomega-3-rasvhapped alandavad verer\u00f5hku, trigl\u00fctseriidide taset, normaliseerivad vereh\u00fc\u00fcbivust, aitavad v\u00e4hendada trombide teket ja muudavad veresoonte seinad elastsemaks. Samuti v\u00e4hendavad oomega-3-rasvhapped p\u00f5letikureaktsioone, millel on kasulik m\u00f5ju ka n\u00e4iteks&nbsp;liigesevalude ja&nbsp;nahaprobleemide korral.&nbsp; Uuringute kohaselt t\u00f5hustavad omega-3-rasvhapped keharasvade lagundamist&nbsp;ja [&hellip;]<\/p>\n","protected":false},"featured_media":88,"comment_status":"open","ping_status":"closed","template":"","meta":{"inline_featured_image":false},"product_cat":[20,54,63,28,29,30,40,32],"product_tag":[],"class_list":{"0":"post-89","1":"product","2":"type-product","3":"status-publish","4":"has-post-thumbnail","6":"product_cat-energia-vastupidavus","7":"product_cat-olid","8":"product_cat-populaarsed-est","9":"product_cat-rasvapoletajad","10":"product_cat-sooduspakkumised","11":"product_cat-spetsiaal","12":"product_cat-tervis-hobi","13":"product_cat-mikroelemendid","14":"pa_kogustablettikapslit-120tk","15":"pa_kunakasutada-uldiselttugevdav","16":"pa_vorm-tablettkapsel","18":"first","19":"instock","20":"shipping-taxable","21":"purchasable","22":"product-type-simple"},"yoast_head":"<!-- This site is optimized with the Yoast SEO plugin v27.3 - https:\/\/yoast.com\/product\/yoast-seo-wordpress\/ -->\n<title>Asendamatud oomega-3-rasvahapped, tugevab immuunsust ja aitab kaasa rasvap\u00f5letusele - SELF Omega3 (120 geelkapslit) - MyBody.ee - Toidulisandid ja sporditarvikud<\/title>\n<meta name=\"description\" content=\"Active Marine Omega3 varustab organismi\u00a0asendamatute oomega-3-rasvhapetega. Kapsli kujul toodet\" \/>\n<meta name=\"robots\" content=\"index, follow, max-snippet:-1, max-image-preview:large, max-video-preview:-1\" \/>\n<link rel=\"canonical\" href=\"https:\/\/mybody5.ee.mybody.ee\/proov\/product\/asendamatud-oomega-3-rasvahapped-tugevab-immuunsust-ja-aitab-kaasa-rasvapoletusele-self-omega3-120-geelkapslit\/\" \/>\n<meta property=\"og:locale\" content=\"et_EE\" \/>\n<meta property=\"og:type\" content=\"article\" \/>\n<meta property=\"og:title\" content=\"Asendamatud oomega-3-rasvahapped, tugevab immuunsust ja aitab kaasa rasvap\u00f5letusele - SELF Omega3 (120 geelkapslit) - MyBody.ee - Toidulisandid ja sporditarvikud\" \/>\n<meta property=\"og:description\" content=\"Active Marine Omega3 varustab organismi\u00a0asendamatute oomega-3-rasvhapetega. Kapsli kujul toodet\" \/>\n<meta property=\"og:url\" content=\"https:\/\/mybody5.ee.mybody.ee\/proov\/product\/asendamatud-oomega-3-rasvahapped-tugevab-immuunsust-ja-aitab-kaasa-rasvapoletusele-self-omega3-120-geelkapslit\/\" \/>\n<meta property=\"og:site_name\" content=\"supplero\" \/>\n<meta property=\"article:publisher\" content=\"https:\/\/facebook.com\/MyBody.ee\/\" \/>\n<meta property=\"og:image\" content=\"https:\/\/mybody5.ee.mybody.ee\/proov\/wp-content\/uploads\/2019\/12\/Omega3-oomega3-rasvhapped.png\" \/>\n\t<meta property=\"og:image:width\" content=\"168\" \/>\n\t<meta property=\"og:image:height\" content=\"302\" \/>\n\t<meta property=\"og:image:type\" content=\"image\/png\" \/>\n<meta name=\"twitter:card\" content=\"summary_large_image\" \/>\n<meta name=\"twitter:label1\" content=\"Est. reading time\" \/>\n\t<meta name=\"twitter:data1\" content=\"5 minutit\" \/>\n<script type=\"application\/ld+json\" class=\"yoast-schema-graph\">{\"@context\":\"https:\\\/\\\/schema.org\",\"@graph\":[{\"@type\":\"WebPage\",\"@id\":\"https:\\\/\\\/mybody5.ee.mybody.ee\\\/proov\\\/product\\\/asendamatud-oomega-3-rasvahapped-tugevab-immuunsust-ja-aitab-kaasa-rasvapoletusele-self-omega3-120-geelkapslit\\\/\",\"url\":\"https:\\\/\\\/mybody5.ee.mybody.ee\\\/proov\\\/product\\\/asendamatud-oomega-3-rasvahapped-tugevab-immuunsust-ja-aitab-kaasa-rasvapoletusele-self-omega3-120-geelkapslit\\\/\",\"name\":\"Asendamatud oomega-3-rasvahapped, tugevab immuunsust ja aitab kaasa rasvap\u00f5letusele - SELF Omega3 (120 geelkapslit) - MyBody.ee - Toidulisandid ja sporditarvikud\",\"isPartOf\":{\"@id\":\"https:\\\/\\\/mybody5.ee.mybody.ee\\\/proov\\\/#website\"},\"primaryImageOfPage\":{\"@id\":\"https:\\\/\\\/mybody5.ee.mybody.ee\\\/proov\\\/product\\\/asendamatud-oomega-3-rasvahapped-tugevab-immuunsust-ja-aitab-kaasa-rasvapoletusele-self-omega3-120-geelkapslit\\\/#primaryimage\"},\"image\":{\"@id\":\"https:\\\/\\\/mybody5.ee.mybody.ee\\\/proov\\\/product\\\/asendamatud-oomega-3-rasvahapped-tugevab-immuunsust-ja-aitab-kaasa-rasvapoletusele-self-omega3-120-geelkapslit\\\/#primaryimage\"},\"thumbnailUrl\":\"https:\\\/\\\/mybody5.ee.mybody.ee\\\/proov\\\/wp-content\\\/uploads\\\/2019\\\/12\\\/Omega3-oomega3-rasvhapped.png\",\"datePublished\":\"2019-12-09T22:25:36+00:00\",\"description\":\"Active Marine Omega3 varustab organismi\u00a0asendamatute oomega-3-rasvhapetega. Kapsli kujul toodet\",\"breadcrumb\":{\"@id\":\"https:\\\/\\\/mybody5.ee.mybody.ee\\\/proov\\\/product\\\/asendamatud-oomega-3-rasvahapped-tugevab-immuunsust-ja-aitab-kaasa-rasvapoletusele-self-omega3-120-geelkapslit\\\/#breadcrumb\"},\"inLanguage\":\"et\",\"potentialAction\":[{\"@type\":\"ReadAction\",\"target\":[\"https:\\\/\\\/mybody5.ee.mybody.ee\\\/proov\\\/product\\\/asendamatud-oomega-3-rasvahapped-tugevab-immuunsust-ja-aitab-kaasa-rasvapoletusele-self-omega3-120-geelkapslit\\\/\"]}]},{\"@type\":\"ImageObject\",\"inLanguage\":\"et\",\"@id\":\"https:\\\/\\\/mybody5.ee.mybody.ee\\\/proov\\\/product\\\/asendamatud-oomega-3-rasvahapped-tugevab-immuunsust-ja-aitab-kaasa-rasvapoletusele-self-omega3-120-geelkapslit\\\/#primaryimage\",\"url\":\"https:\\\/\\\/mybody5.ee.mybody.ee\\\/proov\\\/wp-content\\\/uploads\\\/2019\\\/12\\\/Omega3-oomega3-rasvhapped.png\",\"contentUrl\":\"https:\\\/\\\/mybody5.ee.mybody.ee\\\/proov\\\/wp-content\\\/uploads\\\/2019\\\/12\\\/Omega3-oomega3-rasvhapped.png\",\"width\":168,\"height\":302,\"caption\":\"Asendamatud oomega-3-rasvahapped, tugevab immuunsust ja aitab kaasa rasvap\u00f5letusele - SELF Omega3 (120 geelkapslit)\"},{\"@type\":\"BreadcrumbList\",\"@id\":\"https:\\\/\\\/mybody5.ee.mybody.ee\\\/proov\\\/product\\\/asendamatud-oomega-3-rasvahapped-tugevab-immuunsust-ja-aitab-kaasa-rasvapoletusele-self-omega3-120-geelkapslit\\\/#breadcrumb\",\"itemListElement\":[{\"@type\":\"ListItem\",\"position\":1,\"name\":\"Home\",\"item\":\"https:\\\/\\\/mybody5.ee.mybody.ee\\\/proov\\\/\"},{\"@type\":\"ListItem\",\"position\":2,\"name\":\"Shop\",\"item\":\"https:\\\/\\\/mybody5.ee.mybody.ee\\\/proov\\\/shop\\\/\"},{\"@type\":\"ListItem\",\"position\":3,\"name\":\"Asendamatud oomega-3-rasvahapped, tugevab immuunsust ja aitab kaasa rasvap\u00f5letusele &#8211; SELF Omega3 (120 geelkapslit)\"}]},{\"@type\":\"WebSite\",\"@id\":\"https:\\\/\\\/mybody5.ee.mybody.ee\\\/proov\\\/#website\",\"url\":\"https:\\\/\\\/mybody5.ee.mybody.ee\\\/proov\\\/\",\"name\":\"MyBody.ee - Toidulisandid ja sporditarvikud\",\"description\":\"Just another WordPress site\",\"publisher\":{\"@id\":\"https:\\\/\\\/mybody5.ee.mybody.ee\\\/proov\\\/#organization\"},\"potentialAction\":[{\"@type\":\"SearchAction\",\"target\":{\"@type\":\"EntryPoint\",\"urlTemplate\":\"https:\\\/\\\/mybody5.ee.mybody.ee\\\/proov\\\/?s={search_term_string}\"},\"query-input\":{\"@type\":\"PropertyValueSpecification\",\"valueRequired\":true,\"valueName\":\"search_term_string\"}}],\"inLanguage\":\"et\"},{\"@type\":\"Organization\",\"@id\":\"https:\\\/\\\/mybody5.ee.mybody.ee\\\/proov\\\/#organization\",\"name\":\"MyBody.ee\",\"url\":\"https:\\\/\\\/mybody5.ee.mybody.ee\\\/proov\\\/\",\"logo\":{\"@type\":\"ImageObject\",\"inLanguage\":\"et\",\"@id\":\"https:\\\/\\\/mybody5.ee.mybody.ee\\\/proov\\\/#\\\/schema\\\/logo\\\/image\\\/\",\"url\":\"https:\\\/\\\/mybody5.ee.mybody.ee\\\/proov\\\/wp-content\\\/uploads\\\/2023\\\/11\\\/mybody_logo_h65-2.png\",\"contentUrl\":\"https:\\\/\\\/mybody5.ee.mybody.ee\\\/proov\\\/wp-content\\\/uploads\\\/2023\\\/11\\\/mybody_logo_h65-2.png\",\"width\":229,\"height\":65,\"caption\":\"MyBody.ee\"},\"image\":{\"@id\":\"https:\\\/\\\/mybody5.ee.mybody.ee\\\/proov\\\/#\\\/schema\\\/logo\\\/image\\\/\"},\"sameAs\":[\"https:\\\/\\\/facebook.com\\\/MyBody.ee\\\/\"]}]}<\/script>\n<!-- \/ Yoast SEO plugin. -->","yoast_head_json":{"title":"Asendamatud oomega-3-rasvahapped, tugevab immuunsust ja aitab kaasa rasvap\u00f5letusele - SELF Omega3 (120 geelkapslit) - MyBody.ee - Toidulisandid ja sporditarvikud","description":"Active Marine Omega3 varustab organismi\u00a0asendamatute oomega-3-rasvhapetega. Kapsli kujul toodet","robots":{"index":"index","follow":"follow","max-snippet":"max-snippet:-1","max-image-preview":"max-image-preview:large","max-video-preview":"max-video-preview:-1"},"canonical":"https:\/\/mybody5.ee.mybody.ee\/proov\/product\/asendamatud-oomega-3-rasvahapped-tugevab-immuunsust-ja-aitab-kaasa-rasvapoletusele-self-omega3-120-geelkapslit\/","og_locale":"et_EE","og_type":"article","og_title":"Asendamatud oomega-3-rasvahapped, tugevab immuunsust ja aitab kaasa rasvap\u00f5letusele - SELF Omega3 (120 geelkapslit) - MyBody.ee - Toidulisandid ja sporditarvikud","og_description":"Active Marine Omega3 varustab organismi\u00a0asendamatute oomega-3-rasvhapetega. Kapsli kujul toodet","og_url":"https:\/\/mybody5.ee.mybody.ee\/proov\/product\/asendamatud-oomega-3-rasvahapped-tugevab-immuunsust-ja-aitab-kaasa-rasvapoletusele-self-omega3-120-geelkapslit\/","og_site_name":"supplero","article_publisher":"https:\/\/facebook.com\/MyBody.ee\/","og_image":[{"width":168,"height":302,"url":"https:\/\/mybody5.ee.mybody.ee\/proov\/wp-content\/uploads\/2019\/12\/Omega3-oomega3-rasvhapped.png","type":"image\/png"}],"twitter_card":"summary_large_image","twitter_misc":{"Est. reading time":"5 minutit"},"schema":{"@context":"https:\/\/schema.org","@graph":[{"@type":"WebPage","@id":"https:\/\/mybody5.ee.mybody.ee\/proov\/product\/asendamatud-oomega-3-rasvahapped-tugevab-immuunsust-ja-aitab-kaasa-rasvapoletusele-self-omega3-120-geelkapslit\/","url":"https:\/\/mybody5.ee.mybody.ee\/proov\/product\/asendamatud-oomega-3-rasvahapped-tugevab-immuunsust-ja-aitab-kaasa-rasvapoletusele-self-omega3-120-geelkapslit\/","name":"Asendamatud oomega-3-rasvahapped, tugevab immuunsust ja aitab kaasa rasvap\u00f5letusele - SELF Omega3 (120 geelkapslit) - MyBody.ee - Toidulisandid ja sporditarvikud","isPartOf":{"@id":"https:\/\/mybody5.ee.mybody.ee\/proov\/#website"},"primaryImageOfPage":{"@id":"https:\/\/mybody5.ee.mybody.ee\/proov\/product\/asendamatud-oomega-3-rasvahapped-tugevab-immuunsust-ja-aitab-kaasa-rasvapoletusele-self-omega3-120-geelkapslit\/#primaryimage"},"image":{"@id":"https:\/\/mybody5.ee.mybody.ee\/proov\/product\/asendamatud-oomega-3-rasvahapped-tugevab-immuunsust-ja-aitab-kaasa-rasvapoletusele-self-omega3-120-geelkapslit\/#primaryimage"},"thumbnailUrl":"https:\/\/mybody5.ee.mybody.ee\/proov\/wp-content\/uploads\/2019\/12\/Omega3-oomega3-rasvhapped.png","datePublished":"2019-12-09T22:25:36+00:00","description":"Active Marine Omega3 varustab organismi\u00a0asendamatute oomega-3-rasvhapetega. Kapsli kujul toodet","breadcrumb":{"@id":"https:\/\/mybody5.ee.mybody.ee\/proov\/product\/asendamatud-oomega-3-rasvahapped-tugevab-immuunsust-ja-aitab-kaasa-rasvapoletusele-self-omega3-120-geelkapslit\/#breadcrumb"},"inLanguage":"et","potentialAction":[{"@type":"ReadAction","target":["https:\/\/mybody5.ee.mybody.ee\/proov\/product\/asendamatud-oomega-3-rasvahapped-tugevab-immuunsust-ja-aitab-kaasa-rasvapoletusele-self-omega3-120-geelkapslit\/"]}]},{"@type":"ImageObject","inLanguage":"et","@id":"https:\/\/mybody5.ee.mybody.ee\/proov\/product\/asendamatud-oomega-3-rasvahapped-tugevab-immuunsust-ja-aitab-kaasa-rasvapoletusele-self-omega3-120-geelkapslit\/#primaryimage","url":"https:\/\/mybody5.ee.mybody.ee\/proov\/wp-content\/uploads\/2019\/12\/Omega3-oomega3-rasvhapped.png","contentUrl":"https:\/\/mybody5.ee.mybody.ee\/proov\/wp-content\/uploads\/2019\/12\/Omega3-oomega3-rasvhapped.png","width":168,"height":302,"caption":"Asendamatud oomega-3-rasvahapped, tugevab immuunsust ja aitab kaasa rasvap\u00f5letusele - SELF Omega3 (120 geelkapslit)"},{"@type":"BreadcrumbList","@id":"https:\/\/mybody5.ee.mybody.ee\/proov\/product\/asendamatud-oomega-3-rasvahapped-tugevab-immuunsust-ja-aitab-kaasa-rasvapoletusele-self-omega3-120-geelkapslit\/#breadcrumb","itemListElement":[{"@type":"ListItem","position":1,"name":"Home","item":"https:\/\/mybody5.ee.mybody.ee\/proov\/"},{"@type":"ListItem","position":2,"name":"Shop","item":"https:\/\/mybody5.ee.mybody.ee\/proov\/shop\/"},{"@type":"ListItem","position":3,"name":"Asendamatud oomega-3-rasvahapped, tugevab immuunsust ja aitab kaasa rasvap\u00f5letusele &#8211; SELF Omega3 (120 geelkapslit)"}]},{"@type":"WebSite","@id":"https:\/\/mybody5.ee.mybody.ee\/proov\/#website","url":"https:\/\/mybody5.ee.mybody.ee\/proov\/","name":"MyBody.ee - Toidulisandid ja sporditarvikud","description":"Just another WordPress site","publisher":{"@id":"https:\/\/mybody5.ee.mybody.ee\/proov\/#organization"},"potentialAction":[{"@type":"SearchAction","target":{"@type":"EntryPoint","urlTemplate":"https:\/\/mybody5.ee.mybody.ee\/proov\/?s={search_term_string}"},"query-input":{"@type":"PropertyValueSpecification","valueRequired":true,"valueName":"search_term_string"}}],"inLanguage":"et"},{"@type":"Organization","@id":"https:\/\/mybody5.ee.mybody.ee\/proov\/#organization","name":"MyBody.ee","url":"https:\/\/mybody5.ee.mybody.ee\/proov\/","logo":{"@type":"ImageObject","inLanguage":"et","@id":"https:\/\/mybody5.ee.mybody.ee\/proov\/#\/schema\/logo\/image\/","url":"https:\/\/mybody5.ee.mybody.ee\/proov\/wp-content\/uploads\/2023\/11\/mybody_logo_h65-2.png","contentUrl":"https:\/\/mybody5.ee.mybody.ee\/proov\/wp-content\/uploads\/2023\/11\/mybody_logo_h65-2.png","width":229,"height":65,"caption":"MyBody.ee"},"image":{"@id":"https:\/\/mybody5.ee.mybody.ee\/proov\/#\/schema\/logo\/image\/"},"sameAs":["https:\/\/facebook.com\/MyBody.ee\/"]}]}},"_links":{"self":[{"href":"https:\/\/mybody5.ee.mybody.ee\/proov\/wp-json\/wp\/v2\/product\/89","targetHints":{"allow":["GET"]}}],"collection":[{"href":"https:\/\/mybody5.ee.mybody.ee\/proov\/wp-json\/wp\/v2\/product"}],"about":[{"href":"https:\/\/mybody5.ee.mybody.ee\/proov\/wp-json\/wp\/v2\/types\/product"}],"replies":[{"embeddable":true,"href":"https:\/\/mybody5.ee.mybody.ee\/proov\/wp-json\/wp\/v2\/comments?post=89"}],"wp:featuredmedia":[{"embeddable":true,"href":"https:\/\/mybody5.ee.mybody.ee\/proov\/wp-json\/wp\/v2\/media\/88"}],"wp:attachment":[{"href":"https:\/\/mybody5.ee.mybody.ee\/proov\/wp-json\/wp\/v2\/media?parent=89"}],"wp:term":[{"taxonomy":"product_cat","embeddable":true,"href":"https:\/\/mybody5.ee.mybody.ee\/proov\/wp-json\/wp\/v2\/product_cat?post=89"},{"taxonomy":"product_tag","embeddable":true,"href":"https:\/\/mybody5.ee.mybody.ee\/proov\/wp-json\/wp\/v2\/product_tag?post=89"}],"curies":[{"name":"wp","href":"https:\/\/api.w.org\/{rel}","templated":true}]}}