{"id":91,"date":"2019-12-09T22:25:36","date_gmt":"2019-12-09T22:25:36","guid":{"rendered":"https:\/\/mybody5.ee.mybody.ee\/proov\/product\/kliiniliselt-uuritud-koostisosadega-toidulisand-taastumiseks-self-muscle-zma\/"},"modified":"2019-12-09T22:25:36","modified_gmt":"2019-12-09T22:25:36","slug":"kliiniliselt-uuritud-koostisosadega-toidulisand-taastumiseks-self-muscle-zma","status":"publish","type":"product","link":"https:\/\/mybody5.ee.mybody.ee\/proov\/product\/kliiniliselt-uuritud-koostisosadega-toidulisand-taastumiseks-self-muscle-zma\/","title":{"rendered":"Kliiniliselt uuritud koostisosadega toidulisand taastumiseks &#8211; SELF Muscle ZMA"},"content":{"rendered":"<p><strong>SELF Muscle ZMA<\/strong> on spetsiaalne toidulisand, mis p\u00f5hineb tsingi, magneesiumi, pantoteenhappe ja vitamiini B6 kombinatsioonil. Nende ainete t\u00e4pne vahekord aitab ennetada f\u00fc\u00fcsilist ja vaimset kurnatust, aitab t\u00f5sta vastupidamisv\u00f5imet stressi suhtes ja kindlustab s\u00fcgava, l\u00f5\u00f5gastava une. Kliinilised uuringud on t\u00f5estanud, et tsingi ja magneesiumi suurendatud kasutamine organismis p\u00f5hjustab testosteroonitaseme loomuliku suurenemise.<\/p>\n<p><strong>Magneesium<\/strong> <strong>ja B6<\/strong> aitavad <span style=\"line-height: 20.7999992370605px;\">n\u00e4rvis\u00fcsteemil&nbsp;<\/span>aktiivselt toimida ning nende kombinatsioon suurendab organismi anti-stressile suunatud tegevust. Magneesium ja vitamiin B6 ennetavad teatud hormoonide liigset vabastamist, mis p\u00f5hjustavad n\u00e4rvilisust, pinget ja \u00fclitundlikkust, aidates \u00fcle kanda n\u00e4rviimpulsse ja s\u00e4ilitada vajalikku dopamiinide hulka ajus, mis kutsuvad esile r\u00f5\u00f5mu- ja rahuldustunde.<\/p>\n<p><strong>Tsink<\/strong> on vajalik organismi normaalseks kasvamiseks, immuuns\u00fcsteemi toetamiskes, haavade paranemiseks, lihaste t\u00f6\u00f6 juhtimiseks, suguorganite arenguks, eesn\u00e4\u00e4rme funktsioneerimiseks.<\/p>\n<p><strong><span style=\"font-size: 12px;\">B5<\/span><\/strong><span style=\"font-size: 12px;\">&nbsp;vitamiin ehk <\/span><span style=\"font-size: 12px; font-weight: 600;\">pantoteenhapet on vaja&nbsp;<\/span><span style=\"caret-color: rgb(51, 51, 51); font-size: 12px;\">ainevahetuse aktiveerimiseks, kuna ta osaleb energia vabastamisel p\u00f5hitoitainetest ja teiste vitamiinide, eriti B\u2082-vitamiini kasutamises,&nbsp;<\/span><span style=\"caret-color: rgb(51, 51, 51); font-size: 12px;\">neerupealiste t\u00f6\u00f6 stimuleerimiseks, t\u00f5stab kortisooni ja teiste neerupealise hormoonide, mis on t\u00e4htsad nahale ja n\u00e4rvidele, produktsiooni,&nbsp;<\/span><span style=\"caret-color: rgb(51, 51, 51); font-size: 12px;\">rakkude \u00fclesehitamiseks ja tsentraalse n\u00e4rvis\u00fcsteemi arenemiseks,&nbsp;<\/span><span style=\"caret-color: rgb(51, 51, 51); font-size: 12px;\">kolesterooli, steroidide ja rasvhapete s\u00fcnteesimiseks,&nbsp;<\/span><span style=\"caret-color: rgb(51, 51, 51); font-size: 12px;\">terve seedetrakti tagamiseks,&nbsp;<\/span><span style=\"caret-color: rgb(51, 51, 51); font-size: 12px;\">organismi vastupanuv\u00f5ime t\u00f5stmiseks stressi vastu,&nbsp;<\/span><span style=\"caret-color: rgb(51, 51, 51); font-size: 12px;\">v\u00e4hendab paljude antibiootikumide toksilist efekti, k<\/span><span style=\"caret-color: rgb(51, 51, 51); font-size: 12px;\">aitseb enneaegse vananemise ja kortsude tekke eest.<\/span><\/p>\n<h3>Toime<\/h3>\n<ul>\n<li>Testosteroonitaseme loomulik t\u00f5us<\/li>\n<li>Suurendab lihasj\u00f5udu<\/li>\n<li>Kiirendab taastumist ja parandab und<\/li>\n<li>Parandab s\u00fcdamelihaste t\u00f6\u00f6d ja vereringet<\/li>\n<li>Hoiab stressihormoonide taset madalal<\/li>\n<li>Kiirendab ainevahetust<\/li>\n<li>Tugevdab immuunsuss\u00fcsteemi<\/li>\n<\/ul>\n<h3>Kasutamine<\/h3>\n<p>1 kapsel umbes tund enne magamaminekut. Parema tulemuse saavutamiseks v\u00f5ib soovitusliku kogust t\u00f5sta.<\/p>\n<h3>Kellele sobib?<\/h3>\n<p>Neile, kes soovivad end kaitsta end stressi kahjuliku m\u00f5ju eest, parandada und ja kiirendada taastumist. <strong>Muscle ZMA <\/strong>on kasulik imuunsuss\u00fcsteemile ning vastutab lihaskasvu ja sportlike tulemuste paranemise eest.<\/p>\n<h3>Pakend:<span style=\"font-size:12px;\"><span style=\"font-family: arial,helvetica,sans-serif;\"> 120 kapslit<\/span><\/span><\/h3>\n<table border=\"1\" cellpadding=\"1\" cellspacing=\"1\" style=\"height:50px;width:400px;\">\n<tbody>\n<tr>\n<td><strong>Muscle ZMA aktiivsed koostisosad<\/strong><\/td>\n<td><strong>1 kapsel<\/strong><\/td>\n<\/tr>\n<tr>\n<td>Magneesium<\/td>\n<td>125mg 36%<\/td>\n<\/tr>\n<tr>\n<td>Pantoteenhape<\/td>\n<td>18mg 300%<\/td>\n<\/tr>\n<tr>\n<td>Tsink<\/td>\n<td>10mg 100%<\/td>\n<\/tr>\n<tr>\n<td>Vitamiin B6<\/td>\n<td>3,5mg 250%<\/td>\n<\/tr>\n<tr>\n<td colspan=\"2\">\n<p><span style=\"font-size:9px;\"><strong>Koostis:<\/strong>&nbsp;vegan kapsel (E1204)<span style=\"font-family: arial,helvetica,sans-serif;\">, magneesium-tsitraat, tsink-gl\u00fckonaat, Ca-d pantotenaat, <span class=\"short_text\" id=\"result_box\" lang=\"et\"><span class=\"hps\">p\u00fcridoksiin HCL, stabilisaatorid&nbsp;<\/span><\/span>&nbsp;(E953, E470b, E551<span class=\"short_text\" lang=\"et\"><span class=\"hps\">),&nbsp;<\/span><\/span><\/span><\/span><\/p>\n<\/td>\n<\/tr>\n<\/tbody>\n<\/table>\n<p>Konsultatsioon<\/p>\n<ul>\n<li>Oled oodatud tasuta konsultatsioonile MYBODY Audentese kauplusesse,<\/li>\n<li>Asukoht: Audentese Spordikeskus, Tondi 84.<\/li>\n<li>Telefon EST\/RUS\/ENG +372&nbsp;523 1960<\/li>\n<li>Telefon EST\/ENG +372 56&nbsp;458&nbsp;688<\/li>\n<li><a href=\"mailto:info@mybody.ee\">info@mybody.ee<\/a><\/li>\n<li><a href=\"http:\/\/www.facebook.com\/mybody.ee\">www.facebook.com\/mybody.ee<\/a><\/li>\n<\/ul>\n","protected":false},"excerpt":{"rendered":"<p>SELF Muscle ZMA on spetsiaalne toidulisand, mis p\u00f5hineb tsingi, magneesiumi, pantoteenhappe ja vitamiini B6 kombinatsioonil. Nende ainete t\u00e4pne vahekord aitab ennetada f\u00fc\u00fcsilist ja vaimset kurnatust, aitab t\u00f5sta vastupidamisv\u00f5imet stressi suhtes ja kindlustab s\u00fcgava, l\u00f5\u00f5gastava une. Kliinilised uuringud on t\u00f5estanud, et tsingi ja magneesiumi suurendatud kasutamine organismis p\u00f5hjustab testosteroonitaseme loomuliku suurenemise. Magneesium ja B6 aitavad n\u00e4rvis\u00fcsteemil&nbsp;aktiivselt [&hellip;]<\/p>\n","protected":false},"featured_media":90,"comment_status":"open","ping_status":"closed","template":"","meta":{"inline_featured_image":false},"product_cat":[37,45,29,30,34,55,50,32],"product_tag":[],"class_list":{"0":"post-91","1":"product","2":"type-product","3":"status-publish","4":"has-post-thumbnail","6":"product_cat-joualad","7":"product_cat-seksuaaltervis","8":"product_cat-sooduspakkumised","9":"product_cat-spetsiaal","10":"product_cat-sportmangud","11":"product_cat-testosterooni-tostjad","12":"product_cat-vitamiinid-ja-mineraalid","13":"product_cat-mikroelemendid","14":"pa_kogustablettikapslit-100tk","15":"pa_kunakasutada-uldiselttugevdav","16":"pa_vorm-tablettkapsel","18":"first","19":"instock","20":"shipping-taxable","21":"purchasable","22":"product-type-simple"},"yoast_head":"<!-- This site is optimized with the Yoast SEO plugin v27.3 - https:\/\/yoast.com\/product\/yoast-seo-wordpress\/ -->\n<title>Kliiniliselt uuritud koostisosadega toidulisand taastumiseks - SELF Muscle ZMA - MyBody.ee - Toidulisandid ja sporditarvikud<\/title>\n<meta name=\"description\" content=\"SELF Muscle ZMA on spetsiaalne toidulisand, mis p\u00f5hineb tsingi\" \/>\n<meta name=\"robots\" content=\"index, follow, max-snippet:-1, max-image-preview:large, max-video-preview:-1\" \/>\n<link rel=\"canonical\" href=\"https:\/\/mybody5.ee.mybody.ee\/proov\/product\/kliiniliselt-uuritud-koostisosadega-toidulisand-taastumiseks-self-muscle-zma\/\" \/>\n<meta property=\"og:locale\" content=\"et_EE\" \/>\n<meta property=\"og:type\" content=\"article\" \/>\n<meta property=\"og:title\" content=\"Kliiniliselt uuritud koostisosadega toidulisand taastumiseks - SELF Muscle ZMA - MyBody.ee - Toidulisandid ja sporditarvikud\" \/>\n<meta property=\"og:description\" content=\"SELF Muscle ZMA on spetsiaalne toidulisand, mis p\u00f5hineb tsingi\" \/>\n<meta property=\"og:url\" content=\"https:\/\/mybody5.ee.mybody.ee\/proov\/product\/kliiniliselt-uuritud-koostisosadega-toidulisand-taastumiseks-self-muscle-zma\/\" \/>\n<meta property=\"og:site_name\" content=\"supplero\" \/>\n<meta property=\"article:publisher\" content=\"https:\/\/facebook.com\/MyBody.ee\/\" \/>\n<meta property=\"og:image\" content=\"https:\/\/mybody5.ee.mybody.ee\/proov\/wp-content\/uploads\/2019\/12\/ZMA-lihastaastumist-soodustav.png\" \/>\n\t<meta property=\"og:image:width\" content=\"374\" \/>\n\t<meta property=\"og:image:height\" content=\"652\" \/>\n\t<meta property=\"og:image:type\" content=\"image\/png\" \/>\n<meta name=\"twitter:card\" content=\"summary_large_image\" \/>\n<meta name=\"twitter:label1\" content=\"Est. reading time\" \/>\n\t<meta name=\"twitter:data1\" content=\"2 minutit\" \/>\n<script type=\"application\/ld+json\" class=\"yoast-schema-graph\">{\"@context\":\"https:\\\/\\\/schema.org\",\"@graph\":[{\"@type\":\"WebPage\",\"@id\":\"https:\\\/\\\/mybody5.ee.mybody.ee\\\/proov\\\/product\\\/kliiniliselt-uuritud-koostisosadega-toidulisand-taastumiseks-self-muscle-zma\\\/\",\"url\":\"https:\\\/\\\/mybody5.ee.mybody.ee\\\/proov\\\/product\\\/kliiniliselt-uuritud-koostisosadega-toidulisand-taastumiseks-self-muscle-zma\\\/\",\"name\":\"Kliiniliselt uuritud koostisosadega toidulisand taastumiseks - SELF Muscle ZMA - MyBody.ee - Toidulisandid ja sporditarvikud\",\"isPartOf\":{\"@id\":\"https:\\\/\\\/mybody5.ee.mybody.ee\\\/proov\\\/#website\"},\"primaryImageOfPage\":{\"@id\":\"https:\\\/\\\/mybody5.ee.mybody.ee\\\/proov\\\/product\\\/kliiniliselt-uuritud-koostisosadega-toidulisand-taastumiseks-self-muscle-zma\\\/#primaryimage\"},\"image\":{\"@id\":\"https:\\\/\\\/mybody5.ee.mybody.ee\\\/proov\\\/product\\\/kliiniliselt-uuritud-koostisosadega-toidulisand-taastumiseks-self-muscle-zma\\\/#primaryimage\"},\"thumbnailUrl\":\"https:\\\/\\\/mybody5.ee.mybody.ee\\\/proov\\\/wp-content\\\/uploads\\\/2019\\\/12\\\/ZMA-lihastaastumist-soodustav.png\",\"datePublished\":\"2019-12-09T22:25:36+00:00\",\"description\":\"SELF Muscle ZMA on spetsiaalne toidulisand, mis p\u00f5hineb tsingi\",\"breadcrumb\":{\"@id\":\"https:\\\/\\\/mybody5.ee.mybody.ee\\\/proov\\\/product\\\/kliiniliselt-uuritud-koostisosadega-toidulisand-taastumiseks-self-muscle-zma\\\/#breadcrumb\"},\"inLanguage\":\"et\",\"potentialAction\":[{\"@type\":\"ReadAction\",\"target\":[\"https:\\\/\\\/mybody5.ee.mybody.ee\\\/proov\\\/product\\\/kliiniliselt-uuritud-koostisosadega-toidulisand-taastumiseks-self-muscle-zma\\\/\"]}]},{\"@type\":\"ImageObject\",\"inLanguage\":\"et\",\"@id\":\"https:\\\/\\\/mybody5.ee.mybody.ee\\\/proov\\\/product\\\/kliiniliselt-uuritud-koostisosadega-toidulisand-taastumiseks-self-muscle-zma\\\/#primaryimage\",\"url\":\"https:\\\/\\\/mybody5.ee.mybody.ee\\\/proov\\\/wp-content\\\/uploads\\\/2019\\\/12\\\/ZMA-lihastaastumist-soodustav.png\",\"contentUrl\":\"https:\\\/\\\/mybody5.ee.mybody.ee\\\/proov\\\/wp-content\\\/uploads\\\/2019\\\/12\\\/ZMA-lihastaastumist-soodustav.png\",\"width\":374,\"height\":652,\"caption\":\"Kliiniliselt uuritud koostisosadega toidulisand taastumiseks - SELF Muscle ZMA\"},{\"@type\":\"BreadcrumbList\",\"@id\":\"https:\\\/\\\/mybody5.ee.mybody.ee\\\/proov\\\/product\\\/kliiniliselt-uuritud-koostisosadega-toidulisand-taastumiseks-self-muscle-zma\\\/#breadcrumb\",\"itemListElement\":[{\"@type\":\"ListItem\",\"position\":1,\"name\":\"Home\",\"item\":\"https:\\\/\\\/mybody5.ee.mybody.ee\\\/proov\\\/\"},{\"@type\":\"ListItem\",\"position\":2,\"name\":\"Shop\",\"item\":\"https:\\\/\\\/mybody5.ee.mybody.ee\\\/proov\\\/shop\\\/\"},{\"@type\":\"ListItem\",\"position\":3,\"name\":\"Kliiniliselt uuritud koostisosadega toidulisand taastumiseks &#8211; SELF Muscle ZMA\"}]},{\"@type\":\"WebSite\",\"@id\":\"https:\\\/\\\/mybody5.ee.mybody.ee\\\/proov\\\/#website\",\"url\":\"https:\\\/\\\/mybody5.ee.mybody.ee\\\/proov\\\/\",\"name\":\"MyBody.ee - Toidulisandid ja sporditarvikud\",\"description\":\"Just another WordPress site\",\"publisher\":{\"@id\":\"https:\\\/\\\/mybody5.ee.mybody.ee\\\/proov\\\/#organization\"},\"potentialAction\":[{\"@type\":\"SearchAction\",\"target\":{\"@type\":\"EntryPoint\",\"urlTemplate\":\"https:\\\/\\\/mybody5.ee.mybody.ee\\\/proov\\\/?s={search_term_string}\"},\"query-input\":{\"@type\":\"PropertyValueSpecification\",\"valueRequired\":true,\"valueName\":\"search_term_string\"}}],\"inLanguage\":\"et\"},{\"@type\":\"Organization\",\"@id\":\"https:\\\/\\\/mybody5.ee.mybody.ee\\\/proov\\\/#organization\",\"name\":\"MyBody.ee\",\"url\":\"https:\\\/\\\/mybody5.ee.mybody.ee\\\/proov\\\/\",\"logo\":{\"@type\":\"ImageObject\",\"inLanguage\":\"et\",\"@id\":\"https:\\\/\\\/mybody5.ee.mybody.ee\\\/proov\\\/#\\\/schema\\\/logo\\\/image\\\/\",\"url\":\"https:\\\/\\\/mybody5.ee.mybody.ee\\\/proov\\\/wp-content\\\/uploads\\\/2023\\\/11\\\/mybody_logo_h65-2.png\",\"contentUrl\":\"https:\\\/\\\/mybody5.ee.mybody.ee\\\/proov\\\/wp-content\\\/uploads\\\/2023\\\/11\\\/mybody_logo_h65-2.png\",\"width\":229,\"height\":65,\"caption\":\"MyBody.ee\"},\"image\":{\"@id\":\"https:\\\/\\\/mybody5.ee.mybody.ee\\\/proov\\\/#\\\/schema\\\/logo\\\/image\\\/\"},\"sameAs\":[\"https:\\\/\\\/facebook.com\\\/MyBody.ee\\\/\"]}]}<\/script>\n<!-- \/ Yoast SEO plugin. -->","yoast_head_json":{"title":"Kliiniliselt uuritud koostisosadega toidulisand taastumiseks - SELF Muscle ZMA - MyBody.ee - Toidulisandid ja sporditarvikud","description":"SELF Muscle ZMA on spetsiaalne toidulisand, mis p\u00f5hineb tsingi","robots":{"index":"index","follow":"follow","max-snippet":"max-snippet:-1","max-image-preview":"max-image-preview:large","max-video-preview":"max-video-preview:-1"},"canonical":"https:\/\/mybody5.ee.mybody.ee\/proov\/product\/kliiniliselt-uuritud-koostisosadega-toidulisand-taastumiseks-self-muscle-zma\/","og_locale":"et_EE","og_type":"article","og_title":"Kliiniliselt uuritud koostisosadega toidulisand taastumiseks - SELF Muscle ZMA - MyBody.ee - Toidulisandid ja sporditarvikud","og_description":"SELF Muscle ZMA on spetsiaalne toidulisand, mis p\u00f5hineb tsingi","og_url":"https:\/\/mybody5.ee.mybody.ee\/proov\/product\/kliiniliselt-uuritud-koostisosadega-toidulisand-taastumiseks-self-muscle-zma\/","og_site_name":"supplero","article_publisher":"https:\/\/facebook.com\/MyBody.ee\/","og_image":[{"width":374,"height":652,"url":"https:\/\/mybody5.ee.mybody.ee\/proov\/wp-content\/uploads\/2019\/12\/ZMA-lihastaastumist-soodustav.png","type":"image\/png"}],"twitter_card":"summary_large_image","twitter_misc":{"Est. reading time":"2 minutit"},"schema":{"@context":"https:\/\/schema.org","@graph":[{"@type":"WebPage","@id":"https:\/\/mybody5.ee.mybody.ee\/proov\/product\/kliiniliselt-uuritud-koostisosadega-toidulisand-taastumiseks-self-muscle-zma\/","url":"https:\/\/mybody5.ee.mybody.ee\/proov\/product\/kliiniliselt-uuritud-koostisosadega-toidulisand-taastumiseks-self-muscle-zma\/","name":"Kliiniliselt uuritud koostisosadega toidulisand taastumiseks - SELF Muscle ZMA - MyBody.ee - Toidulisandid ja sporditarvikud","isPartOf":{"@id":"https:\/\/mybody5.ee.mybody.ee\/proov\/#website"},"primaryImageOfPage":{"@id":"https:\/\/mybody5.ee.mybody.ee\/proov\/product\/kliiniliselt-uuritud-koostisosadega-toidulisand-taastumiseks-self-muscle-zma\/#primaryimage"},"image":{"@id":"https:\/\/mybody5.ee.mybody.ee\/proov\/product\/kliiniliselt-uuritud-koostisosadega-toidulisand-taastumiseks-self-muscle-zma\/#primaryimage"},"thumbnailUrl":"https:\/\/mybody5.ee.mybody.ee\/proov\/wp-content\/uploads\/2019\/12\/ZMA-lihastaastumist-soodustav.png","datePublished":"2019-12-09T22:25:36+00:00","description":"SELF Muscle ZMA on spetsiaalne toidulisand, mis p\u00f5hineb tsingi","breadcrumb":{"@id":"https:\/\/mybody5.ee.mybody.ee\/proov\/product\/kliiniliselt-uuritud-koostisosadega-toidulisand-taastumiseks-self-muscle-zma\/#breadcrumb"},"inLanguage":"et","potentialAction":[{"@type":"ReadAction","target":["https:\/\/mybody5.ee.mybody.ee\/proov\/product\/kliiniliselt-uuritud-koostisosadega-toidulisand-taastumiseks-self-muscle-zma\/"]}]},{"@type":"ImageObject","inLanguage":"et","@id":"https:\/\/mybody5.ee.mybody.ee\/proov\/product\/kliiniliselt-uuritud-koostisosadega-toidulisand-taastumiseks-self-muscle-zma\/#primaryimage","url":"https:\/\/mybody5.ee.mybody.ee\/proov\/wp-content\/uploads\/2019\/12\/ZMA-lihastaastumist-soodustav.png","contentUrl":"https:\/\/mybody5.ee.mybody.ee\/proov\/wp-content\/uploads\/2019\/12\/ZMA-lihastaastumist-soodustav.png","width":374,"height":652,"caption":"Kliiniliselt uuritud koostisosadega toidulisand taastumiseks - SELF Muscle ZMA"},{"@type":"BreadcrumbList","@id":"https:\/\/mybody5.ee.mybody.ee\/proov\/product\/kliiniliselt-uuritud-koostisosadega-toidulisand-taastumiseks-self-muscle-zma\/#breadcrumb","itemListElement":[{"@type":"ListItem","position":1,"name":"Home","item":"https:\/\/mybody5.ee.mybody.ee\/proov\/"},{"@type":"ListItem","position":2,"name":"Shop","item":"https:\/\/mybody5.ee.mybody.ee\/proov\/shop\/"},{"@type":"ListItem","position":3,"name":"Kliiniliselt uuritud koostisosadega toidulisand taastumiseks &#8211; SELF Muscle ZMA"}]},{"@type":"WebSite","@id":"https:\/\/mybody5.ee.mybody.ee\/proov\/#website","url":"https:\/\/mybody5.ee.mybody.ee\/proov\/","name":"MyBody.ee - Toidulisandid ja sporditarvikud","description":"Just another WordPress site","publisher":{"@id":"https:\/\/mybody5.ee.mybody.ee\/proov\/#organization"},"potentialAction":[{"@type":"SearchAction","target":{"@type":"EntryPoint","urlTemplate":"https:\/\/mybody5.ee.mybody.ee\/proov\/?s={search_term_string}"},"query-input":{"@type":"PropertyValueSpecification","valueRequired":true,"valueName":"search_term_string"}}],"inLanguage":"et"},{"@type":"Organization","@id":"https:\/\/mybody5.ee.mybody.ee\/proov\/#organization","name":"MyBody.ee","url":"https:\/\/mybody5.ee.mybody.ee\/proov\/","logo":{"@type":"ImageObject","inLanguage":"et","@id":"https:\/\/mybody5.ee.mybody.ee\/proov\/#\/schema\/logo\/image\/","url":"https:\/\/mybody5.ee.mybody.ee\/proov\/wp-content\/uploads\/2023\/11\/mybody_logo_h65-2.png","contentUrl":"https:\/\/mybody5.ee.mybody.ee\/proov\/wp-content\/uploads\/2023\/11\/mybody_logo_h65-2.png","width":229,"height":65,"caption":"MyBody.ee"},"image":{"@id":"https:\/\/mybody5.ee.mybody.ee\/proov\/#\/schema\/logo\/image\/"},"sameAs":["https:\/\/facebook.com\/MyBody.ee\/"]}]}},"_links":{"self":[{"href":"https:\/\/mybody5.ee.mybody.ee\/proov\/wp-json\/wp\/v2\/product\/91","targetHints":{"allow":["GET"]}}],"collection":[{"href":"https:\/\/mybody5.ee.mybody.ee\/proov\/wp-json\/wp\/v2\/product"}],"about":[{"href":"https:\/\/mybody5.ee.mybody.ee\/proov\/wp-json\/wp\/v2\/types\/product"}],"replies":[{"embeddable":true,"href":"https:\/\/mybody5.ee.mybody.ee\/proov\/wp-json\/wp\/v2\/comments?post=91"}],"wp:featuredmedia":[{"embeddable":true,"href":"https:\/\/mybody5.ee.mybody.ee\/proov\/wp-json\/wp\/v2\/media\/90"}],"wp:attachment":[{"href":"https:\/\/mybody5.ee.mybody.ee\/proov\/wp-json\/wp\/v2\/media?parent=91"}],"wp:term":[{"taxonomy":"product_cat","embeddable":true,"href":"https:\/\/mybody5.ee.mybody.ee\/proov\/wp-json\/wp\/v2\/product_cat?post=91"},{"taxonomy":"product_tag","embeddable":true,"href":"https:\/\/mybody5.ee.mybody.ee\/proov\/wp-json\/wp\/v2\/product_tag?post=91"}],"curies":[{"name":"wp","href":"https:\/\/api.w.org\/{rel}","templated":true}]}}