{"id":917,"date":"2020-10-31T09:31:41","date_gmt":"2020-10-31T09:31:41","guid":{"rendered":"https:\/\/mybody5.ee.mybody.ee\/proov\/product\/maitsev-ja-toitev-kaerabatoon-all-stars-oatcake-pahklivoi-sokolaadi-tukkidega\/"},"modified":"2020-10-31T09:31:41","modified_gmt":"2020-10-31T09:31:41","slug":"maitsev-ja-toitev-kaerabatoon-all-stars-oatcake-pahklivoi-sokolaadi-tukkidega","status":"publish","type":"product","link":"https:\/\/mybody5.ee.mybody.ee\/proov\/product\/maitsev-ja-toitev-kaerabatoon-all-stars-oatcake-pahklivoi-sokolaadi-tukkidega\/","title":{"rendered":"Maitsev ja toitev kaerabatoon- All Stars Oatcake p\u00e4hkliv\u00f5i \u0161okolaadi t\u00fckkidega"},"content":{"rendered":"<p><span style=\"line-height: 1.6em;\"><strong>All Stars Oatcake<\/strong> on maitsev kaerabatoon, mis annab kiiresti energialaengu. Tervislik kaerabatoon on suurep\u00e4rane B-vitamiini ja kiudainete allikas, mis annab pikaajalise t\u00e4isk\u00f5hutunde.<\/span><\/p>\n<p><strong>Oatcake<\/strong> on v\u00e4ga maitsev ja \u00e4\u00e4rmiselt toitev kaerabatoon, see sobib v\u00e4ga tarbimiseks, kui on tarvis kiiresti lisaj\u00f5udu v\u00f5i kui tekib lihtsalt isu millegi maitsva j\u00e4rele!&nbsp;<span style=\"line-height: 1.6em;\">All Natural Oatcake on ideaalne energiaallikas inimestele kes teevad rasket f\u00fc\u00fcsilist t\u00f6\u00f6d v\u00f5i kelle energiakulud on suured.<\/span><\/p>\n<p>Kaerabatooni p\u00f5hikoostisaineks on kaerahelbed, millel on suur bioloogiline v\u00e4\u00e4rtus ja mis varustavad organismi vajalike mineraalainete (Na, K), vitamiinide (B1, B2, PP) ning valgu ja s\u00fcsivesikutega. Kaer sisaldab beeta-gl\u00fckaani, mis v\u00e4hendab vere kolesteroolisisaldust, mille t\u00f5usmist p\u00f5hjustab sageli ebatervislik eluviis, sh liigne maiustamine ja magusate jookide tarvitamine.<\/p>\n<h3>Oatcake kaerabatoon on heaks t\u00e4iendavaks s\u00fcsivesikuallikaks<\/h3>\n<ul>\n<li>Noortele ja t\u00e4iskasvanutele<\/li>\n<li>F\u00fc\u00fcsiliselt aktiivsetele inimestele<\/li>\n<li>N\u00e4lja peletamiseks toidukordade vahel<\/li>\n<li>V\u00e4ikese kehakaaluga inimestele<\/li>\n<\/ul>\n<h3>Sobib kaasa v\u00f5tta<\/h3>\n<ul>\n<li>Spordiv\u00f5istlustele<\/li>\n<li>Treeningule<\/li>\n<li>Matkale<\/li>\n<li>T\u00f6\u00f6le<\/li>\n<\/ul>\n<h3>Kasutamine<\/h3>\n<p>Vastavalt vajadusele 1-3&nbsp;batooni kerge vahepalana igal ajal p\u00e4eva p\u00f5hitoidukordade vahele<\/p>\n<h3>Kellele sobib?<\/h3>\n<p><span style=\"line-height: 20.8px;\">All Stars Oatcake&nbsp;<\/span>on m\u00f5eldud kasutamiseks k\u00f5igile, kes soovivad maitsvat vahepala,&nbsp;i<span style=\"line-height: 20.8px;\">deaalne energiaallikas inimestele, kes teevad rasket f\u00fc\u00fcsilist t\u00f6\u00f6d v\u00f5i kelle energiakulud on suured.<\/span><\/p>\n<h3>Maitsed:<font face=\"arial, helvetica, sans-serif\"><span style=\"font-size: 12px;\">&nbsp;p\u00e4hkliv\u00f5i sokolaadi t\u00fckkidega<\/span><\/font><\/h3>\n<\/p>\n<table border=\"1\" cellpadding=\"1\" cellspacing=\"1\" height=\"422\" style=\"line-height: 1.6em; height: 100px; width: 600px;\" width=\"501\">\n<tbody>\n<tr style=\"line-height: 20.8px;\">\n<td><strong style=\"line-height: 20.8px;\">All Natural Oatcake p\u00e4hkliv\u00f5i \u0161okolaadi t\u00fckkidega&nbsp;<\/strong><strong>toitev\u00e4\u00e4rtus<\/strong><\/td>\n<td><strong>80 g<\/strong><\/td>\n<td><strong>100 g<\/strong><\/td>\n<\/tr>\n<tr style=\"line-height: 20.8px;\">\n<td>Energiat<\/td>\n<td>359kcal\/1334kJ<\/td>\n<td>449kcal\/1667kJ<\/td>\n<\/tr>\n<tr style=\"line-height: 20.8px;\">\n<td>Valke<\/td>\n<td>6 g<\/td>\n<td>5 g<\/td>\n<\/tr>\n<tr style=\"line-height: 20.8px;\">\n<td>S\u00fcsivesikuid<br \/> \t\t\tmilles suhkrud<\/td>\n<td>40 g<br \/> \t\t\t19,2 g<\/td>\n<td>51 g<br \/>19.2 g<\/td>\n<\/tr>\n<tr style=\"line-height: 20.8px;\">\n<td>Rasvu<br \/> \t\t\tmillest k\u00fcllastunud rasvu<\/td>\n<td>20 g<br \/> \t\t\t7 g<\/td>\n<td>25 g<br \/> \t\t\t8.7 g<\/td>\n<\/tr>\n<tr style=\"line-height: 20.8px;\">\n<td>Soola<\/td>\n<td>0,6 g<\/td>\n<td>0,7 g<\/td>\n<\/tr>\n<tr>\n<td colspan=\"3\">\n<p><span style=\"font-size:10px;\">Koostis: kaer 46%, taimsed rasvad (rapsi\u00f5li, palmi\u00f5li, vesi, sool, rasvahapete emulgaator, kurkumiin, naturaalne toiduv\u00e4rv annatto), kuldne siirup<span style=\"line-height: 20.8px;\">, p\u00e4hkliv\u00f5i 5%, \u0161okolaadi t\u00fckid 5%, (sugar, kakao, kakaov\u00f5i, sojaletsitiin, naturaalne vanilje maitseaine),&nbsp;<\/span>V\u00f5ib sisaldada muna, maap\u00e4hkli, piima, seesami, soja ja teiste p\u00e4hklite j\u00e4\u00e4ke.<\/span><\/p>\n<\/td>\n<\/tr>\n<\/tbody>\n<\/table>\n<h3><\/h3>\n<h3>Konsultatsioon<\/h3>\n<ul>\n<li>Oled oodatud tasuta konsultatsioonile MYBODY Audentese kauplusesse,<\/li>\n<li>Asukoht: Audentese Spordikeskus, Tondi 84.<\/li>\n<li>Telefon EST\/RUS\/ENG +372&nbsp;523 1960<\/li>\n<li>Telefon EST\/ENG +372 56&nbsp;458&nbsp;688<\/li>\n<li><a href=\"mailto:info@mybody.ee\">info@mybody.ee<\/a><\/li>\n<li><a href=\"http:\/\/www.facebook.com\/mybody.ee\">www.facebook.com\/mybody.ee<\/a><\/li>\n<\/ul>\n<div id=\"__if72ru4sdfsdfrkjahiuyi_once\" style=\"display:none;\">&nbsp;<\/div>\n<div id=\"__hggasdgjhsagd_once\" style=\"display:none;\">&nbsp;<\/div>\n","protected":false},"excerpt":{"rendered":"<p>All Stars Oatcake on maitsev kaerabatoon, mis annab kiiresti energialaengu. Tervislik kaerabatoon on suurep\u00e4rane B-vitamiini ja kiudainete allikas, mis annab pikaajalise t\u00e4isk\u00f5hutunde. Oatcake on v\u00e4ga maitsev ja \u00e4\u00e4rmiselt toitev kaerabatoon, see sobib v\u00e4ga tarbimiseks, kui on tarvis kiiresti lisaj\u00f5udu v\u00f5i kui tekib lihtsalt isu millegi maitsva j\u00e4rele!&nbsp;All Natural Oatcake on ideaalne energiaallikas inimestele kes teevad [&hellip;]<\/p>\n","protected":false},"featured_media":0,"comment_status":"open","ping_status":"closed","template":"","meta":{"inline_featured_image":false},"product_cat":[60,18,43,31],"product_tag":[],"class_list":{"0":"post-917","1":"product","2":"type-product","3":"status-publish","5":"product_cat-batoonid","6":"product_cat-batoonid-vahepalad-ee","7":"product_cat-toidulisandid","8":"product_cat-vegan","9":"pa_maitse-lihtsaltkaer","10":"pa_maitse-marjademiks","11":"pa_maitse-muslijogurti","12":"pa_maitse-pahklivoisokolaaditukkidega","13":"pa_maitse-sokolaad","15":"first","16":"instock","17":"shipping-taxable","18":"purchasable","19":"product-type-variable"},"yoast_head":"<!-- This site is optimized with the Yoast SEO plugin v27.3 - https:\/\/yoast.com\/product\/yoast-seo-wordpress\/ -->\n<title>Maitsev ja toitev kaerabatoon- All Stars All Natural Oatcake - MyBody.ee - Toidulisandid ja sporditarvikud<\/title>\n<meta name=\"description\" content=\"Maitsev ja toitev kaerabatoon- All Stars Oatcake p\u00e4hkliv\u00f5i \u0161okolaadi t\u00fckkidega\" \/>\n<meta name=\"robots\" content=\"index, follow, max-snippet:-1, max-image-preview:large, max-video-preview:-1\" \/>\n<link rel=\"canonical\" href=\"https:\/\/mybody5.ee.mybody.ee\/proov\/product\/maitsev-ja-toitev-kaerabatoon-all-stars-oatcake-pahklivoi-sokolaadi-tukkidega\/\" \/>\n<meta property=\"og:locale\" content=\"et_EE\" \/>\n<meta property=\"og:type\" content=\"article\" \/>\n<meta property=\"og:title\" content=\"Maitsev ja toitev kaerabatoon- All Stars All Natural Oatcake - MyBody.ee - Toidulisandid ja sporditarvikud\" \/>\n<meta property=\"og:description\" content=\"Maitsev ja toitev kaerabatoon- All Stars Oatcake p\u00e4hkliv\u00f5i \u0161okolaadi t\u00fckkidega\" \/>\n<meta property=\"og:url\" content=\"https:\/\/mybody5.ee.mybody.ee\/proov\/product\/maitsev-ja-toitev-kaerabatoon-all-stars-oatcake-pahklivoi-sokolaadi-tukkidega\/\" \/>\n<meta property=\"og:site_name\" content=\"supplero\" \/>\n<meta property=\"article:publisher\" content=\"https:\/\/facebook.com\/MyBody.ee\/\" \/>\n<meta property=\"og:image\" content=\"https:\/\/mybody5.ee.mybody.ee\/proov\/wp-content\/uploads\/2023\/11\/mybody_logo_h65.png\" \/>\n\t<meta property=\"og:image:width\" content=\"229\" \/>\n\t<meta property=\"og:image:height\" content=\"65\" \/>\n\t<meta property=\"og:image:type\" content=\"image\/png\" \/>\n<meta name=\"twitter:card\" content=\"summary_large_image\" \/>\n<meta name=\"twitter:label1\" content=\"Est. reading time\" \/>\n\t<meta name=\"twitter:data1\" content=\"2 minutit\" \/>\n<script type=\"application\/ld+json\" class=\"yoast-schema-graph\">{\"@context\":\"https:\\\/\\\/schema.org\",\"@graph\":[{\"@type\":\"WebPage\",\"@id\":\"https:\\\/\\\/mybody5.ee.mybody.ee\\\/proov\\\/product\\\/maitsev-ja-toitev-kaerabatoon-all-stars-oatcake-pahklivoi-sokolaadi-tukkidega\\\/\",\"url\":\"https:\\\/\\\/mybody5.ee.mybody.ee\\\/proov\\\/product\\\/maitsev-ja-toitev-kaerabatoon-all-stars-oatcake-pahklivoi-sokolaadi-tukkidega\\\/\",\"name\":\"Maitsev ja toitev kaerabatoon- All Stars All Natural Oatcake - MyBody.ee - Toidulisandid ja sporditarvikud\",\"isPartOf\":{\"@id\":\"https:\\\/\\\/mybody5.ee.mybody.ee\\\/proov\\\/#website\"},\"datePublished\":\"2020-10-31T09:31:41+00:00\",\"description\":\"Maitsev ja toitev kaerabatoon- All Stars Oatcake p\u00e4hkliv\u00f5i \u0161okolaadi t\u00fckkidega\",\"breadcrumb\":{\"@id\":\"https:\\\/\\\/mybody5.ee.mybody.ee\\\/proov\\\/product\\\/maitsev-ja-toitev-kaerabatoon-all-stars-oatcake-pahklivoi-sokolaadi-tukkidega\\\/#breadcrumb\"},\"inLanguage\":\"et\",\"potentialAction\":[{\"@type\":\"ReadAction\",\"target\":[\"https:\\\/\\\/mybody5.ee.mybody.ee\\\/proov\\\/product\\\/maitsev-ja-toitev-kaerabatoon-all-stars-oatcake-pahklivoi-sokolaadi-tukkidega\\\/\"]}]},{\"@type\":\"BreadcrumbList\",\"@id\":\"https:\\\/\\\/mybody5.ee.mybody.ee\\\/proov\\\/product\\\/maitsev-ja-toitev-kaerabatoon-all-stars-oatcake-pahklivoi-sokolaadi-tukkidega\\\/#breadcrumb\",\"itemListElement\":[{\"@type\":\"ListItem\",\"position\":1,\"name\":\"Home\",\"item\":\"https:\\\/\\\/mybody5.ee.mybody.ee\\\/proov\\\/\"},{\"@type\":\"ListItem\",\"position\":2,\"name\":\"Shop\",\"item\":\"https:\\\/\\\/mybody5.ee.mybody.ee\\\/proov\\\/shop\\\/\"},{\"@type\":\"ListItem\",\"position\":3,\"name\":\"Maitsev ja toitev kaerabatoon- All Stars Oatcake p\u00e4hkliv\u00f5i \u0161okolaadi t\u00fckkidega\"}]},{\"@type\":\"WebSite\",\"@id\":\"https:\\\/\\\/mybody5.ee.mybody.ee\\\/proov\\\/#website\",\"url\":\"https:\\\/\\\/mybody5.ee.mybody.ee\\\/proov\\\/\",\"name\":\"MyBody.ee - Toidulisandid ja sporditarvikud\",\"description\":\"Just another WordPress site\",\"publisher\":{\"@id\":\"https:\\\/\\\/mybody5.ee.mybody.ee\\\/proov\\\/#organization\"},\"potentialAction\":[{\"@type\":\"SearchAction\",\"target\":{\"@type\":\"EntryPoint\",\"urlTemplate\":\"https:\\\/\\\/mybody5.ee.mybody.ee\\\/proov\\\/?s={search_term_string}\"},\"query-input\":{\"@type\":\"PropertyValueSpecification\",\"valueRequired\":true,\"valueName\":\"search_term_string\"}}],\"inLanguage\":\"et\"},{\"@type\":\"Organization\",\"@id\":\"https:\\\/\\\/mybody5.ee.mybody.ee\\\/proov\\\/#organization\",\"name\":\"MyBody.ee\",\"url\":\"https:\\\/\\\/mybody5.ee.mybody.ee\\\/proov\\\/\",\"logo\":{\"@type\":\"ImageObject\",\"inLanguage\":\"et\",\"@id\":\"https:\\\/\\\/mybody5.ee.mybody.ee\\\/proov\\\/#\\\/schema\\\/logo\\\/image\\\/\",\"url\":\"https:\\\/\\\/mybody5.ee.mybody.ee\\\/proov\\\/wp-content\\\/uploads\\\/2023\\\/11\\\/mybody_logo_h65-2.png\",\"contentUrl\":\"https:\\\/\\\/mybody5.ee.mybody.ee\\\/proov\\\/wp-content\\\/uploads\\\/2023\\\/11\\\/mybody_logo_h65-2.png\",\"width\":229,\"height\":65,\"caption\":\"MyBody.ee\"},\"image\":{\"@id\":\"https:\\\/\\\/mybody5.ee.mybody.ee\\\/proov\\\/#\\\/schema\\\/logo\\\/image\\\/\"},\"sameAs\":[\"https:\\\/\\\/facebook.com\\\/MyBody.ee\\\/\"]}]}<\/script>\n<!-- \/ Yoast SEO plugin. -->","yoast_head_json":{"title":"Maitsev ja toitev kaerabatoon- All Stars All Natural Oatcake - MyBody.ee - Toidulisandid ja sporditarvikud","description":"Maitsev ja toitev kaerabatoon- All Stars Oatcake p\u00e4hkliv\u00f5i \u0161okolaadi t\u00fckkidega","robots":{"index":"index","follow":"follow","max-snippet":"max-snippet:-1","max-image-preview":"max-image-preview:large","max-video-preview":"max-video-preview:-1"},"canonical":"https:\/\/mybody5.ee.mybody.ee\/proov\/product\/maitsev-ja-toitev-kaerabatoon-all-stars-oatcake-pahklivoi-sokolaadi-tukkidega\/","og_locale":"et_EE","og_type":"article","og_title":"Maitsev ja toitev kaerabatoon- All Stars All Natural Oatcake - MyBody.ee - Toidulisandid ja sporditarvikud","og_description":"Maitsev ja toitev kaerabatoon- All Stars Oatcake p\u00e4hkliv\u00f5i \u0161okolaadi t\u00fckkidega","og_url":"https:\/\/mybody5.ee.mybody.ee\/proov\/product\/maitsev-ja-toitev-kaerabatoon-all-stars-oatcake-pahklivoi-sokolaadi-tukkidega\/","og_site_name":"supplero","article_publisher":"https:\/\/facebook.com\/MyBody.ee\/","og_image":[{"width":229,"height":65,"url":"https:\/\/mybody5.ee.mybody.ee\/proov\/wp-content\/uploads\/2023\/11\/mybody_logo_h65.png","type":"image\/png"}],"twitter_card":"summary_large_image","twitter_misc":{"Est. reading time":"2 minutit"},"schema":{"@context":"https:\/\/schema.org","@graph":[{"@type":"WebPage","@id":"https:\/\/mybody5.ee.mybody.ee\/proov\/product\/maitsev-ja-toitev-kaerabatoon-all-stars-oatcake-pahklivoi-sokolaadi-tukkidega\/","url":"https:\/\/mybody5.ee.mybody.ee\/proov\/product\/maitsev-ja-toitev-kaerabatoon-all-stars-oatcake-pahklivoi-sokolaadi-tukkidega\/","name":"Maitsev ja toitev kaerabatoon- All Stars All Natural Oatcake - MyBody.ee - Toidulisandid ja sporditarvikud","isPartOf":{"@id":"https:\/\/mybody5.ee.mybody.ee\/proov\/#website"},"datePublished":"2020-10-31T09:31:41+00:00","description":"Maitsev ja toitev kaerabatoon- All Stars Oatcake p\u00e4hkliv\u00f5i \u0161okolaadi t\u00fckkidega","breadcrumb":{"@id":"https:\/\/mybody5.ee.mybody.ee\/proov\/product\/maitsev-ja-toitev-kaerabatoon-all-stars-oatcake-pahklivoi-sokolaadi-tukkidega\/#breadcrumb"},"inLanguage":"et","potentialAction":[{"@type":"ReadAction","target":["https:\/\/mybody5.ee.mybody.ee\/proov\/product\/maitsev-ja-toitev-kaerabatoon-all-stars-oatcake-pahklivoi-sokolaadi-tukkidega\/"]}]},{"@type":"BreadcrumbList","@id":"https:\/\/mybody5.ee.mybody.ee\/proov\/product\/maitsev-ja-toitev-kaerabatoon-all-stars-oatcake-pahklivoi-sokolaadi-tukkidega\/#breadcrumb","itemListElement":[{"@type":"ListItem","position":1,"name":"Home","item":"https:\/\/mybody5.ee.mybody.ee\/proov\/"},{"@type":"ListItem","position":2,"name":"Shop","item":"https:\/\/mybody5.ee.mybody.ee\/proov\/shop\/"},{"@type":"ListItem","position":3,"name":"Maitsev ja toitev kaerabatoon- All Stars Oatcake p\u00e4hkliv\u00f5i \u0161okolaadi t\u00fckkidega"}]},{"@type":"WebSite","@id":"https:\/\/mybody5.ee.mybody.ee\/proov\/#website","url":"https:\/\/mybody5.ee.mybody.ee\/proov\/","name":"MyBody.ee - Toidulisandid ja sporditarvikud","description":"Just another WordPress site","publisher":{"@id":"https:\/\/mybody5.ee.mybody.ee\/proov\/#organization"},"potentialAction":[{"@type":"SearchAction","target":{"@type":"EntryPoint","urlTemplate":"https:\/\/mybody5.ee.mybody.ee\/proov\/?s={search_term_string}"},"query-input":{"@type":"PropertyValueSpecification","valueRequired":true,"valueName":"search_term_string"}}],"inLanguage":"et"},{"@type":"Organization","@id":"https:\/\/mybody5.ee.mybody.ee\/proov\/#organization","name":"MyBody.ee","url":"https:\/\/mybody5.ee.mybody.ee\/proov\/","logo":{"@type":"ImageObject","inLanguage":"et","@id":"https:\/\/mybody5.ee.mybody.ee\/proov\/#\/schema\/logo\/image\/","url":"https:\/\/mybody5.ee.mybody.ee\/proov\/wp-content\/uploads\/2023\/11\/mybody_logo_h65-2.png","contentUrl":"https:\/\/mybody5.ee.mybody.ee\/proov\/wp-content\/uploads\/2023\/11\/mybody_logo_h65-2.png","width":229,"height":65,"caption":"MyBody.ee"},"image":{"@id":"https:\/\/mybody5.ee.mybody.ee\/proov\/#\/schema\/logo\/image\/"},"sameAs":["https:\/\/facebook.com\/MyBody.ee\/"]}]}},"_links":{"self":[{"href":"https:\/\/mybody5.ee.mybody.ee\/proov\/wp-json\/wp\/v2\/product\/917","targetHints":{"allow":["GET"]}}],"collection":[{"href":"https:\/\/mybody5.ee.mybody.ee\/proov\/wp-json\/wp\/v2\/product"}],"about":[{"href":"https:\/\/mybody5.ee.mybody.ee\/proov\/wp-json\/wp\/v2\/types\/product"}],"replies":[{"embeddable":true,"href":"https:\/\/mybody5.ee.mybody.ee\/proov\/wp-json\/wp\/v2\/comments?post=917"}],"wp:attachment":[{"href":"https:\/\/mybody5.ee.mybody.ee\/proov\/wp-json\/wp\/v2\/media?parent=917"}],"wp:term":[{"taxonomy":"product_cat","embeddable":true,"href":"https:\/\/mybody5.ee.mybody.ee\/proov\/wp-json\/wp\/v2\/product_cat?post=917"},{"taxonomy":"product_tag","embeddable":true,"href":"https:\/\/mybody5.ee.mybody.ee\/proov\/wp-json\/wp\/v2\/product_tag?post=917"}],"curies":[{"name":"wp","href":"https:\/\/api.w.org\/{rel}","templated":true}]}}