{"id":931,"date":"2020-12-06T20:05:01","date_gmt":"2020-12-06T20:05:01","guid":{"rendered":"https:\/\/mybody5.ee.mybody.ee\/proov\/product\/asendamatud-aminohapped-b-vitamiinid-tsink-magneesium-self-essential-amino\/"},"modified":"2020-12-06T20:05:01","modified_gmt":"2020-12-06T20:05:01","slug":"asendamatud-aminohapped-b-vitamiinid-tsink-magneesium-self-essential-amino","status":"publish","type":"product","link":"https:\/\/mybody5.ee.mybody.ee\/proov\/product\/asendamatud-aminohapped-b-vitamiinid-tsink-magneesium-self-essential-amino\/","title":{"rendered":"Asendamatud aminohapped + B-vitamiinid, tsink, magneesium &#8211; SELF Essential Amino"},"content":{"rendered":"<p><strong>SELF Essential Amino <\/strong>on kaasaegne toidulisand aktiivsele inimesele, mis sisaldab asendamatuid aminohappeid, B-r\u00fchma vitamiine, tsniki ning&nbsp;magneesiumit. Jook sisaldab l\u00e4bim\u00f5eldud vahekorras k\u00f5iki k\u00fcmmet asendamatut aminohapet, mis suurendavad valgus\u00fcnteesi mille l\u00e4bi saavutab keha kiirema taastumise. Lisaks on tootele lisatud <strong>B-r\u00fchma vitamiine, tsinki ning magneesiumit<\/strong>, mis on seotud sooritusv\u00f5imega ning taastumisega.<\/p>\n<p>Toime<\/p>\n<ul>\n<li>Taastab keha treeningutest<\/li>\n<li>Sisaldab B-r\u00fchma vitamiine<\/li>\n<li>Sisaldab tsinki ning magneesiumi<\/li>\n<li>Positiivne m\u00f5ju k\u00f5ikidele spordialadele<\/li>\n<\/ul>\n<h3 style=\"text-align: justify;\">Kasutamine<\/h3>\n<p style=\"text-align: justify;\">Lahusta soovituslik p\u00e4evane annus pulbrit (7g=1m\u00f5\u00f5dulusikat\u00e4is)&nbsp;300-500 ml vedelkuga. Sobib kombineerida s\u00fcsiveikutega (maltodekstriini&nbsp;ja&nbsp;isotoonilise spordijoogiga)<\/p>\n<h3 style=\"text-align: justify;\">Kellele sobib?<\/h3>\n<p style=\"text-align: justify;\"><strong>SELF Essential Amino<\/strong>&nbsp;sobib k\u00f5ikide&nbsp;alade esindajatele, sest omab positiivset efekti igasuguste f\u00fc\u00fcsiliste koormuste puhul.<\/p>\n<h3>Pakend:<span style=\"font-size:12px;\"><span style=\"font-family: arial,helvetica,sans-serif;\"> 250g<\/span><\/span><\/h3>\n<h3>Maitsed: <font face=\"arial, helvetica, sans-serif\"><span style=\"font-size: 12px;\">&nbsp;puuvljad punts (fruit-punch), apelsin (orange)<\/span><\/font><\/h3>\n<table border=\"1\" cellpadding=\"1\" cellspacing=\"1\" style=\"width:600px;\">\n<tbody>\n<tr>\n<td colspan=\"2\"><strong>SELF Essential Amino <\/strong><strong>toitev\u00e4\u00e4rtus 100g kohta: <\/strong>Energiat 0kcal, valke 0g, s\u00fcsivesikuid 0g, rasvu 0g, sool 0,2g<\/td>\n<\/tr>\n<tr>\n<td><strong>SELF Essential Amino<\/strong>&nbsp;<strong>aktiivsed koostisosad \u00fche annuse kohta<\/strong><\/td>\n<td><b>7g<\/b><\/td>\n<\/tr>\n<tr>\n<td>Vitamiin B1<\/td>\n<td>1,7mg 154%*<\/td>\n<\/tr>\n<tr>\n<td>Vitamiin B3<\/td>\n<td>24mg 150%*<\/td>\n<\/tr>\n<tr>\n<td>Vitamiin B6<\/td>\n<td>11mcg 440%*<\/td>\n<\/tr>\n<tr>\n<td>Vitamiin B12<\/td>\n<td>54mg 15%*<\/td>\n<\/tr>\n<tr>\n<td>Magneesium<\/td>\n<td>6,5mg 65%*<\/td>\n<\/tr>\n<tr>\n<td>Tsnik<\/td>\n<td>6,5mg 65%*<\/td>\n<\/tr>\n<tr>\n<td><strong>Aminohapped<\/strong><\/td>\n<td><strong>7g<\/strong><\/td>\n<\/tr>\n<tr>\n<td>L-leucine<\/td>\n<td>1,36g<\/td>\n<\/tr>\n<tr>\n<td>L-l\u00fcsiin<\/td>\n<td>0,79g<\/td>\n<\/tr>\n<tr>\n<td>L-valiin<\/td>\n<td>0,68g<\/td>\n<\/tr>\n<tr>\n<td>L-isoleutsiin<\/td>\n<td>0,68g<\/td>\n<\/tr>\n<tr>\n<td>L-treoniin<\/td>\n<td>0,44g<\/td>\n<\/tr>\n<tr>\n<td>L-fen\u00fc\u00fclalaniin&nbsp;<\/td>\n<td>0,25g<\/td>\n<\/tr>\n<tr>\n<td>DL-metioniin<\/td>\n<td>0,20g<\/td>\n<\/tr>\n<tr>\n<td>L-histidiin<\/td>\n<td>0,19g<\/td>\n<\/tr>\n<tr>\n<td>L-t\u00fcrosiin<\/td>\n<td>0,17g<\/td>\n<\/tr>\n<tr>\n<td>N-atset\u00fc\u00fcl-ts\u00fcsteiin (NAC)<\/td>\n<td>0,10g<\/td>\n<\/tr>\n<tr>\n<td colspan=\"2\">\n<p><span style=\"font-size:10px;\">Koostis<span style=\"font-family: arial,helvetica,sans-serif;\">:&nbsp;<\/span><\/span><\/p>\n<\/td>\n<\/tr>\n<\/tbody>\n<\/table>\n<p>SELF Essential Amino kg hind on 79,6\u20ac<\/p>\n<p>Konsultatsioon<\/p>\n<ul>\n<li>Oled oodatud tasuta konsultatsioonile MYBODY Audentese kauplusesse,<\/li>\n<li>Asukoht: Audentese Spordikeskusesse, Tondi 84.<\/li>\n<li>Telefon EST\/RUS\/ENG +372&nbsp;523 1960<\/li>\n<li>Telefon EST\/ENG +372 56&nbsp;458&nbsp;688<\/li>\n<li><a href=\"mailto:info@mybody.ee\">info@mybody.ee<\/a><\/li>\n<li><a href=\"http:\/\/www.facebook.com\/mybody.ee\">www.facebook.com\/mybody.ee<\/a><\/li>\n<\/ul>\n","protected":false},"excerpt":{"rendered":"<p>SELF Essential Amino on kaasaegne toidulisand aktiivsele inimesele, mis sisaldab asendamatuid aminohappeid, B-r\u00fchma vitamiine, tsniki ning&nbsp;magneesiumit. Jook sisaldab l\u00e4bim\u00f5eldud vahekorras k\u00f5iki k\u00fcmmet asendamatut aminohapet, mis suurendavad valgus\u00fcnteesi mille l\u00e4bi saavutab keha kiirema taastumise. Lisaks on tootele lisatud B-r\u00fchma vitamiine, tsinki ning magneesiumit, mis on seotud sooritusv\u00f5imega ning taastumisega. Toime Taastab keha treeningutest Sisaldab B-r\u00fchma vitamiine [&hellip;]<\/p>\n","protected":false},"featured_media":0,"comment_status":"open","ping_status":"closed","template":"","meta":{"inline_featured_image":false},"product_cat":[48,17,29],"product_tag":[],"class_list":{"0":"post-931","1":"product","2":"type-product","3":"status-publish","5":"product_cat-aminohapete-segud","6":"product_cat-aminohapped","7":"product_cat-sooduspakkumised","8":"pa_kogusg-500g","9":"pa_kunakasutada-a6-ennetrennitrenniajalparast","10":"pa_maitse-apelsin","11":"pa_maitse-puuviljapunts","12":"pa_maitse-sidruni_laimi","13":"pa_vorm-pulber","15":"first","16":"instock","17":"shipping-taxable","18":"purchasable","19":"product-type-variable"},"yoast_head":"<!-- This site is optimized with the Yoast SEO plugin v27.3 - https:\/\/yoast.com\/product\/yoast-seo-wordpress\/ -->\n<title>Asendamatud aminohapped + B-vitamiinid, tsink, magneesium - SELF Essential Amino<\/title>\n<meta name=\"description\" content=\"Asendamatud aminohapped + B-vitamiinid, tsink, magneesium - SELF Essential Amino\" \/>\n<meta name=\"robots\" content=\"index, follow, max-snippet:-1, max-image-preview:large, max-video-preview:-1\" \/>\n<link rel=\"canonical\" href=\"https:\/\/mybody5.ee.mybody.ee\/proov\/product\/asendamatud-aminohapped-b-vitamiinid-tsink-magneesium-self-essential-amino\/\" \/>\n<meta property=\"og:locale\" content=\"et_EE\" \/>\n<meta property=\"og:type\" content=\"article\" \/>\n<meta property=\"og:title\" content=\"Asendamatud aminohapped + B-vitamiinid, tsink, magneesium - SELF Essential Amino\" \/>\n<meta property=\"og:description\" content=\"Asendamatud aminohapped + B-vitamiinid, tsink, magneesium - SELF Essential Amino\" \/>\n<meta property=\"og:url\" content=\"https:\/\/mybody5.ee.mybody.ee\/proov\/product\/asendamatud-aminohapped-b-vitamiinid-tsink-magneesium-self-essential-amino\/\" \/>\n<meta property=\"og:site_name\" content=\"supplero\" \/>\n<meta property=\"article:publisher\" content=\"https:\/\/facebook.com\/MyBody.ee\/\" \/>\n<meta property=\"og:image\" content=\"https:\/\/mybody5.ee.mybody.ee\/proov\/wp-content\/uploads\/2023\/11\/mybody_logo_h65.png\" \/>\n\t<meta property=\"og:image:width\" content=\"229\" \/>\n\t<meta property=\"og:image:height\" content=\"65\" \/>\n\t<meta property=\"og:image:type\" content=\"image\/png\" \/>\n<meta name=\"twitter:card\" content=\"summary_large_image\" \/>\n<meta name=\"twitter:label1\" content=\"Est. reading time\" \/>\n\t<meta name=\"twitter:data1\" content=\"1 minut\" \/>\n<script type=\"application\/ld+json\" class=\"yoast-schema-graph\">{\"@context\":\"https:\\\/\\\/schema.org\",\"@graph\":[{\"@type\":\"WebPage\",\"@id\":\"https:\\\/\\\/mybody5.ee.mybody.ee\\\/proov\\\/product\\\/asendamatud-aminohapped-b-vitamiinid-tsink-magneesium-self-essential-amino\\\/\",\"url\":\"https:\\\/\\\/mybody5.ee.mybody.ee\\\/proov\\\/product\\\/asendamatud-aminohapped-b-vitamiinid-tsink-magneesium-self-essential-amino\\\/\",\"name\":\"Asendamatud aminohapped + B-vitamiinid, tsink, magneesium - SELF Essential Amino\",\"isPartOf\":{\"@id\":\"https:\\\/\\\/mybody5.ee.mybody.ee\\\/proov\\\/#website\"},\"datePublished\":\"2020-12-06T20:05:01+00:00\",\"description\":\"Asendamatud aminohapped + B-vitamiinid, tsink, magneesium - SELF Essential Amino\",\"breadcrumb\":{\"@id\":\"https:\\\/\\\/mybody5.ee.mybody.ee\\\/proov\\\/product\\\/asendamatud-aminohapped-b-vitamiinid-tsink-magneesium-self-essential-amino\\\/#breadcrumb\"},\"inLanguage\":\"et\",\"potentialAction\":[{\"@type\":\"ReadAction\",\"target\":[\"https:\\\/\\\/mybody5.ee.mybody.ee\\\/proov\\\/product\\\/asendamatud-aminohapped-b-vitamiinid-tsink-magneesium-self-essential-amino\\\/\"]}]},{\"@type\":\"BreadcrumbList\",\"@id\":\"https:\\\/\\\/mybody5.ee.mybody.ee\\\/proov\\\/product\\\/asendamatud-aminohapped-b-vitamiinid-tsink-magneesium-self-essential-amino\\\/#breadcrumb\",\"itemListElement\":[{\"@type\":\"ListItem\",\"position\":1,\"name\":\"Home\",\"item\":\"https:\\\/\\\/mybody5.ee.mybody.ee\\\/proov\\\/\"},{\"@type\":\"ListItem\",\"position\":2,\"name\":\"Shop\",\"item\":\"https:\\\/\\\/mybody5.ee.mybody.ee\\\/proov\\\/shop\\\/\"},{\"@type\":\"ListItem\",\"position\":3,\"name\":\"Asendamatud aminohapped + B-vitamiinid, tsink, magneesium &#8211; SELF Essential Amino\"}]},{\"@type\":\"WebSite\",\"@id\":\"https:\\\/\\\/mybody5.ee.mybody.ee\\\/proov\\\/#website\",\"url\":\"https:\\\/\\\/mybody5.ee.mybody.ee\\\/proov\\\/\",\"name\":\"MyBody.ee - Toidulisandid ja sporditarvikud\",\"description\":\"Just another WordPress site\",\"publisher\":{\"@id\":\"https:\\\/\\\/mybody5.ee.mybody.ee\\\/proov\\\/#organization\"},\"potentialAction\":[{\"@type\":\"SearchAction\",\"target\":{\"@type\":\"EntryPoint\",\"urlTemplate\":\"https:\\\/\\\/mybody5.ee.mybody.ee\\\/proov\\\/?s={search_term_string}\"},\"query-input\":{\"@type\":\"PropertyValueSpecification\",\"valueRequired\":true,\"valueName\":\"search_term_string\"}}],\"inLanguage\":\"et\"},{\"@type\":\"Organization\",\"@id\":\"https:\\\/\\\/mybody5.ee.mybody.ee\\\/proov\\\/#organization\",\"name\":\"MyBody.ee\",\"url\":\"https:\\\/\\\/mybody5.ee.mybody.ee\\\/proov\\\/\",\"logo\":{\"@type\":\"ImageObject\",\"inLanguage\":\"et\",\"@id\":\"https:\\\/\\\/mybody5.ee.mybody.ee\\\/proov\\\/#\\\/schema\\\/logo\\\/image\\\/\",\"url\":\"https:\\\/\\\/mybody5.ee.mybody.ee\\\/proov\\\/wp-content\\\/uploads\\\/2023\\\/11\\\/mybody_logo_h65-2.png\",\"contentUrl\":\"https:\\\/\\\/mybody5.ee.mybody.ee\\\/proov\\\/wp-content\\\/uploads\\\/2023\\\/11\\\/mybody_logo_h65-2.png\",\"width\":229,\"height\":65,\"caption\":\"MyBody.ee\"},\"image\":{\"@id\":\"https:\\\/\\\/mybody5.ee.mybody.ee\\\/proov\\\/#\\\/schema\\\/logo\\\/image\\\/\"},\"sameAs\":[\"https:\\\/\\\/facebook.com\\\/MyBody.ee\\\/\"]}]}<\/script>\n<!-- \/ Yoast SEO plugin. -->","yoast_head_json":{"title":"Asendamatud aminohapped + B-vitamiinid, tsink, magneesium - SELF Essential Amino","description":"Asendamatud aminohapped + B-vitamiinid, tsink, magneesium - SELF Essential Amino","robots":{"index":"index","follow":"follow","max-snippet":"max-snippet:-1","max-image-preview":"max-image-preview:large","max-video-preview":"max-video-preview:-1"},"canonical":"https:\/\/mybody5.ee.mybody.ee\/proov\/product\/asendamatud-aminohapped-b-vitamiinid-tsink-magneesium-self-essential-amino\/","og_locale":"et_EE","og_type":"article","og_title":"Asendamatud aminohapped + B-vitamiinid, tsink, magneesium - SELF Essential Amino","og_description":"Asendamatud aminohapped + B-vitamiinid, tsink, magneesium - SELF Essential Amino","og_url":"https:\/\/mybody5.ee.mybody.ee\/proov\/product\/asendamatud-aminohapped-b-vitamiinid-tsink-magneesium-self-essential-amino\/","og_site_name":"supplero","article_publisher":"https:\/\/facebook.com\/MyBody.ee\/","og_image":[{"width":229,"height":65,"url":"https:\/\/mybody5.ee.mybody.ee\/proov\/wp-content\/uploads\/2023\/11\/mybody_logo_h65.png","type":"image\/png"}],"twitter_card":"summary_large_image","twitter_misc":{"Est. reading time":"1 minut"},"schema":{"@context":"https:\/\/schema.org","@graph":[{"@type":"WebPage","@id":"https:\/\/mybody5.ee.mybody.ee\/proov\/product\/asendamatud-aminohapped-b-vitamiinid-tsink-magneesium-self-essential-amino\/","url":"https:\/\/mybody5.ee.mybody.ee\/proov\/product\/asendamatud-aminohapped-b-vitamiinid-tsink-magneesium-self-essential-amino\/","name":"Asendamatud aminohapped + B-vitamiinid, tsink, magneesium - SELF Essential Amino","isPartOf":{"@id":"https:\/\/mybody5.ee.mybody.ee\/proov\/#website"},"datePublished":"2020-12-06T20:05:01+00:00","description":"Asendamatud aminohapped + B-vitamiinid, tsink, magneesium - SELF Essential Amino","breadcrumb":{"@id":"https:\/\/mybody5.ee.mybody.ee\/proov\/product\/asendamatud-aminohapped-b-vitamiinid-tsink-magneesium-self-essential-amino\/#breadcrumb"},"inLanguage":"et","potentialAction":[{"@type":"ReadAction","target":["https:\/\/mybody5.ee.mybody.ee\/proov\/product\/asendamatud-aminohapped-b-vitamiinid-tsink-magneesium-self-essential-amino\/"]}]},{"@type":"BreadcrumbList","@id":"https:\/\/mybody5.ee.mybody.ee\/proov\/product\/asendamatud-aminohapped-b-vitamiinid-tsink-magneesium-self-essential-amino\/#breadcrumb","itemListElement":[{"@type":"ListItem","position":1,"name":"Home","item":"https:\/\/mybody5.ee.mybody.ee\/proov\/"},{"@type":"ListItem","position":2,"name":"Shop","item":"https:\/\/mybody5.ee.mybody.ee\/proov\/shop\/"},{"@type":"ListItem","position":3,"name":"Asendamatud aminohapped + B-vitamiinid, tsink, magneesium &#8211; SELF Essential Amino"}]},{"@type":"WebSite","@id":"https:\/\/mybody5.ee.mybody.ee\/proov\/#website","url":"https:\/\/mybody5.ee.mybody.ee\/proov\/","name":"MyBody.ee - Toidulisandid ja sporditarvikud","description":"Just another WordPress site","publisher":{"@id":"https:\/\/mybody5.ee.mybody.ee\/proov\/#organization"},"potentialAction":[{"@type":"SearchAction","target":{"@type":"EntryPoint","urlTemplate":"https:\/\/mybody5.ee.mybody.ee\/proov\/?s={search_term_string}"},"query-input":{"@type":"PropertyValueSpecification","valueRequired":true,"valueName":"search_term_string"}}],"inLanguage":"et"},{"@type":"Organization","@id":"https:\/\/mybody5.ee.mybody.ee\/proov\/#organization","name":"MyBody.ee","url":"https:\/\/mybody5.ee.mybody.ee\/proov\/","logo":{"@type":"ImageObject","inLanguage":"et","@id":"https:\/\/mybody5.ee.mybody.ee\/proov\/#\/schema\/logo\/image\/","url":"https:\/\/mybody5.ee.mybody.ee\/proov\/wp-content\/uploads\/2023\/11\/mybody_logo_h65-2.png","contentUrl":"https:\/\/mybody5.ee.mybody.ee\/proov\/wp-content\/uploads\/2023\/11\/mybody_logo_h65-2.png","width":229,"height":65,"caption":"MyBody.ee"},"image":{"@id":"https:\/\/mybody5.ee.mybody.ee\/proov\/#\/schema\/logo\/image\/"},"sameAs":["https:\/\/facebook.com\/MyBody.ee\/"]}]}},"_links":{"self":[{"href":"https:\/\/mybody5.ee.mybody.ee\/proov\/wp-json\/wp\/v2\/product\/931","targetHints":{"allow":["GET"]}}],"collection":[{"href":"https:\/\/mybody5.ee.mybody.ee\/proov\/wp-json\/wp\/v2\/product"}],"about":[{"href":"https:\/\/mybody5.ee.mybody.ee\/proov\/wp-json\/wp\/v2\/types\/product"}],"replies":[{"embeddable":true,"href":"https:\/\/mybody5.ee.mybody.ee\/proov\/wp-json\/wp\/v2\/comments?post=931"}],"wp:attachment":[{"href":"https:\/\/mybody5.ee.mybody.ee\/proov\/wp-json\/wp\/v2\/media?parent=931"}],"wp:term":[{"taxonomy":"product_cat","embeddable":true,"href":"https:\/\/mybody5.ee.mybody.ee\/proov\/wp-json\/wp\/v2\/product_cat?post=931"},{"taxonomy":"product_tag","embeddable":true,"href":"https:\/\/mybody5.ee.mybody.ee\/proov\/wp-json\/wp\/v2\/product_tag?post=931"}],"curies":[{"name":"wp","href":"https:\/\/api.w.org\/{rel}","templated":true}]}}