{"id":938,"date":"2021-01-03T15:23:21","date_gmt":"2021-01-03T15:23:21","guid":{"rendered":"https:\/\/mybody5.ee.mybody.ee\/proov\/product\/proteiini-kreem-pahkli-ja-sokolaadiga-all-stars-protein-cream-330g\/"},"modified":"2021-01-03T15:23:21","modified_gmt":"2021-01-03T15:23:21","slug":"proteiini-kreem-pahkli-ja-sokolaadiga-all-stars-protein-cream-330g","status":"publish","type":"product","link":"https:\/\/mybody5.ee.mybody.ee\/proov\/product\/proteiini-kreem-pahkli-ja-sokolaadiga-all-stars-protein-cream-330g\/","title":{"rendered":"Proteiini kreem p\u00e4hkli ja \u0161okolaadiga &#8211; All Stars Protein Cream 330g"},"content":{"rendered":"<p><font face=\"Arial\"><span style=\"font-size: 14px;\"><b>All Stars Protein Cream<\/b><\/span><span style=\"font-size: 14px;\">&nbsp;k\u00f5rge proteiini sisaldusega ilma lisatud suhkruteta ja palmi\u00f5lita.<\/span><\/font><\/p>\n<p><span style=\"caret-color: rgb(0, 0, 0); font-size: 14px; white-space: pre-wrap; text-size-adjust: auto;\"><font face=\"Arial\">Kas teile meeldib hommikus\u00f6\u00f6k, kus on saiale, sepikule v\u00f5i pannkoogile lisatud Nutella m\u00e4\u00e4ret?  Siin on olemas alternatiiv arvukatele rohke suhkru ja halbade rasvade variantidele &#8211;  All Stars Protein Cream.   Mida proteiinikreem sisaldab?  <b>Proteiin kreemis<\/b> sisalduvad rasvad on puhtalt taimsed ja koosnevad rapsi\u00f5li, shea v\u00f5ist ja kookos\u00f5li segust. See ei sisalda palmi\u00f5li. Valgusisalduse annab vadakuvalgu kontsentraat, mille osa on 25%, mis on magustatud magusaine maltitooliga. P\u00e4ris p\u00e4hklid pakuvad p\u00e4hklip\u00e4hkli kreemi imelist p\u00e4hklimaitset, \u0161okolaadip\u00e4hklikreemis on kakaopulber kombineeritud sarapuup\u00e4hklitega &#8211; maitsva \u0161okolaadi aroomi saamiseks.  M\u00f5lemad ALL STARS Protein Cream&#8217;i versioonid on t\u00f5eliselt maitsvad, h\u00f5lpsasti m\u00e4\u00e4ritavad ja sobivad suurep\u00e4raselt saia, sepiku, pannkookide juurde, neid saab kasutada smuutide lisandina v\u00f5i s\u00fc\u00fca otse lusikalt :). Vastavalt teie isiklikele eelistustele. Valgukreemi v\u00f5ib kasutada ka k\u00fcpsetamisel lisamaitseks tainasegusedes.<\/font><\/span><\/p>\n<p><span style=\"font-size: 14px;\">  <\/span><\/p>\n<ul><span style=\"font-size: 14px;\"> \t<\/span><\/p>\n<li style=\"text-align:justify\"><span style=\"font-family:arial,helvetica,sans-serif\"><span style=\"font-size: 14px;\">K\u00f5rge valgusisaldus<\/span><\/span><\/li>\n<p><span style=\"font-size: 14px;\"> \t<\/span><\/p>\n<li style=\"text-align:justify\"><span style=\"font-family:arial,helvetica,sans-serif\"><span style=\"font-size: 14px;\">ilma lisatud suhkruteta<\/span><\/span><\/li>\n<p><span style=\"font-size: 14px;\"> \t<\/span><\/p>\n<li style=\"text-align:justify\"><font face=\"arial, helvetica, sans-serif\"><span style=\"font-size: 14px;\">ei sisalda palmi\u00f5li<\/span><\/font><\/li>\n<li style=\"text-align:justify\"><font face=\"arial, helvetica, sans-serif\"><span style=\"font-size: 14px;\">kasutatud naturaalseid maitseid<\/span><\/font><\/li>\n<p><span style=\"font-size: 14px;\"> <\/span><\/ul>\n<p><span style=\"font-size: 14px;\">  <\/span><\/p>\n<h3><span style=\"color: inherit; font-family: inherit; font-size: 14px;\">Pakend: 33<\/span><span style=\"color: inherit; font-family: inherit; font-size: 12px;\"><span style=\"font-family: arial, helvetica, sans-serif; line-height: 1.6em; font-size: 14px;\">0g<\/span><\/span><br \/><\/h3>\n<p><span style=\"font-size: 14px;\">  <\/span><\/p>\n<h3><span style=\"font-size: 14px;\">Maitse: \u0160okolaadi p<font face=\"arial, helvetica, sans-serif\">\u00e4hklikreem, metsam\u00e4hkli kreem<\/font><\/span><\/h3>\n<p><span style=\"font-size: 14px;\">  <\/span><span style=\"font-size: 14px;\"> \t<\/span><span style=\"font-size: 14px;\"> \t\t<\/span><span style=\"font-size: 14px;\"> \t\t\t<\/span><span style=\"font-size: 14px;\"> \t\t\t<\/span><span style=\"font-size: 14px;\"> \t\t\t<\/span><span style=\"font-size: 14px;\"> \t\t<\/span><span style=\"font-size: 14px;\"> \t\t<\/span><span style=\"font-size: 14px;\"> \t\t\t<\/span><span style=\"font-size: 14px;\"> \t\t\t<\/span><span style=\"font-size: 14px;\"> \t\t\t<\/span><span style=\"font-size: 14px;\"> \t\t<\/span><span style=\"font-size: 14px;\"> \t\t<\/span><span style=\"font-size: 14px;\"> \t\t\t<\/span><span style=\"font-size: 14px;\"> \t\t\t<\/span><span style=\"font-size: 14px;\"> \t\t\t<\/span><span style=\"font-size: 14px;\"> \t\t<\/span><span style=\"font-size: 14px;\"> \t\t<\/span><span style=\"font-size: 14px;\"> \t\t\t<\/span><span style=\"font-size: 14px;\"> \t\t\t<\/span><span style=\"font-size: 14px;\"> \t\t\t<\/span><span style=\"font-size: 14px;\"> \t\t<\/span><span style=\"font-size: 14px;\"> \t\t<\/span><span style=\"font-size: 14px;\"> \t\t\t<\/span><span style=\"font-size: 14px;\"> \t\t\t<\/span><span style=\"font-size: 14px;\"> \t\t\t<\/span><span style=\"font-size: 14px;\"> \t\t<\/span><span style=\"font-size: 14px;\"> \t\t<\/span><span style=\"font-size: 14px;\"> \t\t\t<\/span><span style=\"font-size: 14px;\"> \t\t\t<\/span><span style=\"font-size: 14px;\"> \t\t\t<\/span><span style=\"font-size: 14px;\"> \t\t<\/span><span style=\"font-size: 14px;\"> \t\t<\/span><span style=\"font-size: 14px;\"> \t\t\t<\/span><span style=\"font-size: 14px;\"> \t\t\t<\/span><span style=\"font-size: 14px;\"> \t\t\t<\/span><span style=\"font-size: 14px;\"> \t\t<\/span><span style=\"font-size: 14px;\"> \t\t<\/span><span style=\"font-size: 14px;\"> \t\t\t<\/span><span style=\"font-size: 14px;\"> \t\t<\/span><span style=\"font-size: 14px;\"> \t<\/span><span style=\"font-size: 14px;\"> <\/span><\/p>\n<table cellpadding=\"1\" cellspacing=\"1\" class=\"table table-bordered table-striped\" style=\"height:100px;width:500px;\">\n<tbody>\n<tr>\n<td><font face=\"arial, helvetica, sans-serif\"><b><span style=\"font-size: 14px;\">Protein Cream toitev\u00e4\u00e4rtus<\/span><\/b><\/font><\/td>\n<td style=\"text-align:justify\"><span style=\"font-family: arial, helvetica, sans-serif; font-size: 14px;\"><strong>25g<\/strong><\/span><\/td>\n<td style=\"text-align:justify\"><span style=\"font-family: arial, helvetica, sans-serif; font-size: 14px;\"><strong>100g<\/strong><\/span><\/td>\n<\/tr>\n<tr>\n<td style=\"text-align:justify\"><span style=\"font-family: arial, helvetica, sans-serif; font-size: 14px;\">Energiat<\/span><\/td>\n<td style=\"text-align:justify\"><span style=\"font-family: arial, helvetica, sans-serif; font-size: 14px;\">139kcal\/583kJ<\/span><\/td>\n<td style=\"text-align:justify\"><span style=\"font-family: arial, helvetica, sans-serif; font-size: 14px;\">557kcal\/2332kJ<\/span><\/td>\n<\/tr>\n<tr>\n<td style=\"text-align:justify\"><span style=\"font-family: arial, helvetica, sans-serif; font-size: 14px;\">Valgud<\/span><\/td>\n<td style=\"text-align:justify\"><span style=\"font-family: arial, helvetica, sans-serif; font-size: 14px;\">10,7g<\/span><\/td>\n<td style=\"text-align:justify\"><span style=\"font-family: arial, helvetica, sans-serif; font-size: 14px;\">42,7g<\/span><\/td>\n<\/tr>\n<tr>\n<td style=\"text-align:justify\"><span style=\"font-family:arial,helvetica,sans-serif\"><span style=\"font-size: 14px;\">S\u00fcsivesikud,<\/span><br \/><span style=\"font-size: 14px;\"> \t\t\tmillest suhkur<\/span><br \/><span style=\"font-size: 14px;\">polyols<\/span><\/span><\/td>\n<td style=\"text-align:justify\"><span style=\"font-family:arial,helvetica,sans-serif\"><span style=\"font-size: 14px;\">8.2g<\/span><br \/><span style=\"font-size: 14px;\">1,2g<\/span><br \/><span style=\"font-size: 14px;\">6,9g<\/span><\/span><\/td>\n<td style=\"text-align:justify\"><span style=\"font-family:arial,helvetica,sans-serif\"><span style=\"font-size: 14px;\">32,8g<\/span><br \/><span style=\"font-size: 14px;\">4,9g<\/span><br \/><span style=\"font-size: 14px;\">27,7g<\/span><\/span><\/td>\n<\/tr>\n<tr>\n<td style=\"text-align:justify\"><span style=\"font-family:arial,helvetica,sans-serif\"><span style=\"font-size: 14px;\">Rasvad,<\/span><br \/><span style=\"font-size: 14px;\"> \t\t\tmillest k\u00fcllastunud<\/span><br \/><\/span><\/td>\n<td style=\"text-align:justify\"><span style=\"font-family:arial,helvetica,sans-serif\"><span style=\"font-size: 14px;\">10,7g<\/span><br \/><span style=\"font-size: 14px;\">4.6g<\/span><br \/><\/span><\/td>\n<td style=\"text-align:justify\"><span style=\"font-family:arial,helvetica,sans-serif\"><span style=\"font-size: 14px;\">42,7g<\/span><br \/><span style=\"font-size: 14px;\">18,2g<\/span><br \/><\/span><\/td>\n<\/tr>\n<tr>\n<td style=\"text-align:justify\"><span style=\"font-family: arial, helvetica, sans-serif; font-size: 14px; background-color: rgb(249, 249, 249);\">Naatrium<\/span><\/td>\n<td style=\"text-align:justify\"><span style=\"font-family: arial, helvetica, sans-serif; font-size: 14px; background-color: rgb(249, 249, 249);\">0.1g<\/span><\/td>\n<td style=\"text-align:justify\"><span style=\"font-family: arial, helvetica, sans-serif; font-size: 14px; background-color: rgb(249, 249, 249);\">0.1g<\/span><\/td>\n<\/tr>\n<tr>\n<td style=\"text-align:justify\"><\/td>\n<td style=\"text-align:justify\"><\/td>\n<td style=\"text-align:justify\"><\/td>\n<\/tr>\n<tr>\n<td colspan=\"3\" style=\"text-align:justify\"><span style=\"font-size: 14px;\"> \t\t\t<\/span><\/p>\n<p style=\"text-align: left;\"><span style=\"font-size: 14px;\">Koostis: taimne \u00f5li(rapsi\u00f5li, shea v\u00f5i, kookos) vadakuvalk 25%, naturaalsed maitseained, p\u00e4hklid, kooritud piimapulber, kakao v\u00f5i, maitsed (sunfower, lecithin) magustaja: maltitool<\/span><\/p>\n<\/td>\n<\/tr>\n<\/tbody>\n<\/table>\n<h3><span style=\"font-size: 14px;\">Konsultatsioon<\/span><\/h3>\n<p><span style=\"font-size: 14px;\">  <\/span><\/p>\n<ul><span style=\"font-size: 14px;\"> \t<\/span><\/p>\n<li style=\"text-align:justify\"><span style=\"font-family: arial, helvetica, sans-serif; font-size: 14px;\">Oled oodatud tasuta konsultatsioonile MYBODY Audentese kauplusesse,<\/span><\/li>\n<p><span style=\"font-size: 14px;\"> \t<\/span><\/p>\n<li style=\"text-align:justify\"><span style=\"font-family: arial, helvetica, sans-serif; font-size: 14px;\">Asukoht: Audentese Spordikeskusesse, Tondi 84.<\/span><\/li>\n<p><span style=\"font-size: 14px;\"> \t<\/span><\/p>\n<li style=\"text-align:justify\"><span style=\"font-family: arial, helvetica, sans-serif; font-size: 14px;\">Telefon EST\/RUS\/ENG +372&nbsp;523 1960<\/span><\/li>\n<p><span style=\"font-size: 14px;\"> \t<\/span><\/p>\n<li style=\"text-align:justify\"><span style=\"font-family: arial, helvetica, sans-serif; font-size: 14px;\">Telefon EST\/ENG +372 56&nbsp;458&nbsp;688<\/span><\/li>\n<p><span style=\"font-size: 14px;\"> \t<\/span><\/p>\n<li style=\"text-align:justify\"><span style=\"font-family: arial, helvetica, sans-serif; font-size: 14px;\"><a href=\"mailto:info@mybody.ee\">info@mybody.ee<\/a><\/span><\/li>\n<p><span style=\"font-size: 14px;\"> \t<\/span><\/p>\n<li style=\"text-align:justify\"><span style=\"font-family: arial, helvetica, sans-serif; font-size: 14px;\"><a href=\"http:\/\/www.facebook.com\/mybody.ee\">www.facebook.com\/mybody.ee<\/a><\/span><\/li>\n<\/ul>\n","protected":false},"excerpt":{"rendered":"<p>All Stars Protein Cream&nbsp;k\u00f5rge proteiini sisaldusega ilma lisatud suhkruteta ja palmi\u00f5lita. Kas teile meeldib hommikus\u00f6\u00f6k, kus on saiale, sepikule v\u00f5i pannkoogile lisatud Nutella m\u00e4\u00e4ret? Siin on olemas alternatiiv arvukatele rohke suhkru ja halbade rasvade variantidele &#8211; All Stars Protein Cream. Mida proteiinikreem sisaldab? Proteiin kreemis sisalduvad rasvad on puhtalt taimsed ja koosnevad rapsi\u00f5li, shea v\u00f5ist [&hellip;]<\/p>\n","protected":false},"featured_media":0,"comment_status":"open","ping_status":"closed","template":"","meta":{"inline_featured_image":false},"product_cat":[19,25,43],"product_tag":[],"class_list":{"0":"post-938","1":"product","2":"type-product","3":"status-publish","5":"product_cat-dieettooted","6":"product_cat-naturaalsed-toidulisandid","7":"product_cat-toidulisandid","8":"pa_kogusg-240g","9":"pa_kunakasutada-uldiselttugevdav","10":"pa_maitse-maapahkel","11":"pa_maitse-maapahkel_sokolaad","12":"pa_vorm-pulber","14":"first","15":"instock","16":"shipping-taxable","17":"purchasable","18":"product-type-variable"},"yoast_head":"<!-- This site is optimized with the Yoast SEO plugin v27.3 - https:\/\/yoast.com\/product\/yoast-seo-wordpress\/ -->\n<title>Pannkoogi- ja vahvlisegu - SELF Protein Pancake 240g - MyBody.ee - Toidulisandid ja sporditarvikud<\/title>\n<meta name=\"description\" content=\"SELF Protein Pancake\u00a0on laktoosi -ja gluteenivaba jahusegu,\u00a0millest\" \/>\n<meta name=\"robots\" content=\"index, follow, max-snippet:-1, max-image-preview:large, max-video-preview:-1\" \/>\n<link rel=\"canonical\" href=\"https:\/\/mybody5.ee.mybody.ee\/proov\/product\/proteiini-kreem-pahkli-ja-sokolaadiga-all-stars-protein-cream-330g\/\" \/>\n<meta property=\"og:locale\" content=\"et_EE\" \/>\n<meta property=\"og:type\" content=\"article\" \/>\n<meta property=\"og:title\" content=\"Pannkoogi- ja vahvlisegu - SELF Protein Pancake 240g - MyBody.ee - Toidulisandid ja sporditarvikud\" \/>\n<meta property=\"og:description\" content=\"SELF Protein Pancake\u00a0on laktoosi -ja gluteenivaba jahusegu,\u00a0millest\" \/>\n<meta property=\"og:url\" content=\"https:\/\/mybody5.ee.mybody.ee\/proov\/product\/proteiini-kreem-pahkli-ja-sokolaadiga-all-stars-protein-cream-330g\/\" \/>\n<meta property=\"og:site_name\" content=\"supplero\" \/>\n<meta property=\"article:publisher\" content=\"https:\/\/facebook.com\/MyBody.ee\/\" \/>\n<meta property=\"og:image\" content=\"https:\/\/mybody5.ee.mybody.ee\/proov\/wp-content\/uploads\/2023\/11\/mybody_logo_h65.png\" \/>\n\t<meta property=\"og:image:width\" content=\"229\" \/>\n\t<meta property=\"og:image:height\" content=\"65\" \/>\n\t<meta property=\"og:image:type\" content=\"image\/png\" \/>\n<meta name=\"twitter:card\" content=\"summary_large_image\" \/>\n<meta name=\"twitter:label1\" content=\"Est. reading time\" \/>\n\t<meta name=\"twitter:data1\" content=\"1 minut\" \/>\n<script type=\"application\/ld+json\" class=\"yoast-schema-graph\">{\"@context\":\"https:\\\/\\\/schema.org\",\"@graph\":[{\"@type\":\"WebPage\",\"@id\":\"https:\\\/\\\/mybody5.ee.mybody.ee\\\/proov\\\/product\\\/proteiini-kreem-pahkli-ja-sokolaadiga-all-stars-protein-cream-330g\\\/\",\"url\":\"https:\\\/\\\/mybody5.ee.mybody.ee\\\/proov\\\/product\\\/proteiini-kreem-pahkli-ja-sokolaadiga-all-stars-protein-cream-330g\\\/\",\"name\":\"Pannkoogi- ja vahvlisegu - SELF Protein Pancake 240g - MyBody.ee - Toidulisandid ja sporditarvikud\",\"isPartOf\":{\"@id\":\"https:\\\/\\\/mybody5.ee.mybody.ee\\\/proov\\\/#website\"},\"datePublished\":\"2021-01-03T15:23:21+00:00\",\"description\":\"SELF Protein Pancake\u00a0on laktoosi -ja gluteenivaba jahusegu,\u00a0millest\",\"breadcrumb\":{\"@id\":\"https:\\\/\\\/mybody5.ee.mybody.ee\\\/proov\\\/product\\\/proteiini-kreem-pahkli-ja-sokolaadiga-all-stars-protein-cream-330g\\\/#breadcrumb\"},\"inLanguage\":\"et\",\"potentialAction\":[{\"@type\":\"ReadAction\",\"target\":[\"https:\\\/\\\/mybody5.ee.mybody.ee\\\/proov\\\/product\\\/proteiini-kreem-pahkli-ja-sokolaadiga-all-stars-protein-cream-330g\\\/\"]}]},{\"@type\":\"BreadcrumbList\",\"@id\":\"https:\\\/\\\/mybody5.ee.mybody.ee\\\/proov\\\/product\\\/proteiini-kreem-pahkli-ja-sokolaadiga-all-stars-protein-cream-330g\\\/#breadcrumb\",\"itemListElement\":[{\"@type\":\"ListItem\",\"position\":1,\"name\":\"Home\",\"item\":\"https:\\\/\\\/mybody5.ee.mybody.ee\\\/proov\\\/\"},{\"@type\":\"ListItem\",\"position\":2,\"name\":\"Shop\",\"item\":\"https:\\\/\\\/mybody5.ee.mybody.ee\\\/proov\\\/shop\\\/\"},{\"@type\":\"ListItem\",\"position\":3,\"name\":\"Proteiini kreem p\u00e4hkli ja \u0161okolaadiga &#8211; All Stars Protein Cream 330g\"}]},{\"@type\":\"WebSite\",\"@id\":\"https:\\\/\\\/mybody5.ee.mybody.ee\\\/proov\\\/#website\",\"url\":\"https:\\\/\\\/mybody5.ee.mybody.ee\\\/proov\\\/\",\"name\":\"MyBody.ee - Toidulisandid ja sporditarvikud\",\"description\":\"Just another WordPress site\",\"publisher\":{\"@id\":\"https:\\\/\\\/mybody5.ee.mybody.ee\\\/proov\\\/#organization\"},\"potentialAction\":[{\"@type\":\"SearchAction\",\"target\":{\"@type\":\"EntryPoint\",\"urlTemplate\":\"https:\\\/\\\/mybody5.ee.mybody.ee\\\/proov\\\/?s={search_term_string}\"},\"query-input\":{\"@type\":\"PropertyValueSpecification\",\"valueRequired\":true,\"valueName\":\"search_term_string\"}}],\"inLanguage\":\"et\"},{\"@type\":\"Organization\",\"@id\":\"https:\\\/\\\/mybody5.ee.mybody.ee\\\/proov\\\/#organization\",\"name\":\"MyBody.ee\",\"url\":\"https:\\\/\\\/mybody5.ee.mybody.ee\\\/proov\\\/\",\"logo\":{\"@type\":\"ImageObject\",\"inLanguage\":\"et\",\"@id\":\"https:\\\/\\\/mybody5.ee.mybody.ee\\\/proov\\\/#\\\/schema\\\/logo\\\/image\\\/\",\"url\":\"https:\\\/\\\/mybody5.ee.mybody.ee\\\/proov\\\/wp-content\\\/uploads\\\/2023\\\/11\\\/mybody_logo_h65-2.png\",\"contentUrl\":\"https:\\\/\\\/mybody5.ee.mybody.ee\\\/proov\\\/wp-content\\\/uploads\\\/2023\\\/11\\\/mybody_logo_h65-2.png\",\"width\":229,\"height\":65,\"caption\":\"MyBody.ee\"},\"image\":{\"@id\":\"https:\\\/\\\/mybody5.ee.mybody.ee\\\/proov\\\/#\\\/schema\\\/logo\\\/image\\\/\"},\"sameAs\":[\"https:\\\/\\\/facebook.com\\\/MyBody.ee\\\/\"]}]}<\/script>\n<!-- \/ Yoast SEO plugin. -->","yoast_head_json":{"title":"Pannkoogi- ja vahvlisegu - SELF Protein Pancake 240g - MyBody.ee - Toidulisandid ja sporditarvikud","description":"SELF Protein Pancake\u00a0on laktoosi -ja gluteenivaba jahusegu,\u00a0millest","robots":{"index":"index","follow":"follow","max-snippet":"max-snippet:-1","max-image-preview":"max-image-preview:large","max-video-preview":"max-video-preview:-1"},"canonical":"https:\/\/mybody5.ee.mybody.ee\/proov\/product\/proteiini-kreem-pahkli-ja-sokolaadiga-all-stars-protein-cream-330g\/","og_locale":"et_EE","og_type":"article","og_title":"Pannkoogi- ja vahvlisegu - SELF Protein Pancake 240g - MyBody.ee - Toidulisandid ja sporditarvikud","og_description":"SELF Protein Pancake\u00a0on laktoosi -ja gluteenivaba jahusegu,\u00a0millest","og_url":"https:\/\/mybody5.ee.mybody.ee\/proov\/product\/proteiini-kreem-pahkli-ja-sokolaadiga-all-stars-protein-cream-330g\/","og_site_name":"supplero","article_publisher":"https:\/\/facebook.com\/MyBody.ee\/","og_image":[{"width":229,"height":65,"url":"https:\/\/mybody5.ee.mybody.ee\/proov\/wp-content\/uploads\/2023\/11\/mybody_logo_h65.png","type":"image\/png"}],"twitter_card":"summary_large_image","twitter_misc":{"Est. reading time":"1 minut"},"schema":{"@context":"https:\/\/schema.org","@graph":[{"@type":"WebPage","@id":"https:\/\/mybody5.ee.mybody.ee\/proov\/product\/proteiini-kreem-pahkli-ja-sokolaadiga-all-stars-protein-cream-330g\/","url":"https:\/\/mybody5.ee.mybody.ee\/proov\/product\/proteiini-kreem-pahkli-ja-sokolaadiga-all-stars-protein-cream-330g\/","name":"Pannkoogi- ja vahvlisegu - SELF Protein Pancake 240g - MyBody.ee - Toidulisandid ja sporditarvikud","isPartOf":{"@id":"https:\/\/mybody5.ee.mybody.ee\/proov\/#website"},"datePublished":"2021-01-03T15:23:21+00:00","description":"SELF Protein Pancake\u00a0on laktoosi -ja gluteenivaba jahusegu,\u00a0millest","breadcrumb":{"@id":"https:\/\/mybody5.ee.mybody.ee\/proov\/product\/proteiini-kreem-pahkli-ja-sokolaadiga-all-stars-protein-cream-330g\/#breadcrumb"},"inLanguage":"et","potentialAction":[{"@type":"ReadAction","target":["https:\/\/mybody5.ee.mybody.ee\/proov\/product\/proteiini-kreem-pahkli-ja-sokolaadiga-all-stars-protein-cream-330g\/"]}]},{"@type":"BreadcrumbList","@id":"https:\/\/mybody5.ee.mybody.ee\/proov\/product\/proteiini-kreem-pahkli-ja-sokolaadiga-all-stars-protein-cream-330g\/#breadcrumb","itemListElement":[{"@type":"ListItem","position":1,"name":"Home","item":"https:\/\/mybody5.ee.mybody.ee\/proov\/"},{"@type":"ListItem","position":2,"name":"Shop","item":"https:\/\/mybody5.ee.mybody.ee\/proov\/shop\/"},{"@type":"ListItem","position":3,"name":"Proteiini kreem p\u00e4hkli ja \u0161okolaadiga &#8211; All Stars Protein Cream 330g"}]},{"@type":"WebSite","@id":"https:\/\/mybody5.ee.mybody.ee\/proov\/#website","url":"https:\/\/mybody5.ee.mybody.ee\/proov\/","name":"MyBody.ee - Toidulisandid ja sporditarvikud","description":"Just another WordPress site","publisher":{"@id":"https:\/\/mybody5.ee.mybody.ee\/proov\/#organization"},"potentialAction":[{"@type":"SearchAction","target":{"@type":"EntryPoint","urlTemplate":"https:\/\/mybody5.ee.mybody.ee\/proov\/?s={search_term_string}"},"query-input":{"@type":"PropertyValueSpecification","valueRequired":true,"valueName":"search_term_string"}}],"inLanguage":"et"},{"@type":"Organization","@id":"https:\/\/mybody5.ee.mybody.ee\/proov\/#organization","name":"MyBody.ee","url":"https:\/\/mybody5.ee.mybody.ee\/proov\/","logo":{"@type":"ImageObject","inLanguage":"et","@id":"https:\/\/mybody5.ee.mybody.ee\/proov\/#\/schema\/logo\/image\/","url":"https:\/\/mybody5.ee.mybody.ee\/proov\/wp-content\/uploads\/2023\/11\/mybody_logo_h65-2.png","contentUrl":"https:\/\/mybody5.ee.mybody.ee\/proov\/wp-content\/uploads\/2023\/11\/mybody_logo_h65-2.png","width":229,"height":65,"caption":"MyBody.ee"},"image":{"@id":"https:\/\/mybody5.ee.mybody.ee\/proov\/#\/schema\/logo\/image\/"},"sameAs":["https:\/\/facebook.com\/MyBody.ee\/"]}]}},"_links":{"self":[{"href":"https:\/\/mybody5.ee.mybody.ee\/proov\/wp-json\/wp\/v2\/product\/938","targetHints":{"allow":["GET"]}}],"collection":[{"href":"https:\/\/mybody5.ee.mybody.ee\/proov\/wp-json\/wp\/v2\/product"}],"about":[{"href":"https:\/\/mybody5.ee.mybody.ee\/proov\/wp-json\/wp\/v2\/types\/product"}],"replies":[{"embeddable":true,"href":"https:\/\/mybody5.ee.mybody.ee\/proov\/wp-json\/wp\/v2\/comments?post=938"}],"wp:attachment":[{"href":"https:\/\/mybody5.ee.mybody.ee\/proov\/wp-json\/wp\/v2\/media?parent=938"}],"wp:term":[{"taxonomy":"product_cat","embeddable":true,"href":"https:\/\/mybody5.ee.mybody.ee\/proov\/wp-json\/wp\/v2\/product_cat?post=938"},{"taxonomy":"product_tag","embeddable":true,"href":"https:\/\/mybody5.ee.mybody.ee\/proov\/wp-json\/wp\/v2\/product_tag?post=938"}],"curies":[{"name":"wp","href":"https:\/\/api.w.org\/{rel}","templated":true}]}}