{"id":941,"date":"2021-01-11T22:52:22","date_gmt":"2021-01-11T22:52:22","guid":{"rendered":"https:\/\/mybody5.ee.mybody.ee\/proov\/product\/parima-maitsega-vadakuvalgupulber-taastumiseks-self-whey-shake-biscotto-kupsise\/"},"modified":"2021-01-11T22:52:22","modified_gmt":"2021-01-11T22:52:22","slug":"parima-maitsega-vadakuvalgupulber-taastumiseks-self-whey-shake-biscotto-kupsise","status":"publish","type":"product","link":"https:\/\/mybody5.ee.mybody.ee\/proov\/product\/parima-maitsega-vadakuvalgupulber-taastumiseks-self-whey-shake-biscotto-kupsise\/","title":{"rendered":"Parima maitsega vadakuvalgupulber taastumiseks &#8211; SELF Whey Shake"},"content":{"rendered":"<p><strong>BF: 06.2023<\/strong><\/p>\n<p><strong>SELF Whey Shake<\/strong>&nbsp;on magusainega toidulisand&nbsp;kvaliteetsest piima vadakuvalgust, mis sobib kasutamiseks nii tippsportlastele, tervisesportlastele kui lihtsalt oma tervisest hoolivatele inimestele, kuna&nbsp;vadakuvalk on nii v\u00f5i teisiti organismile vajalik makrotoitaine.&nbsp;Toode on eriline oma suurep\u00e4rase ja puhta maitse poolest, mis on saavutatud t\u00e4nu naturaalsele&nbsp;piima- ja koorepulbrile.<\/p>\n<p><strong>Whey Shake<\/strong> aitab taastuda igasugustest treeningutest, olgu nendeks j\u00f5ualad, pallim\u00e4ngud, kontaktspordialad, kergej\u00f5ustik v\u00f5i vastupidavusalad.<\/p>\n<p>Men\u00fc\u00fc valgusisalduse suurendamiseks v\u00f5ib&nbsp;valgupulbrit&nbsp;segada ka pudru v\u00f5i jogurti sisse.&nbsp;Whey Shake&nbsp;valgupulber talub ka kuumutamist ning sobib seet\u00f5ttu h\u00e4sti k\u00fcpsetamiseks ja&nbsp;toiduvalmistamiseks.<\/p>\n<h3>Omadused<\/h3>\n<ul>\n<li>Veelgi parem maitse t\u00e4nu uuele tehnoloogiale<\/li>\n<li>K\u00f5rgeima bioloogilise v\u00e4\u00e4rtusega valk<\/li>\n<li>Sobib ka k\u00fcpsetamiseks ja smuutidesse<\/li>\n<li>Aitab kehal taastuda p\u00e4rast treeningut<\/li>\n<\/ul>\n<h3>Kasutamine<\/h3>\n<p><span style=\"line-height: 20.7999992370605px;\">Segada 30 g (1 m\u00f5\u00f5dulusikas) pulbrit 3-4 dl vee, mahla v\u00f5i piimaga 1-3 korda p\u00e4evas. Toode ei asenda mitmek\u00fclgset ja tasakaalustatud toitumist ning tervislikku eluviisi.<\/span><\/p>\n<h3>Kellele sobib?<\/h3>\n<p><span style=\"line-height: 20.7999992370605px;\">Sobib k\u00f5ikide spordialade harrastajatele lisavalguna enne ja\/v\u00f5i&nbsp;p\u00e4rast trenni ning valguvajaduse katmiseks p\u00e4eva jooksul. Aitab taastuda rasketest treeningutest.<\/span><\/p>\n<h3>Pakend: <span style=\"font-size:12px;\"><span style=\"font-family: arial,helvetica,sans-serif;\">1000g<\/span><\/span><\/h3>\n<h3>Maitsed: <span style=\"font-size:12px;\"><span style=\"font-family:arial,helvetica,sans-serif;\">Mustikas-vanilje, mahe maasikas, maap\u00e4hkliv\u00f5i-\u0161okolaad, mahe \u0161okolaad, biscotto k\u00fcpsis, pistaatsia, tiramisu, kookose-\u0161okolaadi<\/span><\/span><\/h3>\n<table border=\"1\" cellpadding=\"1\" cellspacing=\"1\" height=\"330\" style=\"height:100px;width:500px;\" width=\"500\">\n<tbody>\n<tr>\n<td><strong style=\"line-height: 20.8px;\">SELF Whey Shake t<\/strong><strong>oitev\u00e4\u00e4rtus:<\/strong><\/td>\n<td><strong>100g<\/strong><\/td>\n<td><strong>30g<\/strong><\/td>\n<\/tr>\n<tr>\n<td>Energiat<\/td>\n<td>400kcal\/1750KJ<\/td>\n<td>120kcal\/525KJ<\/td>\n<\/tr>\n<tr>\n<td>Valku<\/td>\n<td>75g<\/td>\n<td>22,5g<\/td>\n<\/tr>\n<tr>\n<td>S\u00fcsivesikuid,<br \/> \t\t\tmillest suhkruid<\/td>\n<td>13g<br \/> \t\t\t12g<\/td>\n<td>3,9g<br \/> \t\t\t3,6g<\/td>\n<\/tr>\n<tr>\n<td>Rasva,<br \/> \t\t\tmillest k\u00fcllastunud rasvhappeid<\/td>\n<td>4g<br \/> \t\t\t3,5g<\/td>\n<td>1,2g<br \/> \t\t\t1,0g<\/td>\n<\/tr>\n<tr>\n<td>Kiudaineid<\/td>\n<td>1,3g<\/td>\n<td>0,4g<\/td>\n<\/tr>\n<tr>\n<td>Soola<\/td>\n<td>0,4g<\/td>\n<td>0,12g<\/td>\n<\/tr>\n<tr>\n<td colspan=\"3\">\n<p><span style=\"font-size:10px;\">Koostis:&nbsp;Vadakuvalk (piimast), maitseained, kooritud piim, kakao: maap\u00e4hkel-\u0161okolaad, koorepulber (piimast), stabilisaator (E466), emulgaator (E322-letsistiin), v\u00e4rvaine: maasika ja mustika-vanilje (E162), magusaine (E950, sukraloos).<\/span><\/p>\n<\/td>\n<\/tr>\n<\/tbody>\n<\/table>\n<p>Konsultatsioon<\/p>\n<ul>\n<li>Oled oodatud tasuta konsultatsioonile MYBODY Audentese kauplusesse,<\/li>\n<li>Asukoht: Audentese Spordikeskus, Tondi 84.<\/li>\n<li>Telefon EST\/RUS\/ENG +372&nbsp;523 1960<\/li>\n<li>Telefon EST\/ENG +372 56&nbsp;458&nbsp;688<\/li>\n<li><a href=\"mailto:info@mybody.ee\">info@mybody.ee<\/a><\/li>\n<li><a href=\"http:\/\/www.facebook.com\/mybody.ee\">www.facebook.com\/mybody.ee<\/a><\/li>\n<\/ul>\n","protected":false},"excerpt":{"rendered":"<p>BF: 06.2023 SELF Whey Shake&nbsp;on magusainega toidulisand&nbsp;kvaliteetsest piima vadakuvalgust, mis sobib kasutamiseks nii tippsportlastele, tervisesportlastele kui lihtsalt oma tervisest hoolivatele inimestele, kuna&nbsp;vadakuvalk on nii v\u00f5i teisiti organismile vajalik makrotoitaine.&nbsp;Toode on eriline oma suurep\u00e4rase ja puhta maitse poolest, mis on saavutatud t\u00e4nu naturaalsele&nbsp;piima- ja koorepulbrile. Whey Shake aitab taastuda igasugustest treeningutest, olgu nendeks j\u00f5ualad, pallim\u00e4ngud, kontaktspordialad, [&hellip;]<\/p>\n","protected":false},"featured_media":0,"comment_status":"open","ping_status":"closed","template":"","meta":{"inline_featured_image":false},"product_cat":[26,27,29,46],"product_tag":[],"class_list":{"0":"post-941","1":"product","2":"type-product","3":"status-publish","5":"product_cat-parimenne-ee","6":"product_cat-proteiinid","7":"product_cat-sooduspakkumised","8":"product_cat-vadakuvalk","9":"pa_energia-400kcal","10":"pa_kogusg-1000g","11":"pa_kunakasutada-uldiselttugevdavparasttrenni","12":"pa_maitse-18-peanutbutterchocolatemaapa","13":"pa_maitse-sokolaad","14":"pa_rasvad-4g","15":"pa_susivesikud-13g","16":"pa_valgud-75g","17":"pa_vorm-pulber","19":"first","20":"instock","21":"shipping-taxable","22":"purchasable","23":"product-type-variable"},"yoast_head":"<!-- This site is optimized with the Yoast SEO plugin v27.3 - https:\/\/yoast.com\/product\/yoast-seo-wordpress\/ -->\n<title>Parima maitsega vadakuvalgupulber taastumiseks - SELF Whey Shake - MyBody.ee - Toidulisandid ja sporditarvikud<\/title>\n<meta name=\"description\" content=\"SELF Whey Shake\u00a0on magusainega toidulisand\u00a0kvaliteetsest piima vadakuvalgust, mis\" \/>\n<meta name=\"robots\" content=\"index, follow, max-snippet:-1, max-image-preview:large, max-video-preview:-1\" \/>\n<link rel=\"canonical\" href=\"https:\/\/mybody5.ee.mybody.ee\/proov\/product\/parima-maitsega-vadakuvalgupulber-taastumiseks-self-whey-shake-biscotto-kupsise\/\" \/>\n<meta property=\"og:locale\" content=\"et_EE\" \/>\n<meta property=\"og:type\" content=\"article\" \/>\n<meta property=\"og:title\" content=\"Parima maitsega vadakuvalgupulber taastumiseks - SELF Whey Shake - MyBody.ee - Toidulisandid ja sporditarvikud\" \/>\n<meta property=\"og:description\" content=\"SELF Whey Shake\u00a0on magusainega toidulisand\u00a0kvaliteetsest piima vadakuvalgust, mis\" \/>\n<meta property=\"og:url\" content=\"https:\/\/mybody5.ee.mybody.ee\/proov\/product\/parima-maitsega-vadakuvalgupulber-taastumiseks-self-whey-shake-biscotto-kupsise\/\" \/>\n<meta property=\"og:site_name\" content=\"supplero\" \/>\n<meta property=\"article:publisher\" content=\"https:\/\/facebook.com\/MyBody.ee\/\" \/>\n<meta property=\"og:image\" content=\"https:\/\/mybody5.ee.mybody.ee\/proov\/wp-content\/uploads\/2023\/11\/mybody_logo_h65.png\" \/>\n\t<meta property=\"og:image:width\" content=\"229\" \/>\n\t<meta property=\"og:image:height\" content=\"65\" \/>\n\t<meta property=\"og:image:type\" content=\"image\/png\" \/>\n<meta name=\"twitter:card\" content=\"summary_large_image\" \/>\n<meta name=\"twitter:label1\" content=\"Est. reading time\" \/>\n\t<meta name=\"twitter:data1\" content=\"2 minutit\" \/>\n<script type=\"application\/ld+json\" class=\"yoast-schema-graph\">{\"@context\":\"https:\\\/\\\/schema.org\",\"@graph\":[{\"@type\":\"WebPage\",\"@id\":\"https:\\\/\\\/mybody5.ee.mybody.ee\\\/proov\\\/product\\\/parima-maitsega-vadakuvalgupulber-taastumiseks-self-whey-shake-biscotto-kupsise\\\/\",\"url\":\"https:\\\/\\\/mybody5.ee.mybody.ee\\\/proov\\\/product\\\/parima-maitsega-vadakuvalgupulber-taastumiseks-self-whey-shake-biscotto-kupsise\\\/\",\"name\":\"Parima maitsega vadakuvalgupulber taastumiseks - SELF Whey Shake - MyBody.ee - Toidulisandid ja sporditarvikud\",\"isPartOf\":{\"@id\":\"https:\\\/\\\/mybody5.ee.mybody.ee\\\/proov\\\/#website\"},\"datePublished\":\"2021-01-11T22:52:22+00:00\",\"description\":\"SELF Whey Shake\u00a0on magusainega toidulisand\u00a0kvaliteetsest piima vadakuvalgust, mis\",\"breadcrumb\":{\"@id\":\"https:\\\/\\\/mybody5.ee.mybody.ee\\\/proov\\\/product\\\/parima-maitsega-vadakuvalgupulber-taastumiseks-self-whey-shake-biscotto-kupsise\\\/#breadcrumb\"},\"inLanguage\":\"et\",\"potentialAction\":[{\"@type\":\"ReadAction\",\"target\":[\"https:\\\/\\\/mybody5.ee.mybody.ee\\\/proov\\\/product\\\/parima-maitsega-vadakuvalgupulber-taastumiseks-self-whey-shake-biscotto-kupsise\\\/\"]}]},{\"@type\":\"BreadcrumbList\",\"@id\":\"https:\\\/\\\/mybody5.ee.mybody.ee\\\/proov\\\/product\\\/parima-maitsega-vadakuvalgupulber-taastumiseks-self-whey-shake-biscotto-kupsise\\\/#breadcrumb\",\"itemListElement\":[{\"@type\":\"ListItem\",\"position\":1,\"name\":\"Home\",\"item\":\"https:\\\/\\\/mybody5.ee.mybody.ee\\\/proov\\\/\"},{\"@type\":\"ListItem\",\"position\":2,\"name\":\"Shop\",\"item\":\"https:\\\/\\\/mybody5.ee.mybody.ee\\\/proov\\\/shop\\\/\"},{\"@type\":\"ListItem\",\"position\":3,\"name\":\"Parima maitsega vadakuvalgupulber taastumiseks &#8211; SELF Whey Shake\"}]},{\"@type\":\"WebSite\",\"@id\":\"https:\\\/\\\/mybody5.ee.mybody.ee\\\/proov\\\/#website\",\"url\":\"https:\\\/\\\/mybody5.ee.mybody.ee\\\/proov\\\/\",\"name\":\"MyBody.ee - Toidulisandid ja sporditarvikud\",\"description\":\"Just another WordPress site\",\"publisher\":{\"@id\":\"https:\\\/\\\/mybody5.ee.mybody.ee\\\/proov\\\/#organization\"},\"potentialAction\":[{\"@type\":\"SearchAction\",\"target\":{\"@type\":\"EntryPoint\",\"urlTemplate\":\"https:\\\/\\\/mybody5.ee.mybody.ee\\\/proov\\\/?s={search_term_string}\"},\"query-input\":{\"@type\":\"PropertyValueSpecification\",\"valueRequired\":true,\"valueName\":\"search_term_string\"}}],\"inLanguage\":\"et\"},{\"@type\":\"Organization\",\"@id\":\"https:\\\/\\\/mybody5.ee.mybody.ee\\\/proov\\\/#organization\",\"name\":\"MyBody.ee\",\"url\":\"https:\\\/\\\/mybody5.ee.mybody.ee\\\/proov\\\/\",\"logo\":{\"@type\":\"ImageObject\",\"inLanguage\":\"et\",\"@id\":\"https:\\\/\\\/mybody5.ee.mybody.ee\\\/proov\\\/#\\\/schema\\\/logo\\\/image\\\/\",\"url\":\"https:\\\/\\\/mybody5.ee.mybody.ee\\\/proov\\\/wp-content\\\/uploads\\\/2023\\\/11\\\/mybody_logo_h65-2.png\",\"contentUrl\":\"https:\\\/\\\/mybody5.ee.mybody.ee\\\/proov\\\/wp-content\\\/uploads\\\/2023\\\/11\\\/mybody_logo_h65-2.png\",\"width\":229,\"height\":65,\"caption\":\"MyBody.ee\"},\"image\":{\"@id\":\"https:\\\/\\\/mybody5.ee.mybody.ee\\\/proov\\\/#\\\/schema\\\/logo\\\/image\\\/\"},\"sameAs\":[\"https:\\\/\\\/facebook.com\\\/MyBody.ee\\\/\"]}]}<\/script>\n<!-- \/ Yoast SEO plugin. -->","yoast_head_json":{"title":"Parima maitsega vadakuvalgupulber taastumiseks - SELF Whey Shake - MyBody.ee - Toidulisandid ja sporditarvikud","description":"SELF Whey Shake\u00a0on magusainega toidulisand\u00a0kvaliteetsest piima vadakuvalgust, mis","robots":{"index":"index","follow":"follow","max-snippet":"max-snippet:-1","max-image-preview":"max-image-preview:large","max-video-preview":"max-video-preview:-1"},"canonical":"https:\/\/mybody5.ee.mybody.ee\/proov\/product\/parima-maitsega-vadakuvalgupulber-taastumiseks-self-whey-shake-biscotto-kupsise\/","og_locale":"et_EE","og_type":"article","og_title":"Parima maitsega vadakuvalgupulber taastumiseks - SELF Whey Shake - MyBody.ee - Toidulisandid ja sporditarvikud","og_description":"SELF Whey Shake\u00a0on magusainega toidulisand\u00a0kvaliteetsest piima vadakuvalgust, mis","og_url":"https:\/\/mybody5.ee.mybody.ee\/proov\/product\/parima-maitsega-vadakuvalgupulber-taastumiseks-self-whey-shake-biscotto-kupsise\/","og_site_name":"supplero","article_publisher":"https:\/\/facebook.com\/MyBody.ee\/","og_image":[{"width":229,"height":65,"url":"https:\/\/mybody5.ee.mybody.ee\/proov\/wp-content\/uploads\/2023\/11\/mybody_logo_h65.png","type":"image\/png"}],"twitter_card":"summary_large_image","twitter_misc":{"Est. reading time":"2 minutit"},"schema":{"@context":"https:\/\/schema.org","@graph":[{"@type":"WebPage","@id":"https:\/\/mybody5.ee.mybody.ee\/proov\/product\/parima-maitsega-vadakuvalgupulber-taastumiseks-self-whey-shake-biscotto-kupsise\/","url":"https:\/\/mybody5.ee.mybody.ee\/proov\/product\/parima-maitsega-vadakuvalgupulber-taastumiseks-self-whey-shake-biscotto-kupsise\/","name":"Parima maitsega vadakuvalgupulber taastumiseks - SELF Whey Shake - MyBody.ee - Toidulisandid ja sporditarvikud","isPartOf":{"@id":"https:\/\/mybody5.ee.mybody.ee\/proov\/#website"},"datePublished":"2021-01-11T22:52:22+00:00","description":"SELF Whey Shake\u00a0on magusainega toidulisand\u00a0kvaliteetsest piima vadakuvalgust, mis","breadcrumb":{"@id":"https:\/\/mybody5.ee.mybody.ee\/proov\/product\/parima-maitsega-vadakuvalgupulber-taastumiseks-self-whey-shake-biscotto-kupsise\/#breadcrumb"},"inLanguage":"et","potentialAction":[{"@type":"ReadAction","target":["https:\/\/mybody5.ee.mybody.ee\/proov\/product\/parima-maitsega-vadakuvalgupulber-taastumiseks-self-whey-shake-biscotto-kupsise\/"]}]},{"@type":"BreadcrumbList","@id":"https:\/\/mybody5.ee.mybody.ee\/proov\/product\/parima-maitsega-vadakuvalgupulber-taastumiseks-self-whey-shake-biscotto-kupsise\/#breadcrumb","itemListElement":[{"@type":"ListItem","position":1,"name":"Home","item":"https:\/\/mybody5.ee.mybody.ee\/proov\/"},{"@type":"ListItem","position":2,"name":"Shop","item":"https:\/\/mybody5.ee.mybody.ee\/proov\/shop\/"},{"@type":"ListItem","position":3,"name":"Parima maitsega vadakuvalgupulber taastumiseks &#8211; SELF Whey Shake"}]},{"@type":"WebSite","@id":"https:\/\/mybody5.ee.mybody.ee\/proov\/#website","url":"https:\/\/mybody5.ee.mybody.ee\/proov\/","name":"MyBody.ee - Toidulisandid ja sporditarvikud","description":"Just another WordPress site","publisher":{"@id":"https:\/\/mybody5.ee.mybody.ee\/proov\/#organization"},"potentialAction":[{"@type":"SearchAction","target":{"@type":"EntryPoint","urlTemplate":"https:\/\/mybody5.ee.mybody.ee\/proov\/?s={search_term_string}"},"query-input":{"@type":"PropertyValueSpecification","valueRequired":true,"valueName":"search_term_string"}}],"inLanguage":"et"},{"@type":"Organization","@id":"https:\/\/mybody5.ee.mybody.ee\/proov\/#organization","name":"MyBody.ee","url":"https:\/\/mybody5.ee.mybody.ee\/proov\/","logo":{"@type":"ImageObject","inLanguage":"et","@id":"https:\/\/mybody5.ee.mybody.ee\/proov\/#\/schema\/logo\/image\/","url":"https:\/\/mybody5.ee.mybody.ee\/proov\/wp-content\/uploads\/2023\/11\/mybody_logo_h65-2.png","contentUrl":"https:\/\/mybody5.ee.mybody.ee\/proov\/wp-content\/uploads\/2023\/11\/mybody_logo_h65-2.png","width":229,"height":65,"caption":"MyBody.ee"},"image":{"@id":"https:\/\/mybody5.ee.mybody.ee\/proov\/#\/schema\/logo\/image\/"},"sameAs":["https:\/\/facebook.com\/MyBody.ee\/"]}]}},"_links":{"self":[{"href":"https:\/\/mybody5.ee.mybody.ee\/proov\/wp-json\/wp\/v2\/product\/941","targetHints":{"allow":["GET"]}}],"collection":[{"href":"https:\/\/mybody5.ee.mybody.ee\/proov\/wp-json\/wp\/v2\/product"}],"about":[{"href":"https:\/\/mybody5.ee.mybody.ee\/proov\/wp-json\/wp\/v2\/types\/product"}],"replies":[{"embeddable":true,"href":"https:\/\/mybody5.ee.mybody.ee\/proov\/wp-json\/wp\/v2\/comments?post=941"}],"wp:attachment":[{"href":"https:\/\/mybody5.ee.mybody.ee\/proov\/wp-json\/wp\/v2\/media?parent=941"}],"wp:term":[{"taxonomy":"product_cat","embeddable":true,"href":"https:\/\/mybody5.ee.mybody.ee\/proov\/wp-json\/wp\/v2\/product_cat?post=941"},{"taxonomy":"product_tag","embeddable":true,"href":"https:\/\/mybody5.ee.mybody.ee\/proov\/wp-json\/wp\/v2\/product_tag?post=941"}],"curies":[{"name":"wp","href":"https:\/\/api.w.org\/{rel}","templated":true}]}}