{"id":953,"date":"2021-02-01T15:36:26","date_gmt":"2021-02-01T15:36:26","guid":{"rendered":"https:\/\/mybody5.ee.mybody.ee\/proov\/product\/treeningueelne-lisaenergia-pre-workout-self-inject-2-1813\/"},"modified":"2021-02-01T15:36:26","modified_gmt":"2021-02-01T15:36:26","slug":"treeningueelne-lisaenergia-pre-workout-self-inject-2-1813","status":"publish","type":"product","link":"https:\/\/mybody5.ee.mybody.ee\/proov\/product\/treeningueelne-lisaenergia-pre-workout-self-inject-2-1813\/","title":{"rendered":"Treeningueelne lisaenergia (Pre-Workout)- SELF INJECT"},"content":{"rendered":"<p><strong style=\"line-height: 20.8px;\">SELF INJECT<\/strong><span style=\"line-height: 1.6em;\">&nbsp;on magusainetega toidulisand, treeningu eelseks tarbimiseks.&nbsp;<\/span><strong style=\"line-height: 20.8px;\">SELF INJECT<\/strong><span style=\"line-height: 1.6em;\">&nbsp;annab enerigat, k\u00f5rvaldab uimasuses, parandab toitainete transporti ja annab j\u00f5udu.&nbsp;<\/span><\/p>\n<p><strong style=\"line-height: 20.8px;\">SELF INJEC<\/strong><strong>&nbsp;\u00fcks annus sisaldab suure koguse k\u00f5ige efektiivsemaid ergutavaid ja energiat andvaid koostisosi nagu beta-alaniin, AAKG, tsitruliin, t\u00fcrosiin,&nbsp;L-fen\u00fc\u00fclalaniin, tauriin, L-karnitiin tartraat, NAC (N-atset\u00fc\u00fclts\u00fcsteiin)<\/strong><\/p>\n<p><strong>Beeta-alaniin<\/strong> on sportlaste toidulisanditest kreatiini j\u00e4rel enim uuritud ja v\u00e4hemalt sama efektiivne. Kasutajad on nimetanud seda revolutsioonilst lisandit &#8220;uueks kreatiiniks!&#8221; Beeta-alaniin parandab teadaolevalt sooritusv\u00f5imet k\u00f5igi piimhapet tootvate spordialade puhul ning aeglustab lihaste v\u00e4simist koormuse korral. Beeta-alaniini ja kreatiini koos kasutades on v\u00f5imalik v\u00e4hendada organismis ka rasvmassi ning suurendada lihasmassi rohkem, kui tarbides ainult kreatiini.<\/p>\n<p><strong>AAKG<\/strong>&nbsp;stimuleerib&nbsp;j\u00f5udu, lihasmassi ja vastupidavuse kasvu.&nbsp;Arginiin on aminohape, millest organismis tekivad aktiivsed bioloogilised \u00fchendid, p\u00f5hiliselt agmatiin ja l\u00e4mmastikoksiid (NO). Arginiin v\u00f5imaldab lihaskoe varustatust adekvaatse hulga vere, hapniku ja toitainetega, samuti h\u00f5lbustab lihaskasvu, rasvkoe v\u00e4henemist ja erektsiooni.<\/p>\n<p><strong>Tsitrulliin maalaat<\/strong> parandab lihaste vastupidavust\/ j\u00f5udlust, kuna tsitruliin maalaat suurendab aeroobset energiatootmist ja hoiab \u00e4ra v\u00e4simust. Tsitruliin maalaat v\u00e4hendab piimhappe ja ammoniaagi ehitusprotsessi ning kiirendab lihaskonna taastumist, t\u00f5estes kreatiinfosfaadi ja ATP (adenosiintrifosforhapet) s\u00fcnteesi (resynthesis) taset.&nbsp;<\/p>\n<p><strong>L-fen\u00fc\u00fclalaniin <\/strong>muudab sind energilisemaks. Tarbides toodet, milles need kaks \u00fchendatud on, on tulemuseks produktiivsemad, r\u00f5\u00f5msamad, \u00f5nnelikumad ja muretumad manustamisele&nbsp;j\u00e4rgnevad tunnid.<\/p>\n<p><strong>Tauriin<\/strong> takistab ka serotoniini moodustumist, mis eritub f\u00fc\u00fcsilise aktiivsuse korral ja p\u00f5hjustab v\u00e4simust. Suhteliselt rohkesti on k\u00f5nealust \u00fchendit&nbsp;ajus, sest tauriin on n\u00e4rvis\u00fcsteemi regulaatoraine.<\/p>\n<p><strong>L-karnitiin tartraat<\/strong> t\u00f5stab&nbsp;treeningu efektiivsust ja on ergutava toimega, soodustab n\u00e4rvis\u00fcsteemi (eriti aju) ja immuuns\u00fcsteemi tegevust. Lisaks&nbsp;aitab v\u00f5idelda stressiga ning v\u00e4hendab \u00fcletreeninguriski.<\/p>\n<p><strong>Kofeiin <\/strong>aitab t\u00f5rjuda uimasust, taastab erksuse ja on keskn\u00e4rvis\u00fcsteemi stimulant.<\/p>\n<h3><span style=\"line-height: 1.2em;\">Toime<\/span><\/h3>\n<ul>\n<li>Annab treeninguteks lisaenergiat<\/li>\n<li>Suurendab treeningu ajal j\u00f5udu ja vastupidavust&nbsp;<\/li>\n<li>Parandab keskendumisv\u00f5imet<\/li>\n<li>V\u00e4hendab kurnatuse teket<\/li>\n<\/ul>\n<h3>Kasutamine<\/h3>\n<p>Soovituslikuks p\u00e4evaseks koguseks on 16g (1 m\u00f5\u00f5dulusikat). Lisa 16g pulbrit ning 200-300ml vett \u0161eikerisse ja raputa p\u00f5hjalikult umbes 30 sekundit kuni jook on \u00fchtlane. Parima tulemuse saamiseks kasutage spetsiaalset \u0161eikerit. Juua 15-20 minutit enne treeningut.<\/p>\n<h3>Kellele sobib?<\/h3>\n<p><strong style=\"line-height: 20.8px;\">SELF INJECT<\/strong><span style=\"line-height: 20.8px;\">&nbsp;on suurep\u00e4rane abimees treeningute jaoks lisaenergia ja motivatsiooni leidmiseks p\u00e4rast pikka t\u00f6\u00f6p\u00e4eva v\u00f5i vahelej\u00e4\u00e4nud toidukordi. Aitab suurep\u00e4raselt l\u00f5puni vastu pidada ka k\u00f5ige raskemates&nbsp;trennides. T\u00e4nu \u00fclimadalale kalorsusele sobib ideaalselt kasutamiseks ka dieedi ajal.<\/span><\/p>\n<h3>Pakend: 400<span style=\"font-size: 13px; line-height: 1.6em;\">g<\/span><\/h3>\n<h3>Maitsed: <font face=\"arial, helvetica, sans-serif\"><span style=\"font-size: 12px;\">Fruit Punch (puuviljakokteil)<\/span><\/font><\/h3>\n<table border=\"1\" cellpadding=\"1\" cellspacing=\"1\" height=\"98\" style=\"height:50px;line-height:20.8px;width:500px;\" width=\"400\">\n<tbody>\n<tr>\n<td colspan=\"3\"><strong>&nbsp;<\/strong><strong>100g kohta:&nbsp;<\/strong>energiat 0 kcal\/0 kJ, valke 0g, s\u00fcsivesikuid 0g, rasvu 0g, soola 0,2g<\/td>\n<\/tr>\n<tr>\n<td colspan=\"2\"><strong style=\"line-height: 20.8px;\">Xtreme&nbsp;PWO<\/strong><strong>&nbsp;aktiivsed koostisosad<\/strong><\/td>\n<td style=\"text-align: center;\"><strong>16g<\/strong><\/td>\n<\/tr>\n<tr>\n<td colspan=\"2\">Beta-alaniin<\/td>\n<td style=\"text-align: center;\">3,2g<\/td>\n<\/tr>\n<tr>\n<td colspan=\"2\">Kreatiin Malaat<\/td>\n<td style=\"text-align: center;\">3,0g<\/td>\n<\/tr>\n<tr>\n<td colspan=\"2\">Tauriin<\/td>\n<td style=\"text-align: center;\">1,0g<\/td>\n<\/tr>\n<tr>\n<td colspan=\"2\">NitroBetaine&nbsp;<span style=\"line-height: 20.8px;\">(peedijuure ekstrakt)<\/span><\/td>\n<td style=\"text-align: center;\">1,0g<\/td>\n<\/tr>\n<tr>\n<td colspan=\"3\">Stimotropin<br \/> \t\t\tKoliin-Bitartraat 10%,&nbsp;teekameelia 3,5% , kofeiin 2,5% , \u0161isandraekstrakt, india lootose ekstrakt, musta pipra ekstrakt<\/td>\n<\/tr>\n<tr>\n<td colspan=\"2\"><span style=\"line-height: 20.8px;\">Koliin-Bitartraat<\/span><\/td>\n<td><span style=\"line-height: 20.8px; text-align: center;\">400mg<\/span><\/td>\n<\/tr>\n<tr>\n<td colspan=\"2\"><span style=\"line-height: 20.8px;\">Kofeiin<\/span><\/td>\n<td><span style=\"line-height: 20.8px; text-align: center;\">200mg<\/span><\/td>\n<\/tr>\n<tr>\n<td colspan=\"3\"><span style=\"font-size:10px;\">Koostis: maitseained, magusained (sukraloos, E950),&nbsp;paakumisvastased ained&nbsp;(E460, E561)<\/span><\/td>\n<\/tr>\n<\/tbody>\n<\/table>\n<p style=\"line-height: 20.8px;\">Xtreme INJECT<span style=\"line-height: 20.8px;\">&nbsp;kilohind on 83.75\u20ac<\/span><\/p>\n<h3>Konsultatsioon<\/h3>\n<ul>\n<li>Oled oodatud tasuta konsultatsioonile MYBODY Audentese kauplusesse,<\/li>\n<li>Asukoht: Audentese Spordikeskus, Tondi 84.<\/li>\n<li>Telefon EST\/RUS\/ENG +372&nbsp;523 1960<\/li>\n<li>Telefon EST\/ENG +372 56&nbsp;458&nbsp;688<\/li>\n<li><a href=\"mailto:info@mybody.ee\">info@mybody.ee<\/a><\/li>\n<li><a href=\"http:\/\/www.facebook.com\/mybody.ee\">www.facebook.com\/mybody.ee<\/a><\/li>\n<\/ul>\n","protected":false},"excerpt":{"rendered":"<p>SELF INJECT&nbsp;on magusainetega toidulisand, treeningu eelseks tarbimiseks.&nbsp;SELF INJECT&nbsp;annab enerigat, k\u00f5rvaldab uimasuses, parandab toitainete transporti ja annab j\u00f5udu.&nbsp; SELF INJEC&nbsp;\u00fcks annus sisaldab suure koguse k\u00f5ige efektiivsemaid ergutavaid ja energiat andvaid koostisosi nagu beta-alaniin, AAKG, tsitruliin, t\u00fcrosiin,&nbsp;L-fen\u00fc\u00fclalaniin, tauriin, L-karnitiin tartraat, NAC (N-atset\u00fc\u00fclts\u00fcsteiin) Beeta-alaniin on sportlaste toidulisanditest kreatiini j\u00e4rel enim uuritud ja v\u00e4hemalt sama efektiivne. Kasutajad on nimetanud [&hellip;]<\/p>\n","protected":false},"featured_media":0,"comment_status":"open","ping_status":"closed","template":"","meta":{"inline_featured_image":false},"product_cat":[52,30],"product_tag":[],"class_list":{"0":"post-953","1":"product","2":"type-product","3":"status-publish","5":"product_cat-ergutid","6":"product_cat-spetsiaal","8":"first","9":"instock","10":"shipping-taxable","11":"purchasable","12":"product-type-simple"},"yoast_head":"<!-- This site is optimized with the Yoast SEO plugin v27.3 - https:\/\/yoast.com\/product\/yoast-seo-wordpress\/ -->\n<title>Treeningueelne lisaenergia (Pre-Workout)- SELF INJECT - MyBody.ee - Toidulisandid ja sporditarvikud<\/title>\n<meta name=\"description\" content=\"SELF INJECT\u00a0on magusainetega toidulisand, treeningu eelseks tarbimiseks.\u00a0SELF\" \/>\n<meta name=\"robots\" content=\"index, follow, max-snippet:-1, max-image-preview:large, max-video-preview:-1\" \/>\n<link rel=\"canonical\" href=\"https:\/\/mybody5.ee.mybody.ee\/proov\/product\/treeningueelne-lisaenergia-pre-workout-self-inject-2-1813\/\" \/>\n<meta property=\"og:locale\" content=\"et_EE\" \/>\n<meta property=\"og:type\" content=\"article\" \/>\n<meta property=\"og:title\" content=\"Treeningueelne lisaenergia (Pre-Workout)- SELF INJECT - MyBody.ee - Toidulisandid ja sporditarvikud\" \/>\n<meta property=\"og:description\" content=\"SELF INJECT\u00a0on magusainetega toidulisand, treeningu eelseks tarbimiseks.\u00a0SELF\" \/>\n<meta property=\"og:url\" content=\"https:\/\/mybody5.ee.mybody.ee\/proov\/product\/treeningueelne-lisaenergia-pre-workout-self-inject-2-1813\/\" \/>\n<meta property=\"og:site_name\" content=\"supplero\" \/>\n<meta property=\"article:publisher\" content=\"https:\/\/facebook.com\/MyBody.ee\/\" \/>\n<meta property=\"og:image\" content=\"https:\/\/mybody5.ee.mybody.ee\/proov\/wp-content\/uploads\/2023\/11\/mybody_logo_h65.png\" \/>\n\t<meta property=\"og:image:width\" content=\"229\" \/>\n\t<meta property=\"og:image:height\" content=\"65\" \/>\n\t<meta property=\"og:image:type\" content=\"image\/png\" \/>\n<meta name=\"twitter:card\" content=\"summary_large_image\" \/>\n<meta name=\"twitter:label1\" content=\"Est. reading time\" \/>\n\t<meta name=\"twitter:data1\" content=\"3 minutit\" \/>\n<script type=\"application\/ld+json\" class=\"yoast-schema-graph\">{\"@context\":\"https:\\\/\\\/schema.org\",\"@graph\":[{\"@type\":\"WebPage\",\"@id\":\"https:\\\/\\\/mybody5.ee.mybody.ee\\\/proov\\\/product\\\/treeningueelne-lisaenergia-pre-workout-self-inject-2-1813\\\/\",\"url\":\"https:\\\/\\\/mybody5.ee.mybody.ee\\\/proov\\\/product\\\/treeningueelne-lisaenergia-pre-workout-self-inject-2-1813\\\/\",\"name\":\"Treeningueelne lisaenergia (Pre-Workout)- SELF INJECT - MyBody.ee - Toidulisandid ja sporditarvikud\",\"isPartOf\":{\"@id\":\"https:\\\/\\\/mybody5.ee.mybody.ee\\\/proov\\\/#website\"},\"datePublished\":\"2021-02-01T15:36:26+00:00\",\"description\":\"SELF INJECT\u00a0on magusainetega toidulisand, treeningu eelseks tarbimiseks.\u00a0SELF\",\"breadcrumb\":{\"@id\":\"https:\\\/\\\/mybody5.ee.mybody.ee\\\/proov\\\/product\\\/treeningueelne-lisaenergia-pre-workout-self-inject-2-1813\\\/#breadcrumb\"},\"inLanguage\":\"et\",\"potentialAction\":[{\"@type\":\"ReadAction\",\"target\":[\"https:\\\/\\\/mybody5.ee.mybody.ee\\\/proov\\\/product\\\/treeningueelne-lisaenergia-pre-workout-self-inject-2-1813\\\/\"]}]},{\"@type\":\"BreadcrumbList\",\"@id\":\"https:\\\/\\\/mybody5.ee.mybody.ee\\\/proov\\\/product\\\/treeningueelne-lisaenergia-pre-workout-self-inject-2-1813\\\/#breadcrumb\",\"itemListElement\":[{\"@type\":\"ListItem\",\"position\":1,\"name\":\"Home\",\"item\":\"https:\\\/\\\/mybody5.ee.mybody.ee\\\/proov\\\/\"},{\"@type\":\"ListItem\",\"position\":2,\"name\":\"Shop\",\"item\":\"https:\\\/\\\/mybody5.ee.mybody.ee\\\/proov\\\/shop\\\/\"},{\"@type\":\"ListItem\",\"position\":3,\"name\":\"Treeningueelne lisaenergia (Pre-Workout)- SELF INJECT\"}]},{\"@type\":\"WebSite\",\"@id\":\"https:\\\/\\\/mybody5.ee.mybody.ee\\\/proov\\\/#website\",\"url\":\"https:\\\/\\\/mybody5.ee.mybody.ee\\\/proov\\\/\",\"name\":\"MyBody.ee - Toidulisandid ja sporditarvikud\",\"description\":\"Just another WordPress site\",\"publisher\":{\"@id\":\"https:\\\/\\\/mybody5.ee.mybody.ee\\\/proov\\\/#organization\"},\"potentialAction\":[{\"@type\":\"SearchAction\",\"target\":{\"@type\":\"EntryPoint\",\"urlTemplate\":\"https:\\\/\\\/mybody5.ee.mybody.ee\\\/proov\\\/?s={search_term_string}\"},\"query-input\":{\"@type\":\"PropertyValueSpecification\",\"valueRequired\":true,\"valueName\":\"search_term_string\"}}],\"inLanguage\":\"et\"},{\"@type\":\"Organization\",\"@id\":\"https:\\\/\\\/mybody5.ee.mybody.ee\\\/proov\\\/#organization\",\"name\":\"MyBody.ee\",\"url\":\"https:\\\/\\\/mybody5.ee.mybody.ee\\\/proov\\\/\",\"logo\":{\"@type\":\"ImageObject\",\"inLanguage\":\"et\",\"@id\":\"https:\\\/\\\/mybody5.ee.mybody.ee\\\/proov\\\/#\\\/schema\\\/logo\\\/image\\\/\",\"url\":\"https:\\\/\\\/mybody5.ee.mybody.ee\\\/proov\\\/wp-content\\\/uploads\\\/2023\\\/11\\\/mybody_logo_h65-2.png\",\"contentUrl\":\"https:\\\/\\\/mybody5.ee.mybody.ee\\\/proov\\\/wp-content\\\/uploads\\\/2023\\\/11\\\/mybody_logo_h65-2.png\",\"width\":229,\"height\":65,\"caption\":\"MyBody.ee\"},\"image\":{\"@id\":\"https:\\\/\\\/mybody5.ee.mybody.ee\\\/proov\\\/#\\\/schema\\\/logo\\\/image\\\/\"},\"sameAs\":[\"https:\\\/\\\/facebook.com\\\/MyBody.ee\\\/\"]}]}<\/script>\n<!-- \/ Yoast SEO plugin. -->","yoast_head_json":{"title":"Treeningueelne lisaenergia (Pre-Workout)- SELF INJECT - MyBody.ee - Toidulisandid ja sporditarvikud","description":"SELF INJECT\u00a0on magusainetega toidulisand, treeningu eelseks tarbimiseks.\u00a0SELF","robots":{"index":"index","follow":"follow","max-snippet":"max-snippet:-1","max-image-preview":"max-image-preview:large","max-video-preview":"max-video-preview:-1"},"canonical":"https:\/\/mybody5.ee.mybody.ee\/proov\/product\/treeningueelne-lisaenergia-pre-workout-self-inject-2-1813\/","og_locale":"et_EE","og_type":"article","og_title":"Treeningueelne lisaenergia (Pre-Workout)- SELF INJECT - MyBody.ee - Toidulisandid ja sporditarvikud","og_description":"SELF INJECT\u00a0on magusainetega toidulisand, treeningu eelseks tarbimiseks.\u00a0SELF","og_url":"https:\/\/mybody5.ee.mybody.ee\/proov\/product\/treeningueelne-lisaenergia-pre-workout-self-inject-2-1813\/","og_site_name":"supplero","article_publisher":"https:\/\/facebook.com\/MyBody.ee\/","og_image":[{"width":229,"height":65,"url":"https:\/\/mybody5.ee.mybody.ee\/proov\/wp-content\/uploads\/2023\/11\/mybody_logo_h65.png","type":"image\/png"}],"twitter_card":"summary_large_image","twitter_misc":{"Est. reading time":"3 minutit"},"schema":{"@context":"https:\/\/schema.org","@graph":[{"@type":"WebPage","@id":"https:\/\/mybody5.ee.mybody.ee\/proov\/product\/treeningueelne-lisaenergia-pre-workout-self-inject-2-1813\/","url":"https:\/\/mybody5.ee.mybody.ee\/proov\/product\/treeningueelne-lisaenergia-pre-workout-self-inject-2-1813\/","name":"Treeningueelne lisaenergia (Pre-Workout)- SELF INJECT - MyBody.ee - Toidulisandid ja sporditarvikud","isPartOf":{"@id":"https:\/\/mybody5.ee.mybody.ee\/proov\/#website"},"datePublished":"2021-02-01T15:36:26+00:00","description":"SELF INJECT\u00a0on magusainetega toidulisand, treeningu eelseks tarbimiseks.\u00a0SELF","breadcrumb":{"@id":"https:\/\/mybody5.ee.mybody.ee\/proov\/product\/treeningueelne-lisaenergia-pre-workout-self-inject-2-1813\/#breadcrumb"},"inLanguage":"et","potentialAction":[{"@type":"ReadAction","target":["https:\/\/mybody5.ee.mybody.ee\/proov\/product\/treeningueelne-lisaenergia-pre-workout-self-inject-2-1813\/"]}]},{"@type":"BreadcrumbList","@id":"https:\/\/mybody5.ee.mybody.ee\/proov\/product\/treeningueelne-lisaenergia-pre-workout-self-inject-2-1813\/#breadcrumb","itemListElement":[{"@type":"ListItem","position":1,"name":"Home","item":"https:\/\/mybody5.ee.mybody.ee\/proov\/"},{"@type":"ListItem","position":2,"name":"Shop","item":"https:\/\/mybody5.ee.mybody.ee\/proov\/shop\/"},{"@type":"ListItem","position":3,"name":"Treeningueelne lisaenergia (Pre-Workout)- SELF INJECT"}]},{"@type":"WebSite","@id":"https:\/\/mybody5.ee.mybody.ee\/proov\/#website","url":"https:\/\/mybody5.ee.mybody.ee\/proov\/","name":"MyBody.ee - Toidulisandid ja sporditarvikud","description":"Just another WordPress site","publisher":{"@id":"https:\/\/mybody5.ee.mybody.ee\/proov\/#organization"},"potentialAction":[{"@type":"SearchAction","target":{"@type":"EntryPoint","urlTemplate":"https:\/\/mybody5.ee.mybody.ee\/proov\/?s={search_term_string}"},"query-input":{"@type":"PropertyValueSpecification","valueRequired":true,"valueName":"search_term_string"}}],"inLanguage":"et"},{"@type":"Organization","@id":"https:\/\/mybody5.ee.mybody.ee\/proov\/#organization","name":"MyBody.ee","url":"https:\/\/mybody5.ee.mybody.ee\/proov\/","logo":{"@type":"ImageObject","inLanguage":"et","@id":"https:\/\/mybody5.ee.mybody.ee\/proov\/#\/schema\/logo\/image\/","url":"https:\/\/mybody5.ee.mybody.ee\/proov\/wp-content\/uploads\/2023\/11\/mybody_logo_h65-2.png","contentUrl":"https:\/\/mybody5.ee.mybody.ee\/proov\/wp-content\/uploads\/2023\/11\/mybody_logo_h65-2.png","width":229,"height":65,"caption":"MyBody.ee"},"image":{"@id":"https:\/\/mybody5.ee.mybody.ee\/proov\/#\/schema\/logo\/image\/"},"sameAs":["https:\/\/facebook.com\/MyBody.ee\/"]}]}},"_links":{"self":[{"href":"https:\/\/mybody5.ee.mybody.ee\/proov\/wp-json\/wp\/v2\/product\/953","targetHints":{"allow":["GET"]}}],"collection":[{"href":"https:\/\/mybody5.ee.mybody.ee\/proov\/wp-json\/wp\/v2\/product"}],"about":[{"href":"https:\/\/mybody5.ee.mybody.ee\/proov\/wp-json\/wp\/v2\/types\/product"}],"replies":[{"embeddable":true,"href":"https:\/\/mybody5.ee.mybody.ee\/proov\/wp-json\/wp\/v2\/comments?post=953"}],"wp:attachment":[{"href":"https:\/\/mybody5.ee.mybody.ee\/proov\/wp-json\/wp\/v2\/media?parent=953"}],"wp:term":[{"taxonomy":"product_cat","embeddable":true,"href":"https:\/\/mybody5.ee.mybody.ee\/proov\/wp-json\/wp\/v2\/product_cat?post=953"},{"taxonomy":"product_tag","embeddable":true,"href":"https:\/\/mybody5.ee.mybody.ee\/proov\/wp-json\/wp\/v2\/product_tag?post=953"}],"curies":[{"name":"wp","href":"https:\/\/api.w.org\/{rel}","templated":true}]}}