{"id":956,"date":"2021-03-14T21:01:23","date_gmt":"2021-03-14T21:01:23","guid":{"rendered":"https:\/\/mybody5.ee.mybody.ee\/proov\/product\/iconfit-collagen-vitamin-c-nahk-kuuned-juuksed-300g\/"},"modified":"2021-03-14T21:01:23","modified_gmt":"2021-03-14T21:01:23","slug":"iconfit-collagen-vitamin-c-nahk-kuuned-juuksed-300g","status":"publish","type":"product","link":"https:\/\/mybody5.ee.mybody.ee\/proov\/product\/iconfit-collagen-vitamin-c-nahk-kuuned-juuksed-300g\/","title":{"rendered":"ICONFIT Beauty Collagen (Nahk, K\u00fc\u00fcned, Juuksed 300g)"},"content":{"rendered":"<ul>\n<div class=\"post-content woocommerce-product-details__short-description\" style=\"caret-color: rgb(89, 95, 107); color: rgb(89, 95, 107); font-family: &quot;Open Sans&quot;, Arial, Helvetica, sans-serif; font-size: 14px;\">\n<ul class=\"fusion-checklist fusion-checklist-4\" style=\"list-style-type: none; padding: 0px; margin-top: 10px; margin-right: 0px; margin-left: 0px; line-height: 23.8px;\">\n<li class=\"fusion-li-item\" style=\"padding: 0px 0px 5.5px; margin-left: 0px;\">\n<div class=\"fusion-li-item-content\" style=\"margin-left: 33.6px;\">\n<p style=\"margin-bottom: 20px; text-align: justify;\"><span style=\"font-weight: 700;\">ICONFIT Beauty Collagen<\/span>&nbsp;koosneb meie k\u00f5rgelt hinnatud puhtaimast&nbsp;<span style=\"font-weight: 700;\">kollageenist<\/span>,&nbsp;<span style=\"font-weight: 700;\">h\u00fcaluroonhappest<\/span>,&nbsp;<span style=\"font-weight: 700;\">vitamiin C<\/span>&nbsp;ja&nbsp;<span style=\"font-weight: 700;\">E-st<\/span>&nbsp;ning&nbsp;<span style=\"font-weight: 700;\">biotiinist<\/span>. Suurep\u00e4rane kombinatsioon saavutamaks parimaid tulemusi naha, k\u00fc\u00fcnte ja juuste heaks! Uuringud on t\u00f5estanud, et kollageeni tarbimine on kasulik naha elastsusele, v\u00e4hendab kortsude teket ja niisutab nahka. Kollageen aitab hoida k\u00fc\u00fcned tugevana ja soodustab juuste kasvu. Tarbides iga p\u00e4ev kollageeni kaitsed ka oma liigeseid, luid ja lihaseid vigastuste eest.<\/p>\n<ul>\n<li><span style=\"font-weight: 700;\">Kollageen<\/span>&nbsp;on inimkeha k\u00f5ige olulisem proteiin, moodustades inimeses leiduvast proteiinist 25-35%. Kui elutee algul keha suudab edukalt toota kehas kogu vajaliku kollageeni koguse, siis ~25. eluaastast see v\u00e4heneb iga aasta keskmiselt 1,5% v\u00f5rra. Tulenevalt sellest on soovitav kollageeni lisaks tarbida alates 25.-30. eluaastast igap\u00e4evaselt.Kuigi naha jaoks kasutatakse kollageeni ka mitmetes kreemides, siis kahjuks kollageen ei imendu sel viisil h\u00e4sti ja j\u00e4\u00e4b enamuses lihtsalt naha pinnale. Toiduga-joogiga tarbitav h\u00fcdrol\u00fc\u00fcsitud kollageen on aga kergesti ja kiiresti imenduv ja annab nahale maksimaalse tulemuse. Kui enamus kollageene toodetakse hapete ja kemikaalidega siis&nbsp;<span style=\"font-weight: 700;\">ICONFIT kollageen<\/span>&nbsp;toodetakse unikaalse&nbsp;<span style=\"font-weight: 700;\">kemikaalivaba protsessiga<\/span>&nbsp;ning&nbsp;<span style=\"font-weight: 700;\">puhtus on praktiliselt 100%.<\/span><\/li>\n<\/ul>\n<ul>\n<li><span style=\"font-weight: 700;\">H\u00fcaluroonhappe<\/span>&nbsp;peamine \u00fclesanne on naha niiskustasakaalu s\u00e4ilitamine meie naha s\u00fcgavamas kihis, parandab naha elastsust ning muudab selle siledamaks, aitab s\u00e4ilitada kollageeni tootmist kehas. H\u00fcaluroonhape on ilusa naha jaoks v\u00e4ga vajalik \u2013 seda kasutatakse ka erinevates seerumites, kreemides ning ka s\u00fcstides. H\u00fcaluroonhape on aine, mida meie keha ise toodab, kuid kahjuks kahaneb vanusega happe kogus kehas, mis t\u00e4hendab, et seda v\u00f5iks tarvitada lisaks toidulisandina.<\/li>\n<\/ul>\n<ul>\n<li><span style=\"font-weight: 700;\">Vitamiin C&nbsp;<\/span>tagab kollageeni veelgi parema imendumise, andes seel\u00e4bi parima tulemuse nahale, juustele ja k\u00fc\u00fcntele. Vitamiin C aitab ennetada naha vananemise m\u00e4rke ning \u00fchtlustab nahatooni. Seda nimetatakse tugevaks antioks\u00fcdandiks.<\/li>\n<\/ul>\n<ul>\n<li><span style=\"font-weight: 700;\">Vitamiin E<\/span>&nbsp;on&nbsp; samuti v\u00f5imas antioks\u00fcdant ning ideaalne naha enneaegse vananemise kaitseks. E-vitamiin aitab s\u00e4ilitada naha elastsust ja niiskust.<\/li>\n<\/ul>\n<ul>\n<li><span style=\"font-weight: 700;\">Biotiin<\/span>&nbsp;on vitamiin, mis tugevdab juukseid, nahka ning k\u00fc\u00fcsi.<\/li>\n<li style=\"list-style-type: none;\"><\/li>\n<\/ul>\n<p style=\"margin-bottom: 20px; text-align: justify;\"><span style=\"font-weight: 700;\">ICONFIT Ilu kollageen<\/span>&nbsp;on igap\u00e4evaseks tarbimiseks m\u00f5eldud vitamiinide kompleks, mis sisaldab toitainete kombinatsiooni, et toita nahka, ennetada kortsude teket ning toetada terveid juukseid ja k\u00fc\u00fcsi.&nbsp;<span style=\"font-weight: 700;\">Tervislik s\u00e4ra seestpoolt v\u00e4ljapoole!<\/span><\/p>\n<p style=\"margin-bottom: 20px;\">\n<div class=\"table-2\" style=\"overflow-x: auto;\">\n<table width=\"1168\" style=\"max-width: 100%; height: 372px;\">\n<thead style=\"border: 1px solid rgb(224, 222, 222); background-color: rgb(228, 4, 33);\">\n<tr>\n<th align=\"left\" style=\"font-family: &quot;Open Sans Condensed&quot;, Arial, Helvetica, sans-serif; font-weight: 300; line-height: 1.5; letter-spacing: 0px; padding: 20px; color: rgb(255, 255, 255);\"><span style=\"font-weight: 700;\">P\u00e4evane kogus sisaldab:<\/span><\/th>\n<th align=\"left\" style=\"font-family: &quot;Open Sans Condensed&quot;, Arial, Helvetica, sans-serif; font-weight: 300; line-height: 1.5; letter-spacing: 0px; padding: 20px; color: rgb(255, 255, 255);\"><span style=\"font-weight: 700;\">1 portsjon&nbsp;<\/span><\/th>\n<th align=\"left\" style=\"font-family: &quot;Open Sans Condensed&quot;, Arial, Helvetica, sans-serif; font-weight: 300; line-height: 1.5; letter-spacing: 0px; padding: 20px; color: rgb(255, 255, 255);\"><span style=\"font-weight: 700;\">%NRV*<\/span><\/th>\n<\/tr>\n<\/thead>\n<tbody>\n<tr>\n<td align=\"left\" style=\"border-color: rgb(224, 222, 222); border-bottom-width: 1px; border-bottom-style: solid; padding: 10px 20px;\">H\u00fcdrol\u00fc\u00fcsitud kollageen&nbsp;<\/td>\n<td align=\"left\" style=\"border-color: rgb(224, 222, 222); border-bottom-width: 1px; border-bottom-style: solid; padding: 10px 20px;\">9.7 g&nbsp;<\/td>\n<td align=\"left\" style=\"border-color: rgb(224, 222, 222); border-bottom-width: 1px; border-bottom-style: solid; padding: 10px 20px;\">\u2013<\/td>\n<\/tr>\n<tr>\n<td align=\"left\" style=\"border-color: rgb(224, 222, 222); border-bottom-width: 1px; border-bottom-style: solid; padding: 10px 20px;\">Vitamiin C (<i>L-askorbiinhape<\/i>)&nbsp;<\/td>\n<td align=\"left\" style=\"border-color: rgb(224, 222, 222); border-bottom-width: 1px; border-bottom-style: solid; padding: 10px 20px;\">360 mg&nbsp;<\/td>\n<td align=\"left\" style=\"border-color: rgb(224, 222, 222); border-bottom-width: 1px; border-bottom-style: solid; padding: 10px 20px;\">450%<\/td>\n<\/tr>\n<tr>\n<td align=\"left\" style=\"border-color: rgb(224, 222, 222); border-bottom-width: 1px; border-bottom-style: solid; padding: 10px 20px;\">H\u00fcaluroonhape&nbsp;<\/td>\n<td align=\"left\" style=\"border-color: rgb(224, 222, 222); border-bottom-width: 1px; border-bottom-style: solid; padding: 10px 20px;\">&nbsp;180 mg&nbsp;<\/td>\n<td align=\"left\" style=\"border-color: rgb(224, 222, 222); border-bottom-width: 1px; border-bottom-style: solid; padding: 10px 20px;\">\u2013<\/td>\n<\/tr>\n<tr>\n<td align=\"left\" style=\"border-color: rgb(224, 222, 222); border-bottom-width: 1px; border-bottom-style: solid; padding: 10px 20px;\">Vitamiin E (<i>D-\u03b1-tokofer\u00fc\u00fclatsetaat<\/i>)&nbsp;<\/td>\n<td align=\"left\" style=\"border-color: rgb(224, 222, 222); border-bottom-width: 1px; border-bottom-style: solid; padding: 10px 20px;\">18 mg&nbsp;<\/td>\n<td align=\"left\" style=\"border-color: rgb(224, 222, 222); border-bottom-width: 1px; border-bottom-style: solid; padding: 10px 20px;\">150 %<\/td>\n<\/tr>\n<tr>\n<td align=\"left\" style=\"border-color: rgb(224, 222, 222); border-bottom-width: 1px; border-bottom-style: solid; padding: 10px 20px;\">Biotiin (<i>D-biotiin<\/i>)&nbsp;<\/td>\n<td align=\"left\" style=\"border-color: rgb(224, 222, 222); border-bottom-width: 1px; border-bottom-style: solid; padding: 10px 20px;\">&nbsp;2400 \u03bcg<\/td>\n<td align=\"left\" style=\"border-color: rgb(224, 222, 222); border-bottom-width: 1px; border-bottom-style: solid; padding: 10px 20px;\">4800%<\/td>\n<\/tr>\n<\/tbody>\n<\/table>\n<\/div>\n<p style=\"margin-bottom: 20px;\">\n<p style=\"margin-bottom: 20px;\">* \u2013 protsent p\u00e4evasest v\u00f5rdluskogusest t\u00e4iskasvanutele)<\/p>\n<p style=\"margin-bottom: 20px; text-align: justify;\"><span style=\"font-weight: 700;\">Koostisosad. Maasika-m\u00fcndi:<\/span>&nbsp;h\u00fcdrol\u00fc\u00fcsitud kollageen, maitse- ja l\u00f5hnaained, sidrunhape, vitamiin C (<i>L-askorbiinhape<\/i>), naatriumh\u00fcaluronaat (h\u00fcaluroonhape), musta porgandi ekstrakt, magusaine sukraloos, vitamiin E (<i>D-\u03b1-tokofer\u00fc\u00fclatsetaat<\/i>), biotin (<i>D-biotiin<\/i>).<\/p>\n<p style=\"margin-bottom: 20px; text-align: justify;\"><span style=\"font-weight: 700;\">Koostisosad. Apelsini:<\/span>&nbsp;h\u00fcdrol\u00fc\u00fcsitud kollageen, maitse- ja l\u00f5hnaained, sidrunhape, vitamiin C (<i>L-askorbiinhape<\/i>), naatriumh\u00fcaluronaat (h\u00fcaluroonhape), beeta-karoteen, magusaine sukraloos, vitamiin E (<i>D-\u03b1-tokofer\u00fc\u00fclatsetaat<\/i>), biotin (<i>D-biotiin<\/i>).<\/p>\n<p style=\"margin-bottom: 20px; text-align: justify;\"><span style=\"font-weight: 700;\">Koostisosad. Sidruni-laimi:<\/span>&nbsp;h\u00fcdrol\u00fc\u00fcsitud kollageen, sidrunhape, maitse- ja l\u00f5hnaaine, vitamiin C (<i>L-askorbiinhape<\/i>), naatriumh\u00fcaluronaat (h\u00fcaluroonhape), magusaine sukraloos, vitamiin E (<i>D-\u03b1-tokofer\u00fc\u00fclatsetaat<\/i>), beeta-karoteen, biotin (<i>D-biotiin<\/i>).<\/p>\n<p style=\"margin-bottom: 20px; text-align: justify;\"><span style=\"font-weight: 700;\">KASUTAMINE:&nbsp;<\/span>12 g pulbrit (2 m\u00f5\u00f5dulusikat, purgis kaasas) segada klaasis 200-300 ml veega. Tarbi 1x p\u00e4evas.&nbsp;NB! Sobib ka rasedatele.<\/p>\n<\/div>\n<\/li>\n<\/ul>\n<\/div>\n<\/ul>\n","protected":false},"excerpt":{"rendered":"<p>ICONFIT Beauty Collagen&nbsp;koosneb meie k\u00f5rgelt hinnatud puhtaimast&nbsp;kollageenist,&nbsp;h\u00fcaluroonhappest,&nbsp;vitamiin C&nbsp;ja&nbsp;E-st&nbsp;ning&nbsp;biotiinist. Suurep\u00e4rane kombinatsioon saavutamaks parimaid tulemusi naha, k\u00fc\u00fcnte ja juuste heaks! Uuringud on t\u00f5estanud, et kollageeni tarbimine on kasulik naha elastsusele, v\u00e4hendab kortsude teket ja niisutab nahka. Kollageen aitab hoida k\u00fc\u00fcned tugevana ja soodustab juuste kasvu. Tarbides iga p\u00e4ev kollageeni kaitsed ka oma liigeseid, luid ja lihaseid vigastuste [&hellip;]<\/p>\n","protected":false},"featured_media":0,"comment_status":"open","ping_status":"closed","template":"","meta":{"inline_featured_image":false},"product_cat":[25,27,29],"product_tag":[],"class_list":{"0":"post-956","1":"product","2":"type-product","3":"status-publish","5":"product_cat-naturaalsed-toidulisandid","6":"product_cat-proteiinid","7":"product_cat-sooduspakkumised","8":"pa_maitse-apelsin","9":"pa_maitse-maasikas","10":"pa_maitse-sidruni_laimi","12":"first","13":"instock","14":"shipping-taxable","15":"purchasable","16":"product-type-variable"},"yoast_head":"<!-- This site is optimized with the Yoast SEO plugin v27.3 - https:\/\/yoast.com\/product\/yoast-seo-wordpress\/ -->\n<title>ICONFIT Beauty Collagen (Nahk, K\u00fc\u00fcned, Juuksed 300g)<\/title>\n<meta name=\"description\" content=\"K\u00f5rgelt hinnatud kollageen n\u00fc\u00fcd saadaval t\u00e4iesti\" \/>\n<meta name=\"robots\" content=\"index, follow, max-snippet:-1, max-image-preview:large, max-video-preview:-1\" \/>\n<link rel=\"canonical\" href=\"https:\/\/mybody5.ee.mybody.ee\/proov\/product\/iconfit-collagen-vitamin-c-nahk-kuuned-juuksed-300g\/\" \/>\n<meta property=\"og:locale\" content=\"et_EE\" \/>\n<meta property=\"og:type\" content=\"article\" \/>\n<meta property=\"og:title\" content=\"ICONFIT Beauty Collagen (Nahk, K\u00fc\u00fcned, Juuksed 300g)\" \/>\n<meta property=\"og:description\" content=\"K\u00f5rgelt hinnatud kollageen n\u00fc\u00fcd saadaval t\u00e4iesti\" \/>\n<meta property=\"og:url\" content=\"https:\/\/mybody5.ee.mybody.ee\/proov\/product\/iconfit-collagen-vitamin-c-nahk-kuuned-juuksed-300g\/\" \/>\n<meta property=\"og:site_name\" content=\"supplero\" \/>\n<meta property=\"article:publisher\" content=\"https:\/\/facebook.com\/MyBody.ee\/\" \/>\n<meta property=\"og:image\" content=\"https:\/\/mybody5.ee.mybody.ee\/proov\/wp-content\/uploads\/2023\/11\/mybody_logo_h65.png\" \/>\n\t<meta property=\"og:image:width\" content=\"229\" \/>\n\t<meta property=\"og:image:height\" content=\"65\" \/>\n\t<meta property=\"og:image:type\" content=\"image\/png\" \/>\n<meta name=\"twitter:card\" content=\"summary_large_image\" \/>\n<meta name=\"twitter:label1\" content=\"Est. reading time\" \/>\n\t<meta name=\"twitter:data1\" content=\"3 minutit\" \/>\n<script type=\"application\/ld+json\" class=\"yoast-schema-graph\">{\"@context\":\"https:\\\/\\\/schema.org\",\"@graph\":[{\"@type\":\"WebPage\",\"@id\":\"https:\\\/\\\/mybody5.ee.mybody.ee\\\/proov\\\/product\\\/iconfit-collagen-vitamin-c-nahk-kuuned-juuksed-300g\\\/\",\"url\":\"https:\\\/\\\/mybody5.ee.mybody.ee\\\/proov\\\/product\\\/iconfit-collagen-vitamin-c-nahk-kuuned-juuksed-300g\\\/\",\"name\":\"ICONFIT Beauty Collagen (Nahk, K\u00fc\u00fcned, Juuksed 300g)\",\"isPartOf\":{\"@id\":\"https:\\\/\\\/mybody5.ee.mybody.ee\\\/proov\\\/#website\"},\"datePublished\":\"2021-03-14T21:01:23+00:00\",\"description\":\"K\u00f5rgelt hinnatud kollageen n\u00fc\u00fcd saadaval t\u00e4iesti\",\"breadcrumb\":{\"@id\":\"https:\\\/\\\/mybody5.ee.mybody.ee\\\/proov\\\/product\\\/iconfit-collagen-vitamin-c-nahk-kuuned-juuksed-300g\\\/#breadcrumb\"},\"inLanguage\":\"et\",\"potentialAction\":[{\"@type\":\"ReadAction\",\"target\":[\"https:\\\/\\\/mybody5.ee.mybody.ee\\\/proov\\\/product\\\/iconfit-collagen-vitamin-c-nahk-kuuned-juuksed-300g\\\/\"]}]},{\"@type\":\"BreadcrumbList\",\"@id\":\"https:\\\/\\\/mybody5.ee.mybody.ee\\\/proov\\\/product\\\/iconfit-collagen-vitamin-c-nahk-kuuned-juuksed-300g\\\/#breadcrumb\",\"itemListElement\":[{\"@type\":\"ListItem\",\"position\":1,\"name\":\"Home\",\"item\":\"https:\\\/\\\/mybody5.ee.mybody.ee\\\/proov\\\/\"},{\"@type\":\"ListItem\",\"position\":2,\"name\":\"Shop\",\"item\":\"https:\\\/\\\/mybody5.ee.mybody.ee\\\/proov\\\/shop\\\/\"},{\"@type\":\"ListItem\",\"position\":3,\"name\":\"ICONFIT Beauty Collagen (Nahk, K\u00fc\u00fcned, Juuksed 300g)\"}]},{\"@type\":\"WebSite\",\"@id\":\"https:\\\/\\\/mybody5.ee.mybody.ee\\\/proov\\\/#website\",\"url\":\"https:\\\/\\\/mybody5.ee.mybody.ee\\\/proov\\\/\",\"name\":\"MyBody.ee - Toidulisandid ja sporditarvikud\",\"description\":\"Just another WordPress site\",\"publisher\":{\"@id\":\"https:\\\/\\\/mybody5.ee.mybody.ee\\\/proov\\\/#organization\"},\"potentialAction\":[{\"@type\":\"SearchAction\",\"target\":{\"@type\":\"EntryPoint\",\"urlTemplate\":\"https:\\\/\\\/mybody5.ee.mybody.ee\\\/proov\\\/?s={search_term_string}\"},\"query-input\":{\"@type\":\"PropertyValueSpecification\",\"valueRequired\":true,\"valueName\":\"search_term_string\"}}],\"inLanguage\":\"et\"},{\"@type\":\"Organization\",\"@id\":\"https:\\\/\\\/mybody5.ee.mybody.ee\\\/proov\\\/#organization\",\"name\":\"MyBody.ee\",\"url\":\"https:\\\/\\\/mybody5.ee.mybody.ee\\\/proov\\\/\",\"logo\":{\"@type\":\"ImageObject\",\"inLanguage\":\"et\",\"@id\":\"https:\\\/\\\/mybody5.ee.mybody.ee\\\/proov\\\/#\\\/schema\\\/logo\\\/image\\\/\",\"url\":\"https:\\\/\\\/mybody5.ee.mybody.ee\\\/proov\\\/wp-content\\\/uploads\\\/2023\\\/11\\\/mybody_logo_h65-2.png\",\"contentUrl\":\"https:\\\/\\\/mybody5.ee.mybody.ee\\\/proov\\\/wp-content\\\/uploads\\\/2023\\\/11\\\/mybody_logo_h65-2.png\",\"width\":229,\"height\":65,\"caption\":\"MyBody.ee\"},\"image\":{\"@id\":\"https:\\\/\\\/mybody5.ee.mybody.ee\\\/proov\\\/#\\\/schema\\\/logo\\\/image\\\/\"},\"sameAs\":[\"https:\\\/\\\/facebook.com\\\/MyBody.ee\\\/\"]}]}<\/script>\n<!-- \/ Yoast SEO plugin. -->","yoast_head_json":{"title":"ICONFIT Beauty Collagen (Nahk, K\u00fc\u00fcned, Juuksed 300g)","description":"K\u00f5rgelt hinnatud kollageen n\u00fc\u00fcd saadaval t\u00e4iesti","robots":{"index":"index","follow":"follow","max-snippet":"max-snippet:-1","max-image-preview":"max-image-preview:large","max-video-preview":"max-video-preview:-1"},"canonical":"https:\/\/mybody5.ee.mybody.ee\/proov\/product\/iconfit-collagen-vitamin-c-nahk-kuuned-juuksed-300g\/","og_locale":"et_EE","og_type":"article","og_title":"ICONFIT Beauty Collagen (Nahk, K\u00fc\u00fcned, Juuksed 300g)","og_description":"K\u00f5rgelt hinnatud kollageen n\u00fc\u00fcd saadaval t\u00e4iesti","og_url":"https:\/\/mybody5.ee.mybody.ee\/proov\/product\/iconfit-collagen-vitamin-c-nahk-kuuned-juuksed-300g\/","og_site_name":"supplero","article_publisher":"https:\/\/facebook.com\/MyBody.ee\/","og_image":[{"width":229,"height":65,"url":"https:\/\/mybody5.ee.mybody.ee\/proov\/wp-content\/uploads\/2023\/11\/mybody_logo_h65.png","type":"image\/png"}],"twitter_card":"summary_large_image","twitter_misc":{"Est. reading time":"3 minutit"},"schema":{"@context":"https:\/\/schema.org","@graph":[{"@type":"WebPage","@id":"https:\/\/mybody5.ee.mybody.ee\/proov\/product\/iconfit-collagen-vitamin-c-nahk-kuuned-juuksed-300g\/","url":"https:\/\/mybody5.ee.mybody.ee\/proov\/product\/iconfit-collagen-vitamin-c-nahk-kuuned-juuksed-300g\/","name":"ICONFIT Beauty Collagen (Nahk, K\u00fc\u00fcned, Juuksed 300g)","isPartOf":{"@id":"https:\/\/mybody5.ee.mybody.ee\/proov\/#website"},"datePublished":"2021-03-14T21:01:23+00:00","description":"K\u00f5rgelt hinnatud kollageen n\u00fc\u00fcd saadaval t\u00e4iesti","breadcrumb":{"@id":"https:\/\/mybody5.ee.mybody.ee\/proov\/product\/iconfit-collagen-vitamin-c-nahk-kuuned-juuksed-300g\/#breadcrumb"},"inLanguage":"et","potentialAction":[{"@type":"ReadAction","target":["https:\/\/mybody5.ee.mybody.ee\/proov\/product\/iconfit-collagen-vitamin-c-nahk-kuuned-juuksed-300g\/"]}]},{"@type":"BreadcrumbList","@id":"https:\/\/mybody5.ee.mybody.ee\/proov\/product\/iconfit-collagen-vitamin-c-nahk-kuuned-juuksed-300g\/#breadcrumb","itemListElement":[{"@type":"ListItem","position":1,"name":"Home","item":"https:\/\/mybody5.ee.mybody.ee\/proov\/"},{"@type":"ListItem","position":2,"name":"Shop","item":"https:\/\/mybody5.ee.mybody.ee\/proov\/shop\/"},{"@type":"ListItem","position":3,"name":"ICONFIT Beauty Collagen (Nahk, K\u00fc\u00fcned, Juuksed 300g)"}]},{"@type":"WebSite","@id":"https:\/\/mybody5.ee.mybody.ee\/proov\/#website","url":"https:\/\/mybody5.ee.mybody.ee\/proov\/","name":"MyBody.ee - Toidulisandid ja sporditarvikud","description":"Just another WordPress site","publisher":{"@id":"https:\/\/mybody5.ee.mybody.ee\/proov\/#organization"},"potentialAction":[{"@type":"SearchAction","target":{"@type":"EntryPoint","urlTemplate":"https:\/\/mybody5.ee.mybody.ee\/proov\/?s={search_term_string}"},"query-input":{"@type":"PropertyValueSpecification","valueRequired":true,"valueName":"search_term_string"}}],"inLanguage":"et"},{"@type":"Organization","@id":"https:\/\/mybody5.ee.mybody.ee\/proov\/#organization","name":"MyBody.ee","url":"https:\/\/mybody5.ee.mybody.ee\/proov\/","logo":{"@type":"ImageObject","inLanguage":"et","@id":"https:\/\/mybody5.ee.mybody.ee\/proov\/#\/schema\/logo\/image\/","url":"https:\/\/mybody5.ee.mybody.ee\/proov\/wp-content\/uploads\/2023\/11\/mybody_logo_h65-2.png","contentUrl":"https:\/\/mybody5.ee.mybody.ee\/proov\/wp-content\/uploads\/2023\/11\/mybody_logo_h65-2.png","width":229,"height":65,"caption":"MyBody.ee"},"image":{"@id":"https:\/\/mybody5.ee.mybody.ee\/proov\/#\/schema\/logo\/image\/"},"sameAs":["https:\/\/facebook.com\/MyBody.ee\/"]}]}},"_links":{"self":[{"href":"https:\/\/mybody5.ee.mybody.ee\/proov\/wp-json\/wp\/v2\/product\/956","targetHints":{"allow":["GET"]}}],"collection":[{"href":"https:\/\/mybody5.ee.mybody.ee\/proov\/wp-json\/wp\/v2\/product"}],"about":[{"href":"https:\/\/mybody5.ee.mybody.ee\/proov\/wp-json\/wp\/v2\/types\/product"}],"replies":[{"embeddable":true,"href":"https:\/\/mybody5.ee.mybody.ee\/proov\/wp-json\/wp\/v2\/comments?post=956"}],"wp:attachment":[{"href":"https:\/\/mybody5.ee.mybody.ee\/proov\/wp-json\/wp\/v2\/media?parent=956"}],"wp:term":[{"taxonomy":"product_cat","embeddable":true,"href":"https:\/\/mybody5.ee.mybody.ee\/proov\/wp-json\/wp\/v2\/product_cat?post=956"},{"taxonomy":"product_tag","embeddable":true,"href":"https:\/\/mybody5.ee.mybody.ee\/proov\/wp-json\/wp\/v2\/product_tag?post=956"}],"curies":[{"name":"wp","href":"https:\/\/api.w.org\/{rel}","templated":true}]}}