{"id":960,"date":"2021-03-14T21:23:52","date_gmt":"2021-03-14T21:23:52","guid":{"rendered":"https:\/\/mybody5.ee.mybody.ee\/proov\/product\/iconfit-msm-collagen-vitamiin-c-liigestele-300g\/"},"modified":"2021-03-14T21:23:52","modified_gmt":"2021-03-14T21:23:52","slug":"iconfit-msm-collagen-vitamiin-c-liigestele-300g","status":"publish","type":"product","link":"https:\/\/mybody5.ee.mybody.ee\/proov\/product\/iconfit-msm-collagen-vitamiin-c-liigestele-300g\/","title":{"rendered":"ICONFIT MSM Collagen + Vitamiin C (Liigestele, 300g)"},"content":{"rendered":"<div><\/p>\n<p style=\"margin-bottom: 20px; caret-color: rgb(89, 95, 107); color: rgb(89, 95, 107); font-family: &quot;Open Sans&quot;, Arial, Helvetica, sans-serif; font-size: 14px; text-align: justify;\"><span style=\"font-weight: 700;\">ICONFIT MSM Collagen koos C vitamiiniga on Eestis v\u00e4lja arendatud ja toodetud<\/span>&nbsp;toidulisand. Oleme kombineerinud meie \u00fclipopulaarse h\u00fcdrol\u00fc\u00fcsitud kollageeni ning MSMi parimad omadused ning parimaks toimeks ja imendumiseks lisanud 500mg C vitamiini. See kombinatsioon toimib veel paremini kui k\u00f5ik selle kiidetud koostisosad eraldi ning on ideaalne kasutada nii liigesevalude korral kui ka oma juuste, k\u00fc\u00fcnte ja naha tervise heaks.<\/p>\n<p style=\"margin-bottom: 20px; caret-color: rgb(89, 95, 107); color: rgb(89, 95, 107); font-family: &quot;Open Sans&quot;, Arial, Helvetica, sans-serif; font-size: 14px; text-align: justify;\">Mis teeb meie toote veel eriliseks on meie kollageeni ainulaadne&nbsp;<span style=\"font-weight: 700;\">kemikaalivaba tootmisprotsess.<\/span>&nbsp;Enamus maailma kollageenidest toodetakse hapete ja kemikaalide abil kuid seda ei panda kuidagi pakendile kirja.&nbsp;<span style=\"font-weight: 700;\">ICONFIT kollageeni kvaliteedis v\u00f5ib kindel olla<\/span>&nbsp;sest see on t\u00e4iesti kemikaalivabalt toodetud!<\/p>\n<p style=\"margin-bottom: 20px; caret-color: rgb(89, 95, 107); color: rgb(89, 95, 107); font-family: &quot;Open Sans&quot;, Arial, Helvetica, sans-serif; font-size: 14px; text-align: justify;\">Saadaval nii maitsestamata seguna mida lisada smuutile, s\u00f6\u00f6gile v\u00f5i joogile ning lisaks ka maitsestatud (J\u00f5hvika , Arbuusi) joogisegudena mida lihtsalt veega segada ja nautida.&nbsp; Pakendatud meie uude \u00f5hukindlasse ja looduss\u00f5bralikku kartongpurki milles on sees ka m\u00f5\u00f5dulusikas t\u00e4pseks ja mugavaks doseerimiseks.<\/p>\n<\/div>\n<p style=\"margin-left: 33.6px;\"><\/p>\n<p style=\"margin-bottom: 20px; caret-color: rgb(89, 95, 107); color: rgb(89, 95, 107); font-family: &quot;Open Sans&quot;, Arial, Helvetica, sans-serif; font-size: 14px;\"><a href=\"https:\/\/iconfit.eu\/wp-content\/uploads\/2019\/05\/collagenjointsa.jpg\" data-caption=\"\" style=\"transition-property: color, background-color, border-color; transition-duration: 0.2s; transition-timing-function: linear; color: rgb(89, 95, 107);\"><img decoding=\"async\" class=\"alignleft wp-image-18368 size-full\" src=\"https:\/\/iconfit.eu\/wp-content\/uploads\/2019\/05\/collagenjointsa.jpg\" alt=\"\" width=\"200\" height=\"200\" srcset=\"https:\/\/iconfit.eu\/wp-content\/uploads\/2019\/05\/collagenjointsa-66x66.jpg 66w, https:\/\/iconfit.eu\/wp-content\/uploads\/2019\/05\/collagenjointsa-100x100.jpg 100w, https:\/\/iconfit.eu\/wp-content\/uploads\/2019\/05\/collagenjointsa-150x150.jpg 150w, https:\/\/iconfit.eu\/wp-content\/uploads\/2019\/05\/collagenjointsa.jpg 200w\" sizes=\"(max-width: 200px) 100vw, 200px\" style=\"border-style: none; vertical-align: top; max-width: 100%; height: auto; display: inline; float: left; margin-right: 15px;\"><\/a><\/p>\n<p style=\"margin-bottom: 20px; caret-color: rgb(89, 95, 107); color: rgb(89, 95, 107); font-family: &quot;Open Sans&quot;, Arial, Helvetica, sans-serif; font-size: 14px; text-align: justify;\"><span style=\"font-weight: 700;\"><span class=\"fontawesome-icon fa-star far circle-yes\" style=\"display: inline-block; float: left; margin-right: 9px; color: rgb(255, 255, 255); -webkit-font-smoothing: antialiased; font-variant-ligatures: normal; font-variant-east-asian: normal; font-variant-position: normal; text-rendering: auto; line-height: 31.68px; font-family: &quot;Font Awesome 5 Free&quot;; font-weight: 400; border-top-left-radius: 50%; border-top-right-radius: 50%; border-bottom-right-radius: 50%; border-bottom-left-radius: 50%; border: 1px solid rgb(240, 88, 88); background-color: rgb(240, 88, 88); text-align: center; margin-top: 2px; -webkit-background-clip: inherit; background-clip: inherit; font-size: 15.84px; height: 31.68px; width: 31.68px;\"><\/span>H\u00fcdrol\u00fc\u00fcsitud Kollageen<\/span><\/p>\n<p style=\"margin-bottom: 20px; caret-color: rgb(89, 95, 107); color: rgb(89, 95, 107); font-family: &quot;Open Sans&quot;, Arial, Helvetica, sans-serif; font-size: 14px; text-align: justify;\">Kollageen on viimastel aastatel esile t\u00f5usnud kui maailma \u00fcks hinnatuimaid toidulisandeid. Seda toodetakse looduslike protsesside abil loomsest toorainest. Tuntud oma \u00e4\u00e4rmiselt kasulike omaduste poolest \u2013 kaitseb liigeseid ja aitab neid kiiremini taastada, parandab luude elastsust ja vastupidavust, aitab moodustada lihaskudedele kvaliteetset struktuuri. Maailmakuulus on kollageen ka naha elastsuse parandamise ja kortsudevastase toimega.&nbsp;Kergesti seeditav, allergiavaba ja keha poolt v\u00e4ga h\u00e4sti omastatav.<\/p>\n<p style=\"margin-bottom: 20px; caret-color: rgb(89, 95, 107); color: rgb(89, 95, 107); font-family: &quot;Open Sans&quot;, Arial, Helvetica, sans-serif; font-size: 14px;\">&nbsp;<\/p>\n<p style=\"margin-bottom: 20px; caret-color: rgb(89, 95, 107); color: rgb(89, 95, 107); font-family: &quot;Open Sans&quot;, Arial, Helvetica, sans-serif; font-size: 14px;\"><a href=\"https:\/\/iconfit.eu\/wp-content\/uploads\/2019\/05\/collagenjoints.jpg\" data-caption=\"\" style=\"transition-property: color, background-color, border-color; transition-duration: 0.2s; transition-timing-function: linear; color: rgb(89, 95, 107);\"><img decoding=\"async\" class=\"alignleft wp-image-18370 size-full\" src=\"https:\/\/iconfit.eu\/wp-content\/uploads\/2019\/05\/collagenjoints.jpg\" alt=\"\" width=\"200\" height=\"200\" srcset=\"https:\/\/iconfit.eu\/wp-content\/uploads\/2019\/05\/collagenjoints-66x66.jpg 66w, https:\/\/iconfit.eu\/wp-content\/uploads\/2019\/05\/collagenjoints-100x100.jpg 100w, https:\/\/iconfit.eu\/wp-content\/uploads\/2019\/05\/collagenjoints-150x150.jpg 150w, https:\/\/iconfit.eu\/wp-content\/uploads\/2019\/05\/collagenjoints.jpg 200w\" sizes=\"(max-width: 200px) 100vw, 200px\" style=\"border-style: none; vertical-align: top; max-width: 100%; height: auto; display: inline; float: left; margin-right: 15px;\"><\/a><\/p>\n<p style=\"margin-bottom: 20px; caret-color: rgb(89, 95, 107); color: rgb(89, 95, 107); font-family: &quot;Open Sans&quot;, Arial, Helvetica, sans-serif; font-size: 14px;\"><span style=\"font-weight: 700;\"><span class=\"fontawesome-icon fa-star far circle-yes\" style=\"display: inline-block; float: left; margin-right: 9px; color: rgb(255, 255, 255); -webkit-font-smoothing: antialiased; font-variant-ligatures: normal; font-variant-east-asian: normal; font-variant-position: normal; text-rendering: auto; line-height: 31.68px; font-family: &quot;Font Awesome 5 Free&quot;; font-weight: 400; border-top-left-radius: 50%; border-top-right-radius: 50%; border-bottom-right-radius: 50%; border-bottom-left-radius: 50%; border: 1px solid rgb(240, 88, 88); background-color: rgb(240, 88, 88); text-align: center; margin-top: 2px; -webkit-background-clip: inherit; background-clip: inherit; font-size: 15.84px; height: 31.68px; width: 31.68px;\"><\/span>MSM<\/span><\/p>\n<p style=\"margin-bottom: 20px; caret-color: rgb(89, 95, 107); color: rgb(89, 95, 107); font-family: &quot;Open Sans&quot;, Arial, Helvetica, sans-serif; font-size: 14px; text-align: justify;\">MSM on orgaaniline v\u00e4\u00e4vli\u00fchend (mitte segamini ajada MMSiga!) met\u00fc\u00fclsulfon\u00fc\u00fclmetaan mida leidub looduslikult taimedes, loomades ja ka inimkehas. Ka MSM on olnud mitmetes teaduslikes uuringutes kus on aidanud leevendada liigesevalusid ja m\u00f5junud v\u00e4ga h\u00e4sti juustele ja nahale. Tema \u201csuperomaduseks\u201d on p\u00f5letikuliste ja allergiliste protsesside leevendamine kehas ning detox omadused aitavad kehast v\u00e4lja viia toksiine.<\/p>\n<p style=\"margin-bottom: 20px; caret-color: rgb(89, 95, 107); color: rgb(89, 95, 107); font-family: &quot;Open Sans&quot;, Arial, Helvetica, sans-serif; font-size: 14px; text-align: justify;\"><span style=\"font-weight: 700;\"><a href=\"https:\/\/www.ncbi.nlm.nih.gov\/pmc\/articles\/PMC4502733\/\" target=\"_blank\" rel=\"noopener noreferrer\" style=\"transition-property: color, background-color, border-color; transition-duration: 0.2s; transition-timing-function: linear; color: rgb(89, 95, 107);\">Teaduslikud uuringud<\/a><\/span>&nbsp;on n\u00e4idanud v\u00e4ga h\u00e4id tulemusi kui prooviti 100 \u00fcle 50a. inimesele anda MSMi iga p\u00e4ev 12 n\u00e4dala jooksul ning teisele grupile anti vaid platseebot \u2013 MSM saanud grupis oli tulemuseks v\u00e4henenud liigesevalud, parem liikuvus ja v\u00e4henenud liigeste paistetus.<\/p>\n<p style=\"margin-bottom: 20px; caret-color: rgb(89, 95, 107); color: rgb(89, 95, 107); font-family: &quot;Open Sans&quot;, Arial, Helvetica, sans-serif; font-size: 14px;\"><a href=\"https:\/\/iconfit.eu\/wp-content\/uploads\/2019\/05\/collagenvitc.jpg\" data-caption=\"\" style=\"transition-property: color, background-color, border-color; transition-duration: 0.2s; transition-timing-function: linear; color: rgb(89, 95, 107);\"><img decoding=\"async\" class=\"alignleft wp-image-18372 size-full\" src=\"https:\/\/iconfit.eu\/wp-content\/uploads\/2019\/05\/collagenvitc.jpg\" alt=\"\" width=\"200\" height=\"200\" srcset=\"https:\/\/iconfit.eu\/wp-content\/uploads\/2019\/05\/collagenvitc-66x66.jpg 66w, https:\/\/iconfit.eu\/wp-content\/uploads\/2019\/05\/collagenvitc-100x100.jpg 100w, https:\/\/iconfit.eu\/wp-content\/uploads\/2019\/05\/collagenvitc-150x150.jpg 150w, https:\/\/iconfit.eu\/wp-content\/uploads\/2019\/05\/collagenvitc.jpg 200w\" sizes=\"(max-width: 200px) 100vw, 200px\" style=\"border-style: none; vertical-align: top; max-width: 100%; height: auto; display: inline; float: left; margin-right: 15px;\"><\/a><\/p>\n<p style=\"margin-bottom: 20px; caret-color: rgb(89, 95, 107); color: rgb(89, 95, 107); font-family: &quot;Open Sans&quot;, Arial, Helvetica, sans-serif; font-size: 14px;\"><span style=\"font-weight: 700;\"><span class=\"fontawesome-icon fa-star far circle-yes\" style=\"display: inline-block; float: left; margin-right: 9px; color: rgb(255, 255, 255); -webkit-font-smoothing: antialiased; font-variant-ligatures: normal; font-variant-east-asian: normal; font-variant-position: normal; text-rendering: auto; line-height: 31.68px; font-family: &quot;Font Awesome 5 Free&quot;; font-weight: 400; border-top-left-radius: 50%; border-top-right-radius: 50%; border-bottom-right-radius: 50%; border-bottom-left-radius: 50%; border: 1px solid rgb(240, 88, 88); background-color: rgb(240, 88, 88); text-align: center; margin-top: 2px; -webkit-background-clip: inherit; background-clip: inherit; font-size: 15.84px; height: 31.68px; width: 31.68px;\"><\/span>Vitamiin C<\/span><\/p>\n<p style=\"margin-bottom: 20px; caret-color: rgb(89, 95, 107); color: rgb(89, 95, 107); font-family: &quot;Open Sans&quot;, Arial, Helvetica, sans-serif; font-size: 14px; text-align: justify;\">See t\u00e4htis koostisosa ehk ei vajagi paljude jaoks eraldi tutvustust \u2013 lisasime 500mg C vitamiini kuna see aitab v\u00e4ga h\u00e4sti kaasa eriti just MSMi toimele ja imendumisele. Looduslikult leidub seda vitamiini lugematus arvus marjades ja puuviljades kuid tihtipeale p\u00f5hjamaade inimesed ei saa oma tavatoidust seda piisavas koguses k\u00e4tte. Seega meie retseptis on C vitamiin t\u00e4htsal kohal nii MSM kasuliku toime v\u00f5imendamiseks kui ka tervisliku vitamiinitaseme hoidmisel.<\/p>\n<p style=\"margin-bottom: 20px; caret-color: rgb(89, 95, 107); color: rgb(89, 95, 107); font-family: &quot;Open Sans&quot;, Arial, Helvetica, sans-serif; font-size: 14px;\">&nbsp;<\/p>\n<p style=\"margin-left: 33.6px;\"><\/p>\n<p style=\"margin-left: 33.6px;\"><img decoding=\"async\" src=\"https:\/\/mybody.ee\/image\/catalog\/IconFit\/Screen Shot 2021-03-15 at 10.28.30.png\" style=\"width: 533px;\"><\/p>\n<p style=\"margin-bottom: 20px; caret-color: rgb(89, 95, 107); color: rgb(89, 95, 107); font-family: &quot;Open Sans&quot;, Arial, Helvetica, sans-serif; font-size: 14px;\"><span style=\"font-weight: 700;\">Koostisosad maitsestamata tootes:<\/span>&nbsp;H\u00fcdrol\u00fc\u00fcsitud kollageen, MSM (met\u00fc\u00fclsulfon\u00fc\u00fclmetaan), vitamiin C (askorbiinhape). Toodetud Eestis.&nbsp;<span style=\"font-weight: 700;\">KASUTAMINE:<\/span>&nbsp;Lisa 10g (2 m\u00f5\u00f5dulusikat\u00e4it, lusikas pulbri sees) pulbrit iga p\u00e4ev smuuti, mahla v\u00f5i m\u00f5ne toidu sisse.<span style=\"font-weight: 700;\">&nbsp;NB! Maitsestamata tootel on natuke m\u00f5ru maitse ja sobib paremini segamiseks suurema joogi v\u00f5i s\u00f6\u00f6gikogusega.<\/span><\/p>\n<p style=\"margin-bottom: 20px; caret-color: rgb(89, 95, 107); color: rgb(89, 95, 107); font-family: &quot;Open Sans&quot;, Arial, Helvetica, sans-serif; font-size: 14px;\">&nbsp;<img decoding=\"async\" src=\"https:\/\/mybody.ee\/image\/catalog\/IconFit\/Screen Shot 2021-03-15 at 10.31.14.png\" style=\"width: 531px;\"><\/p>\n<p style=\"margin-bottom: 20px; caret-color: rgb(89, 95, 107); color: rgb(89, 95, 107); font-family: &quot;Open Sans&quot;, Arial, Helvetica, sans-serif; font-size: 14px;\"><span style=\"font-weight: 700;\">Koostisosad:<\/span>&nbsp;H\u00fcdrol\u00fc\u00fcsitud kollageen, MSM (met\u00fc\u00fclsulfon\u00fc\u00fclmetaan), vitamiin C (askorbiinhape), sidrunhape, maitse- ja l\u00f5hnaaine, magusaine sukraloos. Toodetud Eestis.&nbsp;<span style=\"font-weight: 700;\">KASUTAMINE:<\/span>&nbsp;Vala shakerisse v\u00f5i suuremasse klaasi u 150ml vett. Lisa 2 m\u00f5\u00f5dulusikat\u00e4it (u 12g, lusikas pulbri sees) pulbrit vette, sega teelusikaga kuni \u00fchtlase lahustuvuseni ja tarbi 15 minuti jooksul.<\/p>\n<ul>\n<li style=\"text-align: justify;\"><span style=\"font-size: 12px;\"><span style=\"font-family: arial, helvetica, sans-serif;\">Oled oodatud tasuta konsultatsioonile MYBODY Audentese kauplusesse,<\/span><\/span><\/li>\n<li style=\"text-align: justify;\"><span style=\"font-size: 12px;\"><span style=\"font-family: arial, helvetica, sans-serif;\">Asukoht: Audentese Spordikeskus, Tondi 84.<\/span><\/span><\/li>\n<li style=\"text-align: justify;\"><span style=\"font-size: 12px;\"><span style=\"font-family: arial, helvetica, sans-serif;\">Telefon EST\/RUS\/ENG +372&nbsp;523 1960<\/span><\/span><\/li>\n<li style=\"text-align: justify;\"><span style=\"font-size: 12px;\"><span style=\"font-family: arial, helvetica, sans-serif;\">Telefon EST\/ENG +372 56&nbsp;458&nbsp;688<\/span><\/span><\/li>\n<li style=\"text-align: justify;\"><span style=\"font-size: 12px;\"><span style=\"font-family: arial, helvetica, sans-serif;\"><a href=\"mailto:info@mybody.ee\">info@mybody.ee<\/a><\/span><\/span><\/li>\n<li style=\"text-align: justify;\"><span style=\"font-size: 12px;\"><span style=\"font-family: arial, helvetica, sans-serif;\"><a href=\"http:\/\/www.facebook.com\/mybody.ee\">www.facebook.com\/mybody.ee<\/a><\/span><\/span><\/li>\n<\/ul>\n","protected":false},"excerpt":{"rendered":"<p>ICONFIT MSM Collagen koos C vitamiiniga on Eestis v\u00e4lja arendatud ja toodetud&nbsp;toidulisand. Oleme kombineerinud meie \u00fclipopulaarse h\u00fcdrol\u00fc\u00fcsitud kollageeni ning MSMi parimad omadused ning parimaks toimeks ja imendumiseks lisanud 500mg C vitamiini. See kombinatsioon toimib veel paremini kui k\u00f5ik selle kiidetud koostisosad eraldi ning on ideaalne kasutada nii liigesevalude korral kui ka oma juuste, k\u00fc\u00fcnte ja [&hellip;]<\/p>\n","protected":false},"featured_media":0,"comment_status":"open","ping_status":"closed","template":"","meta":{"inline_featured_image":false},"product_cat":[25,27],"product_tag":[],"class_list":{"0":"post-960","1":"product","2":"type-product","3":"status-publish","5":"product_cat-naturaalsed-toidulisandid","6":"product_cat-proteiinid","7":"pa_maitse-arbuus","8":"pa_maitse-maitsestamata","10":"first","11":"instock","12":"shipping-taxable","13":"purchasable","14":"product-type-variable"},"yoast_head":"<!-- This site is optimized with the Yoast SEO plugin v27.3 - https:\/\/yoast.com\/product\/yoast-seo-wordpress\/ -->\n<title>ICONFIT MSM Collagen + Vitamiin C (Liigestele, 300g) MyBody.ee - Toidulisandid ja sporditarvikud<\/title>\n<meta name=\"robots\" content=\"index, follow, max-snippet:-1, max-image-preview:large, max-video-preview:-1\" \/>\n<link rel=\"canonical\" href=\"https:\/\/mybody5.ee.mybody.ee\/proov\/product\/iconfit-msm-collagen-vitamiin-c-liigestele-300g\/\" \/>\n<meta property=\"og:locale\" content=\"et_EE\" \/>\n<meta property=\"og:type\" content=\"article\" \/>\n<meta property=\"og:title\" content=\"ICONFIT MSM Collagen + Vitamiin C (Liigestele, 300g) MyBody.ee - Toidulisandid ja sporditarvikud\" \/>\n<meta property=\"og:description\" content=\"ICONFIT MSM Collagen koos C vitamiiniga on Eestis v\u00e4lja arendatud ja toodetud&nbsp;toidulisand. Oleme kombineerinud meie \u00fclipopulaarse h\u00fcdrol\u00fc\u00fcsitud kollageeni ning MSMi parimad omadused ning parimaks toimeks ja imendumiseks lisanud 500mg C vitamiini. See kombinatsioon toimib veel paremini kui k\u00f5ik selle kiidetud koostisosad eraldi ning on ideaalne kasutada nii liigesevalude korral kui ka oma juuste, k\u00fc\u00fcnte ja [&hellip;]\" \/>\n<meta property=\"og:url\" content=\"https:\/\/mybody5.ee.mybody.ee\/proov\/product\/iconfit-msm-collagen-vitamiin-c-liigestele-300g\/\" \/>\n<meta property=\"og:site_name\" content=\"supplero\" \/>\n<meta property=\"article:publisher\" content=\"https:\/\/facebook.com\/MyBody.ee\/\" \/>\n<meta property=\"og:image\" content=\"https:\/\/iconfit.eu\/wp-content\/uploads\/2019\/05\/collagenjointsa.jpg\" \/>\n<meta name=\"twitter:card\" content=\"summary_large_image\" \/>\n<meta name=\"twitter:label1\" content=\"Est. reading time\" \/>\n\t<meta name=\"twitter:data1\" content=\"3 minutit\" \/>\n<script type=\"application\/ld+json\" class=\"yoast-schema-graph\">{\"@context\":\"https:\\\/\\\/schema.org\",\"@graph\":[{\"@type\":\"WebPage\",\"@id\":\"https:\\\/\\\/mybody5.ee.mybody.ee\\\/proov\\\/product\\\/iconfit-msm-collagen-vitamiin-c-liigestele-300g\\\/\",\"url\":\"https:\\\/\\\/mybody5.ee.mybody.ee\\\/proov\\\/product\\\/iconfit-msm-collagen-vitamiin-c-liigestele-300g\\\/\",\"name\":\"ICONFIT MSM Collagen + Vitamiin C (Liigestele, 300g) MyBody.ee - Toidulisandid ja sporditarvikud\",\"isPartOf\":{\"@id\":\"https:\\\/\\\/mybody5.ee.mybody.ee\\\/proov\\\/#website\"},\"primaryImageOfPage\":{\"@id\":\"https:\\\/\\\/mybody5.ee.mybody.ee\\\/proov\\\/product\\\/iconfit-msm-collagen-vitamiin-c-liigestele-300g\\\/#primaryimage\"},\"image\":{\"@id\":\"https:\\\/\\\/mybody5.ee.mybody.ee\\\/proov\\\/product\\\/iconfit-msm-collagen-vitamiin-c-liigestele-300g\\\/#primaryimage\"},\"thumbnailUrl\":\"https:\\\/\\\/iconfit.eu\\\/wp-content\\\/uploads\\\/2019\\\/05\\\/collagenjointsa.jpg\",\"datePublished\":\"2021-03-14T21:23:52+00:00\",\"breadcrumb\":{\"@id\":\"https:\\\/\\\/mybody5.ee.mybody.ee\\\/proov\\\/product\\\/iconfit-msm-collagen-vitamiin-c-liigestele-300g\\\/#breadcrumb\"},\"inLanguage\":\"et\",\"potentialAction\":[{\"@type\":\"ReadAction\",\"target\":[\"https:\\\/\\\/mybody5.ee.mybody.ee\\\/proov\\\/product\\\/iconfit-msm-collagen-vitamiin-c-liigestele-300g\\\/\"]}]},{\"@type\":\"ImageObject\",\"inLanguage\":\"et\",\"@id\":\"https:\\\/\\\/mybody5.ee.mybody.ee\\\/proov\\\/product\\\/iconfit-msm-collagen-vitamiin-c-liigestele-300g\\\/#primaryimage\",\"url\":\"https:\\\/\\\/iconfit.eu\\\/wp-content\\\/uploads\\\/2019\\\/05\\\/collagenjointsa.jpg\",\"contentUrl\":\"https:\\\/\\\/iconfit.eu\\\/wp-content\\\/uploads\\\/2019\\\/05\\\/collagenjointsa.jpg\"},{\"@type\":\"BreadcrumbList\",\"@id\":\"https:\\\/\\\/mybody5.ee.mybody.ee\\\/proov\\\/product\\\/iconfit-msm-collagen-vitamiin-c-liigestele-300g\\\/#breadcrumb\",\"itemListElement\":[{\"@type\":\"ListItem\",\"position\":1,\"name\":\"Home\",\"item\":\"https:\\\/\\\/mybody5.ee.mybody.ee\\\/proov\\\/\"},{\"@type\":\"ListItem\",\"position\":2,\"name\":\"Shop\",\"item\":\"https:\\\/\\\/mybody5.ee.mybody.ee\\\/proov\\\/shop\\\/\"},{\"@type\":\"ListItem\",\"position\":3,\"name\":\"ICONFIT MSM Collagen + Vitamiin C (Liigestele, 300g)\"}]},{\"@type\":\"WebSite\",\"@id\":\"https:\\\/\\\/mybody5.ee.mybody.ee\\\/proov\\\/#website\",\"url\":\"https:\\\/\\\/mybody5.ee.mybody.ee\\\/proov\\\/\",\"name\":\"MyBody.ee - Toidulisandid ja sporditarvikud\",\"description\":\"Just another WordPress site\",\"publisher\":{\"@id\":\"https:\\\/\\\/mybody5.ee.mybody.ee\\\/proov\\\/#organization\"},\"potentialAction\":[{\"@type\":\"SearchAction\",\"target\":{\"@type\":\"EntryPoint\",\"urlTemplate\":\"https:\\\/\\\/mybody5.ee.mybody.ee\\\/proov\\\/?s={search_term_string}\"},\"query-input\":{\"@type\":\"PropertyValueSpecification\",\"valueRequired\":true,\"valueName\":\"search_term_string\"}}],\"inLanguage\":\"et\"},{\"@type\":\"Organization\",\"@id\":\"https:\\\/\\\/mybody5.ee.mybody.ee\\\/proov\\\/#organization\",\"name\":\"MyBody.ee\",\"url\":\"https:\\\/\\\/mybody5.ee.mybody.ee\\\/proov\\\/\",\"logo\":{\"@type\":\"ImageObject\",\"inLanguage\":\"et\",\"@id\":\"https:\\\/\\\/mybody5.ee.mybody.ee\\\/proov\\\/#\\\/schema\\\/logo\\\/image\\\/\",\"url\":\"https:\\\/\\\/mybody5.ee.mybody.ee\\\/proov\\\/wp-content\\\/uploads\\\/2023\\\/11\\\/mybody_logo_h65-2.png\",\"contentUrl\":\"https:\\\/\\\/mybody5.ee.mybody.ee\\\/proov\\\/wp-content\\\/uploads\\\/2023\\\/11\\\/mybody_logo_h65-2.png\",\"width\":229,\"height\":65,\"caption\":\"MyBody.ee\"},\"image\":{\"@id\":\"https:\\\/\\\/mybody5.ee.mybody.ee\\\/proov\\\/#\\\/schema\\\/logo\\\/image\\\/\"},\"sameAs\":[\"https:\\\/\\\/facebook.com\\\/MyBody.ee\\\/\"]}]}<\/script>\n<!-- \/ Yoast SEO plugin. -->","yoast_head_json":{"title":"ICONFIT MSM Collagen + Vitamiin C (Liigestele, 300g) MyBody.ee - Toidulisandid ja sporditarvikud","robots":{"index":"index","follow":"follow","max-snippet":"max-snippet:-1","max-image-preview":"max-image-preview:large","max-video-preview":"max-video-preview:-1"},"canonical":"https:\/\/mybody5.ee.mybody.ee\/proov\/product\/iconfit-msm-collagen-vitamiin-c-liigestele-300g\/","og_locale":"et_EE","og_type":"article","og_title":"ICONFIT MSM Collagen + Vitamiin C (Liigestele, 300g) MyBody.ee - Toidulisandid ja sporditarvikud","og_description":"ICONFIT MSM Collagen koos C vitamiiniga on Eestis v\u00e4lja arendatud ja toodetud&nbsp;toidulisand. Oleme kombineerinud meie \u00fclipopulaarse h\u00fcdrol\u00fc\u00fcsitud kollageeni ning MSMi parimad omadused ning parimaks toimeks ja imendumiseks lisanud 500mg C vitamiini. See kombinatsioon toimib veel paremini kui k\u00f5ik selle kiidetud koostisosad eraldi ning on ideaalne kasutada nii liigesevalude korral kui ka oma juuste, k\u00fc\u00fcnte ja [&hellip;]","og_url":"https:\/\/mybody5.ee.mybody.ee\/proov\/product\/iconfit-msm-collagen-vitamiin-c-liigestele-300g\/","og_site_name":"supplero","article_publisher":"https:\/\/facebook.com\/MyBody.ee\/","og_image":[{"url":"https:\/\/iconfit.eu\/wp-content\/uploads\/2019\/05\/collagenjointsa.jpg","type":"","width":"","height":""}],"twitter_card":"summary_large_image","twitter_misc":{"Est. reading time":"3 minutit"},"schema":{"@context":"https:\/\/schema.org","@graph":[{"@type":"WebPage","@id":"https:\/\/mybody5.ee.mybody.ee\/proov\/product\/iconfit-msm-collagen-vitamiin-c-liigestele-300g\/","url":"https:\/\/mybody5.ee.mybody.ee\/proov\/product\/iconfit-msm-collagen-vitamiin-c-liigestele-300g\/","name":"ICONFIT MSM Collagen + Vitamiin C (Liigestele, 300g) MyBody.ee - Toidulisandid ja sporditarvikud","isPartOf":{"@id":"https:\/\/mybody5.ee.mybody.ee\/proov\/#website"},"primaryImageOfPage":{"@id":"https:\/\/mybody5.ee.mybody.ee\/proov\/product\/iconfit-msm-collagen-vitamiin-c-liigestele-300g\/#primaryimage"},"image":{"@id":"https:\/\/mybody5.ee.mybody.ee\/proov\/product\/iconfit-msm-collagen-vitamiin-c-liigestele-300g\/#primaryimage"},"thumbnailUrl":"https:\/\/iconfit.eu\/wp-content\/uploads\/2019\/05\/collagenjointsa.jpg","datePublished":"2021-03-14T21:23:52+00:00","breadcrumb":{"@id":"https:\/\/mybody5.ee.mybody.ee\/proov\/product\/iconfit-msm-collagen-vitamiin-c-liigestele-300g\/#breadcrumb"},"inLanguage":"et","potentialAction":[{"@type":"ReadAction","target":["https:\/\/mybody5.ee.mybody.ee\/proov\/product\/iconfit-msm-collagen-vitamiin-c-liigestele-300g\/"]}]},{"@type":"ImageObject","inLanguage":"et","@id":"https:\/\/mybody5.ee.mybody.ee\/proov\/product\/iconfit-msm-collagen-vitamiin-c-liigestele-300g\/#primaryimage","url":"https:\/\/iconfit.eu\/wp-content\/uploads\/2019\/05\/collagenjointsa.jpg","contentUrl":"https:\/\/iconfit.eu\/wp-content\/uploads\/2019\/05\/collagenjointsa.jpg"},{"@type":"BreadcrumbList","@id":"https:\/\/mybody5.ee.mybody.ee\/proov\/product\/iconfit-msm-collagen-vitamiin-c-liigestele-300g\/#breadcrumb","itemListElement":[{"@type":"ListItem","position":1,"name":"Home","item":"https:\/\/mybody5.ee.mybody.ee\/proov\/"},{"@type":"ListItem","position":2,"name":"Shop","item":"https:\/\/mybody5.ee.mybody.ee\/proov\/shop\/"},{"@type":"ListItem","position":3,"name":"ICONFIT MSM Collagen + Vitamiin C (Liigestele, 300g)"}]},{"@type":"WebSite","@id":"https:\/\/mybody5.ee.mybody.ee\/proov\/#website","url":"https:\/\/mybody5.ee.mybody.ee\/proov\/","name":"MyBody.ee - Toidulisandid ja sporditarvikud","description":"Just another WordPress site","publisher":{"@id":"https:\/\/mybody5.ee.mybody.ee\/proov\/#organization"},"potentialAction":[{"@type":"SearchAction","target":{"@type":"EntryPoint","urlTemplate":"https:\/\/mybody5.ee.mybody.ee\/proov\/?s={search_term_string}"},"query-input":{"@type":"PropertyValueSpecification","valueRequired":true,"valueName":"search_term_string"}}],"inLanguage":"et"},{"@type":"Organization","@id":"https:\/\/mybody5.ee.mybody.ee\/proov\/#organization","name":"MyBody.ee","url":"https:\/\/mybody5.ee.mybody.ee\/proov\/","logo":{"@type":"ImageObject","inLanguage":"et","@id":"https:\/\/mybody5.ee.mybody.ee\/proov\/#\/schema\/logo\/image\/","url":"https:\/\/mybody5.ee.mybody.ee\/proov\/wp-content\/uploads\/2023\/11\/mybody_logo_h65-2.png","contentUrl":"https:\/\/mybody5.ee.mybody.ee\/proov\/wp-content\/uploads\/2023\/11\/mybody_logo_h65-2.png","width":229,"height":65,"caption":"MyBody.ee"},"image":{"@id":"https:\/\/mybody5.ee.mybody.ee\/proov\/#\/schema\/logo\/image\/"},"sameAs":["https:\/\/facebook.com\/MyBody.ee\/"]}]}},"_links":{"self":[{"href":"https:\/\/mybody5.ee.mybody.ee\/proov\/wp-json\/wp\/v2\/product\/960","targetHints":{"allow":["GET"]}}],"collection":[{"href":"https:\/\/mybody5.ee.mybody.ee\/proov\/wp-json\/wp\/v2\/product"}],"about":[{"href":"https:\/\/mybody5.ee.mybody.ee\/proov\/wp-json\/wp\/v2\/types\/product"}],"replies":[{"embeddable":true,"href":"https:\/\/mybody5.ee.mybody.ee\/proov\/wp-json\/wp\/v2\/comments?post=960"}],"wp:attachment":[{"href":"https:\/\/mybody5.ee.mybody.ee\/proov\/wp-json\/wp\/v2\/media?parent=960"}],"wp:term":[{"taxonomy":"product_cat","embeddable":true,"href":"https:\/\/mybody5.ee.mybody.ee\/proov\/wp-json\/wp\/v2\/product_cat?post=960"},{"taxonomy":"product_tag","embeddable":true,"href":"https:\/\/mybody5.ee.mybody.ee\/proov\/wp-json\/wp\/v2\/product_tag?post=960"}],"curies":[{"name":"wp","href":"https:\/\/api.w.org\/{rel}","templated":true}]}}