{"id":964,"date":"2021-03-15T10:07:08","date_gmt":"2021-03-15T10:07:08","guid":{"rendered":"https:\/\/mybody5.ee.mybody.ee\/proov\/product\/iconfit-spirulina-pulber-250g\/"},"modified":"2021-03-15T10:07:08","modified_gmt":"2021-03-15T10:07:08","slug":"iconfit-spirulina-pulber-250g","status":"publish","type":"product","link":"https:\/\/mybody5.ee.mybody.ee\/proov\/product\/iconfit-spirulina-pulber-250g\/","title":{"rendered":"ICONFIT Spirulina Pulber (250g)"},"content":{"rendered":"<ul>\n<ul class=\"fusion-checklist fusion-checklist-4\" style=\"list-style-type: none; padding: 0px; margin-top: 10px; margin-right: 0px; margin-left: 0px; line-height: 23.8px;\">\n<li class=\"fusion-li-item\" style=\"padding: 0px 0px 5.5px; margin-left: 0px;\">\n<p style=\"caret-color: rgb(89, 95, 107); color: rgb(89, 95, 107); font-family: &quot;Open Sans&quot;, Arial, Helvetica, sans-serif; font-size: 14px; margin-bottom: 20px; text-align: justify;\"><span style=\"font-weight: 700;\">BF:11.2021<\/span><\/p>\n<p style=\"caret-color: rgb(89, 95, 107); color: rgb(89, 95, 107); font-family: &quot;Open Sans&quot;, Arial, Helvetica, sans-serif; font-size: 14px; margin-bottom: 20px; text-align: justify;\"><span style=\"font-weight: 700;\">ICONFIT Spirulina Pulber.<\/span>&nbsp;Spirulina on \u00fcks maailma populaarseimatest toidulisanditest ning on pungil t\u00e4is antioks\u00fcdante, vitamiine ja kasulikke toitaineid. See biomass kasvab vees ning on suuremas osas puhas proteiin. Spirulina on ka v\u00e4ga k\u00f5rge proteiinisisaldusega mis ulatub lausa ligi 70% ning selles on suhteliselt v\u00e4he s\u00fcsivesikuid ja rasvasid.<\/p>\n<p style=\"caret-color: rgb(89, 95, 107); color: rgb(89, 95, 107); font-family: &quot;Open Sans&quot;, Arial, Helvetica, sans-serif; font-size: 14px; margin-bottom: 20px; text-align: justify;\"><span style=\"font-weight: 700;\">Sobib h\u00e4sti ka kaalulangetamise ajal<\/span>&nbsp;t\u00e4nu k\u00f5rgele kasulike toitainete sisaldusele kuid samas madalale kaloritasemele. Kuna Spirulina aitab kaasa ka seedimise parandamisele siis on see dieedi ajal eriti t\u00e4htis. 2014 aastal l\u00e4bi viidud uuringus saavutati v\u00e4ga h\u00e4id tulemusi 6g\/pv Spirulinaga kaalu langetamisel ja seedimise t\u00f6\u00f6 parandamisel.<a href=\"https:\/\/iconfit.eu\/wp-content\/uploads\/2019\/05\/spirulina.jpg\" data-caption=\"\" style=\"transition-property: color, background-color, border-color; transition-duration: 0.2s; transition-timing-function: linear; color: rgb(89, 95, 107);\"><img decoding=\"async\" class=\"alignleft size-full wp-image-18311\" src=\"https:\/\/iconfit.eu\/wp-content\/uploads\/2019\/05\/spirulina.jpg\" alt=\"\" width=\"100%\" height=\"\" srcset=\"https:\/\/iconfit.eu\/wp-content\/uploads\/2019\/05\/spirulina-200x58.jpg 200w, https:\/\/iconfit.eu\/wp-content\/uploads\/2019\/05\/spirulina-300x87.jpg 300w, https:\/\/iconfit.eu\/wp-content\/uploads\/2019\/05\/spirulina-400x116.jpg 400w, https:\/\/iconfit.eu\/wp-content\/uploads\/2019\/05\/spirulina-500x145.jpg 500w, https:\/\/iconfit.eu\/wp-content\/uploads\/2019\/05\/spirulina-600x174.jpg 600w, https:\/\/iconfit.eu\/wp-content\/uploads\/2019\/05\/spirulina.jpg 700w\" sizes=\"(max-width: 700px) 100vw, 700px\" style=\"border-style: none; vertical-align: top; max-width: 100%; height: auto; display: inline; float: left; margin-right: 15px;\"><\/a><\/p>\n<p style=\"caret-color: rgb(89, 95, 107); color: rgb(89, 95, 107); font-family: &quot;Open Sans&quot;, Arial, Helvetica, sans-serif; font-size: 14px; margin-bottom: 20px;\"><span style=\"font-weight: 700;\"><a href=\"https:\/\/www.ncbi.nlm.nih.gov\/pmc\/articles\/PMC6241722\/\" target=\"_blank\" rel=\"noopener noreferrer\" style=\"transition-property: color, background-color, border-color; transition-duration: 0.2s; transition-timing-function: linear; color: rgb(89, 95, 107);\">Teaduslikes uuringutes<\/a>&nbsp;<\/span>on saadud spirulinaga ka v\u00e4ga h\u00e4id tulemusi veregl\u00fckoosi taseme alandamiseks. See on eriti t\u00e4htis avastus n\u00e4iteks diabeetikutele kellele on k\u00f5rge veresuhkru tase ohtlik. Ka kolesterooli alandamiseks on tehtud&nbsp;<a href=\"https:\/\/www.ncbi.nlm.nih.gov\/pubmed\/26433766\" target=\"_blank\" rel=\"noopener noreferrer\" style=\"transition-property: color, background-color, border-color; transition-duration: 0.2s; transition-timing-function: linear; color: rgb(89, 95, 107);\">teaduslikke uuringuid<\/a>&nbsp;ning t\u00e4heldatud h\u00e4id tulemusi just halva kolesterooli taseme alandamiseks.&nbsp;<span style=\"font-weight: 700;\">Detox omadused<\/span>&nbsp;on Spirulinal lausa maailmakuulsad ja seda on toetanud ka&nbsp;<a href=\"https:\/\/www.tandfonline.com\/doi\/full\/10.3109\/13880209.2015.1077464\" target=\"_blank\" rel=\"noopener noreferrer\" style=\"transition-property: color, background-color, border-color; transition-duration: 0.2s; transition-timing-function: linear; color: rgb(89, 95, 107);\">2016a uuring<\/a>&nbsp;milles saadi h\u00e4id tulemusi kehas kahjulike arseeni, fluoriidi, tina ja elavh\u00f5beda vastu.<\/p>\n<\/li>\n<\/ul>\n<\/ul>\n<p style=\"caret-color: rgb(89, 95, 107); color: rgb(89, 95, 107); font-family: &quot;Open Sans&quot;, Arial, Helvetica, sans-serif; font-size: 14px; margin-left: 33.6px;\"><span style=\"font-family: arial, helvetica, sans-serif; font-size: 12px; text-align: justify; color: rgb(0, 0, 0);\"><span style=\"color: rgb(89, 95, 107); font-family: &quot;Open Sans&quot;, Arial, Helvetica, sans-serif; font-size: 14px; font-weight: 700;\">KASUTAMINE:<\/span><span style=\"color: rgb(89, 95, 107); font-family: &quot;Open Sans&quot;, Arial, Helvetica, sans-serif; font-size: 14px;\">&nbsp;<\/span><span style=\"color: rgb(89, 95, 107); font-family: &quot;Open Sans&quot;, Arial, Helvetica, sans-serif; font-size: 14px;\">Lisa iga p\u00e4ev 1-2 teelusikat toidu, smuuti v\u00f5i muu joogi sisse. Spirulinal on tugevam maitse seega soovitatav segada natuke suuremasse toidu\/smuuti kogusesse.<\/span><span style=\"color: rgb(89, 95, 107); font-family: &quot;Open Sans&quot;, Arial, Helvetica, sans-serif; font-size: 14px;\">&nbsp;<\/span><span style=\"color: rgb(89, 95, 107); font-family: &quot;Open Sans&quot;, Arial, Helvetica, sans-serif; font-size: 14px; font-weight: 700;\">KOOSTISOSAD:<\/span><span style=\"color: rgb(89, 95, 107); font-family: &quot;Open Sans&quot;, Arial, Helvetica, sans-serif; font-size: 14px;\">&nbsp;<\/span><span style=\"color: rgb(89, 95, 107); font-family: &quot;Open Sans&quot;, Arial, Helvetica, sans-serif; font-size: 14px;\">Spirulina pulber lisanditeta (Arthrospira platensis)<\/span><\/span><\/p>\n<p style=\"padding: 0px 0px 5.5px; margin-left: 0px;\">\n<div class=\"fusion-li-item-content\" style=\"margin-left: 33.6px;\">\n<ul><\/ul>\n<\/div>\n<p style=\"text-align: left;\"><font color=\"#595f6b\" face=\"Open Sans, Arial, Helvetica, sans-serif\"><span style=\"caret-color: rgb(89, 95, 107); font-size: 14px;\"><br \/><\/span><\/font><\/p>\n<p style=\"padding: 0px 0px 5.5px; margin-left: 0px;\"><img decoding=\"async\" src=\"https:\/\/mybody.ee\/image\/catalog\/IconFit\/Screen Shot 2021-03-15 at 10.12.26.png\" style=\"width: 535px;\"><\/p>\n<p style=\"padding: 0px 0px 5.5px; margin-left: 0px;\"><\/p>\n<p style=\"padding: 0px 0px 5.5px; margin-left: 0px;\">\n<ul><\/ul>\n<\/p>\n<p style=\"margin-left: 33.6px;\"><span style=\"caret-color: rgb(89, 95, 107); color: rgb(0, 0, 0); font-family: arial, helvetica, sans-serif; font-size: 12px; text-align: justify;\">Oled oodatud tasuta konsultatsioonile MYBODY Audentese kauplusesse,<\/span><\/p>\n<ul>\n<ul class=\"fusion-checklist fusion-checklist-4\" style=\"list-style-type: none; padding: 0px; margin-top: 10px; margin-right: 0px; margin-left: 0px; line-height: 23.8px;\">\n<li class=\"fusion-li-item\" style=\"padding: 0px 0px 5.5px; margin-left: 0px;\"><\/li>\n<\/ul>\n<li style=\"text-align: justify;\"><span style=\"font-size: 12px;\"><span style=\"font-family: arial, helvetica, sans-serif;\">Asukoht: Audentese Spordikeskus, Tondi 84.<\/span><\/span><\/li>\n<li style=\"text-align: justify;\"><span style=\"font-size: 12px;\"><span style=\"font-family: arial, helvetica, sans-serif;\">Telefon EST\/RUS\/ENG +372&nbsp;523 1960<\/span><\/span><\/li>\n<li style=\"text-align: justify;\"><span style=\"font-size: 12px;\"><span style=\"font-family: arial, helvetica, sans-serif;\">Telefon EST\/ENG +372 56&nbsp;458&nbsp;688<\/span><\/span><\/li>\n<li style=\"text-align: justify;\"><span style=\"font-size: 12px;\"><span style=\"font-family: arial, helvetica, sans-serif;\"><a href=\"mailto:info@mybody.ee\">info@mybody.ee<\/a><\/span><\/span><\/li>\n<li style=\"text-align: justify;\"><span style=\"font-size: 12px;\"><span style=\"font-family: arial, helvetica, sans-serif;\"><a href=\"http:\/\/www.facebook.com\/mybody.ee\">www.facebook.com\/mybody.ee<\/a><\/span><\/span><\/li>\n<\/ul>\n","protected":false},"excerpt":{"rendered":"<p>BF:11.2021 ICONFIT Spirulina Pulber.&nbsp;Spirulina on \u00fcks maailma populaarseimatest toidulisanditest ning on pungil t\u00e4is antioks\u00fcdante, vitamiine ja kasulikke toitaineid. See biomass kasvab vees ning on suuremas osas puhas proteiin. Spirulina on ka v\u00e4ga k\u00f5rge proteiinisisaldusega mis ulatub lausa ligi 70% ning selles on suhteliselt v\u00e4he s\u00fcsivesikuid ja rasvasid. Sobib h\u00e4sti ka kaalulangetamise ajal&nbsp;t\u00e4nu k\u00f5rgele kasulike toitainete [&hellip;]<\/p>\n","protected":false},"featured_media":0,"comment_status":"open","ping_status":"closed","template":"","meta":{"inline_featured_image":false},"product_cat":[25,27,29],"product_tag":[],"class_list":{"0":"post-964","1":"product","2":"type-product","3":"status-publish","5":"product_cat-naturaalsed-toidulisandid","6":"product_cat-proteiinid","7":"product_cat-sooduspakkumised","9":"first","10":"instock","11":"shipping-taxable","12":"purchasable","13":"product-type-simple"},"yoast_head":"<!-- This site is optimized with the Yoast SEO plugin v27.3 - https:\/\/yoast.com\/product\/yoast-seo-wordpress\/ -->\n<title>ICONFIT Spirulina Pulber (250g) MyBody.ee - Toidulisandid ja sporditarvikud<\/title>\n<meta name=\"robots\" content=\"index, follow, max-snippet:-1, max-image-preview:large, max-video-preview:-1\" \/>\n<link rel=\"canonical\" href=\"https:\/\/mybody5.ee.mybody.ee\/proov\/product\/iconfit-spirulina-pulber-250g\/\" \/>\n<meta property=\"og:locale\" content=\"et_EE\" \/>\n<meta property=\"og:type\" content=\"article\" \/>\n<meta property=\"og:title\" content=\"ICONFIT Spirulina Pulber (250g) MyBody.ee - Toidulisandid ja sporditarvikud\" \/>\n<meta property=\"og:description\" content=\"BF:11.2021 ICONFIT Spirulina Pulber.&nbsp;Spirulina on \u00fcks maailma populaarseimatest toidulisanditest ning on pungil t\u00e4is antioks\u00fcdante, vitamiine ja kasulikke toitaineid. See biomass kasvab vees ning on suuremas osas puhas proteiin. Spirulina on ka v\u00e4ga k\u00f5rge proteiinisisaldusega mis ulatub lausa ligi 70% ning selles on suhteliselt v\u00e4he s\u00fcsivesikuid ja rasvasid. Sobib h\u00e4sti ka kaalulangetamise ajal&nbsp;t\u00e4nu k\u00f5rgele kasulike toitainete [&hellip;]\" \/>\n<meta property=\"og:url\" content=\"https:\/\/mybody5.ee.mybody.ee\/proov\/product\/iconfit-spirulina-pulber-250g\/\" \/>\n<meta property=\"og:site_name\" content=\"supplero\" \/>\n<meta property=\"article:publisher\" content=\"https:\/\/facebook.com\/MyBody.ee\/\" \/>\n<meta property=\"og:image\" content=\"https:\/\/iconfit.eu\/wp-content\/uploads\/2019\/05\/spirulina.jpg\" \/>\n<meta name=\"twitter:card\" content=\"summary_large_image\" \/>\n<meta name=\"twitter:label1\" content=\"Est. reading time\" \/>\n\t<meta name=\"twitter:data1\" content=\"1 minut\" \/>\n<script type=\"application\/ld+json\" class=\"yoast-schema-graph\">{\"@context\":\"https:\\\/\\\/schema.org\",\"@graph\":[{\"@type\":\"WebPage\",\"@id\":\"https:\\\/\\\/mybody5.ee.mybody.ee\\\/proov\\\/product\\\/iconfit-spirulina-pulber-250g\\\/\",\"url\":\"https:\\\/\\\/mybody5.ee.mybody.ee\\\/proov\\\/product\\\/iconfit-spirulina-pulber-250g\\\/\",\"name\":\"ICONFIT Spirulina Pulber (250g) MyBody.ee - Toidulisandid ja sporditarvikud\",\"isPartOf\":{\"@id\":\"https:\\\/\\\/mybody5.ee.mybody.ee\\\/proov\\\/#website\"},\"primaryImageOfPage\":{\"@id\":\"https:\\\/\\\/mybody5.ee.mybody.ee\\\/proov\\\/product\\\/iconfit-spirulina-pulber-250g\\\/#primaryimage\"},\"image\":{\"@id\":\"https:\\\/\\\/mybody5.ee.mybody.ee\\\/proov\\\/product\\\/iconfit-spirulina-pulber-250g\\\/#primaryimage\"},\"thumbnailUrl\":\"https:\\\/\\\/iconfit.eu\\\/wp-content\\\/uploads\\\/2019\\\/05\\\/spirulina.jpg\",\"datePublished\":\"2021-03-15T10:07:08+00:00\",\"breadcrumb\":{\"@id\":\"https:\\\/\\\/mybody5.ee.mybody.ee\\\/proov\\\/product\\\/iconfit-spirulina-pulber-250g\\\/#breadcrumb\"},\"inLanguage\":\"et\",\"potentialAction\":[{\"@type\":\"ReadAction\",\"target\":[\"https:\\\/\\\/mybody5.ee.mybody.ee\\\/proov\\\/product\\\/iconfit-spirulina-pulber-250g\\\/\"]}]},{\"@type\":\"ImageObject\",\"inLanguage\":\"et\",\"@id\":\"https:\\\/\\\/mybody5.ee.mybody.ee\\\/proov\\\/product\\\/iconfit-spirulina-pulber-250g\\\/#primaryimage\",\"url\":\"https:\\\/\\\/iconfit.eu\\\/wp-content\\\/uploads\\\/2019\\\/05\\\/spirulina.jpg\",\"contentUrl\":\"https:\\\/\\\/iconfit.eu\\\/wp-content\\\/uploads\\\/2019\\\/05\\\/spirulina.jpg\"},{\"@type\":\"BreadcrumbList\",\"@id\":\"https:\\\/\\\/mybody5.ee.mybody.ee\\\/proov\\\/product\\\/iconfit-spirulina-pulber-250g\\\/#breadcrumb\",\"itemListElement\":[{\"@type\":\"ListItem\",\"position\":1,\"name\":\"Home\",\"item\":\"https:\\\/\\\/mybody5.ee.mybody.ee\\\/proov\\\/\"},{\"@type\":\"ListItem\",\"position\":2,\"name\":\"Shop\",\"item\":\"https:\\\/\\\/mybody5.ee.mybody.ee\\\/proov\\\/shop\\\/\"},{\"@type\":\"ListItem\",\"position\":3,\"name\":\"ICONFIT Spirulina Pulber (250g)\"}]},{\"@type\":\"WebSite\",\"@id\":\"https:\\\/\\\/mybody5.ee.mybody.ee\\\/proov\\\/#website\",\"url\":\"https:\\\/\\\/mybody5.ee.mybody.ee\\\/proov\\\/\",\"name\":\"MyBody.ee - Toidulisandid ja sporditarvikud\",\"description\":\"Just another WordPress site\",\"publisher\":{\"@id\":\"https:\\\/\\\/mybody5.ee.mybody.ee\\\/proov\\\/#organization\"},\"potentialAction\":[{\"@type\":\"SearchAction\",\"target\":{\"@type\":\"EntryPoint\",\"urlTemplate\":\"https:\\\/\\\/mybody5.ee.mybody.ee\\\/proov\\\/?s={search_term_string}\"},\"query-input\":{\"@type\":\"PropertyValueSpecification\",\"valueRequired\":true,\"valueName\":\"search_term_string\"}}],\"inLanguage\":\"et\"},{\"@type\":\"Organization\",\"@id\":\"https:\\\/\\\/mybody5.ee.mybody.ee\\\/proov\\\/#organization\",\"name\":\"MyBody.ee\",\"url\":\"https:\\\/\\\/mybody5.ee.mybody.ee\\\/proov\\\/\",\"logo\":{\"@type\":\"ImageObject\",\"inLanguage\":\"et\",\"@id\":\"https:\\\/\\\/mybody5.ee.mybody.ee\\\/proov\\\/#\\\/schema\\\/logo\\\/image\\\/\",\"url\":\"https:\\\/\\\/mybody5.ee.mybody.ee\\\/proov\\\/wp-content\\\/uploads\\\/2023\\\/11\\\/mybody_logo_h65-2.png\",\"contentUrl\":\"https:\\\/\\\/mybody5.ee.mybody.ee\\\/proov\\\/wp-content\\\/uploads\\\/2023\\\/11\\\/mybody_logo_h65-2.png\",\"width\":229,\"height\":65,\"caption\":\"MyBody.ee\"},\"image\":{\"@id\":\"https:\\\/\\\/mybody5.ee.mybody.ee\\\/proov\\\/#\\\/schema\\\/logo\\\/image\\\/\"},\"sameAs\":[\"https:\\\/\\\/facebook.com\\\/MyBody.ee\\\/\"]}]}<\/script>\n<!-- \/ Yoast SEO plugin. -->","yoast_head_json":{"title":"ICONFIT Spirulina Pulber (250g) MyBody.ee - Toidulisandid ja sporditarvikud","robots":{"index":"index","follow":"follow","max-snippet":"max-snippet:-1","max-image-preview":"max-image-preview:large","max-video-preview":"max-video-preview:-1"},"canonical":"https:\/\/mybody5.ee.mybody.ee\/proov\/product\/iconfit-spirulina-pulber-250g\/","og_locale":"et_EE","og_type":"article","og_title":"ICONFIT Spirulina Pulber (250g) MyBody.ee - Toidulisandid ja sporditarvikud","og_description":"BF:11.2021 ICONFIT Spirulina Pulber.&nbsp;Spirulina on \u00fcks maailma populaarseimatest toidulisanditest ning on pungil t\u00e4is antioks\u00fcdante, vitamiine ja kasulikke toitaineid. See biomass kasvab vees ning on suuremas osas puhas proteiin. Spirulina on ka v\u00e4ga k\u00f5rge proteiinisisaldusega mis ulatub lausa ligi 70% ning selles on suhteliselt v\u00e4he s\u00fcsivesikuid ja rasvasid. Sobib h\u00e4sti ka kaalulangetamise ajal&nbsp;t\u00e4nu k\u00f5rgele kasulike toitainete [&hellip;]","og_url":"https:\/\/mybody5.ee.mybody.ee\/proov\/product\/iconfit-spirulina-pulber-250g\/","og_site_name":"supplero","article_publisher":"https:\/\/facebook.com\/MyBody.ee\/","og_image":[{"url":"https:\/\/iconfit.eu\/wp-content\/uploads\/2019\/05\/spirulina.jpg","type":"","width":"","height":""}],"twitter_card":"summary_large_image","twitter_misc":{"Est. reading time":"1 minut"},"schema":{"@context":"https:\/\/schema.org","@graph":[{"@type":"WebPage","@id":"https:\/\/mybody5.ee.mybody.ee\/proov\/product\/iconfit-spirulina-pulber-250g\/","url":"https:\/\/mybody5.ee.mybody.ee\/proov\/product\/iconfit-spirulina-pulber-250g\/","name":"ICONFIT Spirulina Pulber (250g) MyBody.ee - Toidulisandid ja sporditarvikud","isPartOf":{"@id":"https:\/\/mybody5.ee.mybody.ee\/proov\/#website"},"primaryImageOfPage":{"@id":"https:\/\/mybody5.ee.mybody.ee\/proov\/product\/iconfit-spirulina-pulber-250g\/#primaryimage"},"image":{"@id":"https:\/\/mybody5.ee.mybody.ee\/proov\/product\/iconfit-spirulina-pulber-250g\/#primaryimage"},"thumbnailUrl":"https:\/\/iconfit.eu\/wp-content\/uploads\/2019\/05\/spirulina.jpg","datePublished":"2021-03-15T10:07:08+00:00","breadcrumb":{"@id":"https:\/\/mybody5.ee.mybody.ee\/proov\/product\/iconfit-spirulina-pulber-250g\/#breadcrumb"},"inLanguage":"et","potentialAction":[{"@type":"ReadAction","target":["https:\/\/mybody5.ee.mybody.ee\/proov\/product\/iconfit-spirulina-pulber-250g\/"]}]},{"@type":"ImageObject","inLanguage":"et","@id":"https:\/\/mybody5.ee.mybody.ee\/proov\/product\/iconfit-spirulina-pulber-250g\/#primaryimage","url":"https:\/\/iconfit.eu\/wp-content\/uploads\/2019\/05\/spirulina.jpg","contentUrl":"https:\/\/iconfit.eu\/wp-content\/uploads\/2019\/05\/spirulina.jpg"},{"@type":"BreadcrumbList","@id":"https:\/\/mybody5.ee.mybody.ee\/proov\/product\/iconfit-spirulina-pulber-250g\/#breadcrumb","itemListElement":[{"@type":"ListItem","position":1,"name":"Home","item":"https:\/\/mybody5.ee.mybody.ee\/proov\/"},{"@type":"ListItem","position":2,"name":"Shop","item":"https:\/\/mybody5.ee.mybody.ee\/proov\/shop\/"},{"@type":"ListItem","position":3,"name":"ICONFIT Spirulina Pulber (250g)"}]},{"@type":"WebSite","@id":"https:\/\/mybody5.ee.mybody.ee\/proov\/#website","url":"https:\/\/mybody5.ee.mybody.ee\/proov\/","name":"MyBody.ee - Toidulisandid ja sporditarvikud","description":"Just another WordPress site","publisher":{"@id":"https:\/\/mybody5.ee.mybody.ee\/proov\/#organization"},"potentialAction":[{"@type":"SearchAction","target":{"@type":"EntryPoint","urlTemplate":"https:\/\/mybody5.ee.mybody.ee\/proov\/?s={search_term_string}"},"query-input":{"@type":"PropertyValueSpecification","valueRequired":true,"valueName":"search_term_string"}}],"inLanguage":"et"},{"@type":"Organization","@id":"https:\/\/mybody5.ee.mybody.ee\/proov\/#organization","name":"MyBody.ee","url":"https:\/\/mybody5.ee.mybody.ee\/proov\/","logo":{"@type":"ImageObject","inLanguage":"et","@id":"https:\/\/mybody5.ee.mybody.ee\/proov\/#\/schema\/logo\/image\/","url":"https:\/\/mybody5.ee.mybody.ee\/proov\/wp-content\/uploads\/2023\/11\/mybody_logo_h65-2.png","contentUrl":"https:\/\/mybody5.ee.mybody.ee\/proov\/wp-content\/uploads\/2023\/11\/mybody_logo_h65-2.png","width":229,"height":65,"caption":"MyBody.ee"},"image":{"@id":"https:\/\/mybody5.ee.mybody.ee\/proov\/#\/schema\/logo\/image\/"},"sameAs":["https:\/\/facebook.com\/MyBody.ee\/"]}]}},"_links":{"self":[{"href":"https:\/\/mybody5.ee.mybody.ee\/proov\/wp-json\/wp\/v2\/product\/964","targetHints":{"allow":["GET"]}}],"collection":[{"href":"https:\/\/mybody5.ee.mybody.ee\/proov\/wp-json\/wp\/v2\/product"}],"about":[{"href":"https:\/\/mybody5.ee.mybody.ee\/proov\/wp-json\/wp\/v2\/types\/product"}],"replies":[{"embeddable":true,"href":"https:\/\/mybody5.ee.mybody.ee\/proov\/wp-json\/wp\/v2\/comments?post=964"}],"wp:attachment":[{"href":"https:\/\/mybody5.ee.mybody.ee\/proov\/wp-json\/wp\/v2\/media?parent=964"}],"wp:term":[{"taxonomy":"product_cat","embeddable":true,"href":"https:\/\/mybody5.ee.mybody.ee\/proov\/wp-json\/wp\/v2\/product_cat?post=964"},{"taxonomy":"product_tag","embeddable":true,"href":"https:\/\/mybody5.ee.mybody.ee\/proov\/wp-json\/wp\/v2\/product_tag?post=964"}],"curies":[{"name":"wp","href":"https:\/\/api.w.org\/{rel}","templated":true}]}}