{"id":965,"date":"2021-03-15T10:42:33","date_gmt":"2021-03-15T10:42:33","guid":{"rendered":"https:\/\/mybody5.ee.mybody.ee\/proov\/product\/iconfit-steviaga-suhkruasendaja-0-kalorit\/"},"modified":"2021-03-15T10:42:33","modified_gmt":"2021-03-15T10:42:33","slug":"iconfit-steviaga-suhkruasendaja-0-kalorit","status":"publish","type":"product","link":"https:\/\/mybody5.ee.mybody.ee\/proov\/product\/iconfit-steviaga-suhkruasendaja-0-kalorit\/","title":{"rendered":"ICONFIT Steviaga Suhkruasendaja (0 Kalorit)"},"content":{"rendered":"<ul>\n<ul class=\"fusion-checklist fusion-checklist-4\" style=\"list-style-type: none; padding: 0px; margin-top: 10px; margin-right: 0px; margin-left: 0px; caret-color: rgb(89, 95, 107); color: rgb(89, 95, 107); font-family: &quot;Open Sans&quot;, Arial, Helvetica, sans-serif; font-size: 14px; line-height: 23.8px;\">\n<li class=\"fusion-li-item\" style=\"padding: 0px 0px 5.5px; margin-left: 0px;\">\n<p style=\"margin-bottom: 20px;\"><span style=\"font-weight: 700;\">ICONFIT Steviaga Suhkruasendaja<\/span>&nbsp;(magusainega) on Eestis toodetud kalorivaba alternatiiv tavalisele valgele suhkrule. See n\u00e4eb v\u00e4lja ning on umbes sama magus kui tavaline suhkur kuid annab magususe ilma lisakaloriteta. See koosneb looduslikust er\u00fctritoolist (leidub nt pirnides, arbuusides, viinamarjades) ja Stevia taime ekstraktist.<\/p>\n<p style=\"margin-bottom: 20px;\"><span style=\"font-weight: 700;\">Stevia<\/span><\/p>\n<p style=\"margin-bottom: 20px; text-align: justify;\">Stevia taimest toodetav stevioolg\u00fckosiid on maailma populaarseim tervislik kalorivaba suhkruasendaja. See taim on p\u00e4rit L\u00f5una-Ameerikast kus selle magusaid omadusi on kasutatud juba \u00fcle 1500 aasta. Kuna Stevia ekstrakt on muidu ligi 300 korda magusam tavalisest suhkrust siis t\u00e4iesti lahjendamata kujul seda kodus kasutada ei saa. Seet\u00f5ttu toimib see aga ideaalselt kombinatsioonis loodusliku er\u00fctritooliga.<\/p>\n<p style=\"margin-bottom: 20px;\"><span style=\"font-weight: 700;\">Er\u00fctritool<\/span><\/p>\n<p style=\"margin-bottom: 20px;\">Looduslikku er\u00fctritooli leidub n\u00e4iteks pirnides, arbuusides ja viinamarjades ning see n\u00e4eb oma v\u00e4ikeste kristallsete t\u00fckikestega v\u00e4lja nagu tavaline valge lauasuhkur. Magususelt on ta aga v\u00e4hem magus ning seet\u00f5ttu sobib loodusliku kombinatsioonina v\u00e4ga h\u00e4sti kokku stevia ekstraktiga asendamaks suhkrut. Er\u00fctritool on samuti kalorivaba ja kuna veresuhkrut ei t\u00f5sta siis sobib h\u00e4sti isegi diabeetikutele.<\/p>\n<p style=\"margin-bottom: 20px;\"><a href=\"https:\/\/iconfit.eu\/wp-content\/uploads\/2019\/08\/steviasweetener.jpg\" data-caption=\"\" style=\"transition-property: color, background-color, border-color; transition-duration: 0.2s; transition-timing-function: linear; color: rgb(89, 95, 107);\"><img decoding=\"async\" class=\"alignleft wp-image-25776 size-full\" src=\"https:\/\/iconfit.eu\/wp-content\/uploads\/2019\/08\/steviasweetener.jpg\" alt=\"\" width=\"100%\" height=\"\" srcset=\"https:\/\/iconfit.eu\/wp-content\/uploads\/2019\/08\/steviasweetener-200x98.jpg 200w, https:\/\/iconfit.eu\/wp-content\/uploads\/2019\/08\/steviasweetener-300x146.jpg 300w, https:\/\/iconfit.eu\/wp-content\/uploads\/2019\/08\/steviasweetener-400x195.jpg 400w, https:\/\/iconfit.eu\/wp-content\/uploads\/2019\/08\/steviasweetener-500x244.jpg 500w, https:\/\/iconfit.eu\/wp-content\/uploads\/2019\/08\/steviasweetener-600x293.jpg 600w, https:\/\/iconfit.eu\/wp-content\/uploads\/2019\/08\/steviasweetener-768x374.jpg 768w, https:\/\/iconfit.eu\/wp-content\/uploads\/2019\/08\/steviasweetener.jpg 800w\" sizes=\"(max-width: 800px) 100vw, 800px\" style=\"border-style: none; vertical-align: top; max-width: 100%; height: auto; display: inline; float: left; margin-right: 15px;\"><\/a><\/p>\n<p style=\"margin-bottom: 20px;\"><span style=\"font-weight: 700;\">Kasutamine<\/span><\/p>\n<p style=\"margin-bottom: 20px; text-align: justify;\">ICONFIT Steviaga Suhkruasendajat kasuta nagu tavalist valget suhkrut \u2013 lisa natuke kohvi\/tee sisse, tee v\u00e4hemagusaid toite maitsvamalt magusaks ning kasuta erinevates k\u00fcpsetistes kalorivaba alternatiivina. Valmista suhkruvaba vahukoort asendades lihtsalt suhkur meie suhkruasendajaga.<\/p>\n<p style=\"margin-bottom: 20px;\"><span style=\"font-weight: 700;\">Pakend<\/span><\/p>\n<p style=\"margin-bottom: 20px; text-align: justify;\">Pakendatud looduss\u00f5bralikku ja \u00f5hukindlasse 350g kartongpurki ja ka 1kg kotti!<\/p>\n<p style=\"margin-bottom: 20px;\"><span style=\"font-weight: 700;\">Koostisosad:&nbsp;<\/span>Magusaine er\u00fctritool , magusaine stevioolgl\u00fckosiid (Stevia ekstakt). Toodetud Eestis.<\/p>\n<p style=\"margin-bottom: 20px;\"><\/p>\n<p style=\"margin-bottom: 20px;\"><img decoding=\"async\" src=\"https:\/\/mybody.ee\/image\/catalog\/IconFit\/Screen Shot 2021-03-15 at 10.47.56.png\" style=\"width: 533px;\"><\/p>\n<div class=\"fusion-li-item-content\" style=\"margin-left: 33.6px;\"><\/div>\n<\/li>\n<\/ul>\n<li style=\"text-align: justify;\"><span style=\"font-size: 12px;\"><span style=\"font-family: arial, helvetica, sans-serif;\">Asukoht: Audentese Spordikeskus, Tondi 84.<\/span><\/span><\/li>\n<li style=\"text-align: justify;\"><span style=\"font-size: 12px;\"><span style=\"font-family: arial, helvetica, sans-serif;\">Telefon EST\/RUS\/ENG +372&nbsp;523 1960<\/span><\/span><\/li>\n<li style=\"text-align: justify;\"><span style=\"font-size: 12px;\"><span style=\"font-family: arial, helvetica, sans-serif;\">Telefon EST\/ENG +372 56&nbsp;458&nbsp;688<\/span><\/span><\/li>\n<li style=\"text-align: justify;\"><span style=\"font-size: 12px;\"><span style=\"font-family: arial, helvetica, sans-serif;\"><a href=\"mailto:info@mybody.ee\">info@mybody.ee<\/a><\/span><\/span><\/li>\n<li style=\"text-align: justify;\"><span style=\"font-size: 12px;\"><span style=\"font-family: arial, helvetica, sans-serif;\"><a href=\"http:\/\/www.facebook.com\/mybody.ee\">www.facebook.com\/mybody.ee<\/a><\/span><\/span><\/li>\n<\/ul>\n","protected":false},"excerpt":{"rendered":"<p>ICONFIT Steviaga Suhkruasendaja&nbsp;(magusainega) on Eestis toodetud kalorivaba alternatiiv tavalisele valgele suhkrule. See n\u00e4eb v\u00e4lja ning on umbes sama magus kui tavaline suhkur kuid annab magususe ilma lisakaloriteta. See koosneb looduslikust er\u00fctritoolist (leidub nt pirnides, arbuusides, viinamarjades) ja Stevia taime ekstraktist. Stevia Stevia taimest toodetav stevioolg\u00fckosiid on maailma populaarseim tervislik kalorivaba suhkruasendaja. See taim on p\u00e4rit [&hellip;]<\/p>\n","protected":false},"featured_media":0,"comment_status":"open","ping_status":"closed","template":"","meta":{"inline_featured_image":false},"product_cat":[25],"product_tag":[],"class_list":{"0":"post-965","1":"product","2":"type-product","3":"status-publish","5":"product_cat-naturaalsed-toidulisandid","7":"first","8":"instock","9":"shipping-taxable","10":"purchasable","11":"product-type-simple"},"yoast_head":"<!-- This site is optimized with the Yoast SEO plugin v27.3 - https:\/\/yoast.com\/product\/yoast-seo-wordpress\/ -->\n<title>ICONFIT Steviaga Suhkruasendaja (0 Kalorit)- MyBody.ee - Toidulisandid ja sporditarvikud<\/title>\n<meta name=\"description\" content=\"steviagasuhkruasendaja\" \/>\n<meta name=\"robots\" content=\"index, follow, max-snippet:-1, max-image-preview:large, max-video-preview:-1\" \/>\n<link rel=\"canonical\" href=\"https:\/\/mybody5.ee.mybody.ee\/proov\/product\/iconfit-steviaga-suhkruasendaja-0-kalorit\/\" \/>\n<meta property=\"og:locale\" content=\"et_EE\" \/>\n<meta property=\"og:type\" content=\"article\" \/>\n<meta property=\"og:title\" content=\"ICONFIT Steviaga Suhkruasendaja (0 Kalorit)- MyBody.ee - Toidulisandid ja sporditarvikud\" \/>\n<meta property=\"og:description\" content=\"steviagasuhkruasendaja\" \/>\n<meta property=\"og:url\" content=\"https:\/\/mybody5.ee.mybody.ee\/proov\/product\/iconfit-steviaga-suhkruasendaja-0-kalorit\/\" \/>\n<meta property=\"og:site_name\" content=\"supplero\" \/>\n<meta property=\"article:publisher\" content=\"https:\/\/facebook.com\/MyBody.ee\/\" \/>\n<meta property=\"og:image\" content=\"https:\/\/iconfit.eu\/wp-content\/uploads\/2019\/08\/steviasweetener.jpg\" \/>\n<meta name=\"twitter:card\" content=\"summary_large_image\" \/>\n<meta name=\"twitter:label1\" content=\"Est. reading time\" \/>\n\t<meta name=\"twitter:data1\" content=\"1 minut\" \/>\n<script type=\"application\/ld+json\" class=\"yoast-schema-graph\">{\"@context\":\"https:\\\/\\\/schema.org\",\"@graph\":[{\"@type\":\"WebPage\",\"@id\":\"https:\\\/\\\/mybody5.ee.mybody.ee\\\/proov\\\/product\\\/iconfit-steviaga-suhkruasendaja-0-kalorit\\\/\",\"url\":\"https:\\\/\\\/mybody5.ee.mybody.ee\\\/proov\\\/product\\\/iconfit-steviaga-suhkruasendaja-0-kalorit\\\/\",\"name\":\"ICONFIT Steviaga Suhkruasendaja (0 Kalorit)- MyBody.ee - Toidulisandid ja sporditarvikud\",\"isPartOf\":{\"@id\":\"https:\\\/\\\/mybody5.ee.mybody.ee\\\/proov\\\/#website\"},\"primaryImageOfPage\":{\"@id\":\"https:\\\/\\\/mybody5.ee.mybody.ee\\\/proov\\\/product\\\/iconfit-steviaga-suhkruasendaja-0-kalorit\\\/#primaryimage\"},\"image\":{\"@id\":\"https:\\\/\\\/mybody5.ee.mybody.ee\\\/proov\\\/product\\\/iconfit-steviaga-suhkruasendaja-0-kalorit\\\/#primaryimage\"},\"thumbnailUrl\":\"https:\\\/\\\/iconfit.eu\\\/wp-content\\\/uploads\\\/2019\\\/08\\\/steviasweetener.jpg\",\"datePublished\":\"2021-03-15T10:42:33+00:00\",\"description\":\"steviagasuhkruasendaja\",\"breadcrumb\":{\"@id\":\"https:\\\/\\\/mybody5.ee.mybody.ee\\\/proov\\\/product\\\/iconfit-steviaga-suhkruasendaja-0-kalorit\\\/#breadcrumb\"},\"inLanguage\":\"et\",\"potentialAction\":[{\"@type\":\"ReadAction\",\"target\":[\"https:\\\/\\\/mybody5.ee.mybody.ee\\\/proov\\\/product\\\/iconfit-steviaga-suhkruasendaja-0-kalorit\\\/\"]}]},{\"@type\":\"ImageObject\",\"inLanguage\":\"et\",\"@id\":\"https:\\\/\\\/mybody5.ee.mybody.ee\\\/proov\\\/product\\\/iconfit-steviaga-suhkruasendaja-0-kalorit\\\/#primaryimage\",\"url\":\"https:\\\/\\\/iconfit.eu\\\/wp-content\\\/uploads\\\/2019\\\/08\\\/steviasweetener.jpg\",\"contentUrl\":\"https:\\\/\\\/iconfit.eu\\\/wp-content\\\/uploads\\\/2019\\\/08\\\/steviasweetener.jpg\"},{\"@type\":\"BreadcrumbList\",\"@id\":\"https:\\\/\\\/mybody5.ee.mybody.ee\\\/proov\\\/product\\\/iconfit-steviaga-suhkruasendaja-0-kalorit\\\/#breadcrumb\",\"itemListElement\":[{\"@type\":\"ListItem\",\"position\":1,\"name\":\"Home\",\"item\":\"https:\\\/\\\/mybody5.ee.mybody.ee\\\/proov\\\/\"},{\"@type\":\"ListItem\",\"position\":2,\"name\":\"Shop\",\"item\":\"https:\\\/\\\/mybody5.ee.mybody.ee\\\/proov\\\/shop\\\/\"},{\"@type\":\"ListItem\",\"position\":3,\"name\":\"ICONFIT Steviaga Suhkruasendaja (0 Kalorit)\"}]},{\"@type\":\"WebSite\",\"@id\":\"https:\\\/\\\/mybody5.ee.mybody.ee\\\/proov\\\/#website\",\"url\":\"https:\\\/\\\/mybody5.ee.mybody.ee\\\/proov\\\/\",\"name\":\"MyBody.ee - Toidulisandid ja sporditarvikud\",\"description\":\"Just another WordPress site\",\"publisher\":{\"@id\":\"https:\\\/\\\/mybody5.ee.mybody.ee\\\/proov\\\/#organization\"},\"potentialAction\":[{\"@type\":\"SearchAction\",\"target\":{\"@type\":\"EntryPoint\",\"urlTemplate\":\"https:\\\/\\\/mybody5.ee.mybody.ee\\\/proov\\\/?s={search_term_string}\"},\"query-input\":{\"@type\":\"PropertyValueSpecification\",\"valueRequired\":true,\"valueName\":\"search_term_string\"}}],\"inLanguage\":\"et\"},{\"@type\":\"Organization\",\"@id\":\"https:\\\/\\\/mybody5.ee.mybody.ee\\\/proov\\\/#organization\",\"name\":\"MyBody.ee\",\"url\":\"https:\\\/\\\/mybody5.ee.mybody.ee\\\/proov\\\/\",\"logo\":{\"@type\":\"ImageObject\",\"inLanguage\":\"et\",\"@id\":\"https:\\\/\\\/mybody5.ee.mybody.ee\\\/proov\\\/#\\\/schema\\\/logo\\\/image\\\/\",\"url\":\"https:\\\/\\\/mybody5.ee.mybody.ee\\\/proov\\\/wp-content\\\/uploads\\\/2023\\\/11\\\/mybody_logo_h65-2.png\",\"contentUrl\":\"https:\\\/\\\/mybody5.ee.mybody.ee\\\/proov\\\/wp-content\\\/uploads\\\/2023\\\/11\\\/mybody_logo_h65-2.png\",\"width\":229,\"height\":65,\"caption\":\"MyBody.ee\"},\"image\":{\"@id\":\"https:\\\/\\\/mybody5.ee.mybody.ee\\\/proov\\\/#\\\/schema\\\/logo\\\/image\\\/\"},\"sameAs\":[\"https:\\\/\\\/facebook.com\\\/MyBody.ee\\\/\"]}]}<\/script>\n<!-- \/ Yoast SEO plugin. -->","yoast_head_json":{"title":"ICONFIT Steviaga Suhkruasendaja (0 Kalorit)- MyBody.ee - Toidulisandid ja sporditarvikud","description":"steviagasuhkruasendaja","robots":{"index":"index","follow":"follow","max-snippet":"max-snippet:-1","max-image-preview":"max-image-preview:large","max-video-preview":"max-video-preview:-1"},"canonical":"https:\/\/mybody5.ee.mybody.ee\/proov\/product\/iconfit-steviaga-suhkruasendaja-0-kalorit\/","og_locale":"et_EE","og_type":"article","og_title":"ICONFIT Steviaga Suhkruasendaja (0 Kalorit)- MyBody.ee - Toidulisandid ja sporditarvikud","og_description":"steviagasuhkruasendaja","og_url":"https:\/\/mybody5.ee.mybody.ee\/proov\/product\/iconfit-steviaga-suhkruasendaja-0-kalorit\/","og_site_name":"supplero","article_publisher":"https:\/\/facebook.com\/MyBody.ee\/","og_image":[{"url":"https:\/\/iconfit.eu\/wp-content\/uploads\/2019\/08\/steviasweetener.jpg","type":"","width":"","height":""}],"twitter_card":"summary_large_image","twitter_misc":{"Est. reading time":"1 minut"},"schema":{"@context":"https:\/\/schema.org","@graph":[{"@type":"WebPage","@id":"https:\/\/mybody5.ee.mybody.ee\/proov\/product\/iconfit-steviaga-suhkruasendaja-0-kalorit\/","url":"https:\/\/mybody5.ee.mybody.ee\/proov\/product\/iconfit-steviaga-suhkruasendaja-0-kalorit\/","name":"ICONFIT Steviaga Suhkruasendaja (0 Kalorit)- MyBody.ee - Toidulisandid ja sporditarvikud","isPartOf":{"@id":"https:\/\/mybody5.ee.mybody.ee\/proov\/#website"},"primaryImageOfPage":{"@id":"https:\/\/mybody5.ee.mybody.ee\/proov\/product\/iconfit-steviaga-suhkruasendaja-0-kalorit\/#primaryimage"},"image":{"@id":"https:\/\/mybody5.ee.mybody.ee\/proov\/product\/iconfit-steviaga-suhkruasendaja-0-kalorit\/#primaryimage"},"thumbnailUrl":"https:\/\/iconfit.eu\/wp-content\/uploads\/2019\/08\/steviasweetener.jpg","datePublished":"2021-03-15T10:42:33+00:00","description":"steviagasuhkruasendaja","breadcrumb":{"@id":"https:\/\/mybody5.ee.mybody.ee\/proov\/product\/iconfit-steviaga-suhkruasendaja-0-kalorit\/#breadcrumb"},"inLanguage":"et","potentialAction":[{"@type":"ReadAction","target":["https:\/\/mybody5.ee.mybody.ee\/proov\/product\/iconfit-steviaga-suhkruasendaja-0-kalorit\/"]}]},{"@type":"ImageObject","inLanguage":"et","@id":"https:\/\/mybody5.ee.mybody.ee\/proov\/product\/iconfit-steviaga-suhkruasendaja-0-kalorit\/#primaryimage","url":"https:\/\/iconfit.eu\/wp-content\/uploads\/2019\/08\/steviasweetener.jpg","contentUrl":"https:\/\/iconfit.eu\/wp-content\/uploads\/2019\/08\/steviasweetener.jpg"},{"@type":"BreadcrumbList","@id":"https:\/\/mybody5.ee.mybody.ee\/proov\/product\/iconfit-steviaga-suhkruasendaja-0-kalorit\/#breadcrumb","itemListElement":[{"@type":"ListItem","position":1,"name":"Home","item":"https:\/\/mybody5.ee.mybody.ee\/proov\/"},{"@type":"ListItem","position":2,"name":"Shop","item":"https:\/\/mybody5.ee.mybody.ee\/proov\/shop\/"},{"@type":"ListItem","position":3,"name":"ICONFIT Steviaga Suhkruasendaja (0 Kalorit)"}]},{"@type":"WebSite","@id":"https:\/\/mybody5.ee.mybody.ee\/proov\/#website","url":"https:\/\/mybody5.ee.mybody.ee\/proov\/","name":"MyBody.ee - Toidulisandid ja sporditarvikud","description":"Just another WordPress site","publisher":{"@id":"https:\/\/mybody5.ee.mybody.ee\/proov\/#organization"},"potentialAction":[{"@type":"SearchAction","target":{"@type":"EntryPoint","urlTemplate":"https:\/\/mybody5.ee.mybody.ee\/proov\/?s={search_term_string}"},"query-input":{"@type":"PropertyValueSpecification","valueRequired":true,"valueName":"search_term_string"}}],"inLanguage":"et"},{"@type":"Organization","@id":"https:\/\/mybody5.ee.mybody.ee\/proov\/#organization","name":"MyBody.ee","url":"https:\/\/mybody5.ee.mybody.ee\/proov\/","logo":{"@type":"ImageObject","inLanguage":"et","@id":"https:\/\/mybody5.ee.mybody.ee\/proov\/#\/schema\/logo\/image\/","url":"https:\/\/mybody5.ee.mybody.ee\/proov\/wp-content\/uploads\/2023\/11\/mybody_logo_h65-2.png","contentUrl":"https:\/\/mybody5.ee.mybody.ee\/proov\/wp-content\/uploads\/2023\/11\/mybody_logo_h65-2.png","width":229,"height":65,"caption":"MyBody.ee"},"image":{"@id":"https:\/\/mybody5.ee.mybody.ee\/proov\/#\/schema\/logo\/image\/"},"sameAs":["https:\/\/facebook.com\/MyBody.ee\/"]}]}},"_links":{"self":[{"href":"https:\/\/mybody5.ee.mybody.ee\/proov\/wp-json\/wp\/v2\/product\/965","targetHints":{"allow":["GET"]}}],"collection":[{"href":"https:\/\/mybody5.ee.mybody.ee\/proov\/wp-json\/wp\/v2\/product"}],"about":[{"href":"https:\/\/mybody5.ee.mybody.ee\/proov\/wp-json\/wp\/v2\/types\/product"}],"replies":[{"embeddable":true,"href":"https:\/\/mybody5.ee.mybody.ee\/proov\/wp-json\/wp\/v2\/comments?post=965"}],"wp:attachment":[{"href":"https:\/\/mybody5.ee.mybody.ee\/proov\/wp-json\/wp\/v2\/media?parent=965"}],"wp:term":[{"taxonomy":"product_cat","embeddable":true,"href":"https:\/\/mybody5.ee.mybody.ee\/proov\/wp-json\/wp\/v2\/product_cat?post=965"},{"taxonomy":"product_tag","embeddable":true,"href":"https:\/\/mybody5.ee.mybody.ee\/proov\/wp-json\/wp\/v2\/product_tag?post=965"}],"curies":[{"name":"wp","href":"https:\/\/api.w.org\/{rel}","templated":true}]}}