{"id":966,"date":"2021-03-15T14:11:03","date_gmt":"2021-03-15T14:11:03","guid":{"rendered":"https:\/\/mybody5.ee.mybody.ee\/proov\/product\/iconfit-msm-pulber-300g\/"},"modified":"2021-03-15T14:11:03","modified_gmt":"2021-03-15T14:11:03","slug":"iconfit-msm-pulber-300g","status":"publish","type":"product","link":"https:\/\/mybody5.ee.mybody.ee\/proov\/product\/iconfit-msm-pulber-300g\/","title":{"rendered":"ICONFIT MSM Pulber (300g)"},"content":{"rendered":"<div style=\"text-align: justify;\"><\/p>\n<p style=\"text-align: start; margin-bottom: 20px; caret-color: rgb(89, 95, 107); color: rgb(89, 95, 107); font-family: &quot;Open Sans&quot;, Arial, Helvetica, sans-serif; font-size: 14px;\"><span style=\"font-weight: 700;\">ICONFIT MSM Pulber<\/span>&nbsp;on orgaaniline v\u00e4\u00e4vli\u00fchend (met\u00fc\u00fclsulfon\u00fc\u00fclmetaan) mida leidub looduslikult taimedes, loomades ja ka inimkehas. MSM toetab liigeste ja luude tugevust ning toimib h\u00e4sti ka naha, k\u00fc\u00fcnte ja juuste tervise &nbsp;heaoluks.<a href=\"https:\/\/iconfit.eu\/wp-content\/uploads\/2019\/05\/knee.jpg\" data-caption=\"\" style=\"transition-property: color, background-color, border-color; transition-duration: 0.2s; transition-timing-function: linear; color: rgb(89, 95, 107);\"><img decoding=\"async\" class=\"alignleft size-full wp-image-18340\" src=\"https:\/\/iconfit.eu\/wp-content\/uploads\/2019\/05\/knee.jpg\" alt=\"\" width=\"100%\" height=\"\" srcset=\"https:\/\/iconfit.eu\/wp-content\/uploads\/2019\/05\/knee-200x66.jpg 200w, https:\/\/iconfit.eu\/wp-content\/uploads\/2019\/05\/knee-300x99.jpg 300w, https:\/\/iconfit.eu\/wp-content\/uploads\/2019\/05\/knee-400x132.jpg 400w, https:\/\/iconfit.eu\/wp-content\/uploads\/2019\/05\/knee-500x165.jpg 500w, https:\/\/iconfit.eu\/wp-content\/uploads\/2019\/05\/knee-600x198.jpg 600w, https:\/\/iconfit.eu\/wp-content\/uploads\/2019\/05\/knee-768x253.jpg 768w, https:\/\/iconfit.eu\/wp-content\/uploads\/2019\/05\/knee-800x264.jpg 800w, https:\/\/iconfit.eu\/wp-content\/uploads\/2019\/05\/knee.jpg 1000w\" sizes=\"(max-width: 1000px) 100vw, 1000px\" style=\"border-style: none; vertical-align: top; max-width: 100%; height: auto; display: inline; float: left; margin-right: 15px;\"><\/a><\/p>\n<p style=\"text-align: start; margin-bottom: 20px; caret-color: rgb(89, 95, 107); color: rgb(89, 95, 107); font-family: &quot;Open Sans&quot;, Arial, Helvetica, sans-serif; font-size: 14px;\">&nbsp;<\/p>\n<ul class=\"fusion-checklist fusion-checklist-12\" style=\"text-align: start; list-style-type: none; padding: 0px; margin: 10px 0px 0px; caret-color: rgb(89, 95, 107); color: rgb(89, 95, 107); font-family: &quot;Open Sans&quot;, Arial, Helvetica, sans-serif; font-size: 14px; line-height: 23.8px;\">\n<li class=\"fusion-li-item\" style=\"padding: 0px 0px 5.5px; margin-left: 0px;\"><span class=\"icon-wrapper circle-yes\" style=\"display: table; float: left; border-top-left-radius: 50%; border-top-right-radius: 50%; border-bottom-right-radius: 50%; border-bottom-left-radius: 50%; -webkit-background-clip: padding-box; background-clip: padding-box; background-color: rgb(160, 206, 78); color: rgb(255, 255, 255); text-align: center; font-size: 12.32px; height: 23.8px; width: 23.8px; margin-right: 9.8px;\"><span class=\"fusion-li-icon  fa fa-check\" style=\"display: table-cell; font-variant-ligatures: normal; font-variant-east-asian: normal; font-variant-position: normal; font-family: &quot;Font Awesome 5 Free&quot;; font-weight: 900; vertical-align: middle;\"><\/span><\/span>\n<div class=\"fusion-li-item-content\" style=\"margin-left: 33.6px;\"><span style=\"font-weight: 700;\">Liigesed<\/span><\/div>\n<\/li>\n<\/ul>\n<p style=\"text-align: start; margin-bottom: 20px; caret-color: rgb(89, 95, 107); color: rgb(89, 95, 107); font-family: &quot;Open Sans&quot;, Arial, Helvetica, sans-serif; font-size: 14px;\">Liigeste kulumise puhul tekivad liigesevalud \u2013 MSM aitab esiteks v\u00e4hendada kehas p\u00f5letikulisi protsesse ja kaitseb luustikku.&nbsp;<a href=\"https:\/\/www.ncbi.nlm.nih.gov\/pmc\/articles\/PMC4502733\/\" target=\"_blank\" rel=\"noopener noreferrer\" style=\"transition-property: color, background-color, border-color; transition-duration: 0.2s; transition-timing-function: linear; color: rgb(89, 95, 107);\">Teaduslikud uuringud<\/a>&nbsp;on n\u00e4idanud v\u00e4ga h\u00e4id tulemusi kui prooviti 100 \u00fcle 50a. inimesele anda MSMi iga p\u00e4ev 12 n\u00e4dala jooksul ning teisele grupile anti vaid platseebot \u2013 MSM saanud grupis oli tulemuseks v\u00e4henenud liigesevalud, parem liikuvus ja v\u00e4henenud liigeste paistetus.<\/p>\n<p style=\"text-align: start; margin-bottom: 20px; caret-color: rgb(89, 95, 107); color: rgb(89, 95, 107); font-family: &quot;Open Sans&quot;, Arial, Helvetica, sans-serif; font-size: 14px;\">Teadlased on t\u00e4heldanud, et MSM v\u00f5ib muuta p\u00f5letikulisi mehhanisme, et leevendada treeningu k\u00e4igus tekkinud valulikkust ja toetab organismis antioks\u00fcdantide taset. MSMi omadused v\u00f5ivad aidata \u00e4ra hoida oks\u00fcdatiivsete kahjustuste tekkimist, mis s\u00fcvenevad vananemise ja keha stressiga.<\/p>\n<p style=\"text-align: start; margin-bottom: 20px; caret-color: rgb(89, 95, 107); color: rgb(89, 95, 107); font-family: &quot;Open Sans&quot;, Arial, Helvetica, sans-serif; font-size: 14px;\">&nbsp;<\/p>\n<ul class=\"fusion-checklist fusion-checklist-13\" style=\"text-align: start; list-style-type: none; padding: 0px; margin: 10px 0px 0px; caret-color: rgb(89, 95, 107); color: rgb(89, 95, 107); font-family: &quot;Open Sans&quot;, Arial, Helvetica, sans-serif; font-size: 14px; line-height: 23.8px;\">\n<li class=\"fusion-li-item\" style=\"padding: 0px 0px 5.5px; margin-left: 0px;\"><span class=\"icon-wrapper circle-yes\" style=\"display: table; float: left; border-top-left-radius: 50%; border-top-right-radius: 50%; border-bottom-right-radius: 50%; border-bottom-left-radius: 50%; -webkit-background-clip: padding-box; background-clip: padding-box; background-color: rgb(160, 206, 78); color: rgb(255, 255, 255); text-align: center; font-size: 12.32px; height: 23.8px; width: 23.8px; margin-right: 9.8px;\"><span class=\"fusion-li-icon  fa fa-check\" style=\"display: table-cell; font-variant-ligatures: normal; font-variant-east-asian: normal; font-variant-position: normal; font-family: &quot;Font Awesome 5 Free&quot;; font-weight: 900; vertical-align: middle;\"><\/span><\/span>\n<div class=\"fusion-li-item-content\" style=\"margin-left: 33.6px;\"><span style=\"font-weight: 700;\">Nahk, k\u00fc\u00fcned ja juuksed<\/span><\/div>\n<\/li>\n<\/ul>\n<p style=\"text-align: start; margin-bottom: 20px; caret-color: rgb(89, 95, 107); color: rgb(89, 95, 107); font-family: &quot;Open Sans&quot;, Arial, Helvetica, sans-serif; font-size: 14px;\">MSM aitab kehas kaasa kollageeni taastootmisele ning seel\u00e4bi parandada ka nahka. Vanusega tekkivad kortsud, kuiv nahk ja elastsuse v\u00e4henemine on k\u00f5ik kollageeni v\u00e4henemisega seotud. MSM koos vitamiin C\u2019ga t\u00f6\u00f6tab eriti h\u00e4sti naharakkude taastamise nimel.<\/p>\n<p style=\"text-align: start; margin-bottom: 20px; caret-color: rgb(89, 95, 107); color: rgb(89, 95, 107); font-family: &quot;Open Sans&quot;, Arial, Helvetica, sans-serif; font-size: 14px;\">MSMi nimetatakse ka \u201cilumineraaliks\u201d mis annab meie kehadele v\u00e4\u00e4vlit tootmaks kollageeni ja keratiini. V\u00e4ga paljud kasutajad on t\u00e4hele pannud, et juba peale paari n\u00e4dalat j\u00e4rjepidevat kasutamist on nende juuksed ja k\u00fc\u00fcned tugevamad ning paksemad.<\/p>\n<p style=\"text-align: start; margin-bottom: 20px; caret-color: rgb(89, 95, 107); color: rgb(89, 95, 107); font-family: &quot;Open Sans&quot;, Arial, Helvetica, sans-serif; font-size: 14px;\">&nbsp;<\/p>\n<ul class=\"fusion-checklist fusion-checklist-14\" style=\"text-align: start; list-style-type: none; padding: 0px; margin: 10px 0px 0px; caret-color: rgb(89, 95, 107); color: rgb(89, 95, 107); font-family: &quot;Open Sans&quot;, Arial, Helvetica, sans-serif; font-size: 14px; line-height: 23.8px;\">\n<li class=\"fusion-li-item\" style=\"padding: 0px 0px 5.5px; margin-left: 0px;\"><span class=\"icon-wrapper circle-yes\" style=\"display: table; float: left; border-top-left-radius: 50%; border-top-right-radius: 50%; border-bottom-right-radius: 50%; border-bottom-left-radius: 50%; -webkit-background-clip: padding-box; background-clip: padding-box; background-color: rgb(160, 206, 78); color: rgb(255, 255, 255); text-align: center; font-size: 12.32px; height: 23.8px; width: 23.8px; margin-right: 9.8px;\"><span class=\"fusion-li-icon  fa fa-check\" style=\"display: table-cell; font-variant-ligatures: normal; font-variant-east-asian: normal; font-variant-position: normal; font-family: &quot;Font Awesome 5 Free&quot;; font-weight: 900; vertical-align: middle;\"><\/span><\/span>\n<div class=\"fusion-li-item-content\" style=\"margin-left: 33.6px;\"><span style=\"font-weight: 700;\">Detox puhastus<\/span><\/div>\n<\/li>\n<\/ul>\n<p style=\"text-align: start; margin-bottom: 20px; caret-color: rgb(89, 95, 107); color: rgb(89, 95, 107); font-family: &quot;Open Sans&quot;, Arial, Helvetica, sans-serif; font-size: 14px;\">MSMi \u00fcks t\u00e4htsamaid omadusi on see, et see muudab teie rakud l\u00e4bilaskvamaks. See t\u00e4hendab, et see v\u00f5imaldab toksiine ja metaboolseid j\u00e4\u00e4tmeid kergemini rakkudest v\u00e4lja viia, samas kui olulisi toitaineid ja h\u00fcdratatsiooni saab t\u00f5sta. MSM on kaltsiumfosfaadi lahustaja, seega on tal m\u00e4rkimisv\u00e4\u00e4rne v\u00f5ime purustada halb kaltsium, mis on degeneratiivsete haiguste juur. MSM toetab ka allergiate, p\u00f5letike ja valu korral (pea-, lihase-, liigesevalude korral).<\/p>\n<p style=\"text-align: start; margin-bottom: 20px; caret-color: rgb(89, 95, 107); color: rgb(89, 95, 107); font-family: &quot;Open Sans&quot;, Arial, Helvetica, sans-serif; font-size: 14px;\"><span style=\"font-weight: 700;\">Kasutamine:&nbsp;<\/span>2-3 korda p\u00e4evas 2-5g n\u00e4iteks vee v\u00f5i mahlaga segatult. Soovitavalt alusta v\u00e4ikesest kogusest n\u00e4iteks 1g (1\/4 teelusikat\u00e4it klaasi vee kohta) p\u00e4evas v\u00e4hehaaval annust suurendades. V\u00f5id annust suurendada kuni 2 teelusikat\u00e4ieni p\u00e4evas.<\/p>\n<\/div>\n<ul><\/ul>\n<\/p>\n<p style=\"margin-left: 33.6px;\"><span style=\"caret-color: rgb(89, 95, 107); color: rgb(0, 0, 0); font-family: arial, helvetica, sans-serif; font-size: 12px; text-align: justify;\">Oled oodatud tasuta konsultatsioonile MYBODY Audentese kauplusesse,<\/span><\/p>\n<ul>\n<ul class=\"fusion-checklist fusion-checklist-4\" style=\"list-style-type: none; padding: 0px; margin-top: 10px; margin-right: 0px; margin-left: 0px; line-height: 23.8px;\">\n<li class=\"fusion-li-item\" style=\"padding: 0px 0px 5.5px; margin-left: 0px;\"><\/li>\n<\/ul>\n<li style=\"text-align: justify;\"><span style=\"font-size: 12px;\"><span style=\"font-family: arial, helvetica, sans-serif;\">Asukoht: Audentese Spordikeskus, Tondi 84.<\/span><\/span><\/li>\n<li style=\"text-align: justify;\"><span style=\"font-size: 12px;\"><span style=\"font-family: arial, helvetica, sans-serif;\">Telefon EST\/RUS\/ENG +372&nbsp;523 1960<\/span><\/span><\/li>\n<li style=\"text-align: justify;\"><span style=\"font-size: 12px;\"><span style=\"font-family: arial, helvetica, sans-serif;\">Telefon EST\/ENG +372 56&nbsp;458&nbsp;688<\/span><\/span><\/li>\n<li style=\"text-align: justify;\"><span style=\"font-size: 12px;\"><span style=\"font-family: arial, helvetica, sans-serif;\"><a href=\"mailto:info@mybody.ee\">info@mybody.ee<\/a><\/span><\/span><\/li>\n<li style=\"text-align: justify;\"><span style=\"font-size: 12px;\"><span style=\"font-family: arial, helvetica, sans-serif;\"><a href=\"http:\/\/www.facebook.com\/mybody.ee\">www.facebook.com\/mybody.ee<\/a><\/span><\/span><\/li>\n<\/ul>\n","protected":false},"excerpt":{"rendered":"<p>ICONFIT MSM Pulber&nbsp;on orgaaniline v\u00e4\u00e4vli\u00fchend (met\u00fc\u00fclsulfon\u00fc\u00fclmetaan) mida leidub looduslikult taimedes, loomades ja ka inimkehas. MSM toetab liigeste ja luude tugevust ning toimib h\u00e4sti ka naha, k\u00fc\u00fcnte ja juuste tervise &nbsp;heaoluks. &nbsp; Liigesed Liigeste kulumise puhul tekivad liigesevalud \u2013 MSM aitab esiteks v\u00e4hendada kehas p\u00f5letikulisi protsesse ja kaitseb luustikku.&nbsp;Teaduslikud uuringud&nbsp;on n\u00e4idanud v\u00e4ga h\u00e4id tulemusi kui prooviti [&hellip;]<\/p>\n","protected":false},"featured_media":0,"comment_status":"open","ping_status":"closed","template":"","meta":{"inline_featured_image":false},"product_cat":[25],"product_tag":[],"class_list":{"0":"post-966","1":"product","2":"type-product","3":"status-publish","5":"product_cat-naturaalsed-toidulisandid","7":"first","8":"instock","9":"shipping-taxable","10":"purchasable","11":"product-type-simple"},"yoast_head":"<!-- This site is optimized with the Yoast SEO plugin v27.3 - https:\/\/yoast.com\/product\/yoast-seo-wordpress\/ -->\n<title>ICONFIT MSM Pulber (300g) MyBody.ee- Toidulisandid ja sporditarvikud<\/title>\n<meta name=\"description\" content=\"ICONFIT MSM Pulber (300g), liigeste ja luude ning naha, k\u00fc\u00fcnte ja juuste tervise heaoluks\" \/>\n<meta name=\"robots\" content=\"index, follow, max-snippet:-1, max-image-preview:large, max-video-preview:-1\" \/>\n<link rel=\"canonical\" href=\"https:\/\/mybody5.ee.mybody.ee\/proov\/product\/iconfit-msm-pulber-300g\/\" \/>\n<meta property=\"og:locale\" content=\"et_EE\" \/>\n<meta property=\"og:type\" content=\"article\" \/>\n<meta property=\"og:title\" content=\"ICONFIT MSM Pulber (300g) MyBody.ee- Toidulisandid ja sporditarvikud\" \/>\n<meta property=\"og:description\" content=\"ICONFIT MSM Pulber (300g), liigeste ja luude ning naha, k\u00fc\u00fcnte ja juuste tervise heaoluks\" \/>\n<meta property=\"og:url\" content=\"https:\/\/mybody5.ee.mybody.ee\/proov\/product\/iconfit-msm-pulber-300g\/\" \/>\n<meta property=\"og:site_name\" content=\"supplero\" \/>\n<meta property=\"article:publisher\" content=\"https:\/\/facebook.com\/MyBody.ee\/\" \/>\n<meta property=\"og:image\" content=\"https:\/\/iconfit.eu\/wp-content\/uploads\/2019\/05\/knee.jpg\" \/>\n<meta name=\"twitter:card\" content=\"summary_large_image\" \/>\n<meta name=\"twitter:label1\" content=\"Est. reading time\" \/>\n\t<meta name=\"twitter:data1\" content=\"2 minutit\" \/>\n<script type=\"application\/ld+json\" class=\"yoast-schema-graph\">{\"@context\":\"https:\\\/\\\/schema.org\",\"@graph\":[{\"@type\":\"WebPage\",\"@id\":\"https:\\\/\\\/mybody5.ee.mybody.ee\\\/proov\\\/product\\\/iconfit-msm-pulber-300g\\\/\",\"url\":\"https:\\\/\\\/mybody5.ee.mybody.ee\\\/proov\\\/product\\\/iconfit-msm-pulber-300g\\\/\",\"name\":\"ICONFIT MSM Pulber (300g) MyBody.ee- Toidulisandid ja sporditarvikud\",\"isPartOf\":{\"@id\":\"https:\\\/\\\/mybody5.ee.mybody.ee\\\/proov\\\/#website\"},\"primaryImageOfPage\":{\"@id\":\"https:\\\/\\\/mybody5.ee.mybody.ee\\\/proov\\\/product\\\/iconfit-msm-pulber-300g\\\/#primaryimage\"},\"image\":{\"@id\":\"https:\\\/\\\/mybody5.ee.mybody.ee\\\/proov\\\/product\\\/iconfit-msm-pulber-300g\\\/#primaryimage\"},\"thumbnailUrl\":\"https:\\\/\\\/iconfit.eu\\\/wp-content\\\/uploads\\\/2019\\\/05\\\/knee.jpg\",\"datePublished\":\"2021-03-15T14:11:03+00:00\",\"description\":\"ICONFIT MSM Pulber (300g), liigeste ja luude ning naha, k\u00fc\u00fcnte ja juuste tervise heaoluks\",\"breadcrumb\":{\"@id\":\"https:\\\/\\\/mybody5.ee.mybody.ee\\\/proov\\\/product\\\/iconfit-msm-pulber-300g\\\/#breadcrumb\"},\"inLanguage\":\"et\",\"potentialAction\":[{\"@type\":\"ReadAction\",\"target\":[\"https:\\\/\\\/mybody5.ee.mybody.ee\\\/proov\\\/product\\\/iconfit-msm-pulber-300g\\\/\"]}]},{\"@type\":\"ImageObject\",\"inLanguage\":\"et\",\"@id\":\"https:\\\/\\\/mybody5.ee.mybody.ee\\\/proov\\\/product\\\/iconfit-msm-pulber-300g\\\/#primaryimage\",\"url\":\"https:\\\/\\\/iconfit.eu\\\/wp-content\\\/uploads\\\/2019\\\/05\\\/knee.jpg\",\"contentUrl\":\"https:\\\/\\\/iconfit.eu\\\/wp-content\\\/uploads\\\/2019\\\/05\\\/knee.jpg\"},{\"@type\":\"BreadcrumbList\",\"@id\":\"https:\\\/\\\/mybody5.ee.mybody.ee\\\/proov\\\/product\\\/iconfit-msm-pulber-300g\\\/#breadcrumb\",\"itemListElement\":[{\"@type\":\"ListItem\",\"position\":1,\"name\":\"Home\",\"item\":\"https:\\\/\\\/mybody5.ee.mybody.ee\\\/proov\\\/\"},{\"@type\":\"ListItem\",\"position\":2,\"name\":\"Shop\",\"item\":\"https:\\\/\\\/mybody5.ee.mybody.ee\\\/proov\\\/shop\\\/\"},{\"@type\":\"ListItem\",\"position\":3,\"name\":\"ICONFIT MSM Pulber (300g)\"}]},{\"@type\":\"WebSite\",\"@id\":\"https:\\\/\\\/mybody5.ee.mybody.ee\\\/proov\\\/#website\",\"url\":\"https:\\\/\\\/mybody5.ee.mybody.ee\\\/proov\\\/\",\"name\":\"MyBody.ee - Toidulisandid ja sporditarvikud\",\"description\":\"Just another WordPress site\",\"publisher\":{\"@id\":\"https:\\\/\\\/mybody5.ee.mybody.ee\\\/proov\\\/#organization\"},\"potentialAction\":[{\"@type\":\"SearchAction\",\"target\":{\"@type\":\"EntryPoint\",\"urlTemplate\":\"https:\\\/\\\/mybody5.ee.mybody.ee\\\/proov\\\/?s={search_term_string}\"},\"query-input\":{\"@type\":\"PropertyValueSpecification\",\"valueRequired\":true,\"valueName\":\"search_term_string\"}}],\"inLanguage\":\"et\"},{\"@type\":\"Organization\",\"@id\":\"https:\\\/\\\/mybody5.ee.mybody.ee\\\/proov\\\/#organization\",\"name\":\"MyBody.ee\",\"url\":\"https:\\\/\\\/mybody5.ee.mybody.ee\\\/proov\\\/\",\"logo\":{\"@type\":\"ImageObject\",\"inLanguage\":\"et\",\"@id\":\"https:\\\/\\\/mybody5.ee.mybody.ee\\\/proov\\\/#\\\/schema\\\/logo\\\/image\\\/\",\"url\":\"https:\\\/\\\/mybody5.ee.mybody.ee\\\/proov\\\/wp-content\\\/uploads\\\/2023\\\/11\\\/mybody_logo_h65-2.png\",\"contentUrl\":\"https:\\\/\\\/mybody5.ee.mybody.ee\\\/proov\\\/wp-content\\\/uploads\\\/2023\\\/11\\\/mybody_logo_h65-2.png\",\"width\":229,\"height\":65,\"caption\":\"MyBody.ee\"},\"image\":{\"@id\":\"https:\\\/\\\/mybody5.ee.mybody.ee\\\/proov\\\/#\\\/schema\\\/logo\\\/image\\\/\"},\"sameAs\":[\"https:\\\/\\\/facebook.com\\\/MyBody.ee\\\/\"]}]}<\/script>\n<!-- \/ Yoast SEO plugin. -->","yoast_head_json":{"title":"ICONFIT MSM Pulber (300g) MyBody.ee- Toidulisandid ja sporditarvikud","description":"ICONFIT MSM Pulber (300g), liigeste ja luude ning naha, k\u00fc\u00fcnte ja juuste tervise heaoluks","robots":{"index":"index","follow":"follow","max-snippet":"max-snippet:-1","max-image-preview":"max-image-preview:large","max-video-preview":"max-video-preview:-1"},"canonical":"https:\/\/mybody5.ee.mybody.ee\/proov\/product\/iconfit-msm-pulber-300g\/","og_locale":"et_EE","og_type":"article","og_title":"ICONFIT MSM Pulber (300g) MyBody.ee- Toidulisandid ja sporditarvikud","og_description":"ICONFIT MSM Pulber (300g), liigeste ja luude ning naha, k\u00fc\u00fcnte ja juuste tervise heaoluks","og_url":"https:\/\/mybody5.ee.mybody.ee\/proov\/product\/iconfit-msm-pulber-300g\/","og_site_name":"supplero","article_publisher":"https:\/\/facebook.com\/MyBody.ee\/","og_image":[{"url":"https:\/\/iconfit.eu\/wp-content\/uploads\/2019\/05\/knee.jpg","type":"","width":"","height":""}],"twitter_card":"summary_large_image","twitter_misc":{"Est. reading time":"2 minutit"},"schema":{"@context":"https:\/\/schema.org","@graph":[{"@type":"WebPage","@id":"https:\/\/mybody5.ee.mybody.ee\/proov\/product\/iconfit-msm-pulber-300g\/","url":"https:\/\/mybody5.ee.mybody.ee\/proov\/product\/iconfit-msm-pulber-300g\/","name":"ICONFIT MSM Pulber (300g) MyBody.ee- Toidulisandid ja sporditarvikud","isPartOf":{"@id":"https:\/\/mybody5.ee.mybody.ee\/proov\/#website"},"primaryImageOfPage":{"@id":"https:\/\/mybody5.ee.mybody.ee\/proov\/product\/iconfit-msm-pulber-300g\/#primaryimage"},"image":{"@id":"https:\/\/mybody5.ee.mybody.ee\/proov\/product\/iconfit-msm-pulber-300g\/#primaryimage"},"thumbnailUrl":"https:\/\/iconfit.eu\/wp-content\/uploads\/2019\/05\/knee.jpg","datePublished":"2021-03-15T14:11:03+00:00","description":"ICONFIT MSM Pulber (300g), liigeste ja luude ning naha, k\u00fc\u00fcnte ja juuste tervise heaoluks","breadcrumb":{"@id":"https:\/\/mybody5.ee.mybody.ee\/proov\/product\/iconfit-msm-pulber-300g\/#breadcrumb"},"inLanguage":"et","potentialAction":[{"@type":"ReadAction","target":["https:\/\/mybody5.ee.mybody.ee\/proov\/product\/iconfit-msm-pulber-300g\/"]}]},{"@type":"ImageObject","inLanguage":"et","@id":"https:\/\/mybody5.ee.mybody.ee\/proov\/product\/iconfit-msm-pulber-300g\/#primaryimage","url":"https:\/\/iconfit.eu\/wp-content\/uploads\/2019\/05\/knee.jpg","contentUrl":"https:\/\/iconfit.eu\/wp-content\/uploads\/2019\/05\/knee.jpg"},{"@type":"BreadcrumbList","@id":"https:\/\/mybody5.ee.mybody.ee\/proov\/product\/iconfit-msm-pulber-300g\/#breadcrumb","itemListElement":[{"@type":"ListItem","position":1,"name":"Home","item":"https:\/\/mybody5.ee.mybody.ee\/proov\/"},{"@type":"ListItem","position":2,"name":"Shop","item":"https:\/\/mybody5.ee.mybody.ee\/proov\/shop\/"},{"@type":"ListItem","position":3,"name":"ICONFIT MSM Pulber (300g)"}]},{"@type":"WebSite","@id":"https:\/\/mybody5.ee.mybody.ee\/proov\/#website","url":"https:\/\/mybody5.ee.mybody.ee\/proov\/","name":"MyBody.ee - Toidulisandid ja sporditarvikud","description":"Just another WordPress site","publisher":{"@id":"https:\/\/mybody5.ee.mybody.ee\/proov\/#organization"},"potentialAction":[{"@type":"SearchAction","target":{"@type":"EntryPoint","urlTemplate":"https:\/\/mybody5.ee.mybody.ee\/proov\/?s={search_term_string}"},"query-input":{"@type":"PropertyValueSpecification","valueRequired":true,"valueName":"search_term_string"}}],"inLanguage":"et"},{"@type":"Organization","@id":"https:\/\/mybody5.ee.mybody.ee\/proov\/#organization","name":"MyBody.ee","url":"https:\/\/mybody5.ee.mybody.ee\/proov\/","logo":{"@type":"ImageObject","inLanguage":"et","@id":"https:\/\/mybody5.ee.mybody.ee\/proov\/#\/schema\/logo\/image\/","url":"https:\/\/mybody5.ee.mybody.ee\/proov\/wp-content\/uploads\/2023\/11\/mybody_logo_h65-2.png","contentUrl":"https:\/\/mybody5.ee.mybody.ee\/proov\/wp-content\/uploads\/2023\/11\/mybody_logo_h65-2.png","width":229,"height":65,"caption":"MyBody.ee"},"image":{"@id":"https:\/\/mybody5.ee.mybody.ee\/proov\/#\/schema\/logo\/image\/"},"sameAs":["https:\/\/facebook.com\/MyBody.ee\/"]}]}},"_links":{"self":[{"href":"https:\/\/mybody5.ee.mybody.ee\/proov\/wp-json\/wp\/v2\/product\/966","targetHints":{"allow":["GET"]}}],"collection":[{"href":"https:\/\/mybody5.ee.mybody.ee\/proov\/wp-json\/wp\/v2\/product"}],"about":[{"href":"https:\/\/mybody5.ee.mybody.ee\/proov\/wp-json\/wp\/v2\/types\/product"}],"replies":[{"embeddable":true,"href":"https:\/\/mybody5.ee.mybody.ee\/proov\/wp-json\/wp\/v2\/comments?post=966"}],"wp:attachment":[{"href":"https:\/\/mybody5.ee.mybody.ee\/proov\/wp-json\/wp\/v2\/media?parent=966"}],"wp:term":[{"taxonomy":"product_cat","embeddable":true,"href":"https:\/\/mybody5.ee.mybody.ee\/proov\/wp-json\/wp\/v2\/product_cat?post=966"},{"taxonomy":"product_tag","embeddable":true,"href":"https:\/\/mybody5.ee.mybody.ee\/proov\/wp-json\/wp\/v2\/product_tag?post=966"}],"curies":[{"name":"wp","href":"https:\/\/api.w.org\/{rel}","templated":true}]}}