{"id":968,"date":"2021-03-15T15:16:44","date_gmt":"2021-03-15T15:16:44","guid":{"rendered":"https:\/\/mybody5.ee.mybody.ee\/proov\/product\/iconfit-deep-sleep-hea-une-segu-320g\/"},"modified":"2021-03-15T15:16:44","modified_gmt":"2021-03-15T15:16:44","slug":"iconfit-deep-sleep-hea-une-segu-320g","status":"publish","type":"product","link":"https:\/\/mybody5.ee.mybody.ee\/proov\/product\/iconfit-deep-sleep-hea-une-segu-320g\/","title":{"rendered":"ICONFIT Deep Sleep (Hea une segu, 320g)"},"content":{"rendered":"<div style=\"text-align: justify;\">\n<p style=\"margin-bottom: 20px; caret-color: rgb(89, 95, 107); color: rgb(89, 95, 107); font-family: &quot;Open Sans&quot;, Arial, Helvetica, sans-serif; font-size: 14px;\"><span style=\"font-weight: 700;\">ICONFIT Deep Sleep<\/span>&nbsp;on Eestis v\u00e4lja arendatud segu unekvaliteedi parandamiseks. See p\u00f5hineb looduslike kummeli (500mg\/portsjon) ning palderjani (500mg\/portsjon) ekstraktidel mis on uuringutes n\u00e4idanud v\u00e4ga h\u00e4id tulemusi une kvaliteedi parandamisel. Meie igap\u00e4evased elud on tihtipeale stressirohked ning seet\u00f5ttu on eriti t\u00e4htis end \u00f6\u00f6sel korralikult v\u00e4lja puhata. J\u00e4rjest enamatel inimestel on aga \u00f6\u00f6sel raskusi magama j\u00e4\u00e4misega ning kui j\u00e4\u00e4dakse magama siis ei saavutata piisavalt pikaks ajaks s\u00fcgavaimat unefaasi. \u00dcks Deep Sleep jook \u00f5htul 30min enne magamaminekut aitab aga kaasa une kvaliteedi parandamisele.<\/p>\n<p style=\"text-align: start; margin-bottom: 20px; caret-color: rgb(89, 95, 107); color: rgb(89, 95, 107); font-family: &quot;Open Sans&quot;, Arial, Helvetica, sans-serif; font-size: 14px;\"><a href=\"https:\/\/iconfit.eu\/wp-content\/uploads\/2019\/11\/deepsleep3.jpg\" data-caption=\"\" style=\"transition-property: color, background-color, border-color; transition-duration: 0.2s; transition-timing-function: linear; color: rgb(89, 95, 107);\"><img decoding=\"async\" class=\"alignleft wp-image-32414 size-full\" src=\"https:\/\/iconfit.eu\/wp-content\/uploads\/2019\/11\/deepsleep3.jpg\" alt=\"\" width=\"100%\" height=\"\" srcset=\"https:\/\/iconfit.eu\/wp-content\/uploads\/2019\/11\/deepsleep3-200x78.jpg 200w, https:\/\/iconfit.eu\/wp-content\/uploads\/2019\/11\/deepsleep3-300x117.jpg 300w, https:\/\/iconfit.eu\/wp-content\/uploads\/2019\/11\/deepsleep3-400x156.jpg 400w, https:\/\/iconfit.eu\/wp-content\/uploads\/2019\/11\/deepsleep3-500x194.jpg 500w, https:\/\/iconfit.eu\/wp-content\/uploads\/2019\/11\/deepsleep3-600x233.jpg 600w, https:\/\/iconfit.eu\/wp-content\/uploads\/2019\/11\/deepsleep3-768x299.jpg 768w, https:\/\/iconfit.eu\/wp-content\/uploads\/2019\/11\/deepsleep3.jpg 800w\" sizes=\"(max-width: 800px) 100vw, 800px\" style=\"border-style: none; vertical-align: top; max-width: 100%; height: auto; display: inline; float: left; margin-right: 15px;\"><\/a><\/p>\n<p style=\"text-align: start; margin-bottom: 20px; caret-color: rgb(89, 95, 107); color: rgb(89, 95, 107); font-family: &quot;Open Sans&quot;, Arial, Helvetica, sans-serif; font-size: 14px;\">.<\/p>\n<p style=\"text-align: start; margin-bottom: 20px; caret-color: rgb(89, 95, 107); color: rgb(89, 95, 107); font-family: &quot;Open Sans&quot;, Arial, Helvetica, sans-serif; font-size: 14px;\"><span style=\"font-weight: 700;\">Miks on Deep Sleep pulber parem kapslitest?<\/span><\/p>\n<p style=\"margin-bottom: 20px; caret-color: rgb(89, 95, 107); color: rgb(89, 95, 107); font-family: &quot;Open Sans&quot;, Arial, Helvetica, sans-serif; font-size: 14px;\">Deep Sleep pulbersegu on Eestis v\u00e4lja arendatud ja sisaldab piisavas koguses hea une jaoks vajalikke taimseid ekstrakte. Kummeliekstrakti 500mg ja palderjaniekstrakti 500mg = kokku korralik 1000mg! Mujal Eestis ja apteekides pakutavad v\u00e4lismaised kapslid aga sisaldavad enamuses vaid 100mg-300mg ning soovitud hea une jaoks peaks tarbima neid p\u00e4ris mitmeid. Meie hea une segust saab teha maitsva unejoogi ja saavutada parem tulemus.<\/p>\n<p style=\"text-align: start; margin-bottom: 20px; caret-color: rgb(89, 95, 107); color: rgb(89, 95, 107); font-family: &quot;Open Sans&quot;, Arial, Helvetica, sans-serif; font-size: 14px;\"><span style=\"font-weight: 700;\">ICONFIT Deep Sleep kasutamine:<\/span><\/p>\n<p style=\"text-align: start; margin-bottom: 20px; caret-color: rgb(89, 95, 107); color: rgb(89, 95, 107); font-family: &quot;Open Sans&quot;, Arial, Helvetica, sans-serif; font-size: 14px;\">\u00d5htul 30-60min enne magamaminekut vala tassi u. 150ml leiget v\u00f5i sooja (soojem vesi aitab paremini lahustuda kuid v\u00f5id kasutada ka jaheda veega) vett. Lisa 16g (<span style=\"font-weight: 700;\">2<\/span>&nbsp;servani m\u00f5\u00f5dulusikat, purgis kaasas) Deep Sleep segu tassi ning sega kuni \u00fchtlase lahustumiseni ja naudi.<\/p>\n<p style=\"text-align: start; margin-bottom: 20px; caret-color: rgb(89, 95, 107); color: rgb(89, 95, 107); font-family: &quot;Open Sans&quot;, Arial, Helvetica, sans-serif; font-size: 14px;\"><span style=\"font-weight: 700;\">Koostisosad:<\/span><\/p>\n<p style=\"text-align: start; margin-bottom: 20px; caret-color: rgb(89, 95, 107); color: rgb(89, 95, 107); font-family: &quot;Open Sans&quot;, Arial, Helvetica, sans-serif; font-size: 14px;\">Inuliin (kiudaine sigurijuurest), kummeliekstrakt (500mg\/portsjon), palderjaniekstrakt (500mg\/portsjon), maitse- ja l\u00f5hnaaine, sidrunhape.<\/p>\n<p style=\"text-align: start; margin-bottom: 20px; caret-color: rgb(89, 95, 107); color: rgb(89, 95, 107); font-family: &quot;Open Sans&quot;, Arial, Helvetica, sans-serif; font-size: 14px;\"><img decoding=\"async\" src=\"https:\/\/mybody.ee\/image\/catalog\/IconFit\/Screen Shot 2021-03-15 at 15.19.23.png\" style=\"width: 526px;\"><\/p>\n<\/div>\n<p style=\"padding: 0px 0px 5.5px; margin-left: 0px;\">\n<ul><\/ul>\n<\/p>\n<p style=\"margin-left: 33.6px;\"><span style=\"caret-color: rgb(89, 95, 107); color: rgb(0, 0, 0); font-family: arial, helvetica, sans-serif; font-size: 12px; text-align: justify;\">Oled oodatud tasuta konsultatsioonile MYBODY Audentese kauplusesse,<\/span><\/p>\n<ul>\n<ul class=\"fusion-checklist fusion-checklist-4\" style=\"list-style-type: none; padding: 0px; margin-top: 10px; margin-right: 0px; margin-left: 0px; line-height: 23.8px;\">\n<li class=\"fusion-li-item\" style=\"padding: 0px 0px 5.5px; margin-left: 0px;\"><\/li>\n<\/ul>\n<li style=\"text-align: justify;\"><span style=\"font-size: 12px;\"><span style=\"font-family: arial, helvetica, sans-serif;\">Asukoht: Audentese Spordikeskus, Tondi 84.<\/span><\/span><\/li>\n<li style=\"text-align: justify;\"><span style=\"font-size: 12px;\"><span style=\"font-family: arial, helvetica, sans-serif;\">Telefon EST\/RUS\/ENG +372&nbsp;523 1960<\/span><\/span><\/li>\n<li style=\"text-align: justify;\"><span style=\"font-size: 12px;\"><span style=\"font-family: arial, helvetica, sans-serif;\">Telefon EST\/ENG +372 56&nbsp;458&nbsp;688<\/span><\/span><\/li>\n<li style=\"text-align: justify;\"><span style=\"font-size: 12px;\"><span style=\"font-family: arial, helvetica, sans-serif;\"><a href=\"mailto:info@mybody.ee\">info@mybody.ee<\/a><\/span><\/span><\/li>\n<li style=\"text-align: justify;\"><span style=\"font-size: 12px;\"><span style=\"font-family: arial, helvetica, sans-serif;\"><a href=\"http:\/\/www.facebook.com\/mybody.ee\">www.facebook.com\/mybody.ee<\/a><\/span><\/span><\/li>\n<\/ul>\n","protected":false},"excerpt":{"rendered":"<p>ICONFIT Deep Sleep&nbsp;on Eestis v\u00e4lja arendatud segu unekvaliteedi parandamiseks. See p\u00f5hineb looduslike kummeli (500mg\/portsjon) ning palderjani (500mg\/portsjon) ekstraktidel mis on uuringutes n\u00e4idanud v\u00e4ga h\u00e4id tulemusi une kvaliteedi parandamisel. Meie igap\u00e4evased elud on tihtipeale stressirohked ning seet\u00f5ttu on eriti t\u00e4htis end \u00f6\u00f6sel korralikult v\u00e4lja puhata. J\u00e4rjest enamatel inimestel on aga \u00f6\u00f6sel raskusi magama j\u00e4\u00e4misega ning kui [&hellip;]<\/p>\n","protected":false},"featured_media":0,"comment_status":"open","ping_status":"closed","template":"","meta":{"inline_featured_image":false},"product_cat":[25],"product_tag":[],"class_list":{"0":"post-968","1":"product","2":"type-product","3":"status-publish","5":"product_cat-naturaalsed-toidulisandid","7":"first","8":"instock","9":"shipping-taxable","10":"purchasable","11":"product-type-simple"},"yoast_head":"<!-- This site is optimized with the Yoast SEO plugin v27.3 - https:\/\/yoast.com\/product\/yoast-seo-wordpress\/ -->\n<title>ICONFIT Spirulina Pulber (250g) MyBody.ee - Toidulisandid ja sporditarvikud<\/title>\n<meta name=\"description\" content=\"Deep sleep- segu unekvaliteedi parandamiseks\" \/>\n<meta name=\"robots\" content=\"index, follow, max-snippet:-1, max-image-preview:large, max-video-preview:-1\" \/>\n<link rel=\"canonical\" href=\"https:\/\/mybody5.ee.mybody.ee\/proov\/product\/iconfit-deep-sleep-hea-une-segu-320g\/\" \/>\n<meta property=\"og:locale\" content=\"et_EE\" \/>\n<meta property=\"og:type\" content=\"article\" \/>\n<meta property=\"og:title\" content=\"ICONFIT Spirulina Pulber (250g) MyBody.ee - Toidulisandid ja sporditarvikud\" \/>\n<meta property=\"og:description\" content=\"Deep sleep- segu unekvaliteedi parandamiseks\" \/>\n<meta property=\"og:url\" content=\"https:\/\/mybody5.ee.mybody.ee\/proov\/product\/iconfit-deep-sleep-hea-une-segu-320g\/\" \/>\n<meta property=\"og:site_name\" content=\"supplero\" \/>\n<meta property=\"article:publisher\" content=\"https:\/\/facebook.com\/MyBody.ee\/\" \/>\n<meta property=\"og:image\" content=\"https:\/\/iconfit.eu\/wp-content\/uploads\/2019\/11\/deepsleep3.jpg\" \/>\n<meta name=\"twitter:card\" content=\"summary_large_image\" \/>\n<meta name=\"twitter:label1\" content=\"Est. reading time\" \/>\n\t<meta name=\"twitter:data1\" content=\"1 minut\" \/>\n<script type=\"application\/ld+json\" class=\"yoast-schema-graph\">{\"@context\":\"https:\\\/\\\/schema.org\",\"@graph\":[{\"@type\":\"WebPage\",\"@id\":\"https:\\\/\\\/mybody5.ee.mybody.ee\\\/proov\\\/product\\\/iconfit-deep-sleep-hea-une-segu-320g\\\/\",\"url\":\"https:\\\/\\\/mybody5.ee.mybody.ee\\\/proov\\\/product\\\/iconfit-deep-sleep-hea-une-segu-320g\\\/\",\"name\":\"ICONFIT Spirulina Pulber (250g) MyBody.ee - Toidulisandid ja sporditarvikud\",\"isPartOf\":{\"@id\":\"https:\\\/\\\/mybody5.ee.mybody.ee\\\/proov\\\/#website\"},\"primaryImageOfPage\":{\"@id\":\"https:\\\/\\\/mybody5.ee.mybody.ee\\\/proov\\\/product\\\/iconfit-deep-sleep-hea-une-segu-320g\\\/#primaryimage\"},\"image\":{\"@id\":\"https:\\\/\\\/mybody5.ee.mybody.ee\\\/proov\\\/product\\\/iconfit-deep-sleep-hea-une-segu-320g\\\/#primaryimage\"},\"thumbnailUrl\":\"https:\\\/\\\/iconfit.eu\\\/wp-content\\\/uploads\\\/2019\\\/11\\\/deepsleep3.jpg\",\"datePublished\":\"2021-03-15T15:16:44+00:00\",\"description\":\"Deep sleep- segu unekvaliteedi parandamiseks\",\"breadcrumb\":{\"@id\":\"https:\\\/\\\/mybody5.ee.mybody.ee\\\/proov\\\/product\\\/iconfit-deep-sleep-hea-une-segu-320g\\\/#breadcrumb\"},\"inLanguage\":\"et\",\"potentialAction\":[{\"@type\":\"ReadAction\",\"target\":[\"https:\\\/\\\/mybody5.ee.mybody.ee\\\/proov\\\/product\\\/iconfit-deep-sleep-hea-une-segu-320g\\\/\"]}]},{\"@type\":\"ImageObject\",\"inLanguage\":\"et\",\"@id\":\"https:\\\/\\\/mybody5.ee.mybody.ee\\\/proov\\\/product\\\/iconfit-deep-sleep-hea-une-segu-320g\\\/#primaryimage\",\"url\":\"https:\\\/\\\/iconfit.eu\\\/wp-content\\\/uploads\\\/2019\\\/11\\\/deepsleep3.jpg\",\"contentUrl\":\"https:\\\/\\\/iconfit.eu\\\/wp-content\\\/uploads\\\/2019\\\/11\\\/deepsleep3.jpg\"},{\"@type\":\"BreadcrumbList\",\"@id\":\"https:\\\/\\\/mybody5.ee.mybody.ee\\\/proov\\\/product\\\/iconfit-deep-sleep-hea-une-segu-320g\\\/#breadcrumb\",\"itemListElement\":[{\"@type\":\"ListItem\",\"position\":1,\"name\":\"Home\",\"item\":\"https:\\\/\\\/mybody5.ee.mybody.ee\\\/proov\\\/\"},{\"@type\":\"ListItem\",\"position\":2,\"name\":\"Shop\",\"item\":\"https:\\\/\\\/mybody5.ee.mybody.ee\\\/proov\\\/shop\\\/\"},{\"@type\":\"ListItem\",\"position\":3,\"name\":\"ICONFIT Deep Sleep (Hea une segu, 320g)\"}]},{\"@type\":\"WebSite\",\"@id\":\"https:\\\/\\\/mybody5.ee.mybody.ee\\\/proov\\\/#website\",\"url\":\"https:\\\/\\\/mybody5.ee.mybody.ee\\\/proov\\\/\",\"name\":\"MyBody.ee - Toidulisandid ja sporditarvikud\",\"description\":\"Just another WordPress site\",\"publisher\":{\"@id\":\"https:\\\/\\\/mybody5.ee.mybody.ee\\\/proov\\\/#organization\"},\"potentialAction\":[{\"@type\":\"SearchAction\",\"target\":{\"@type\":\"EntryPoint\",\"urlTemplate\":\"https:\\\/\\\/mybody5.ee.mybody.ee\\\/proov\\\/?s={search_term_string}\"},\"query-input\":{\"@type\":\"PropertyValueSpecification\",\"valueRequired\":true,\"valueName\":\"search_term_string\"}}],\"inLanguage\":\"et\"},{\"@type\":\"Organization\",\"@id\":\"https:\\\/\\\/mybody5.ee.mybody.ee\\\/proov\\\/#organization\",\"name\":\"MyBody.ee\",\"url\":\"https:\\\/\\\/mybody5.ee.mybody.ee\\\/proov\\\/\",\"logo\":{\"@type\":\"ImageObject\",\"inLanguage\":\"et\",\"@id\":\"https:\\\/\\\/mybody5.ee.mybody.ee\\\/proov\\\/#\\\/schema\\\/logo\\\/image\\\/\",\"url\":\"https:\\\/\\\/mybody5.ee.mybody.ee\\\/proov\\\/wp-content\\\/uploads\\\/2023\\\/11\\\/mybody_logo_h65-2.png\",\"contentUrl\":\"https:\\\/\\\/mybody5.ee.mybody.ee\\\/proov\\\/wp-content\\\/uploads\\\/2023\\\/11\\\/mybody_logo_h65-2.png\",\"width\":229,\"height\":65,\"caption\":\"MyBody.ee\"},\"image\":{\"@id\":\"https:\\\/\\\/mybody5.ee.mybody.ee\\\/proov\\\/#\\\/schema\\\/logo\\\/image\\\/\"},\"sameAs\":[\"https:\\\/\\\/facebook.com\\\/MyBody.ee\\\/\"]}]}<\/script>\n<!-- \/ Yoast SEO plugin. -->","yoast_head_json":{"title":"ICONFIT Spirulina Pulber (250g) MyBody.ee - Toidulisandid ja sporditarvikud","description":"Deep sleep- segu unekvaliteedi parandamiseks","robots":{"index":"index","follow":"follow","max-snippet":"max-snippet:-1","max-image-preview":"max-image-preview:large","max-video-preview":"max-video-preview:-1"},"canonical":"https:\/\/mybody5.ee.mybody.ee\/proov\/product\/iconfit-deep-sleep-hea-une-segu-320g\/","og_locale":"et_EE","og_type":"article","og_title":"ICONFIT Spirulina Pulber (250g) MyBody.ee - Toidulisandid ja sporditarvikud","og_description":"Deep sleep- segu unekvaliteedi parandamiseks","og_url":"https:\/\/mybody5.ee.mybody.ee\/proov\/product\/iconfit-deep-sleep-hea-une-segu-320g\/","og_site_name":"supplero","article_publisher":"https:\/\/facebook.com\/MyBody.ee\/","og_image":[{"url":"https:\/\/iconfit.eu\/wp-content\/uploads\/2019\/11\/deepsleep3.jpg","type":"","width":"","height":""}],"twitter_card":"summary_large_image","twitter_misc":{"Est. reading time":"1 minut"},"schema":{"@context":"https:\/\/schema.org","@graph":[{"@type":"WebPage","@id":"https:\/\/mybody5.ee.mybody.ee\/proov\/product\/iconfit-deep-sleep-hea-une-segu-320g\/","url":"https:\/\/mybody5.ee.mybody.ee\/proov\/product\/iconfit-deep-sleep-hea-une-segu-320g\/","name":"ICONFIT Spirulina Pulber (250g) MyBody.ee - Toidulisandid ja sporditarvikud","isPartOf":{"@id":"https:\/\/mybody5.ee.mybody.ee\/proov\/#website"},"primaryImageOfPage":{"@id":"https:\/\/mybody5.ee.mybody.ee\/proov\/product\/iconfit-deep-sleep-hea-une-segu-320g\/#primaryimage"},"image":{"@id":"https:\/\/mybody5.ee.mybody.ee\/proov\/product\/iconfit-deep-sleep-hea-une-segu-320g\/#primaryimage"},"thumbnailUrl":"https:\/\/iconfit.eu\/wp-content\/uploads\/2019\/11\/deepsleep3.jpg","datePublished":"2021-03-15T15:16:44+00:00","description":"Deep sleep- segu unekvaliteedi parandamiseks","breadcrumb":{"@id":"https:\/\/mybody5.ee.mybody.ee\/proov\/product\/iconfit-deep-sleep-hea-une-segu-320g\/#breadcrumb"},"inLanguage":"et","potentialAction":[{"@type":"ReadAction","target":["https:\/\/mybody5.ee.mybody.ee\/proov\/product\/iconfit-deep-sleep-hea-une-segu-320g\/"]}]},{"@type":"ImageObject","inLanguage":"et","@id":"https:\/\/mybody5.ee.mybody.ee\/proov\/product\/iconfit-deep-sleep-hea-une-segu-320g\/#primaryimage","url":"https:\/\/iconfit.eu\/wp-content\/uploads\/2019\/11\/deepsleep3.jpg","contentUrl":"https:\/\/iconfit.eu\/wp-content\/uploads\/2019\/11\/deepsleep3.jpg"},{"@type":"BreadcrumbList","@id":"https:\/\/mybody5.ee.mybody.ee\/proov\/product\/iconfit-deep-sleep-hea-une-segu-320g\/#breadcrumb","itemListElement":[{"@type":"ListItem","position":1,"name":"Home","item":"https:\/\/mybody5.ee.mybody.ee\/proov\/"},{"@type":"ListItem","position":2,"name":"Shop","item":"https:\/\/mybody5.ee.mybody.ee\/proov\/shop\/"},{"@type":"ListItem","position":3,"name":"ICONFIT Deep Sleep (Hea une segu, 320g)"}]},{"@type":"WebSite","@id":"https:\/\/mybody5.ee.mybody.ee\/proov\/#website","url":"https:\/\/mybody5.ee.mybody.ee\/proov\/","name":"MyBody.ee - Toidulisandid ja sporditarvikud","description":"Just another WordPress site","publisher":{"@id":"https:\/\/mybody5.ee.mybody.ee\/proov\/#organization"},"potentialAction":[{"@type":"SearchAction","target":{"@type":"EntryPoint","urlTemplate":"https:\/\/mybody5.ee.mybody.ee\/proov\/?s={search_term_string}"},"query-input":{"@type":"PropertyValueSpecification","valueRequired":true,"valueName":"search_term_string"}}],"inLanguage":"et"},{"@type":"Organization","@id":"https:\/\/mybody5.ee.mybody.ee\/proov\/#organization","name":"MyBody.ee","url":"https:\/\/mybody5.ee.mybody.ee\/proov\/","logo":{"@type":"ImageObject","inLanguage":"et","@id":"https:\/\/mybody5.ee.mybody.ee\/proov\/#\/schema\/logo\/image\/","url":"https:\/\/mybody5.ee.mybody.ee\/proov\/wp-content\/uploads\/2023\/11\/mybody_logo_h65-2.png","contentUrl":"https:\/\/mybody5.ee.mybody.ee\/proov\/wp-content\/uploads\/2023\/11\/mybody_logo_h65-2.png","width":229,"height":65,"caption":"MyBody.ee"},"image":{"@id":"https:\/\/mybody5.ee.mybody.ee\/proov\/#\/schema\/logo\/image\/"},"sameAs":["https:\/\/facebook.com\/MyBody.ee\/"]}]}},"_links":{"self":[{"href":"https:\/\/mybody5.ee.mybody.ee\/proov\/wp-json\/wp\/v2\/product\/968","targetHints":{"allow":["GET"]}}],"collection":[{"href":"https:\/\/mybody5.ee.mybody.ee\/proov\/wp-json\/wp\/v2\/product"}],"about":[{"href":"https:\/\/mybody5.ee.mybody.ee\/proov\/wp-json\/wp\/v2\/types\/product"}],"replies":[{"embeddable":true,"href":"https:\/\/mybody5.ee.mybody.ee\/proov\/wp-json\/wp\/v2\/comments?post=968"}],"wp:attachment":[{"href":"https:\/\/mybody5.ee.mybody.ee\/proov\/wp-json\/wp\/v2\/media?parent=968"}],"wp:term":[{"taxonomy":"product_cat","embeddable":true,"href":"https:\/\/mybody5.ee.mybody.ee\/proov\/wp-json\/wp\/v2\/product_cat?post=968"},{"taxonomy":"product_tag","embeddable":true,"href":"https:\/\/mybody5.ee.mybody.ee\/proov\/wp-json\/wp\/v2\/product_tag?post=968"}],"curies":[{"name":"wp","href":"https:\/\/api.w.org\/{rel}","templated":true}]}}