{"id":970,"date":"2021-03-16T10:15:51","date_gmt":"2021-03-16T10:15:51","guid":{"rendered":"https:\/\/mybody5.ee.mybody.ee\/proov\/product\/foolhape-bioaktiivne-90-kapslit-ecosh\/"},"modified":"2021-03-16T10:15:51","modified_gmt":"2021-03-16T10:15:51","slug":"foolhape-bioaktiivne-90-kapslit-ecosh","status":"publish","type":"product","link":"https:\/\/mybody5.ee.mybody.ee\/proov\/product\/foolhape-bioaktiivne-90-kapslit-ecosh\/","title":{"rendered":"FOOLHAPE- bioaktiivne 90 kapslit- Ecosh"},"content":{"rendered":"<p><strong><font face=\"Arial\"><span style=\"font-size: 12px;\"><span style=\"font-size: 18px;\">Ecosh FOOLHAPE<\/span>&nbsp;<\/span><\/font><\/strong><\/p>\n<p style=\"font-size: 16px; margin-bottom: 20px; padding: 0px; border: 0px; outline: 0px; font-stretch: inherit; line-height: inherit; vertical-align: baseline; caret-color: rgb(34, 34, 34); color: rgb(34, 34, 34);\"><font face=\"Arial\"><span style=\"font-size: 12px;\">B-vitamiinide r\u00fchma kuuluv foolhape toimib s\u00fcnergias teiste B-vitamiinidega eriti koos B12-vitamiiniga. Kuigi foolhapet leidub paljudes toiduainetes, kaob see kehast kergesti. M\u00f5nedes allikates peetakse foolhapet ka aju vitamiiniks.<\/span><\/font><\/p>\n<p style=\"font-size: 16px; margin-bottom: 20px; padding: 0px; border: 0px; outline: 0px; font-stretch: inherit; line-height: inherit; vertical-align: baseline; caret-color: rgb(34, 34, 34); color: rgb(34, 34, 34);\"><font face=\"Arial\"><span style=\"font-size: 12px;\">Bioaktiivne foolhape aitab kaasa:<\/span><\/font><\/p>\n<ul style=\"font-size: 16px; margin: 20px 0px 0px 20px; padding: 0px; border: 0px; outline: 0px; font-stretch: inherit; line-height: inherit; vertical-align: baseline; list-style-position: initial; list-style-image: initial; caret-color: rgb(34, 34, 34); color: rgb(34, 34, 34);\">\n<li style=\"margin: 0px; padding: 0px; border: 0px; outline: 0px; font-variant-caps: inherit; font-stretch: inherit; line-height: inherit; vertical-align: baseline; font-style: inherit;\"><font face=\"Arial\"><span style=\"font-size: 12px;\">normaalsele vereloomele,<\/span><\/font><\/li>\n<li style=\"margin: 0px; padding: 0px; border: 0px; outline: 0px; font-variant-caps: inherit; font-stretch: inherit; line-height: inherit; vertical-align: baseline; font-style: inherit;\"><font face=\"Arial\"><span style=\"font-size: 12px;\">homots\u00fcsteiini normaalsele ainevahetusele,<\/span><\/font><\/li>\n<li style=\"margin: 0px; padding: 0px; border: 0px; outline: 0px; font-variant-caps: inherit; font-stretch: inherit; line-height: inherit; vertical-align: baseline; font-style: inherit;\"><font face=\"Arial\"><span style=\"font-size: 12px;\">ps\u00fchholoogilistele funktsioonidele,<\/span><\/font><\/li>\n<li style=\"margin: 0px; padding: 0px; border: 0px; outline: 0px; font-variant-caps: inherit; font-stretch: inherit; line-height: inherit; vertical-align: baseline; font-style: inherit;\"><font face=\"Arial\"><span style=\"font-size: 12px;\">immuuns\u00fcsteemi normaalsele talitusele<\/span><\/font><\/li>\n<li style=\"margin: 0px; padding: 0px; border: 0px; outline: 0px; font-variant-caps: inherit; font-stretch: inherit; line-height: inherit; vertical-align: baseline; font-style: inherit;\"><font face=\"Arial\"><span style=\"font-size: 12px;\">v\u00e4simuse ja kurnatuse v\u00e4hendamisele.<\/span><\/font><\/li>\n<\/ul>\n<p><\/p>\n<p><span style=\"color: inherit; font-size: 18px;\"><font face=\"Arial\">Kasutamine<\/font><\/span><\/p>\n<p>  <font face=\"Arial\"><span style=\"font-size: 12px; caret-color: rgb(34, 34, 34); color: rgb(34, 34, 34);\">Soovituslik p\u00e4evane annus on 1 kapsel peamise s\u00f6\u00f6gikorra ajal v\u00f5i&nbsp; vastavalt terapeudi ja arsti soovitusele.<\/span><br style=\"font-size: 16px; caret-color: rgb(34, 34, 34); color: rgb(34, 34, 34);\"><span style=\"font-size: 12px; caret-color: rgb(34, 34, 34); color: rgb(34, 34, 34);\">Soovitatud annust mitte \u00fcletada. Mitte kasutada toidulisandit mitmekesise toitumise asendajana. Oluline on toituda mitmek\u00fclgselt ja tasakaalustatult ning harrastada tervislikku elustiili.<\/span><br style=\"font-size: 16px; caret-color: rgb(34, 34, 34); color: rgb(34, 34, 34);\"><\/font><\/p>\n<p><span style=\"caret-color: rgb(34, 34, 34); color: rgb(34, 34, 34); font-size: 12px;\"><font face=\"Arial\">Hoida lastele k\u00e4ttesaamatus kohas.&nbsp;<\/font><\/span><\/p>\n<p><span style=\"caret-color: rgb(34, 34, 34); color: rgb(34, 34, 34); font-family: Lato, sans-serif; font-size: 16px;\"><br \/><\/span><span style=\"color: inherit; font-size: 18px;\"><font face=\"Arial\">Kellele sobib?<\/font><\/span><\/p>\n<p><span style=\"caret-color: rgb(34, 34, 34); color: rgb(34, 34, 34); font-size: 12px;\"><font face=\"Arial\">Foolhappevaeguse ohus on rohkem rasedad, vanemad inimesed, alkoholi liigtarvitajad ja erinevate terviseh\u00e4irete, kurnatuse ja v\u00e4simuse all kannatavad inimesed.<\/font><\/span><\/p>\n<p><font face=\"Arial\"><span style=\"color: inherit; font-size: 23px;\"><span style=\"font-size: 18px;\">Pakend:<\/span>&nbsp;<span style=\"font-size: 12px;\">90<\/span><\/span><span style=\"color: inherit; font-size: 12px;\">&nbsp;kapslit<\/span><\/font><\/p>\n<table border=\"1\" cellpadding=\"1\" cellspacing=\"1\" style=\"background-color: rgb(255, 255, 255); height: 150px; width: 438px;\">\n<tbody>\n<tr>\n<td><b>FOOLHAPE- ecosh<\/b><\/td>\n<td><strong>1 kapsel<\/strong><\/td>\n<td><strong>% RDA<\/strong><\/td>\n<\/tr>\n<tr>\n<td><font face=\"Arial\"><span style=\"font-size: 12px; caret-color: rgb(34, 34, 34); color: rgb(34, 34, 34);\">Foolhape (<\/span><span style=\"font-size: 12px; margin: 0px; padding: 0px; border: 0px; outline: 0px; font-stretch: inherit; line-height: inherit; vertical-align: baseline; font-style: italic; caret-color: rgb(34, 34, 34); color: rgb(34, 34, 34);\">kaltsium-L-met\u00fc\u00fclfolaat<\/span><span style=\"font-size: 12px; margin: 0px; padding: 0px; border: 0px; outline: 0px; font-stretch: inherit; line-height: inherit; vertical-align: baseline; caret-color: rgb(34, 34, 34); color: rgb(34, 34, 34);\">)<\/span><\/font><\/td>\n<td><span style=\"font-size: 12px; caret-color: rgb(34, 34, 34); color: rgb(34, 34, 34);\"><font face=\"Arial\">800 \u00b5g<\/font><\/span><\/td>\n<td><font face=\"Arial\"><span style=\"font-size: 12px;\">400%<\/span><\/font><\/td>\n<\/tr>\n<\/tbody>\n<\/table>\n<p><\/p>\n<p style=\"font-size: 16px; margin-bottom: 20px; padding: 0px; border: 0px; outline: 0px; font-stretch: inherit; line-height: inherit; vertical-align: baseline; caret-color: rgb(34, 34, 34); color: rgb(34, 34, 34);\"><font face=\"Arial\"><span style=\"margin: 0px; padding: 0px; border: 0px; outline: 0px; font-variant-caps: inherit; font-stretch: inherit; line-height: inherit; vertical-align: baseline; font-style: inherit; font-weight: 600; font-size: 12px;\">KOOSTISOSAD:&nbsp;<\/span><span style=\"font-size: 12px;\">r<\/span><span style=\"margin: 0px; padding: 0px; border: 0px; outline: 0px; font-variant-caps: inherit; font-stretch: inherit; line-height: inherit; vertical-align: baseline; font-style: inherit;\"><span style=\"font-size: 12px;\">iisijahu (<\/span><span style=\"margin: 0px; padding: 0px; border: 0px; outline: 0px; font-variant-caps: inherit; font-stretch: inherit; line-height: inherit; vertical-align: baseline; font-style: italic; font-size: 12px;\">mahuaine<\/span><span style=\"font-size: 12px;\">), foolhape (<\/span><\/span><span style=\"margin: 0px; padding: 0px; border: 0px; outline: 0px; font-variant-caps: inherit; font-stretch: inherit; line-height: inherit; vertical-align: baseline; font-style: italic; font-size: 12px;\">kaltsium-L-met\u00fc\u00fclfolaat<\/span><span style=\"margin: 0px; padding: 0px; border: 0px; outline: 0px; font-variant-caps: inherit; font-stretch: inherit; line-height: inherit; vertical-align: baseline; font-style: inherit;\"><span style=\"font-size: 12px;\">),&nbsp; taimne kapsel (<\/span><span style=\"margin: 0px; padding: 0px; border: 0px; outline: 0px; font-variant-caps: inherit; font-stretch: inherit; line-height: inherit; vertical-align: baseline; font-style: italic; font-size: 12px;\">glaseeraine pullulaan<\/span><span style=\"font-size: 12px;\">).<\/span><\/span><\/font><\/p>\n<ul>\n<p><br class=\"Apple-interchange-newline\" style=\"font-family: -webkit-standard;\"><\/p>\n<li>Oled oodatud tasuta konsultatsioonile MYBODY Audentese kauplusesse,<\/li>\n<li>Asukoht: Audentese Spordikeskus, Tondi 84.<\/li>\n<li>Telefon EST\/RUS\/ENG +372&nbsp;523 1960<\/li>\n<li>Telefon EST\/ENG +372 56&nbsp;458&nbsp;688<\/li>\n<li><a href=\"mailto:info@mybody.ee\">info@mybody.ee<\/a><\/li>\n<li><a href=\"http:\/\/www.facebook.com\/mybody.ee\">www.facebook.com\/mybody.ee<\/a><\/li>\n<\/ul>\n","protected":false},"excerpt":{"rendered":"<p>Ecosh FOOLHAPE&nbsp; B-vitamiinide r\u00fchma kuuluv foolhape toimib s\u00fcnergias teiste B-vitamiinidega eriti koos B12-vitamiiniga. Kuigi foolhapet leidub paljudes toiduainetes, kaob see kehast kergesti. M\u00f5nedes allikates peetakse foolhapet ka aju vitamiiniks. Bioaktiivne foolhape aitab kaasa: normaalsele vereloomele, homots\u00fcsteiini normaalsele ainevahetusele, ps\u00fchholoogilistele funktsioonidele, immuuns\u00fcsteemi normaalsele talitusele v\u00e4simuse ja kurnatuse v\u00e4hendamisele. Kasutamine Soovituslik p\u00e4evane annus on 1 kapsel peamise [&hellip;]<\/p>\n","protected":false},"featured_media":0,"comment_status":"open","ping_status":"closed","template":"","meta":{"inline_featured_image":false},"product_cat":[31,50,32],"product_tag":[],"class_list":{"0":"post-970","1":"product","2":"type-product","3":"status-publish","5":"product_cat-vegan","6":"product_cat-vitamiinid-ja-mineraalid","7":"product_cat-mikroelemendid","8":"pa_kogustablettikapslit-90tk","9":"pa_kunakasutada-uldiselttugevdav","10":"pa_vorm-tablettkapsel","12":"first","13":"instock","14":"shipping-taxable","15":"purchasable","16":"product-type-simple"},"yoast_head":"<!-- This site is optimized with the Yoast SEO plugin v27.3 - https:\/\/yoast.com\/product\/yoast-seo-wordpress\/ -->\n<title>Foolhape- bioaktiivne 90 kapslit - MyBody.ee - Toidulisandid ja sporditarvikud<\/title>\n<meta name=\"description\" content=\"B-vitamiinide r\u00fchma kuuluv foolhape toimib s\u00fcnergias teiste B-vitamiinidega\" \/>\n<meta name=\"robots\" content=\"index, follow, max-snippet:-1, max-image-preview:large, max-video-preview:-1\" \/>\n<link rel=\"canonical\" href=\"https:\/\/mybody5.ee.mybody.ee\/proov\/product\/foolhape-bioaktiivne-90-kapslit-ecosh\/\" \/>\n<meta property=\"og:locale\" content=\"et_EE\" \/>\n<meta property=\"og:type\" content=\"article\" \/>\n<meta property=\"og:title\" content=\"Foolhape- bioaktiivne 90 kapslit - MyBody.ee - Toidulisandid ja sporditarvikud\" \/>\n<meta property=\"og:description\" content=\"B-vitamiinide r\u00fchma kuuluv foolhape toimib s\u00fcnergias teiste B-vitamiinidega\" \/>\n<meta property=\"og:url\" content=\"https:\/\/mybody5.ee.mybody.ee\/proov\/product\/foolhape-bioaktiivne-90-kapslit-ecosh\/\" \/>\n<meta property=\"og:site_name\" content=\"supplero\" \/>\n<meta property=\"article:publisher\" content=\"https:\/\/facebook.com\/MyBody.ee\/\" \/>\n<meta property=\"og:image\" content=\"https:\/\/mybody5.ee.mybody.ee\/proov\/wp-content\/uploads\/2023\/11\/mybody_logo_h65.png\" \/>\n\t<meta property=\"og:image:width\" content=\"229\" \/>\n\t<meta property=\"og:image:height\" content=\"65\" \/>\n\t<meta property=\"og:image:type\" content=\"image\/png\" \/>\n<meta name=\"twitter:card\" content=\"summary_large_image\" \/>\n<meta name=\"twitter:label1\" content=\"Est. reading time\" \/>\n\t<meta name=\"twitter:data1\" content=\"1 minut\" \/>\n<script type=\"application\/ld+json\" class=\"yoast-schema-graph\">{\"@context\":\"https:\\\/\\\/schema.org\",\"@graph\":[{\"@type\":\"WebPage\",\"@id\":\"https:\\\/\\\/mybody5.ee.mybody.ee\\\/proov\\\/product\\\/foolhape-bioaktiivne-90-kapslit-ecosh\\\/\",\"url\":\"https:\\\/\\\/mybody5.ee.mybody.ee\\\/proov\\\/product\\\/foolhape-bioaktiivne-90-kapslit-ecosh\\\/\",\"name\":\"Foolhape- bioaktiivne 90 kapslit - MyBody.ee - Toidulisandid ja sporditarvikud\",\"isPartOf\":{\"@id\":\"https:\\\/\\\/mybody5.ee.mybody.ee\\\/proov\\\/#website\"},\"datePublished\":\"2021-03-16T10:15:51+00:00\",\"description\":\"B-vitamiinide r\u00fchma kuuluv foolhape toimib s\u00fcnergias teiste B-vitamiinidega\",\"breadcrumb\":{\"@id\":\"https:\\\/\\\/mybody5.ee.mybody.ee\\\/proov\\\/product\\\/foolhape-bioaktiivne-90-kapslit-ecosh\\\/#breadcrumb\"},\"inLanguage\":\"et\",\"potentialAction\":[{\"@type\":\"ReadAction\",\"target\":[\"https:\\\/\\\/mybody5.ee.mybody.ee\\\/proov\\\/product\\\/foolhape-bioaktiivne-90-kapslit-ecosh\\\/\"]}]},{\"@type\":\"BreadcrumbList\",\"@id\":\"https:\\\/\\\/mybody5.ee.mybody.ee\\\/proov\\\/product\\\/foolhape-bioaktiivne-90-kapslit-ecosh\\\/#breadcrumb\",\"itemListElement\":[{\"@type\":\"ListItem\",\"position\":1,\"name\":\"Home\",\"item\":\"https:\\\/\\\/mybody5.ee.mybody.ee\\\/proov\\\/\"},{\"@type\":\"ListItem\",\"position\":2,\"name\":\"Shop\",\"item\":\"https:\\\/\\\/mybody5.ee.mybody.ee\\\/proov\\\/shop\\\/\"},{\"@type\":\"ListItem\",\"position\":3,\"name\":\"FOOLHAPE- bioaktiivne 90 kapslit- Ecosh\"}]},{\"@type\":\"WebSite\",\"@id\":\"https:\\\/\\\/mybody5.ee.mybody.ee\\\/proov\\\/#website\",\"url\":\"https:\\\/\\\/mybody5.ee.mybody.ee\\\/proov\\\/\",\"name\":\"MyBody.ee - Toidulisandid ja sporditarvikud\",\"description\":\"Just another WordPress site\",\"publisher\":{\"@id\":\"https:\\\/\\\/mybody5.ee.mybody.ee\\\/proov\\\/#organization\"},\"potentialAction\":[{\"@type\":\"SearchAction\",\"target\":{\"@type\":\"EntryPoint\",\"urlTemplate\":\"https:\\\/\\\/mybody5.ee.mybody.ee\\\/proov\\\/?s={search_term_string}\"},\"query-input\":{\"@type\":\"PropertyValueSpecification\",\"valueRequired\":true,\"valueName\":\"search_term_string\"}}],\"inLanguage\":\"et\"},{\"@type\":\"Organization\",\"@id\":\"https:\\\/\\\/mybody5.ee.mybody.ee\\\/proov\\\/#organization\",\"name\":\"MyBody.ee\",\"url\":\"https:\\\/\\\/mybody5.ee.mybody.ee\\\/proov\\\/\",\"logo\":{\"@type\":\"ImageObject\",\"inLanguage\":\"et\",\"@id\":\"https:\\\/\\\/mybody5.ee.mybody.ee\\\/proov\\\/#\\\/schema\\\/logo\\\/image\\\/\",\"url\":\"https:\\\/\\\/mybody5.ee.mybody.ee\\\/proov\\\/wp-content\\\/uploads\\\/2023\\\/11\\\/mybody_logo_h65-2.png\",\"contentUrl\":\"https:\\\/\\\/mybody5.ee.mybody.ee\\\/proov\\\/wp-content\\\/uploads\\\/2023\\\/11\\\/mybody_logo_h65-2.png\",\"width\":229,\"height\":65,\"caption\":\"MyBody.ee\"},\"image\":{\"@id\":\"https:\\\/\\\/mybody5.ee.mybody.ee\\\/proov\\\/#\\\/schema\\\/logo\\\/image\\\/\"},\"sameAs\":[\"https:\\\/\\\/facebook.com\\\/MyBody.ee\\\/\"]}]}<\/script>\n<!-- \/ Yoast SEO plugin. -->","yoast_head_json":{"title":"Foolhape- bioaktiivne 90 kapslit - MyBody.ee - Toidulisandid ja sporditarvikud","description":"B-vitamiinide r\u00fchma kuuluv foolhape toimib s\u00fcnergias teiste B-vitamiinidega","robots":{"index":"index","follow":"follow","max-snippet":"max-snippet:-1","max-image-preview":"max-image-preview:large","max-video-preview":"max-video-preview:-1"},"canonical":"https:\/\/mybody5.ee.mybody.ee\/proov\/product\/foolhape-bioaktiivne-90-kapslit-ecosh\/","og_locale":"et_EE","og_type":"article","og_title":"Foolhape- bioaktiivne 90 kapslit - MyBody.ee - Toidulisandid ja sporditarvikud","og_description":"B-vitamiinide r\u00fchma kuuluv foolhape toimib s\u00fcnergias teiste B-vitamiinidega","og_url":"https:\/\/mybody5.ee.mybody.ee\/proov\/product\/foolhape-bioaktiivne-90-kapslit-ecosh\/","og_site_name":"supplero","article_publisher":"https:\/\/facebook.com\/MyBody.ee\/","og_image":[{"width":229,"height":65,"url":"https:\/\/mybody5.ee.mybody.ee\/proov\/wp-content\/uploads\/2023\/11\/mybody_logo_h65.png","type":"image\/png"}],"twitter_card":"summary_large_image","twitter_misc":{"Est. reading time":"1 minut"},"schema":{"@context":"https:\/\/schema.org","@graph":[{"@type":"WebPage","@id":"https:\/\/mybody5.ee.mybody.ee\/proov\/product\/foolhape-bioaktiivne-90-kapslit-ecosh\/","url":"https:\/\/mybody5.ee.mybody.ee\/proov\/product\/foolhape-bioaktiivne-90-kapslit-ecosh\/","name":"Foolhape- bioaktiivne 90 kapslit - MyBody.ee - Toidulisandid ja sporditarvikud","isPartOf":{"@id":"https:\/\/mybody5.ee.mybody.ee\/proov\/#website"},"datePublished":"2021-03-16T10:15:51+00:00","description":"B-vitamiinide r\u00fchma kuuluv foolhape toimib s\u00fcnergias teiste B-vitamiinidega","breadcrumb":{"@id":"https:\/\/mybody5.ee.mybody.ee\/proov\/product\/foolhape-bioaktiivne-90-kapslit-ecosh\/#breadcrumb"},"inLanguage":"et","potentialAction":[{"@type":"ReadAction","target":["https:\/\/mybody5.ee.mybody.ee\/proov\/product\/foolhape-bioaktiivne-90-kapslit-ecosh\/"]}]},{"@type":"BreadcrumbList","@id":"https:\/\/mybody5.ee.mybody.ee\/proov\/product\/foolhape-bioaktiivne-90-kapslit-ecosh\/#breadcrumb","itemListElement":[{"@type":"ListItem","position":1,"name":"Home","item":"https:\/\/mybody5.ee.mybody.ee\/proov\/"},{"@type":"ListItem","position":2,"name":"Shop","item":"https:\/\/mybody5.ee.mybody.ee\/proov\/shop\/"},{"@type":"ListItem","position":3,"name":"FOOLHAPE- bioaktiivne 90 kapslit- Ecosh"}]},{"@type":"WebSite","@id":"https:\/\/mybody5.ee.mybody.ee\/proov\/#website","url":"https:\/\/mybody5.ee.mybody.ee\/proov\/","name":"MyBody.ee - Toidulisandid ja sporditarvikud","description":"Just another WordPress site","publisher":{"@id":"https:\/\/mybody5.ee.mybody.ee\/proov\/#organization"},"potentialAction":[{"@type":"SearchAction","target":{"@type":"EntryPoint","urlTemplate":"https:\/\/mybody5.ee.mybody.ee\/proov\/?s={search_term_string}"},"query-input":{"@type":"PropertyValueSpecification","valueRequired":true,"valueName":"search_term_string"}}],"inLanguage":"et"},{"@type":"Organization","@id":"https:\/\/mybody5.ee.mybody.ee\/proov\/#organization","name":"MyBody.ee","url":"https:\/\/mybody5.ee.mybody.ee\/proov\/","logo":{"@type":"ImageObject","inLanguage":"et","@id":"https:\/\/mybody5.ee.mybody.ee\/proov\/#\/schema\/logo\/image\/","url":"https:\/\/mybody5.ee.mybody.ee\/proov\/wp-content\/uploads\/2023\/11\/mybody_logo_h65-2.png","contentUrl":"https:\/\/mybody5.ee.mybody.ee\/proov\/wp-content\/uploads\/2023\/11\/mybody_logo_h65-2.png","width":229,"height":65,"caption":"MyBody.ee"},"image":{"@id":"https:\/\/mybody5.ee.mybody.ee\/proov\/#\/schema\/logo\/image\/"},"sameAs":["https:\/\/facebook.com\/MyBody.ee\/"]}]}},"_links":{"self":[{"href":"https:\/\/mybody5.ee.mybody.ee\/proov\/wp-json\/wp\/v2\/product\/970","targetHints":{"allow":["GET"]}}],"collection":[{"href":"https:\/\/mybody5.ee.mybody.ee\/proov\/wp-json\/wp\/v2\/product"}],"about":[{"href":"https:\/\/mybody5.ee.mybody.ee\/proov\/wp-json\/wp\/v2\/types\/product"}],"replies":[{"embeddable":true,"href":"https:\/\/mybody5.ee.mybody.ee\/proov\/wp-json\/wp\/v2\/comments?post=970"}],"wp:attachment":[{"href":"https:\/\/mybody5.ee.mybody.ee\/proov\/wp-json\/wp\/v2\/media?parent=970"}],"wp:term":[{"taxonomy":"product_cat","embeddable":true,"href":"https:\/\/mybody5.ee.mybody.ee\/proov\/wp-json\/wp\/v2\/product_cat?post=970"},{"taxonomy":"product_tag","embeddable":true,"href":"https:\/\/mybody5.ee.mybody.ee\/proov\/wp-json\/wp\/v2\/product_tag?post=970"}],"curies":[{"name":"wp","href":"https:\/\/api.w.org\/{rel}","templated":true}]}}