{"id":971,"date":"2021-03-17T20:32:38","date_gmt":"2021-03-17T20:32:38","guid":{"rendered":"https:\/\/mybody5.ee.mybody.ee\/proov\/product\/seleen-l-selenometioniin-90-kapslit-ecosh\/"},"modified":"2021-03-17T20:32:38","modified_gmt":"2021-03-17T20:32:38","slug":"seleen-l-selenometioniin-90-kapslit-ecosh","status":"publish","type":"product","link":"https:\/\/mybody5.ee.mybody.ee\/proov\/product\/seleen-l-selenometioniin-90-kapslit-ecosh\/","title":{"rendered":"SELEEN L-selenometioniin 90 kapslit- Ecosh"},"content":{"rendered":"<p><strong><font face=\"Arial\"><span style=\"font-size: 12px;\"><span style=\"font-size: 18px;\">Ecosh <\/span>&nbsp;<\/span><\/font><\/strong><span style=\"font-size: 18px; font-family: Arial; color: rgb(51, 51, 51); font-weight: 600; letter-spacing: 0.6px;\">SELEEN L-selenometioniin<\/span><\/p>\n<div class=\"woocommerce-product-details__short-description\" style=\"font-size: 16px; margin: 20px 0px 0px; padding: 0px; border: 0px; outline: 0px; font-stretch: inherit; line-height: inherit; vertical-align: baseline; caret-color: rgb(34, 34, 34); color: rgb(34, 34, 34);\">\n<p style=\"margin-bottom: 0px; padding: 0px; border: 0px; outline: 0px; font-variant-caps: inherit; font-stretch: inherit; line-height: inherit; vertical-align: baseline; font-style: inherit;\"><font face=\"Arial\"><span style=\"font-size: 12px;\">Seleeni esmane funktsioon organismis on kaasatus antioks\u00fcdantsetesse s\u00fcsteemidesse ja kilpn\u00e4\u00e4rme hormoonide ainevahetusse. Seleeni bioaktiivne vorm L-selenometioniin on \u00fcks paremini omastatavaid ja imenduvaid vorme. Lisaks aitab seleen kaasa immuuns\u00fcsteemi, spermatogeneesi ning juuste ja k\u00fc\u00fcnte normaalsele talitlusele.<\/span><\/font><\/p>\n<p style=\"margin-bottom: 0px; padding: 0px; border: 0px; outline: 0px; font-variant-caps: inherit; font-stretch: inherit; line-height: inherit; vertical-align: baseline; font-style: inherit;\"><span style=\"font-size: 12px; font-family: Arial;\">Inimorganism seda v\u00e4\u00e4rtuslikku ainet ise s\u00fcnteesida ei oska, seet\u00f5ttu peab selle saama toiduga. Seleeni leidub k\u00f5ige rohkem maksas, neerudes, spermatosoidides ja lihastes.<\/span><\/p>\n<p style=\"margin-bottom: 0px; padding: 0px; border: 0px; outline: 0px; font-variant-caps: inherit; font-stretch: inherit; line-height: inherit; vertical-align: baseline; font-style: inherit;\"><span style=\"font-size: 12px; font-family: Arial;\"><br \/><\/span><\/p>\n<\/div>\n<p style=\"font-size: 16px; margin-bottom: 20px; padding: 0px; border: 0px; outline: 0px; font-stretch: inherit; line-height: inherit; vertical-align: baseline; caret-color: rgb(34, 34, 34); color: rgb(34, 34, 34);\"><span style=\"font-family: Arial; font-size: 12px;\">Seleen aitab :<\/span><\/p>\n<ul style=\"font-size: 16px; margin: 20px 0px 0px 20px; padding: 0px; border: 0px; outline: 0px; font-stretch: inherit; line-height: inherit; vertical-align: baseline; list-style-position: initial; list-style-image: initial; caret-color: rgb(34, 34, 34); color: rgb(34, 34, 34);\">\n<li style=\"margin: 0px; padding: 0px; border: 0px; outline: 0px; font-variant-caps: inherit; font-stretch: inherit; line-height: inherit; vertical-align: baseline; font-style: inherit;\"><span style=\"font-style: inherit; font-variant-caps: inherit; font-size: 12px;\"><font face=\"Arial\">kaitsta rakke oks\u00fcdatiivse stressi eest.<\/font><\/span><\/li>\n<li style=\"margin: 0px; padding: 0px; border: 0px; outline: 0px; font-variant-caps: inherit; font-stretch: inherit; line-height: inherit; vertical-align: baseline; font-style: inherit;\"><span style=\"font-style: inherit; font-variant-caps: inherit; font-family: Lato, sans-serif;\">&nbsp;<\/span><span style=\"font-size: 12px; font-family: Arial; font-style: inherit; font-variant-caps: inherit;\">kaasa kilpn\u00e4\u00e4rme, immuuns\u00fcsteemi ja spermatogeneesi normaalsele talitlusele.<\/span><\/li>\n<li style=\"margin: 0px; padding: 0px; border: 0px; outline: 0px; font-variant-caps: inherit; font-stretch: inherit; line-height: inherit; vertical-align: baseline; font-style: inherit;\"><font face=\"Arial\"><span style=\"font-size: 12px;\"><span style=\"font-size: 12px;\">hoida juuksed ja k\u00fc\u00fcned terved.<\/span><\/span><\/font><\/li>\n<\/ul>\n<p><\/p>\n<p><span style=\"color: inherit; font-size: 18px;\"><font face=\"Arial\">Kasutamine<\/font><\/span><\/p>\n<p style=\"font-size: 16px; margin-bottom: 20px; padding: 0px; border: 0px; outline: 0px; font-stretch: inherit; line-height: inherit; vertical-align: baseline; caret-color: rgb(34, 34, 34); color: rgb(34, 34, 34);\"><font face=\"Arial\"><span style=\"font-size: 12px;\">1 kapsel p\u00e4evas koos toiduga. Raseduse, rinnaga toitmise ja ravimite tarvitamise korral pidada n\u00f5u arstiga.<\/span><br \/><span style=\"font-size: 12px;\">Soovitatud annust mitte \u00fcletada. Mitte kasutada toidulisandit mitmekesise toitumise asendajana. Oluline on toituda mitmek\u00fclgselt ja tasakaalustatult ning harrastada tervislikku elustiili. Hoida lastele k\u00e4ttesaamatus kohas.&nbsp;<\/span><\/font><\/p>\n<p><font face=\"Arial\"><span style=\"color: inherit; font-size: 23px;\"><span style=\"font-size: 18px;\">Pakend:<\/span>&nbsp;<span style=\"font-size: 12px;\">90<\/span><\/span><span style=\"color: inherit; font-size: 12px;\">&nbsp;vegankapslit<\/span><\/font><\/p>\n<table border=\"1\" cellpadding=\"1\" cellspacing=\"1\" style=\"background-color: rgb(255, 255, 255); height: 150px; width: 438px;\">\n<tbody>\n<tr>\n<td><b>&nbsp;<\/b>SELEEN L-selenometioniin-<b>&nbsp;ecosh<\/b><\/td>\n<td><strong>1 kapsel<\/strong><\/td>\n<td><strong>% RDA<\/strong><\/td>\n<\/tr>\n<tr>\n<td><span style=\"font-size: 16px; caret-color: rgb(34, 34, 34); color: rgb(34, 34, 34); font-family: nudista-web, sans-serif;\">L-selenometioniin<\/span><\/td>\n<td><span style=\"font-size: 12px; text-align: right;\"><font face=\"Arial\">150 \u03bcg<\/font><\/span><\/td>\n<td><font face=\"Arial\"><span style=\"font-size: 12px;\">278%<\/span><\/font><\/td>\n<\/tr>\n<\/tbody>\n<\/table>\n<p><\/p>\n<p style=\"font-size: 16px; margin-bottom: 20px; padding: 0px; border: 0px; outline: 0px; font-stretch: inherit; line-height: inherit; vertical-align: baseline; caret-color: rgb(34, 34, 34); color: rgb(34, 34, 34);\"><font face=\"Arial\"><span style=\"margin: 0px; padding: 0px; border: 0px; outline: 0px; font-variant-caps: inherit; font-stretch: inherit; line-height: inherit; vertical-align: baseline; font-style: inherit; font-weight: 600; font-size: 12px;\">KOOSTISOSAD:&nbsp;<\/span><span style=\"font-size: 12px;\">riisijahu&nbsp;<\/span><span style=\"margin: 0px; padding: 0px; border: 0px; outline: 0px; font-stretch: inherit; line-height: inherit; vertical-align: baseline; font-style: italic; font-size: 12px;\">(mahuaine)<\/span><span style=\"font-size: 12px;\">, seleen&nbsp;<\/span><span style=\"margin: 0px; padding: 0px; border: 0px; outline: 0px; font-stretch: inherit; line-height: inherit; vertical-align: baseline; font-style: italic; font-size: 12px;\">(L-seleenometioniin)<\/span><span style=\"font-size: 12px;\">, taimne kapsel (<\/span><span style=\"margin: 0px; padding: 0px; border: 0px; outline: 0px; font-stretch: inherit; line-height: inherit; vertical-align: baseline; font-style: italic; font-size: 12px;\">glaseeraine pullulaan<\/span><span style=\"font-size: 12px;\">)<\/span><\/font><\/p>\n<ul>\n<li>Oled oodatud tasuta konsultatsioonile MYBODY Audentese kauplusesse,<\/li>\n<li>Asukoht: Audentese Spordikeskus, Tondi 84.<\/li>\n<li>Telefon EST\/RUS\/ENG +372&nbsp;523 1960<\/li>\n<li>Telefon EST\/ENG +372 56&nbsp;458&nbsp;688<\/li>\n<li><a href=\"mailto:info@mybody.ee\">info@mybody.ee<\/a><\/li>\n<li><a href=\"http:\/\/www.facebook.com\/mybody.ee\">www.facebook.com\/mybody.ee<\/a><\/li>\n<\/ul>\n","protected":false},"excerpt":{"rendered":"<p>Ecosh &nbsp;SELEEN L-selenometioniin Seleeni esmane funktsioon organismis on kaasatus antioks\u00fcdantsetesse s\u00fcsteemidesse ja kilpn\u00e4\u00e4rme hormoonide ainevahetusse. Seleeni bioaktiivne vorm L-selenometioniin on \u00fcks paremini omastatavaid ja imenduvaid vorme. Lisaks aitab seleen kaasa immuuns\u00fcsteemi, spermatogeneesi ning juuste ja k\u00fc\u00fcnte normaalsele talitlusele. Inimorganism seda v\u00e4\u00e4rtuslikku ainet ise s\u00fcnteesida ei oska, seet\u00f5ttu peab selle saama toiduga. Seleeni leidub k\u00f5ige rohkem [&hellip;]<\/p>\n","protected":false},"featured_media":0,"comment_status":"open","ping_status":"closed","template":"","meta":{"inline_featured_image":false},"product_cat":[31,32,50],"product_tag":[],"class_list":{"0":"post-971","1":"product","2":"type-product","3":"status-publish","5":"product_cat-vegan","6":"product_cat-mikroelemendid","7":"product_cat-vitamiinid-ja-mineraalid","8":"pa_vorm-tablettkapsel","10":"first","11":"instock","12":"shipping-taxable","13":"purchasable","14":"product-type-simple"},"yoast_head":"<!-- This site is optimized with the Yoast SEO plugin v27.3 - https:\/\/yoast.com\/product\/yoast-seo-wordpress\/ -->\n<title>SELEEN L-selenometioniin 90 kapslit- Ecosh- MyBody.ee - Toidulisandid ja sporditarvikud<\/title>\n<meta name=\"description\" content=\"Seleeni funktsioon organismis on kaasatus antioks\u00fcdantsetesse s\u00fcsteemidesse ja kilpn\u00e4\u00e4rme hormoonide ainevahetusse.\" \/>\n<meta name=\"robots\" content=\"index, follow, max-snippet:-1, max-image-preview:large, max-video-preview:-1\" \/>\n<link rel=\"canonical\" href=\"https:\/\/mybody5.ee.mybody.ee\/proov\/product\/seleen-l-selenometioniin-90-kapslit-ecosh\/\" \/>\n<meta property=\"og:locale\" content=\"et_EE\" \/>\n<meta property=\"og:type\" content=\"article\" \/>\n<meta property=\"og:title\" content=\"SELEEN L-selenometioniin 90 kapslit- Ecosh- MyBody.ee - Toidulisandid ja sporditarvikud\" \/>\n<meta property=\"og:description\" content=\"Seleeni funktsioon organismis on kaasatus antioks\u00fcdantsetesse s\u00fcsteemidesse ja kilpn\u00e4\u00e4rme hormoonide ainevahetusse.\" \/>\n<meta property=\"og:url\" content=\"https:\/\/mybody5.ee.mybody.ee\/proov\/product\/seleen-l-selenometioniin-90-kapslit-ecosh\/\" \/>\n<meta property=\"og:site_name\" content=\"supplero\" \/>\n<meta property=\"article:publisher\" content=\"https:\/\/facebook.com\/MyBody.ee\/\" \/>\n<meta property=\"og:image\" content=\"https:\/\/mybody5.ee.mybody.ee\/proov\/wp-content\/uploads\/2023\/11\/mybody_logo_h65.png\" \/>\n\t<meta property=\"og:image:width\" content=\"229\" \/>\n\t<meta property=\"og:image:height\" content=\"65\" \/>\n\t<meta property=\"og:image:type\" content=\"image\/png\" \/>\n<meta name=\"twitter:card\" content=\"summary_large_image\" \/>\n<meta name=\"twitter:label1\" content=\"Est. reading time\" \/>\n\t<meta name=\"twitter:data1\" content=\"1 minut\" \/>\n<script type=\"application\/ld+json\" class=\"yoast-schema-graph\">{\"@context\":\"https:\\\/\\\/schema.org\",\"@graph\":[{\"@type\":\"WebPage\",\"@id\":\"https:\\\/\\\/mybody5.ee.mybody.ee\\\/proov\\\/product\\\/seleen-l-selenometioniin-90-kapslit-ecosh\\\/\",\"url\":\"https:\\\/\\\/mybody5.ee.mybody.ee\\\/proov\\\/product\\\/seleen-l-selenometioniin-90-kapslit-ecosh\\\/\",\"name\":\"SELEEN L-selenometioniin 90 kapslit- Ecosh- MyBody.ee - Toidulisandid ja sporditarvikud\",\"isPartOf\":{\"@id\":\"https:\\\/\\\/mybody5.ee.mybody.ee\\\/proov\\\/#website\"},\"datePublished\":\"2021-03-17T20:32:38+00:00\",\"description\":\"Seleeni funktsioon organismis on kaasatus antioks\u00fcdantsetesse s\u00fcsteemidesse ja kilpn\u00e4\u00e4rme hormoonide ainevahetusse.\",\"breadcrumb\":{\"@id\":\"https:\\\/\\\/mybody5.ee.mybody.ee\\\/proov\\\/product\\\/seleen-l-selenometioniin-90-kapslit-ecosh\\\/#breadcrumb\"},\"inLanguage\":\"et\",\"potentialAction\":[{\"@type\":\"ReadAction\",\"target\":[\"https:\\\/\\\/mybody5.ee.mybody.ee\\\/proov\\\/product\\\/seleen-l-selenometioniin-90-kapslit-ecosh\\\/\"]}]},{\"@type\":\"BreadcrumbList\",\"@id\":\"https:\\\/\\\/mybody5.ee.mybody.ee\\\/proov\\\/product\\\/seleen-l-selenometioniin-90-kapslit-ecosh\\\/#breadcrumb\",\"itemListElement\":[{\"@type\":\"ListItem\",\"position\":1,\"name\":\"Home\",\"item\":\"https:\\\/\\\/mybody5.ee.mybody.ee\\\/proov\\\/\"},{\"@type\":\"ListItem\",\"position\":2,\"name\":\"Shop\",\"item\":\"https:\\\/\\\/mybody5.ee.mybody.ee\\\/proov\\\/shop\\\/\"},{\"@type\":\"ListItem\",\"position\":3,\"name\":\"SELEEN L-selenometioniin 90 kapslit- Ecosh\"}]},{\"@type\":\"WebSite\",\"@id\":\"https:\\\/\\\/mybody5.ee.mybody.ee\\\/proov\\\/#website\",\"url\":\"https:\\\/\\\/mybody5.ee.mybody.ee\\\/proov\\\/\",\"name\":\"MyBody.ee - Toidulisandid ja sporditarvikud\",\"description\":\"Just another WordPress site\",\"publisher\":{\"@id\":\"https:\\\/\\\/mybody5.ee.mybody.ee\\\/proov\\\/#organization\"},\"potentialAction\":[{\"@type\":\"SearchAction\",\"target\":{\"@type\":\"EntryPoint\",\"urlTemplate\":\"https:\\\/\\\/mybody5.ee.mybody.ee\\\/proov\\\/?s={search_term_string}\"},\"query-input\":{\"@type\":\"PropertyValueSpecification\",\"valueRequired\":true,\"valueName\":\"search_term_string\"}}],\"inLanguage\":\"et\"},{\"@type\":\"Organization\",\"@id\":\"https:\\\/\\\/mybody5.ee.mybody.ee\\\/proov\\\/#organization\",\"name\":\"MyBody.ee\",\"url\":\"https:\\\/\\\/mybody5.ee.mybody.ee\\\/proov\\\/\",\"logo\":{\"@type\":\"ImageObject\",\"inLanguage\":\"et\",\"@id\":\"https:\\\/\\\/mybody5.ee.mybody.ee\\\/proov\\\/#\\\/schema\\\/logo\\\/image\\\/\",\"url\":\"https:\\\/\\\/mybody5.ee.mybody.ee\\\/proov\\\/wp-content\\\/uploads\\\/2023\\\/11\\\/mybody_logo_h65-2.png\",\"contentUrl\":\"https:\\\/\\\/mybody5.ee.mybody.ee\\\/proov\\\/wp-content\\\/uploads\\\/2023\\\/11\\\/mybody_logo_h65-2.png\",\"width\":229,\"height\":65,\"caption\":\"MyBody.ee\"},\"image\":{\"@id\":\"https:\\\/\\\/mybody5.ee.mybody.ee\\\/proov\\\/#\\\/schema\\\/logo\\\/image\\\/\"},\"sameAs\":[\"https:\\\/\\\/facebook.com\\\/MyBody.ee\\\/\"]}]}<\/script>\n<!-- \/ Yoast SEO plugin. -->","yoast_head_json":{"title":"SELEEN L-selenometioniin 90 kapslit- Ecosh- MyBody.ee - Toidulisandid ja sporditarvikud","description":"Seleeni funktsioon organismis on kaasatus antioks\u00fcdantsetesse s\u00fcsteemidesse ja kilpn\u00e4\u00e4rme hormoonide ainevahetusse.","robots":{"index":"index","follow":"follow","max-snippet":"max-snippet:-1","max-image-preview":"max-image-preview:large","max-video-preview":"max-video-preview:-1"},"canonical":"https:\/\/mybody5.ee.mybody.ee\/proov\/product\/seleen-l-selenometioniin-90-kapslit-ecosh\/","og_locale":"et_EE","og_type":"article","og_title":"SELEEN L-selenometioniin 90 kapslit- Ecosh- MyBody.ee - Toidulisandid ja sporditarvikud","og_description":"Seleeni funktsioon organismis on kaasatus antioks\u00fcdantsetesse s\u00fcsteemidesse ja kilpn\u00e4\u00e4rme hormoonide ainevahetusse.","og_url":"https:\/\/mybody5.ee.mybody.ee\/proov\/product\/seleen-l-selenometioniin-90-kapslit-ecosh\/","og_site_name":"supplero","article_publisher":"https:\/\/facebook.com\/MyBody.ee\/","og_image":[{"width":229,"height":65,"url":"https:\/\/mybody5.ee.mybody.ee\/proov\/wp-content\/uploads\/2023\/11\/mybody_logo_h65.png","type":"image\/png"}],"twitter_card":"summary_large_image","twitter_misc":{"Est. reading time":"1 minut"},"schema":{"@context":"https:\/\/schema.org","@graph":[{"@type":"WebPage","@id":"https:\/\/mybody5.ee.mybody.ee\/proov\/product\/seleen-l-selenometioniin-90-kapslit-ecosh\/","url":"https:\/\/mybody5.ee.mybody.ee\/proov\/product\/seleen-l-selenometioniin-90-kapslit-ecosh\/","name":"SELEEN L-selenometioniin 90 kapslit- Ecosh- MyBody.ee - Toidulisandid ja sporditarvikud","isPartOf":{"@id":"https:\/\/mybody5.ee.mybody.ee\/proov\/#website"},"datePublished":"2021-03-17T20:32:38+00:00","description":"Seleeni funktsioon organismis on kaasatus antioks\u00fcdantsetesse s\u00fcsteemidesse ja kilpn\u00e4\u00e4rme hormoonide ainevahetusse.","breadcrumb":{"@id":"https:\/\/mybody5.ee.mybody.ee\/proov\/product\/seleen-l-selenometioniin-90-kapslit-ecosh\/#breadcrumb"},"inLanguage":"et","potentialAction":[{"@type":"ReadAction","target":["https:\/\/mybody5.ee.mybody.ee\/proov\/product\/seleen-l-selenometioniin-90-kapslit-ecosh\/"]}]},{"@type":"BreadcrumbList","@id":"https:\/\/mybody5.ee.mybody.ee\/proov\/product\/seleen-l-selenometioniin-90-kapslit-ecosh\/#breadcrumb","itemListElement":[{"@type":"ListItem","position":1,"name":"Home","item":"https:\/\/mybody5.ee.mybody.ee\/proov\/"},{"@type":"ListItem","position":2,"name":"Shop","item":"https:\/\/mybody5.ee.mybody.ee\/proov\/shop\/"},{"@type":"ListItem","position":3,"name":"SELEEN L-selenometioniin 90 kapslit- Ecosh"}]},{"@type":"WebSite","@id":"https:\/\/mybody5.ee.mybody.ee\/proov\/#website","url":"https:\/\/mybody5.ee.mybody.ee\/proov\/","name":"MyBody.ee - Toidulisandid ja sporditarvikud","description":"Just another WordPress site","publisher":{"@id":"https:\/\/mybody5.ee.mybody.ee\/proov\/#organization"},"potentialAction":[{"@type":"SearchAction","target":{"@type":"EntryPoint","urlTemplate":"https:\/\/mybody5.ee.mybody.ee\/proov\/?s={search_term_string}"},"query-input":{"@type":"PropertyValueSpecification","valueRequired":true,"valueName":"search_term_string"}}],"inLanguage":"et"},{"@type":"Organization","@id":"https:\/\/mybody5.ee.mybody.ee\/proov\/#organization","name":"MyBody.ee","url":"https:\/\/mybody5.ee.mybody.ee\/proov\/","logo":{"@type":"ImageObject","inLanguage":"et","@id":"https:\/\/mybody5.ee.mybody.ee\/proov\/#\/schema\/logo\/image\/","url":"https:\/\/mybody5.ee.mybody.ee\/proov\/wp-content\/uploads\/2023\/11\/mybody_logo_h65-2.png","contentUrl":"https:\/\/mybody5.ee.mybody.ee\/proov\/wp-content\/uploads\/2023\/11\/mybody_logo_h65-2.png","width":229,"height":65,"caption":"MyBody.ee"},"image":{"@id":"https:\/\/mybody5.ee.mybody.ee\/proov\/#\/schema\/logo\/image\/"},"sameAs":["https:\/\/facebook.com\/MyBody.ee\/"]}]}},"_links":{"self":[{"href":"https:\/\/mybody5.ee.mybody.ee\/proov\/wp-json\/wp\/v2\/product\/971","targetHints":{"allow":["GET"]}}],"collection":[{"href":"https:\/\/mybody5.ee.mybody.ee\/proov\/wp-json\/wp\/v2\/product"}],"about":[{"href":"https:\/\/mybody5.ee.mybody.ee\/proov\/wp-json\/wp\/v2\/types\/product"}],"replies":[{"embeddable":true,"href":"https:\/\/mybody5.ee.mybody.ee\/proov\/wp-json\/wp\/v2\/comments?post=971"}],"wp:attachment":[{"href":"https:\/\/mybody5.ee.mybody.ee\/proov\/wp-json\/wp\/v2\/media?parent=971"}],"wp:term":[{"taxonomy":"product_cat","embeddable":true,"href":"https:\/\/mybody5.ee.mybody.ee\/proov\/wp-json\/wp\/v2\/product_cat?post=971"},{"taxonomy":"product_tag","embeddable":true,"href":"https:\/\/mybody5.ee.mybody.ee\/proov\/wp-json\/wp\/v2\/product_tag?post=971"}],"curies":[{"name":"wp","href":"https:\/\/api.w.org\/{rel}","templated":true}]}}