{"id":973,"date":"2021-03-17T21:44:08","date_gmt":"2021-03-17T21:44:08","guid":{"rendered":"https:\/\/mybody5.ee.mybody.ee\/proov\/product\/kurkumiin-piperiin-90-kapslit-ecosh\/"},"modified":"2021-03-17T21:44:08","modified_gmt":"2021-03-17T21:44:08","slug":"kurkumiin-piperiin-90-kapslit-ecosh","status":"publish","type":"product","link":"https:\/\/mybody5.ee.mybody.ee\/proov\/product\/kurkumiin-piperiin-90-kapslit-ecosh\/","title":{"rendered":"KURKUMIIN + piperiin 90 kapslit- Ecosh"},"content":{"rendered":"<p><b><font face=\"Arial\"><span style=\"font-size: 12px;\"><span style=\"font-size: 18px;\">Ecosh <\/span><\/span><\/font>&nbsp;<\/b><span style=\"font-size: 18px;\">\ufeff<font face=\"Arial\">Kurkumiin+ piperiin<\/font><\/span><\/p>\n<p style=\"font-size: 16px; margin-bottom: 20px; padding: 0px; border: 0px; outline: 0px; font-stretch: inherit; line-height: inherit; vertical-align: baseline; caret-color: rgb(34, 34, 34); color: rgb(34, 34, 34);\"><font face=\"Arial\"><span style=\"font-size: 12px;\">Kurkum (Curcuma longa), keskaja Euroopas India safran, on kollajuure perekonda kuuluvate taimeliikide lihavast risoomist saadav kollakas pulber, mis on v\u00e4ga levinud paljudes Aasia k\u00f6\u00f6kides. V\u00e4ga tugeva aroomiga ja m\u00f5rudamaitseline v\u00fcrts sarnaneb ingverijuurele. Kurkumi m\u00fc\u00fcakse harva toorelt, tavaliselt on see eelnevat keedetud, kuivatatud ja siis jahvatatud pulbriks.Kurkum on \u00fcks kasulikumaid ja enim uuritumaid v\u00e4etaimi maailmas.<\/span><\/font><\/p>\n<p style=\"font-size: 16px; margin-bottom: 20px; padding: 0px; border: 0px; outline: 0px; font-stretch: inherit; line-height: inherit; vertical-align: baseline; caret-color: rgb(34, 34, 34); color: rgb(34, 34, 34);\"><font face=\"Arial\"><span style=\"font-size: 12px;\">Maailmas on \u00fcle 100 kurkumi liigi ja \u00fcks \u00fchine iseloomulik tunnus on&nbsp; nende kollakas oran\u017e toon. Selle tooni annavad kurkumile&nbsp;<\/span><a href=\"https:\/\/www.turmericforhealth.com\/turmeric-queries\/is-curcumin-different-from-curcuminoids\" style=\"margin: 0px; padding: 0px; border: 0px; outline: 0px; font-variant-caps: inherit; font-stretch: inherit; line-height: inherit; vertical-align: baseline; font-style: inherit; color: rgb(0, 0, 0); transition: all 0.3s ease; -webkit-box-shadow: none; box-shadow: none;\"><span style=\"font-size: 12px;\">kurkuminoidid<\/span><\/a><span style=\"font-size: 12px;\">.&nbsp; Kurkumis on kolm peamist kurkuminoidi, mis moodustavad 2-6% risoomi sisust ning k\u00f5ige suurem osalus on kurkumiinil, kuni 80%. N\u00e4iteks pulbrilises maitseaines kurkumis on 100g kohta kuskil keskmiselt 1-3% ehk 1-3g&nbsp;<\/span><span style=\"margin: 0px; padding: 0px; border: 0px; outline: 0px; font-variant-caps: inherit; font-stretch: inherit; line-height: inherit; vertical-align: baseline; font-style: inherit; font-weight: 600; font-size: 12px;\">kurkumiini<\/span><span style=\"font-size: 12px;\">. Kurkumiin<\/span><span style=\"margin: 0px; padding: 0px; border: 0px; outline: 0px; font-variant-caps: inherit; font-stretch: inherit; line-height: inherit; vertical-align: baseline; font-style: inherit; font-weight: 600; font-size: 12px;\">&nbsp;<\/span><span style=\"font-size: 12px;\">kapslis on kurkumist v\u00e4lja ekstraheeritud&nbsp; aktiivaine, mis tervist k\u00f5ige enam toetab.<\/span><\/font><\/p>\n<p style=\"font-size: 16px; margin-bottom: 20px; padding: 0px; border: 0px; outline: 0px; font-stretch: inherit; line-height: inherit; vertical-align: baseline; caret-color: rgb(34, 34, 34); color: rgb(34, 34, 34);\"><font face=\"Arial\"><span style=\"font-size: 12px;\">Ecoshi kurkumiini ja piperiini kompleks aitab toetada t\u00f5husalt kogu organismi s\u00fcsteemi tervikuna. Kurkumis leiduv aktiivaine kurkumiin aitab kaasa rakkude normaalsetele funktsioonidele ning immuuns\u00fcsteemi kaitsev\u00f5imele. Samas on kurkumi pulbris lisaks rohkelt muid aktiivaineid, mis k\u00f5ik omal moel immuuns\u00fcsteemi turgutavad. \u00dcheks neist paljudest kasulikest ainetest on 100% puhtas BCM-95 &nbsp;kurkumi ekstraktis leiduv tumeroon.<\/span><\/font><\/p>\n<p style=\"font-size: 16px; margin-bottom: 20px; padding: 0px; border: 0px; outline: 0px; font-stretch: inherit; line-height: inherit; vertical-align: baseline; caret-color: rgb(34, 34, 34); color: rgb(34, 34, 34);\"><font face=\"Arial\"><span style=\"font-size: 12px;\">Kurkumiini kompleksi kuuluval piperiinil on kurkumi ja kurkumiini imendumist soodustav toime, mist\u00f5ttu on &nbsp;kompleks \u00fcks parimaid vahendeid oma tervise toetamiseks ja \u00fcldise heaolu t\u00f5stmiseks.<\/span><\/font><\/p>\n<p style=\"font-size: 16px; margin-bottom: 20px; padding: 0px; border: 0px; outline: 0px; font-stretch: inherit; line-height: inherit; vertical-align: baseline; caret-color: rgb(34, 34, 34); color: rgb(34, 34, 34);\"><font face=\"Arial\"><span style=\"font-size: 12px;\">Kurkumiini kompleks annab lisaks j\u00e4rgmist m\u00f5ju organismile:<\/span><\/font><\/p>\n<ul style=\"font-size: 16px; margin: 20px 0px 0px 20px; padding: 0px; border: 0px; outline: 0px; font-stretch: inherit; line-height: inherit; vertical-align: baseline; list-style-position: initial; list-style-image: initial; caret-color: rgb(34, 34, 34); color: rgb(34, 34, 34);\">\n<li style=\"margin: 0px; padding: 0px; border: 0px; outline: 0px; font-variant-caps: inherit; font-stretch: inherit; line-height: inherit; vertical-align: baseline; font-style: inherit;\"><font face=\"Arial\"><span style=\"font-size: 12px;\">Toetab s\u00fcdame, hingamisteede, liigeste ja seedetrakti tegevust,<\/span><\/font><\/li>\n<li style=\"margin: 0px; padding: 0px; border: 0px; outline: 0px; font-variant-caps: inherit; font-stretch: inherit; line-height: inherit; vertical-align: baseline; font-style: inherit;\"><font face=\"Arial\"><span style=\"font-size: 12px;\">Aitab tugevdada immuunss\u00fcsteemi vastupanuv\u00f5imet,<\/span><\/font><\/li>\n<li style=\"margin: 0px; padding: 0px; border: 0px; outline: 0px; font-variant-caps: inherit; font-stretch: inherit; line-height: inherit; vertical-align: baseline; font-style: inherit;\"><font face=\"Arial\"><span style=\"font-size: 12px;\">Toetab vaimset tervist,<\/span><\/font><\/li>\n<li style=\"margin: 0px; padding: 0px; border: 0px; outline: 0px; font-variant-caps: inherit; font-stretch: inherit; line-height: inherit; vertical-align: baseline; font-style: inherit;\"><font face=\"Arial\"><span style=\"font-size: 12px;\">V\u00e4hendab v\u00e4simust ja kurnatust,<\/span><\/font><\/li>\n<li style=\"margin: 0px; padding: 0px; border: 0px; outline: 0px; font-variant-caps: inherit; font-stretch: inherit; line-height: inherit; vertical-align: baseline; font-style: inherit;\"><font face=\"Arial\"><span style=\"font-size: 12px;\">Kaitseb rakke vabade radikaalide kahjustava m\u00f5ju eest,<\/span><\/font><\/li>\n<li style=\"margin: 0px; padding: 0px; border: 0px; outline: 0px; font-variant-caps: inherit; font-stretch: inherit; line-height: inherit; vertical-align: baseline; font-style: inherit;\"><font face=\"Arial\"><span style=\"font-size: 12px;\">Pakub kaitset mikroobide, parasiitide ja seente vastu.<\/span><\/font><\/li>\n<\/ul>\n<p style=\"margin: 0px; padding: 0px; border: 0px; outline: 0px; font-variant-caps: inherit; font-stretch: inherit; line-height: inherit; vertical-align: baseline; font-style: inherit;\"><font face=\"Arial\"><span style=\"font-size: 12px;\"><br \/><\/span><\/font><\/p>\n<p style=\"font-size: 16px; margin-bottom: 20px; padding: 0px; border: 0px; outline: 0px; font-stretch: inherit; line-height: inherit; vertical-align: baseline; caret-color: rgb(34, 34, 34); color: rgb(34, 34, 34);\"><span style=\"font-family: Arial; color: inherit; font-size: 18px;\">Kasutamine<\/span><\/p>\n<p><font face=\"Arial\"><span style=\"font-size: 12px; margin: 0px; padding: 0px; border: 0px; outline: 0px; font-stretch: inherit; line-height: inherit; vertical-align: baseline; font-weight: 600; caret-color: rgb(34, 34, 34); color: rgb(34, 34, 34);\">&nbsp;<\/span><span style=\"font-size: 16px; caret-color: rgb(34, 34, 34); color: rgb(34, 34, 34);\"><span style=\"font-size: 12px;\">4 kapslit p\u00e4evas v\u00f5i vastavalt terapeudi v\u00f5i arsti soovitusele. Tundliku mao ja maoprobleemide puhul manustada toodet 1-2 kapslit p\u00e4evas, \u00fcks kapsel korraga \u00fche toidukorra peale. Manustada veega ja koos rasvu sisaldava toiduga.<\/span><span style=\"font-size: 12px;\">&nbsp;<\/span><\/span><br style=\"font-size: 16px; caret-color: rgb(34, 34, 34); color: rgb(34, 34, 34);\"><span style=\"font-size: 12px; caret-color: rgb(34, 34, 34); color: rgb(34, 34, 34);\">Soovitatud annust mitte \u00fcletada.<\/span><br style=\"font-size: 16px; caret-color: rgb(34, 34, 34); color: rgb(34, 34, 34);\"><\/font><\/p>\n<p style=\"font-size: 16px; margin-bottom: 20px; padding: 0px; border: 0px; outline: 0px; font-stretch: inherit; line-height: inherit; vertical-align: baseline; caret-color: rgb(34, 34, 34); color: rgb(34, 34, 34);\"><font face=\"Arial\"><span style=\"font-size: 12px;\">Mitte kasutada toidulisandit mitmekesise toitumise asendajana. Oluline on toituda mitmek\u00fclgselt ja tasakaalustatult ning harrastada tervislikku eluviisi. Hoida lastele k\u00e4ttesaamatus kohas.<\/span><\/font><\/p>\n<p style=\"font-size: 16px; margin-bottom: 20px; padding: 0px; border: 0px; outline: 0px; font-stretch: inherit; line-height: inherit; vertical-align: baseline; caret-color: rgb(34, 34, 34); color: rgb(34, 34, 34);\"><span style=\"font-family: Lato, sans-serif;\"><br \/><\/span><span style=\"color: inherit; font-family: Arial; font-size: 23px;\"><span style=\"font-size: 18px;\">Pakend:<\/span>&nbsp;<span style=\"font-size: 12px;\">90<\/span><\/span><span style=\"color: inherit; font-family: Arial; font-size: 12px;\">&nbsp;kapslit<\/span><\/p>\n<table border=\"1\" cellpadding=\"1\" cellspacing=\"1\" style=\"background-color: rgb(255, 255, 255); height: 50px; width: 400px;\">\n<tbody>\n<tr>\n<td><b>Kurkumiin+peperiin<\/b><\/td>\n<td><strong>4 kapslit<\/strong><\/td>\n<\/tr>\n<tr>\n<td><font face=\"Arial\"><span style=\"font-size: 12px; caret-color: rgb(34, 34, 34); color: rgb(34, 34, 34);\">Kurkumi (<\/span><span style=\"font-size: 12px; margin: 0px; padding: 0px; border: 0px; outline: 0px; font-stretch: inherit; line-height: inherit; vertical-align: baseline; font-style: italic; caret-color: rgb(34, 34, 34); color: rgb(34, 34, 34);\">Curcuma longa<\/span><span style=\"font-size: 12px; caret-color: rgb(34, 34, 34); color: rgb(34, 34, 34);\">) droog<\/span><\/font><\/td>\n<td>1,26g<\/td>\n<\/tr>\n<tr>\n<td><span style=\"font-size: 12px; caret-color: rgb(34, 34, 34); color: rgb(34, 34, 34);\"><font face=\"Arial\">Kurkumiini 95% ekstrakt<\/font><\/span><\/td>\n<td>04g<\/td>\n<\/tr>\n<tr>\n<td><span style=\"font-size: 12px; caret-color: rgb(34, 34, 34); color: rgb(34, 34, 34);\"><font face=\"Arial\">Kurkumiini BMC-95 ekstrakt<\/font><\/span><\/td>\n<td>0,32mg<\/td>\n<\/tr>\n<tr>\n<td><span style=\"font-size: 12px; caret-color: rgb(34, 34, 34); color: rgb(34, 34, 34);\"><font face=\"Arial\">Piperiini 95% ekstrakt<\/font><\/span><\/td>\n<td>20mg<\/td>\n<\/tr>\n<\/tbody>\n<\/table>\n<p><span style=\"font-family: Arial; caret-color: rgb(34, 34, 34); color: rgb(34, 34, 34); margin: 0px; padding: 0px; border: 0px; outline: 0px; font-variant-caps: inherit; font-stretch: inherit; line-height: inherit; vertical-align: baseline; font-style: inherit; font-weight: 600; font-size: 12px;\">KOOSTISOSAD:&nbsp;<\/span><span style=\"font-family: Arial; caret-color: rgb(34, 34, 34); color: rgb(34, 34, 34); font-size: 12px;\">kurkumi (<\/span><span style=\"font-family: Arial; caret-color: rgb(34, 34, 34); color: rgb(34, 34, 34); margin: 0px; padding: 0px; border: 0px; outline: 0px; font-stretch: inherit; line-height: inherit; vertical-align: baseline; font-style: italic; font-size: 12px;\">Curcuma longa<\/span><span style=\"font-family: Arial; caret-color: rgb(34, 34, 34); color: rgb(34, 34, 34); font-size: 12px;\">) droog,&nbsp; kurkumiini 95% ekstrakt, kurkumiini BCM-95 ekstrakt, musta pipra (<\/span><span style=\"font-family: Arial; caret-color: rgb(34, 34, 34); color: rgb(34, 34, 34); margin: 0px; padding: 0px; border: 0px; outline: 0px; font-stretch: inherit; line-height: inherit; vertical-align: baseline; font-style: italic; font-size: 12px;\">Piper nigrum<\/span><span style=\"font-family: Arial; caret-color: rgb(34, 34, 34); color: rgb(34, 34, 34); font-size: 12px;\">) ehk piperiini 95% ekstrakt, taimne kapsel (<\/span><span style=\"font-family: Arial; caret-color: rgb(34, 34, 34); color: rgb(34, 34, 34); margin: 0px; padding: 0px; border: 0px; outline: 0px; font-stretch: inherit; line-height: inherit; vertical-align: baseline; font-style: italic; font-size: 12px;\">glaseeraine<\/span><span style=\"font-family: Arial; caret-color: rgb(34, 34, 34); color: rgb(34, 34, 34); font-size: 12px;\">&nbsp;<\/span><span style=\"font-family: Arial; caret-color: rgb(34, 34, 34); color: rgb(34, 34, 34); margin: 0px; padding: 0px; border: 0px; outline: 0px; font-stretch: inherit; line-height: inherit; vertical-align: baseline; font-style: italic; font-size: 12px;\">pullulaan<\/span><span style=\"font-family: Arial; caret-color: rgb(34, 34, 34); color: rgb(34, 34, 34); font-size: 12px;\">).&nbsp;<\/span><\/p>\n<p><span style=\"font-family: Arial; caret-color: rgb(34, 34, 34); color: rgb(34, 34, 34); font-size: 12px;\"><br \/><\/span><\/p>\n<ul>\n<li>Oled oodatud tasuta konsultatsioonile MYBODY Audentese kauplusesse,<\/li>\n<li>Asukoht: Audentese Spordikeskus, Tondi 84.<\/li>\n<li>Telefon EST\/RUS\/ENG +372&nbsp;523 1960<\/li>\n<li>Telefon EST\/ENG +372 56&nbsp;458&nbsp;688<\/li>\n<li><a href=\"mailto:info@mybody.ee\">info@mybody.ee<\/a><\/li>\n<li><a href=\"http:\/\/www.facebook.com\/mybody.ee\">www.facebook.com\/mybody.ee<\/a><\/li>\n<\/ul>\n","protected":false},"excerpt":{"rendered":"<p>Ecosh &nbsp;\ufeffKurkumiin+ piperiin Kurkum (Curcuma longa), keskaja Euroopas India safran, on kollajuure perekonda kuuluvate taimeliikide lihavast risoomist saadav kollakas pulber, mis on v\u00e4ga levinud paljudes Aasia k\u00f6\u00f6kides. V\u00e4ga tugeva aroomiga ja m\u00f5rudamaitseline v\u00fcrts sarnaneb ingverijuurele. Kurkumi m\u00fc\u00fcakse harva toorelt, tavaliselt on see eelnevat keedetud, kuivatatud ja siis jahvatatud pulbriks.Kurkum on \u00fcks kasulikumaid ja enim uuritumaid [&hellip;]<\/p>\n","protected":false},"featured_media":0,"comment_status":"open","ping_status":"closed","template":"","meta":{"inline_featured_image":false},"product_cat":[31,32,50],"product_tag":[],"class_list":{"0":"post-973","1":"product","2":"type-product","3":"status-publish","5":"product_cat-vegan","6":"product_cat-mikroelemendid","7":"product_cat-vitamiinid-ja-mineraalid","8":"pa_kunakasutada-uldiselttugevdav","9":"pa_vorm-tablettkapsel","11":"first","12":"instock","13":"shipping-taxable","14":"purchasable","15":"product-type-simple"},"yoast_head":"<!-- This site is optimized with the Yoast SEO plugin v27.3 - https:\/\/yoast.com\/product\/yoast-seo-wordpress\/ -->\n<title>KURKUMIIN + piperiin 90 kapslit - MyBody.ee - Toidulisandid ja sporditarvikud<\/title>\n<meta name=\"description\" content=\"Kurkumiini ja piperiini toetab s\u00fcdame, hingamisteede, seedetrakti ja liigeste normaalset tegevust, kaitseb rakke vabade radikaalide kahjustava m\u00f5ju eest toetades immuuns\u00fcsteemi vastupanuv\u00f5imet, aitab v\u00e4hendada v\u00e4simust ja kurnatust ning toetada vaimset te\" \/>\n<meta name=\"robots\" content=\"index, follow, max-snippet:-1, max-image-preview:large, max-video-preview:-1\" \/>\n<link rel=\"canonical\" href=\"https:\/\/mybody5.ee.mybody.ee\/proov\/product\/kurkumiin-piperiin-90-kapslit-ecosh\/\" \/>\n<meta property=\"og:locale\" content=\"et_EE\" \/>\n<meta property=\"og:type\" content=\"article\" \/>\n<meta property=\"og:title\" content=\"KURKUMIIN + piperiin 90 kapslit - MyBody.ee - Toidulisandid ja sporditarvikud\" \/>\n<meta property=\"og:description\" content=\"Kurkumiini ja piperiini toetab s\u00fcdame, hingamisteede, seedetrakti ja liigeste normaalset tegevust, kaitseb rakke vabade radikaalide kahjustava m\u00f5ju eest toetades immuuns\u00fcsteemi vastupanuv\u00f5imet, aitab v\u00e4hendada v\u00e4simust ja kurnatust ning toetada vaimset te\" \/>\n<meta property=\"og:url\" content=\"https:\/\/mybody5.ee.mybody.ee\/proov\/product\/kurkumiin-piperiin-90-kapslit-ecosh\/\" \/>\n<meta property=\"og:site_name\" content=\"supplero\" \/>\n<meta property=\"article:publisher\" content=\"https:\/\/facebook.com\/MyBody.ee\/\" \/>\n<meta property=\"og:image\" content=\"https:\/\/mybody5.ee.mybody.ee\/proov\/wp-content\/uploads\/2023\/11\/mybody_logo_h65.png\" \/>\n\t<meta property=\"og:image:width\" content=\"229\" \/>\n\t<meta property=\"og:image:height\" content=\"65\" \/>\n\t<meta property=\"og:image:type\" content=\"image\/png\" \/>\n<meta name=\"twitter:card\" content=\"summary_large_image\" \/>\n<meta name=\"twitter:label1\" content=\"Est. reading time\" \/>\n\t<meta name=\"twitter:data1\" content=\"2 minutit\" \/>\n<script type=\"application\/ld+json\" class=\"yoast-schema-graph\">{\"@context\":\"https:\\\/\\\/schema.org\",\"@graph\":[{\"@type\":\"WebPage\",\"@id\":\"https:\\\/\\\/mybody5.ee.mybody.ee\\\/proov\\\/product\\\/kurkumiin-piperiin-90-kapslit-ecosh\\\/\",\"url\":\"https:\\\/\\\/mybody5.ee.mybody.ee\\\/proov\\\/product\\\/kurkumiin-piperiin-90-kapslit-ecosh\\\/\",\"name\":\"KURKUMIIN + piperiin 90 kapslit - MyBody.ee - Toidulisandid ja sporditarvikud\",\"isPartOf\":{\"@id\":\"https:\\\/\\\/mybody5.ee.mybody.ee\\\/proov\\\/#website\"},\"datePublished\":\"2021-03-17T21:44:08+00:00\",\"description\":\"Kurkumiini ja piperiini toetab s\u00fcdame, hingamisteede, seedetrakti ja liigeste normaalset tegevust, kaitseb rakke vabade radikaalide kahjustava m\u00f5ju eest toetades immuuns\u00fcsteemi vastupanuv\u00f5imet, aitab v\u00e4hendada v\u00e4simust ja kurnatust ning toetada vaimset te\",\"breadcrumb\":{\"@id\":\"https:\\\/\\\/mybody5.ee.mybody.ee\\\/proov\\\/product\\\/kurkumiin-piperiin-90-kapslit-ecosh\\\/#breadcrumb\"},\"inLanguage\":\"et\",\"potentialAction\":[{\"@type\":\"ReadAction\",\"target\":[\"https:\\\/\\\/mybody5.ee.mybody.ee\\\/proov\\\/product\\\/kurkumiin-piperiin-90-kapslit-ecosh\\\/\"]}]},{\"@type\":\"BreadcrumbList\",\"@id\":\"https:\\\/\\\/mybody5.ee.mybody.ee\\\/proov\\\/product\\\/kurkumiin-piperiin-90-kapslit-ecosh\\\/#breadcrumb\",\"itemListElement\":[{\"@type\":\"ListItem\",\"position\":1,\"name\":\"Home\",\"item\":\"https:\\\/\\\/mybody5.ee.mybody.ee\\\/proov\\\/\"},{\"@type\":\"ListItem\",\"position\":2,\"name\":\"Shop\",\"item\":\"https:\\\/\\\/mybody5.ee.mybody.ee\\\/proov\\\/shop\\\/\"},{\"@type\":\"ListItem\",\"position\":3,\"name\":\"KURKUMIIN + piperiin 90 kapslit- Ecosh\"}]},{\"@type\":\"WebSite\",\"@id\":\"https:\\\/\\\/mybody5.ee.mybody.ee\\\/proov\\\/#website\",\"url\":\"https:\\\/\\\/mybody5.ee.mybody.ee\\\/proov\\\/\",\"name\":\"MyBody.ee - Toidulisandid ja sporditarvikud\",\"description\":\"Just another WordPress site\",\"publisher\":{\"@id\":\"https:\\\/\\\/mybody5.ee.mybody.ee\\\/proov\\\/#organization\"},\"potentialAction\":[{\"@type\":\"SearchAction\",\"target\":{\"@type\":\"EntryPoint\",\"urlTemplate\":\"https:\\\/\\\/mybody5.ee.mybody.ee\\\/proov\\\/?s={search_term_string}\"},\"query-input\":{\"@type\":\"PropertyValueSpecification\",\"valueRequired\":true,\"valueName\":\"search_term_string\"}}],\"inLanguage\":\"et\"},{\"@type\":\"Organization\",\"@id\":\"https:\\\/\\\/mybody5.ee.mybody.ee\\\/proov\\\/#organization\",\"name\":\"MyBody.ee\",\"url\":\"https:\\\/\\\/mybody5.ee.mybody.ee\\\/proov\\\/\",\"logo\":{\"@type\":\"ImageObject\",\"inLanguage\":\"et\",\"@id\":\"https:\\\/\\\/mybody5.ee.mybody.ee\\\/proov\\\/#\\\/schema\\\/logo\\\/image\\\/\",\"url\":\"https:\\\/\\\/mybody5.ee.mybody.ee\\\/proov\\\/wp-content\\\/uploads\\\/2023\\\/11\\\/mybody_logo_h65-2.png\",\"contentUrl\":\"https:\\\/\\\/mybody5.ee.mybody.ee\\\/proov\\\/wp-content\\\/uploads\\\/2023\\\/11\\\/mybody_logo_h65-2.png\",\"width\":229,\"height\":65,\"caption\":\"MyBody.ee\"},\"image\":{\"@id\":\"https:\\\/\\\/mybody5.ee.mybody.ee\\\/proov\\\/#\\\/schema\\\/logo\\\/image\\\/\"},\"sameAs\":[\"https:\\\/\\\/facebook.com\\\/MyBody.ee\\\/\"]}]}<\/script>\n<!-- \/ Yoast SEO plugin. -->","yoast_head_json":{"title":"KURKUMIIN + piperiin 90 kapslit - MyBody.ee - Toidulisandid ja sporditarvikud","description":"Kurkumiini ja piperiini toetab s\u00fcdame, hingamisteede, seedetrakti ja liigeste normaalset tegevust, kaitseb rakke vabade radikaalide kahjustava m\u00f5ju eest toetades immuuns\u00fcsteemi vastupanuv\u00f5imet, aitab v\u00e4hendada v\u00e4simust ja kurnatust ning toetada vaimset te","robots":{"index":"index","follow":"follow","max-snippet":"max-snippet:-1","max-image-preview":"max-image-preview:large","max-video-preview":"max-video-preview:-1"},"canonical":"https:\/\/mybody5.ee.mybody.ee\/proov\/product\/kurkumiin-piperiin-90-kapslit-ecosh\/","og_locale":"et_EE","og_type":"article","og_title":"KURKUMIIN + piperiin 90 kapslit - MyBody.ee - Toidulisandid ja sporditarvikud","og_description":"Kurkumiini ja piperiini toetab s\u00fcdame, hingamisteede, seedetrakti ja liigeste normaalset tegevust, kaitseb rakke vabade radikaalide kahjustava m\u00f5ju eest toetades immuuns\u00fcsteemi vastupanuv\u00f5imet, aitab v\u00e4hendada v\u00e4simust ja kurnatust ning toetada vaimset te","og_url":"https:\/\/mybody5.ee.mybody.ee\/proov\/product\/kurkumiin-piperiin-90-kapslit-ecosh\/","og_site_name":"supplero","article_publisher":"https:\/\/facebook.com\/MyBody.ee\/","og_image":[{"width":229,"height":65,"url":"https:\/\/mybody5.ee.mybody.ee\/proov\/wp-content\/uploads\/2023\/11\/mybody_logo_h65.png","type":"image\/png"}],"twitter_card":"summary_large_image","twitter_misc":{"Est. reading time":"2 minutit"},"schema":{"@context":"https:\/\/schema.org","@graph":[{"@type":"WebPage","@id":"https:\/\/mybody5.ee.mybody.ee\/proov\/product\/kurkumiin-piperiin-90-kapslit-ecosh\/","url":"https:\/\/mybody5.ee.mybody.ee\/proov\/product\/kurkumiin-piperiin-90-kapslit-ecosh\/","name":"KURKUMIIN + piperiin 90 kapslit - MyBody.ee - Toidulisandid ja sporditarvikud","isPartOf":{"@id":"https:\/\/mybody5.ee.mybody.ee\/proov\/#website"},"datePublished":"2021-03-17T21:44:08+00:00","description":"Kurkumiini ja piperiini toetab s\u00fcdame, hingamisteede, seedetrakti ja liigeste normaalset tegevust, kaitseb rakke vabade radikaalide kahjustava m\u00f5ju eest toetades immuuns\u00fcsteemi vastupanuv\u00f5imet, aitab v\u00e4hendada v\u00e4simust ja kurnatust ning toetada vaimset te","breadcrumb":{"@id":"https:\/\/mybody5.ee.mybody.ee\/proov\/product\/kurkumiin-piperiin-90-kapslit-ecosh\/#breadcrumb"},"inLanguage":"et","potentialAction":[{"@type":"ReadAction","target":["https:\/\/mybody5.ee.mybody.ee\/proov\/product\/kurkumiin-piperiin-90-kapslit-ecosh\/"]}]},{"@type":"BreadcrumbList","@id":"https:\/\/mybody5.ee.mybody.ee\/proov\/product\/kurkumiin-piperiin-90-kapslit-ecosh\/#breadcrumb","itemListElement":[{"@type":"ListItem","position":1,"name":"Home","item":"https:\/\/mybody5.ee.mybody.ee\/proov\/"},{"@type":"ListItem","position":2,"name":"Shop","item":"https:\/\/mybody5.ee.mybody.ee\/proov\/shop\/"},{"@type":"ListItem","position":3,"name":"KURKUMIIN + piperiin 90 kapslit- Ecosh"}]},{"@type":"WebSite","@id":"https:\/\/mybody5.ee.mybody.ee\/proov\/#website","url":"https:\/\/mybody5.ee.mybody.ee\/proov\/","name":"MyBody.ee - Toidulisandid ja sporditarvikud","description":"Just another WordPress site","publisher":{"@id":"https:\/\/mybody5.ee.mybody.ee\/proov\/#organization"},"potentialAction":[{"@type":"SearchAction","target":{"@type":"EntryPoint","urlTemplate":"https:\/\/mybody5.ee.mybody.ee\/proov\/?s={search_term_string}"},"query-input":{"@type":"PropertyValueSpecification","valueRequired":true,"valueName":"search_term_string"}}],"inLanguage":"et"},{"@type":"Organization","@id":"https:\/\/mybody5.ee.mybody.ee\/proov\/#organization","name":"MyBody.ee","url":"https:\/\/mybody5.ee.mybody.ee\/proov\/","logo":{"@type":"ImageObject","inLanguage":"et","@id":"https:\/\/mybody5.ee.mybody.ee\/proov\/#\/schema\/logo\/image\/","url":"https:\/\/mybody5.ee.mybody.ee\/proov\/wp-content\/uploads\/2023\/11\/mybody_logo_h65-2.png","contentUrl":"https:\/\/mybody5.ee.mybody.ee\/proov\/wp-content\/uploads\/2023\/11\/mybody_logo_h65-2.png","width":229,"height":65,"caption":"MyBody.ee"},"image":{"@id":"https:\/\/mybody5.ee.mybody.ee\/proov\/#\/schema\/logo\/image\/"},"sameAs":["https:\/\/facebook.com\/MyBody.ee\/"]}]}},"_links":{"self":[{"href":"https:\/\/mybody5.ee.mybody.ee\/proov\/wp-json\/wp\/v2\/product\/973","targetHints":{"allow":["GET"]}}],"collection":[{"href":"https:\/\/mybody5.ee.mybody.ee\/proov\/wp-json\/wp\/v2\/product"}],"about":[{"href":"https:\/\/mybody5.ee.mybody.ee\/proov\/wp-json\/wp\/v2\/types\/product"}],"replies":[{"embeddable":true,"href":"https:\/\/mybody5.ee.mybody.ee\/proov\/wp-json\/wp\/v2\/comments?post=973"}],"wp:attachment":[{"href":"https:\/\/mybody5.ee.mybody.ee\/proov\/wp-json\/wp\/v2\/media?parent=973"}],"wp:term":[{"taxonomy":"product_cat","embeddable":true,"href":"https:\/\/mybody5.ee.mybody.ee\/proov\/wp-json\/wp\/v2\/product_cat?post=973"},{"taxonomy":"product_tag","embeddable":true,"href":"https:\/\/mybody5.ee.mybody.ee\/proov\/wp-json\/wp\/v2\/product_tag?post=973"}],"curies":[{"name":"wp","href":"https:\/\/api.w.org\/{rel}","templated":true}]}}