{"id":976,"date":"2021-03-20T10:28:38","date_gmt":"2021-03-20T10:28:38","guid":{"rendered":"https:\/\/mybody5.ee.mybody.ee\/proov\/product\/all-stars-energy-bcaa-acai-marja-330ml-funktsionaalne-ergutav-ja-lihastaastumist-soodustav-jook-ee\/"},"modified":"2021-03-20T10:28:38","modified_gmt":"2021-03-20T10:28:38","slug":"all-stars-energy-bcaa-acai-marja-330ml-funktsionaalne-ergutav-ja-lihastaastumist-soodustav-jook-ee","status":"publish","type":"product","link":"https:\/\/mybody5.ee.mybody.ee\/proov\/product\/all-stars-energy-bcaa-acai-marja-330ml-funktsionaalne-ergutav-ja-lihastaastumist-soodustav-jook-ee\/","title":{"rendered":"All Stars Energy BCAA Acai marja 330ml &#8211;  funktsionaalne ergutav ja lihastaastumist soodustav jook"},"content":{"rendered":"<p style=\"caret-color: rgb(0, 0, 0); text-size-adjust: auto;\"><strong>All Stars Energy BCAA&nbsp;<\/strong>&nbsp;on funktsionaalne ergutav ja rasvap\u00f5letust soodustav BCAA aminohapete, b-r\u00fchma vitamiinide, kofeiini ning niatsiiniga rikastatud jook. Energy BCAA on karboniseeritud ning 100% suhkruvaba.<br \/><strong style=\"line-height: 1.6em;\">BCAA<\/strong><span style=\"line-height: 1.6em;\">&nbsp;(branched-chain amino acids) t\u00e4histab hargnenud ahelaga aminohappeid ehk valiini, leutsiini ja isoleutsiini. BCAA aminohapped suurendavad nii j\u00f5udu kui ka vastupidavust suurte koormustega treenivatel inimestel.<\/span><\/p>\n<p style=\"caret-color: rgb(0, 0, 0); text-size-adjust: auto;\"><span style=\"line-height: 1.6em;\"><strong style=\"text-align: justify;\">B3-vitamiin ehk niatsiin&nbsp;<\/strong><span style=\"text-align: justify;\">toetab rasvade ja s\u00fcsivesikute ainevahetust ning valkude s\u00fcnteesi, osaleb n\u00e4rvis\u00fcsteemi ja lihaste talitluses, naha ning seedeelunkonna kudede \u00f5iges moodustamises ja s\u00e4ilitamises ning naha armkohe parandamises, kolesterooli ning trigl\u00fctseriidide taseme langetamises veres.&nbsp;<\/span><\/span><\/p>\n<p style=\"caret-color: rgb(0, 0, 0); text-size-adjust: auto;\"><span style=\"line-height: 1.6em;\"><strong style=\"text-align: justify;\">B6-vitamiini<\/strong><span style=\"text-align: justify;\">&nbsp;puudus takistab kehas \u00f5nnehormoonina tuntud serontoniini tootmist. Ta on kriitilise t\u00e4htsusega hormoonide tasakaalu ja immunfunktsiooni s\u00e4ilitamisel. B6-vitamiini varusid t\u00fchendab peamiselt stress ja \u00e4revus.<\/span><\/span><\/p>\n<p style=\"caret-color: rgb(0, 0, 0); text-size-adjust: auto; text-align: justify;\"><strong>B7-vitamiin ehk biotiin&nbsp;<\/strong>osaleb naha, juuste, n\u00e4rvide taastamise protsessides on ta \u00fcks t\u00e4htsamaid vitamiine rakkude kasvamise ja uunemise juures.<\/p>\n<p style=\"caret-color: rgb(0, 0, 0); text-size-adjust: auto;\"><strong style=\"line-height: 1.6em;\">B9-vitamiin ehk foolhape<\/strong><span style=\"line-height: 1.6em;\">&nbsp;toimib s\u00fcnergias teiste b-r\u00fchma vitamiinidega eriti koos B12 vitamiiniga. Kuigi foolhapet leidub paljudes toiduainetes, kaob kehast kergesti. M\u00f5nedes allikates peetakse foolhapet ka aju vitamiiniks.&nbsp;<\/span><\/p>\n<p style=\"caret-color: rgb(0, 0, 0); text-size-adjust: auto;\"><span style=\"line-height: 1.6em;\"><b>B12-vitamiin<\/b>&nbsp;\u00e4\u00e4retult oluline normaalseks vereloomeks ja neuroloogiliseks talitluseks.&nbsp;<\/span><\/p>\n<p style=\"caret-color: rgb(0, 0, 0); text-size-adjust: auto;\"><strong style=\"line-height: 1.6em;\">Kofeiin&nbsp;<\/strong><span style=\"line-height: 1.6em;\">t\u00f5stab vaimset v\u00f5imekust ja aitab t\u00f5rjuda uimasust f\u00fc\u00fcsilise aktiivsuse ajal<\/span><\/p>\n<h3 style=\"font-family: &quot;Open Sans&quot;, sans-serif; color: rgb(0, 0, 0); caret-color: rgb(0, 0, 0); text-size-adjust: auto;\">Aktiivsed koostisosad<\/h3>\n<ul style=\"caret-color: rgb(0, 0, 0); text-size-adjust: auto;\">\n<li style=\"text-align: justify;\">3000 mg BCAAd<\/li>\n<li style=\"text-align: justify;\">12,5 mg niatsiini B3<\/li>\n<li style=\"text-align: justify;\">2,8 mcg vitamiin B12<\/li>\n<li style=\"text-align: justify;\">99 mcg foolhape B9<\/li>\n<li style=\"text-align: justify;\">1,4mg vitamiin B6<\/li>\n<\/ul>\n<h3 style=\"font-family: &quot;Open Sans&quot;, sans-serif; color: rgb(0, 0, 0); caret-color: rgb(0, 0, 0); text-size-adjust: auto; text-align: justify;\">Toote omadused<\/h3>\n<ul style=\"caret-color: rgb(0, 0, 0); text-size-adjust: auto;\">\n<li>Parandab keskendumist, t\u00f5stab energiataset<\/li>\n<li>Parandab lihaste varustatust toitainete ja hapnikuga<\/li>\n<li>Aeglustab lihaste treeningaegset v\u00e4simist<\/li>\n<li>Soodustab rasvap\u00f5letust<\/li>\n<\/ul>\n<h3 style=\"font-family: &quot;Open Sans&quot;, sans-serif; color: rgb(0, 0, 0); caret-color: rgb(0, 0, 0); text-size-adjust: auto;\"><span style=\"line-height: 1.6em;\">Millal juua Energy BCAA jooki?<\/span><\/h3>\n<p style=\"caret-color: rgb(0, 0, 0); text-size-adjust: auto; text-align: justify;\">Energy BCAA jooki soovitame juua enne treeningut ja ka treeningu ajal, et t\u00f5sta treeningu efektiivsust.<\/p>\n<h3 style=\"font-family: &quot;Open Sans&quot;, sans-serif; color: rgb(0, 0, 0); caret-color: rgb(0, 0, 0); text-size-adjust: auto; text-align: justify;\">Kellele sobib?<\/h3>\n<p style=\"caret-color: rgb(0, 0, 0); text-size-adjust: auto; text-align: justify;\"><strong>All Stars Energy BCAA<\/strong>&nbsp;sobib k\u00f5ikide&nbsp;alade esindajatele, sest omab positiivset efekti igasuguste f\u00fc\u00fcsiliste koormuste puhul.<strong>&nbsp;<\/strong><strong>All Stars Energy BCAA<\/strong>&nbsp;sobib seega h\u00e4sti nii j\u00f5u-, kiirus- kui ka vastupidavusalade sportlastele.<\/p>\n<h3 style=\"font-family: &quot;Open Sans&quot;, sans-serif; color: rgb(0, 0, 0); caret-color: rgb(0, 0, 0); text-size-adjust: auto; text-align: justify;\">Pakend<span style=\"font-size: 12px;\"><span style=\"font-family: arial, helvetica, sans-serif;\">:&nbsp;330ml<\/span><\/span><\/h3>\n<h3 style=\"font-family: &quot;Open Sans&quot;, sans-serif; color: rgb(0, 0, 0); caret-color: rgb(0, 0, 0); text-size-adjust: auto; text-align: justify;\"><span style=\"line-height: 1.2em;\">Maitse<\/span><span style=\"line-height: 1.2em; font-size: 12px;\"><span style=\"font-family: arial, helvetica, sans-serif;\">: caribbean sidruni, troopiline puhang, acai marja<\/span><\/span><\/h3>\n<h3 style=\"font-family: &quot;Open Sans&quot;, sans-serif; color: rgb(0, 0, 0); caret-color: rgb(0, 0, 0); text-size-adjust: auto; text-align: justify;\"><img decoding=\"async\" src=\"https:\/\/mybody.ee\/image\/catalog\/All Stars\/Slider_BCAA-Energy_1160-x-600-acai.jpeg\" style=\"width: 784px;\"><span style=\"line-height: 1.2em; font-size: 12px;\"><span style=\"font-family: arial, helvetica, sans-serif;\"><br \/><\/span><\/span><\/h3>\n<table border=\"1\" cellpadding=\"1\" cellspacing=\"1\" style=\"background-color: rgb(255, 255, 255); caret-color: rgb(0, 0, 0); text-indent: 0px; text-size-adjust: auto; width: 500px;\">\n<tbody>\n<tr>\n<td colspan=\"3\" style=\"text-align: justify;\"><strong>Energy BCAA<\/strong><span style=\"font-size: 12px;\"><span style=\"font-family: arial, helvetica, sans-serif;\"><strong>&nbsp;toitev\u00e4\u00e4rtus<\/strong>&nbsp;<strong>100ml<\/strong>: Energiat 6 kcal, valke 1,9 g, s\u00fcsivesikuid 0 g, rasvu 0 g, soola 0,0 g<\/span><\/span><br \/><strong>Energy BCAA<\/strong><span style=\"font-size: 12px;\"><span style=\"font-family: arial, helvetica, sans-serif;\"><strong>&nbsp;toitev\u00e4\u00e4rtus<\/strong>&nbsp;<strong>330ml<\/strong>: Energiat 19,8 kcal, valke 3 g, s\u00fcsivesikuid 0 g, rasvu 0 g, soola 0,0 g<\/span><\/span><\/td>\n<\/tr>\n<tr>\n<td style=\"text-align: justify;\"><strong>Energy BCAA<\/strong><strong>&nbsp;aktiivsed koostisosad<\/strong><\/td>\n<td style=\"text-align: justify;\"><strong>100 ml<\/strong><\/td>\n<td style=\"text-align: justify;\"><strong>330 ml<\/strong><\/td>\n<\/tr>\n<tr>\n<td style=\"text-align: justify;\"><span style=\"font-size: 12px;\"><span style=\"font-family: arial, helvetica, sans-serif;\"><strong>Vitamiin B3 (niatsiin)<br \/>Vitamiin B6<br \/>Vitamiin B7&nbsp;<br \/>Vitamiin B9 (foolhape)<br \/>Vitamiin B12&nbsp;<\/strong><\/span><\/span><\/td>\n<td style=\"text-align: justify;\">3,8 mg 24%<br \/>0,42 mg 30%<br \/>15 mcg 30%<br \/>30 mcg 15%<br \/>0,75 mcg 30%<\/td>\n<td style=\"text-align: justify;\">12,5 mg 80%<br \/>1,4 mg 100%<br \/>49,5 mg 200%<br \/>99 mcg 100%<br \/>2,5 mcg 100%<\/td>\n<\/tr>\n<tr>\n<td style=\"text-align: justify;\"><span style=\"line-height: 20.8px; font-family: arial, helvetica, sans-serif; font-size: 12px;\"><strong>L-leutsiin (BCAA)<br \/>L-isoleutsiin (BCAA)<br \/>L-valiin (BCAA)<br \/>Kofeiin<\/strong><\/span><\/td>\n<td style=\"text-align: justify;\"><span style=\"line-height: 20.8px; font-size: 12px;\"><span style=\"font-family: arial, helvetica, sans-serif;\">455 mg<\/span><\/span><br style=\"line-height: 20.8px;\"><span style=\"line-height: 20.8px;\">227 mg<\/span><br style=\"line-height: 20.8px;\"><span style=\"line-height: 20.8px;\">227 mg<\/span><br style=\"line-height: 20.8px;\"><span style=\"line-height: 20.8px; font-size: 12px;\"><span style=\"font-family: arial, helvetica, sans-serif;\">32 mg<\/span><\/span><\/td>\n<td style=\"text-align: justify;\"><span style=\"line-height: 20.8px;\">1500 mg<\/span><br style=\"line-height: 20.8px;\"><span style=\"line-height: 20.8px;\">750 mg<\/span><br style=\"line-height: 20.8px;\"><span style=\"line-height: 20.8px;\">750 mg<\/span><br style=\"line-height: 20.8px;\"><span style=\"line-height: 20.8px;\">105 mg<\/span><\/td>\n<\/tr>\n<tr>\n<td colspan=\"3\" style=\"text-align: justify;\"><span style=\"font-size: 10px;\">Koostis: karboniseeritud vesi, BCAA leutsiin 0,45% isoleutsiin 0,23% valiniin 0,23%, sidrunhape, kofeiin, naturaalsed maitseained, v\u00e4rv: beetakaroteen, magustaja: sukraloos, antioksidant askorbiinhape, niatsiin, pantoteenhappe, B3, B7, B6, B9, B12,&nbsp;<\/span><\/td>\n<\/tr>\n<\/tbody>\n<\/table>\n<p style=\"caret-color: rgb(0, 0, 0); text-size-adjust: auto; text-align: justify;\">Konsultatsioon<\/p>\n<ul style=\"caret-color: rgb(0, 0, 0); text-size-adjust: auto;\">\n<li style=\"text-align: justify;\"><span style=\"font-size: 12px;\"><span style=\"font-family: arial, helvetica, sans-serif;\">Oled oodatud tasuta konsultatsioonile MYBODY Audentese kauplusesse,<\/span><\/span><\/li>\n<li style=\"text-align: justify;\"><span style=\"font-size: 12px;\"><span style=\"font-family: arial, helvetica, sans-serif;\">Asukoht: Audentese Spordikeskus, Tondi 84.<\/span><\/span><\/li>\n<li style=\"text-align: justify;\"><span style=\"font-size: 12px;\"><span style=\"font-family: arial, helvetica, sans-serif;\">Telefon EST\/RUS\/ENG +372&nbsp;523 1960<\/span><\/span><\/li>\n<li style=\"text-align: justify;\"><span style=\"font-size: 12px;\"><span style=\"font-family: arial, helvetica, sans-serif;\">Telefon EST\/ENG +372 56&nbsp;458&nbsp;688<\/span><\/span><\/li>\n<li style=\"text-align: justify;\"><span style=\"font-size: 12px;\"><span style=\"font-family: arial, helvetica, sans-serif;\"><a href=\"mailto:info@mybody.ee\">info@mybody.ee<\/a><\/span><\/span><\/li>\n<li style=\"text-align: justify;\"><span style=\"font-size: 12px;\"><span style=\"font-family: arial, helvetica, sans-serif;\"><a href=\"http:\/\/www.facebook.com\/mybody.ee\">www.facebook.com\/mybody.ee<\/a><\/span><\/span><\/li>\n<\/ul>\n<ul> <\/ul>\n","protected":false},"excerpt":{"rendered":"<p>All Stars Energy BCAA&nbsp;&nbsp;on funktsionaalne ergutav ja rasvap\u00f5letust soodustav BCAA aminohapete, b-r\u00fchma vitamiinide, kofeiini ning niatsiiniga rikastatud jook. Energy BCAA on karboniseeritud ning 100% suhkruvaba.BCAA&nbsp;(branched-chain amino acids) t\u00e4histab hargnenud ahelaga aminohappeid ehk valiini, leutsiini ja isoleutsiini. BCAA aminohapped suurendavad nii j\u00f5udu kui ka vastupidavust suurte koormustega treenivatel inimestel. B3-vitamiin ehk niatsiin&nbsp;toetab rasvade ja s\u00fcsivesikute ainevahetust [&hellip;]<\/p>\n","protected":false},"featured_media":0,"comment_status":"open","ping_status":"closed","template":"","meta":{"inline_featured_image":false},"product_cat":[48,17,20],"product_tag":[],"class_list":{"0":"post-976","1":"product","2":"type-product","3":"status-publish","5":"product_cat-aminohapete-segud","6":"product_cat-aminohapped","7":"product_cat-energia-vastupidavus","8":"pa_kunakasutada-trenniajal","9":"pa_vorm-vedelik","11":"first","12":"instock","13":"shipping-taxable","14":"purchasable","15":"product-type-simple"},"yoast_head":"<!-- This site is optimized with the Yoast SEO plugin v27.3 - https:\/\/yoast.com\/product\/yoast-seo-wordpress\/ -->\n<title>Self Omninutrition BCAA 5000 - funktsionaalne ergutav ja rasvap\u00f5letust soodustav jook - MyBody.ee - Toidulisandid ja sporditarvikud<\/title>\n<meta name=\"description\" content=\"BCAA 5000 on funktsionaalne ergutav ja rasvap\u00f5letust soodustav BCAA\" \/>\n<meta name=\"robots\" content=\"index, follow, max-snippet:-1, max-image-preview:large, max-video-preview:-1\" \/>\n<link rel=\"canonical\" href=\"https:\/\/mybody5.ee.mybody.ee\/proov\/product\/all-stars-energy-bcaa-acai-marja-330ml-funktsionaalne-ergutav-ja-lihastaastumist-soodustav-jook-ee\/\" \/>\n<meta property=\"og:locale\" content=\"et_EE\" \/>\n<meta property=\"og:type\" content=\"article\" \/>\n<meta property=\"og:title\" content=\"Self Omninutrition BCAA 5000 - funktsionaalne ergutav ja rasvap\u00f5letust soodustav jook - MyBody.ee - Toidulisandid ja sporditarvikud\" \/>\n<meta property=\"og:description\" content=\"BCAA 5000 on funktsionaalne ergutav ja rasvap\u00f5letust soodustav BCAA\" \/>\n<meta property=\"og:url\" content=\"https:\/\/mybody5.ee.mybody.ee\/proov\/product\/all-stars-energy-bcaa-acai-marja-330ml-funktsionaalne-ergutav-ja-lihastaastumist-soodustav-jook-ee\/\" \/>\n<meta property=\"og:site_name\" content=\"supplero\" \/>\n<meta property=\"article:publisher\" content=\"https:\/\/facebook.com\/MyBody.ee\/\" \/>\n<meta property=\"og:image\" content=\"https:\/\/mybody5.ee.mybody.ee\/proov\/wp-content\/uploads\/2023\/11\/mybody_logo_h65.png\" \/>\n\t<meta property=\"og:image:width\" content=\"229\" \/>\n\t<meta property=\"og:image:height\" content=\"65\" \/>\n\t<meta property=\"og:image:type\" content=\"image\/png\" \/>\n<meta name=\"twitter:card\" content=\"summary_large_image\" \/>\n<meta name=\"twitter:label1\" content=\"Est. reading time\" \/>\n\t<meta name=\"twitter:data1\" content=\"2 minutit\" \/>\n<script type=\"application\/ld+json\" class=\"yoast-schema-graph\">{\"@context\":\"https:\\\/\\\/schema.org\",\"@graph\":[{\"@type\":\"WebPage\",\"@id\":\"https:\\\/\\\/mybody5.ee.mybody.ee\\\/proov\\\/product\\\/all-stars-energy-bcaa-acai-marja-330ml-funktsionaalne-ergutav-ja-lihastaastumist-soodustav-jook-ee\\\/\",\"url\":\"https:\\\/\\\/mybody5.ee.mybody.ee\\\/proov\\\/product\\\/all-stars-energy-bcaa-acai-marja-330ml-funktsionaalne-ergutav-ja-lihastaastumist-soodustav-jook-ee\\\/\",\"name\":\"Self Omninutrition BCAA 5000 - funktsionaalne ergutav ja rasvap\u00f5letust soodustav jook - MyBody.ee - Toidulisandid ja sporditarvikud\",\"isPartOf\":{\"@id\":\"https:\\\/\\\/mybody5.ee.mybody.ee\\\/proov\\\/#website\"},\"datePublished\":\"2021-03-20T10:28:38+00:00\",\"description\":\"BCAA 5000 on funktsionaalne ergutav ja rasvap\u00f5letust soodustav BCAA\",\"breadcrumb\":{\"@id\":\"https:\\\/\\\/mybody5.ee.mybody.ee\\\/proov\\\/product\\\/all-stars-energy-bcaa-acai-marja-330ml-funktsionaalne-ergutav-ja-lihastaastumist-soodustav-jook-ee\\\/#breadcrumb\"},\"inLanguage\":\"et\",\"potentialAction\":[{\"@type\":\"ReadAction\",\"target\":[\"https:\\\/\\\/mybody5.ee.mybody.ee\\\/proov\\\/product\\\/all-stars-energy-bcaa-acai-marja-330ml-funktsionaalne-ergutav-ja-lihastaastumist-soodustav-jook-ee\\\/\"]}]},{\"@type\":\"BreadcrumbList\",\"@id\":\"https:\\\/\\\/mybody5.ee.mybody.ee\\\/proov\\\/product\\\/all-stars-energy-bcaa-acai-marja-330ml-funktsionaalne-ergutav-ja-lihastaastumist-soodustav-jook-ee\\\/#breadcrumb\",\"itemListElement\":[{\"@type\":\"ListItem\",\"position\":1,\"name\":\"Home\",\"item\":\"https:\\\/\\\/mybody5.ee.mybody.ee\\\/proov\\\/\"},{\"@type\":\"ListItem\",\"position\":2,\"name\":\"Shop\",\"item\":\"https:\\\/\\\/mybody5.ee.mybody.ee\\\/proov\\\/shop\\\/\"},{\"@type\":\"ListItem\",\"position\":3,\"name\":\"All Stars Energy BCAA Acai marja 330ml &#8211; funktsionaalne ergutav ja lihastaastumist soodustav jook\"}]},{\"@type\":\"WebSite\",\"@id\":\"https:\\\/\\\/mybody5.ee.mybody.ee\\\/proov\\\/#website\",\"url\":\"https:\\\/\\\/mybody5.ee.mybody.ee\\\/proov\\\/\",\"name\":\"MyBody.ee - Toidulisandid ja sporditarvikud\",\"description\":\"Just another WordPress site\",\"publisher\":{\"@id\":\"https:\\\/\\\/mybody5.ee.mybody.ee\\\/proov\\\/#organization\"},\"potentialAction\":[{\"@type\":\"SearchAction\",\"target\":{\"@type\":\"EntryPoint\",\"urlTemplate\":\"https:\\\/\\\/mybody5.ee.mybody.ee\\\/proov\\\/?s={search_term_string}\"},\"query-input\":{\"@type\":\"PropertyValueSpecification\",\"valueRequired\":true,\"valueName\":\"search_term_string\"}}],\"inLanguage\":\"et\"},{\"@type\":\"Organization\",\"@id\":\"https:\\\/\\\/mybody5.ee.mybody.ee\\\/proov\\\/#organization\",\"name\":\"MyBody.ee\",\"url\":\"https:\\\/\\\/mybody5.ee.mybody.ee\\\/proov\\\/\",\"logo\":{\"@type\":\"ImageObject\",\"inLanguage\":\"et\",\"@id\":\"https:\\\/\\\/mybody5.ee.mybody.ee\\\/proov\\\/#\\\/schema\\\/logo\\\/image\\\/\",\"url\":\"https:\\\/\\\/mybody5.ee.mybody.ee\\\/proov\\\/wp-content\\\/uploads\\\/2023\\\/11\\\/mybody_logo_h65-2.png\",\"contentUrl\":\"https:\\\/\\\/mybody5.ee.mybody.ee\\\/proov\\\/wp-content\\\/uploads\\\/2023\\\/11\\\/mybody_logo_h65-2.png\",\"width\":229,\"height\":65,\"caption\":\"MyBody.ee\"},\"image\":{\"@id\":\"https:\\\/\\\/mybody5.ee.mybody.ee\\\/proov\\\/#\\\/schema\\\/logo\\\/image\\\/\"},\"sameAs\":[\"https:\\\/\\\/facebook.com\\\/MyBody.ee\\\/\"]}]}<\/script>\n<!-- \/ Yoast SEO plugin. -->","yoast_head_json":{"title":"Self Omninutrition BCAA 5000 - funktsionaalne ergutav ja rasvap\u00f5letust soodustav jook - MyBody.ee - Toidulisandid ja sporditarvikud","description":"BCAA 5000 on funktsionaalne ergutav ja rasvap\u00f5letust soodustav BCAA","robots":{"index":"index","follow":"follow","max-snippet":"max-snippet:-1","max-image-preview":"max-image-preview:large","max-video-preview":"max-video-preview:-1"},"canonical":"https:\/\/mybody5.ee.mybody.ee\/proov\/product\/all-stars-energy-bcaa-acai-marja-330ml-funktsionaalne-ergutav-ja-lihastaastumist-soodustav-jook-ee\/","og_locale":"et_EE","og_type":"article","og_title":"Self Omninutrition BCAA 5000 - funktsionaalne ergutav ja rasvap\u00f5letust soodustav jook - MyBody.ee - Toidulisandid ja sporditarvikud","og_description":"BCAA 5000 on funktsionaalne ergutav ja rasvap\u00f5letust soodustav BCAA","og_url":"https:\/\/mybody5.ee.mybody.ee\/proov\/product\/all-stars-energy-bcaa-acai-marja-330ml-funktsionaalne-ergutav-ja-lihastaastumist-soodustav-jook-ee\/","og_site_name":"supplero","article_publisher":"https:\/\/facebook.com\/MyBody.ee\/","og_image":[{"width":229,"height":65,"url":"https:\/\/mybody5.ee.mybody.ee\/proov\/wp-content\/uploads\/2023\/11\/mybody_logo_h65.png","type":"image\/png"}],"twitter_card":"summary_large_image","twitter_misc":{"Est. reading time":"2 minutit"},"schema":{"@context":"https:\/\/schema.org","@graph":[{"@type":"WebPage","@id":"https:\/\/mybody5.ee.mybody.ee\/proov\/product\/all-stars-energy-bcaa-acai-marja-330ml-funktsionaalne-ergutav-ja-lihastaastumist-soodustav-jook-ee\/","url":"https:\/\/mybody5.ee.mybody.ee\/proov\/product\/all-stars-energy-bcaa-acai-marja-330ml-funktsionaalne-ergutav-ja-lihastaastumist-soodustav-jook-ee\/","name":"Self Omninutrition BCAA 5000 - funktsionaalne ergutav ja rasvap\u00f5letust soodustav jook - MyBody.ee - Toidulisandid ja sporditarvikud","isPartOf":{"@id":"https:\/\/mybody5.ee.mybody.ee\/proov\/#website"},"datePublished":"2021-03-20T10:28:38+00:00","description":"BCAA 5000 on funktsionaalne ergutav ja rasvap\u00f5letust soodustav BCAA","breadcrumb":{"@id":"https:\/\/mybody5.ee.mybody.ee\/proov\/product\/all-stars-energy-bcaa-acai-marja-330ml-funktsionaalne-ergutav-ja-lihastaastumist-soodustav-jook-ee\/#breadcrumb"},"inLanguage":"et","potentialAction":[{"@type":"ReadAction","target":["https:\/\/mybody5.ee.mybody.ee\/proov\/product\/all-stars-energy-bcaa-acai-marja-330ml-funktsionaalne-ergutav-ja-lihastaastumist-soodustav-jook-ee\/"]}]},{"@type":"BreadcrumbList","@id":"https:\/\/mybody5.ee.mybody.ee\/proov\/product\/all-stars-energy-bcaa-acai-marja-330ml-funktsionaalne-ergutav-ja-lihastaastumist-soodustav-jook-ee\/#breadcrumb","itemListElement":[{"@type":"ListItem","position":1,"name":"Home","item":"https:\/\/mybody5.ee.mybody.ee\/proov\/"},{"@type":"ListItem","position":2,"name":"Shop","item":"https:\/\/mybody5.ee.mybody.ee\/proov\/shop\/"},{"@type":"ListItem","position":3,"name":"All Stars Energy BCAA Acai marja 330ml &#8211; funktsionaalne ergutav ja lihastaastumist soodustav jook"}]},{"@type":"WebSite","@id":"https:\/\/mybody5.ee.mybody.ee\/proov\/#website","url":"https:\/\/mybody5.ee.mybody.ee\/proov\/","name":"MyBody.ee - Toidulisandid ja sporditarvikud","description":"Just another WordPress site","publisher":{"@id":"https:\/\/mybody5.ee.mybody.ee\/proov\/#organization"},"potentialAction":[{"@type":"SearchAction","target":{"@type":"EntryPoint","urlTemplate":"https:\/\/mybody5.ee.mybody.ee\/proov\/?s={search_term_string}"},"query-input":{"@type":"PropertyValueSpecification","valueRequired":true,"valueName":"search_term_string"}}],"inLanguage":"et"},{"@type":"Organization","@id":"https:\/\/mybody5.ee.mybody.ee\/proov\/#organization","name":"MyBody.ee","url":"https:\/\/mybody5.ee.mybody.ee\/proov\/","logo":{"@type":"ImageObject","inLanguage":"et","@id":"https:\/\/mybody5.ee.mybody.ee\/proov\/#\/schema\/logo\/image\/","url":"https:\/\/mybody5.ee.mybody.ee\/proov\/wp-content\/uploads\/2023\/11\/mybody_logo_h65-2.png","contentUrl":"https:\/\/mybody5.ee.mybody.ee\/proov\/wp-content\/uploads\/2023\/11\/mybody_logo_h65-2.png","width":229,"height":65,"caption":"MyBody.ee"},"image":{"@id":"https:\/\/mybody5.ee.mybody.ee\/proov\/#\/schema\/logo\/image\/"},"sameAs":["https:\/\/facebook.com\/MyBody.ee\/"]}]}},"_links":{"self":[{"href":"https:\/\/mybody5.ee.mybody.ee\/proov\/wp-json\/wp\/v2\/product\/976","targetHints":{"allow":["GET"]}}],"collection":[{"href":"https:\/\/mybody5.ee.mybody.ee\/proov\/wp-json\/wp\/v2\/product"}],"about":[{"href":"https:\/\/mybody5.ee.mybody.ee\/proov\/wp-json\/wp\/v2\/types\/product"}],"replies":[{"embeddable":true,"href":"https:\/\/mybody5.ee.mybody.ee\/proov\/wp-json\/wp\/v2\/comments?post=976"}],"wp:attachment":[{"href":"https:\/\/mybody5.ee.mybody.ee\/proov\/wp-json\/wp\/v2\/media?parent=976"}],"wp:term":[{"taxonomy":"product_cat","embeddable":true,"href":"https:\/\/mybody5.ee.mybody.ee\/proov\/wp-json\/wp\/v2\/product_cat?post=976"},{"taxonomy":"product_tag","embeddable":true,"href":"https:\/\/mybody5.ee.mybody.ee\/proov\/wp-json\/wp\/v2\/product_tag?post=976"}],"curies":[{"name":"wp","href":"https:\/\/api.w.org\/{rel}","templated":true}]}}