{"id":979,"date":"2021-03-20T10:29:23","date_gmt":"2021-03-20T10:29:23","guid":{"rendered":"https:\/\/mybody5.ee.mybody.ee\/proov\/product\/self-sodavit-immune-system-330ml-immuunsusteemi-toetav-jook\/"},"modified":"2021-03-20T10:29:23","modified_gmt":"2021-03-20T10:29:23","slug":"self-sodavit-immune-system-330ml-immuunsusteemi-toetav-jook","status":"publish","type":"product","link":"https:\/\/mybody5.ee.mybody.ee\/proov\/product\/self-sodavit-immune-system-330ml-immuunsusteemi-toetav-jook\/","title":{"rendered":"SELF SodaVit Immune System 330ml &#8211;  immuuns\u00fcsteemi toetav jook"},"content":{"rendered":"<p style=\"text-size-adjust: auto;\"><font face=\"Arial\"><b>SELF SodaVit Immune System&nbsp;<\/b><span style=\"caret-color: rgb(0, 0, 0);\">on funktsionaalne immuuns\u00fcsteemi tugevdav jook. Milles on vitamiin C, B-r\u00fchma vitamiin B12, mineraal tsink, Vitamiin D, Vitamiin E ja Soda.&nbsp;<\/span><b>SodaVit Immune System<\/b><span style=\"caret-color: rgb(0, 0, 0);\">&nbsp;on karboniseeritud ning 100% suhkruvaba.<br \/><\/span><\/font><\/p>\n<p style=\"caret-color: rgb(0, 0, 0); text-size-adjust: auto;\"><font face=\"Arial\"><span style=\"line-height: 1.6em;\"><strong style=\"text-align: justify;\">C-vitamiin <\/strong><\/span><span style=\"font-size: 14px;\">on vajalik organismi vastupanuv\u00f5ime t\u00f5stmiseks, kevadv\u00e4simuse ja stressi peletamiseks. Lisaks tugevdab immuunsust ja parandab \u00fcldist heaolu.<\/span><span style=\"font-size: 14px;\">&nbsp;Parandab raua omastamist, toetav aju normaalset funktioneerimist.<\/span><\/font><\/p>\n<p style=\"caret-color: rgb(0, 0, 0); text-size-adjust: auto;\"><font face=\"Arial\"><span style=\"line-height: 1.6em;\"><strong style=\"text-align: justify;\">Tsink mineraal, <\/strong><\/span><span style=\"font-size: 14px;\">osaleb enam kui saja ens\u00fc\u00fcmi aktiveerimisel, rakkude kasvamises ning haavade paranemises, vereloomes, organismi kasvus ja arengus, valkude, sperma ja DNA s\u00fcnteesis, immuns\u00fcsteemi t\u00f6\u00f6s, <b>maitsmis- ning haistmismeele<\/b> normaalse toimimise tagamisel ja teiste mikrotoitainete ainevahetuses. Tsink toimib antioks\u00fcdandina, osaleb insuliini s\u00fcnteesimisel, s\u00e4ilitamisel ja vabastamisel, m\u00f5jutab kilpn\u00e4\u00e4rme hormooni t\u00f6\u00f6d.<\/span><span style=\"font-size: 14px;\">&nbsp;<\/span><br \/><\/font><\/p>\n<p style=\"caret-color: rgb(0, 0, 0); text-size-adjust: auto; text-align: justify;\"><font face=\"Arial\"><strong>A-vitamiini&nbsp;<\/strong>on vaja n\u00e4gemisprotsessiks, limaskestade normaalseks arenguks(oluline roll infektsioonide vastu, antioks\u00fcdantseks regulatsiooniks ja organismi viljastusv\u00f5ime tagamiseks.<\/font><\/p>\n<p style=\"caret-color: rgb(0, 0, 0); text-size-adjust: auto;\"><font face=\"Arial\"><strong style=\"line-height: 1.6em;\">E-vitamiin <\/strong><span style=\"line-height: 1.6em;\">on vaja rakkude vananemise pidurdamiseks, vereh\u00fc\u00fcbimiseks, s\u00fcdamelihase t\u00f6\u00f6ks, n\u00e4rvkoe talitluseks, immuunfunktsiooniks, hemoglobiini normaalse taseme hoidmiseks, kapilaaride seinte tugevdamiseks, punaste ja valgete vereliblede kaitseks, mille tulemina paraneb organismi hapniku varustus ja \u00fcldine kaitsev\u00f5ime&nbsp;<\/span><\/font><\/p>\n<p style=\"caret-color: rgb(0, 0, 0); text-size-adjust: auto;\"><span style=\"line-height: 1.6em;\"><font face=\"Arial\"><b>B12-vitamiin<\/b>&nbsp;\u00e4\u00e4retult oluline normaalseks vereloomeks ja neuroloogiliseks talitluseks.&nbsp;<\/font><\/span><\/p>\n<p style=\"caret-color: rgb(0, 0, 0); text-size-adjust: auto;\"><font face=\"Arial\"><strong style=\"line-height: 1.6em;\">D vitamiin&nbsp;<\/strong><span style=\"line-height: 1.6em;\">on vaja immuns\u00fcsteemi tugevdamiseks, luude ja hammaste arenguks, kaltsiumi imendumiseks, s\u00fcdamet\u00f6\u00f6 ja n\u00e4rvis\u00fcsteemi toetamiseks&nbsp;<\/span><\/font><\/p>\n<h3 style=\"caret-color: rgb(0, 0, 0); text-align: justify;\"><font face=\"Arial\">Toote omadused<\/font><\/h3>\n<ul style=\"caret-color: rgb(0, 0, 0); text-size-adjust: auto;\">\n<li><font face=\"Arial\">Parandab immuuns\u00fcsteemi<\/font><\/li>\n<li><font face=\"Arial\">Parandab lihaste varustatust toitainete ja hapnikuga<\/font><\/li>\n<li><font face=\"Arial\">Parandab aju funktsioneerimist<\/font><\/li>\n<li><font face=\"Arial\">V\u00e4hendab rakkude vananemist<\/font><\/li>\n<\/ul>\n<h3 style=\"caret-color: rgb(0, 0, 0);\"><span style=\"line-height: 1.6em;\"><font face=\"Arial\">Millal juua SodaVit immuuns\u00fcsteemi tugevdavat jooki?<\/font><\/span><\/h3>\n<p style=\"caret-color: rgb(0, 0, 0); text-size-adjust: auto; text-align: justify;\"><font face=\"Arial\">SodaVit jooki soovitame juua enne immuuns\u00fcsteemi tugedavamiseks ja vedeliku tasakaalu s\u00e4ilitamiseks<\/font><\/p>\n<h3 style=\"caret-color: rgb(0, 0, 0); text-align: justify;\"><font face=\"Arial\">Kellele sobib?<\/font><\/h3>\n<p style=\"caret-color: rgb(0, 0, 0); text-size-adjust: auto; text-align: justify;\"><font face=\"Arial\"><strong>SELF SodaVit<\/strong>&nbsp;sobib k\u00f5ikide&nbsp;alade esindajatele, sest omab positiivset efekti igasuguste f\u00fc\u00fcsiliste koormuste puhul.<strong>&nbsp;<\/strong><\/font><\/p>\n<h3 style=\"caret-color: rgb(0, 0, 0); text-align: justify;\"><font face=\"Arial\">Pakend<span style=\"font-size: 12px;\">:&nbsp;330ml<\/span><\/font><\/h3>\n<h3 style=\"caret-color: rgb(0, 0, 0); text-align: justify;\"><font face=\"Arial\"><span style=\"line-height: 1.2em;\">Maitse<\/span><span style=\"line-height: 1.2em; font-size: 12px;\">: apelsini<\/span><\/font><\/h3>\n<table border=\"1\" cellpadding=\"1\" cellspacing=\"1\" style=\"background-color: rgb(255, 255, 255); caret-color: rgb(0, 0, 0); text-indent: 0px; text-size-adjust: auto; width: 500px;\">\n<tbody>\n<tr>\n<td colspan=\"3\" style=\"text-align: justify;\"><font face=\"Arial\"><strong style=\"\">SodaVit<span style=\"font-size: 12px;\">&nbsp;toitev\u00e4\u00e4rtus<\/span><\/strong><span style=\"font-size: 12px;\">&nbsp;<\/span><strong style=\"font-size: 12px;\">100ml<\/strong><span style=\"font-size: 12px;\">: Energiat 4 kcal,&nbsp;<\/span><br \/><strong>SodaVit<\/strong><span style=\"font-size: 12px;\"><strong>&nbsp;toitev\u00e4\u00e4rtus<\/strong>&nbsp;<strong>330ml<\/strong>: Energiat 13 kcal<\/span><\/font><\/td>\n<\/tr>\n<tr>\n<td style=\"text-align: justify;\"><strong><font face=\"Arial\">SodaVit aktiivsed koostisosad<\/font><\/strong><\/td>\n<td style=\"text-align: justify;\"><strong><font face=\"Arial\">100 ml<\/font><\/strong><\/td>\n<td style=\"text-align: justify;\"><strong><font face=\"Arial\">330 ml<\/font><\/strong><\/td>\n<\/tr>\n<tr>\n<td style=\"text-align: justify;\"><span style=\"font-size: 12px;\"><strong><font face=\"Arial\">Vitamiin C&nbsp;<br \/>Vitamiin D<br \/>Vitamiin E&nbsp;<br \/>Vitamiin B12&nbsp;<br \/>Tsink&nbsp;<\/font><\/strong><\/span><\/td>\n<td style=\"text-align: justify;\"><font face=\"Arial\">40 mg 45%<br \/>2,3 mcg 50%<br \/>2,2 mcg 18%<br \/>0,8 mcg 32%<br \/>1,5 mcg 15%<\/font><\/td>\n<td style=\"text-align: justify;\"><font face=\"Arial\">123 mg 165%<br \/>7,5 mcg 150%<br \/>7,2 mcg 60%<br \/>2,6 mcg 105%<br \/>5 mg 10%<\/font><\/td>\n<\/tr>\n<tr>\n<td style=\"text-align: justify;\"><font face=\"Arial\"><span style=\"line-height: 20.8px; font-size: 12px;\"><strong>Soola<\/strong><\/span><br \/><\/font><\/td>\n<td style=\"text-align: justify;\"><font face=\"Arial\"><span style=\"line-height: 20.8px; font-size: 12px;\">0,04 mg<\/span><br \/><\/font><\/td>\n<td style=\"text-align: justify;\"><font face=\"Arial\"><span style=\"line-height: 20.8px;\">0.13 mg<\/span><br \/><\/font><\/td>\n<\/tr>\n<tr>\n<td colspan=\"3\" style=\"text-align: justify;\"><span style=\"font-size: 10px;\"><font face=\"Arial\">Koostis: karboniseeritud vesi, sidrunhape, tartaric hape (greibi) \u00f5una hape, acetic hape, hiina sidruniv\u00e4\u00e4nik schisandra, vitamin C, E, D, B12, A, tsink tsitraat, kaalium kloriid naturaalsed maitseained, v\u00e4rv: e160a, magustaja: sukraloos, s\u00e4ilitusaine e202<\/font><\/span><\/td>\n<\/tr>\n<\/tbody>\n<\/table>\n<p style=\"caret-color: rgb(0, 0, 0); text-size-adjust: auto; text-align: justify;\"><font face=\"Arial\">Konsultatsioon<\/font><\/p>\n<ul style=\"caret-color: rgb(0, 0, 0); text-size-adjust: auto;\">\n<li style=\"text-align: justify;\"><span style=\"font-size: 12px;\"><font face=\"Arial\">Oled oodatud tasuta konsultatsioonile MYBODY Audentese kauplusesse,<\/font><\/span><\/li>\n<li style=\"text-align: justify;\"><span style=\"font-size: 12px;\"><font face=\"Arial\">Asukoht: Audentese Spordikeskus, Tondi 84.<\/font><\/span><\/li>\n<li style=\"text-align: justify;\"><span style=\"font-size: 12px;\"><font face=\"Arial\">Telefon EST\/RUS\/ENG +372&nbsp;523 1960<\/font><\/span><\/li>\n<li style=\"text-align: justify;\"><span style=\"font-size: 12px;\"><font face=\"Arial\">Telefon EST\/ENG +372 56&nbsp;458&nbsp;688<\/font><\/span><\/li>\n<li style=\"text-align: justify;\"><span style=\"font-size: 12px;\"><a href=\"mailto:info@mybody.ee\"><font face=\"Arial\">info@mybody.ee<\/font><\/a><\/span><\/li>\n<li style=\"text-align: justify;\"><span style=\"font-size: 12px;\"><a href=\"http:\/\/www.facebook.com\/mybody.ee\"><font face=\"Arial\">www.facebook.com\/mybody.ee<\/font><\/a><\/span><\/li>\n<\/ul>\n<ul> <\/ul>\n","protected":false},"excerpt":{"rendered":"<p>SELF SodaVit Immune System&nbsp;on funktsionaalne immuuns\u00fcsteemi tugevdav jook. Milles on vitamiin C, B-r\u00fchma vitamiin B12, mineraal tsink, Vitamiin D, Vitamiin E ja Soda.&nbsp;SodaVit Immune System&nbsp;on karboniseeritud ning 100% suhkruvaba. C-vitamiin on vajalik organismi vastupanuv\u00f5ime t\u00f5stmiseks, kevadv\u00e4simuse ja stressi peletamiseks. Lisaks tugevdab immuunsust ja parandab \u00fcldist heaolu.&nbsp;Parandab raua omastamist, toetav aju normaalset funktioneerimist. Tsink mineraal, osaleb [&hellip;]<\/p>\n","protected":false},"featured_media":0,"comment_status":"open","ping_status":"closed","template":"","meta":{"inline_featured_image":false},"product_cat":[20,32],"product_tag":[],"class_list":{"0":"post-979","1":"product","2":"type-product","3":"status-publish","5":"product_cat-energia-vastupidavus","6":"product_cat-mikroelemendid","7":"pa_kunakasutada-trenniajal","8":"pa_vorm-vedelik","10":"first","11":"instock","12":"shipping-taxable","13":"purchasable","14":"product-type-simple"},"yoast_head":"<!-- This site is optimized with the Yoast SEO plugin v27.3 - https:\/\/yoast.com\/product\/yoast-seo-wordpress\/ -->\n<title>Self Omninutrition BCAA 5000 - funktsionaalne ergutav ja rasvap\u00f5letust soodustav jook - MyBody.ee - Toidulisandid ja sporditarvikud<\/title>\n<meta name=\"description\" content=\"BCAA 5000 on funktsionaalne ergutav ja rasvap\u00f5letust soodustav BCAA\" \/>\n<meta name=\"robots\" content=\"index, follow, max-snippet:-1, max-image-preview:large, max-video-preview:-1\" \/>\n<link rel=\"canonical\" href=\"https:\/\/mybody5.ee.mybody.ee\/proov\/product\/self-sodavit-immune-system-330ml-immuunsusteemi-toetav-jook\/\" \/>\n<meta property=\"og:locale\" content=\"et_EE\" \/>\n<meta property=\"og:type\" content=\"article\" \/>\n<meta property=\"og:title\" content=\"Self Omninutrition BCAA 5000 - funktsionaalne ergutav ja rasvap\u00f5letust soodustav jook - MyBody.ee - Toidulisandid ja sporditarvikud\" \/>\n<meta property=\"og:description\" content=\"BCAA 5000 on funktsionaalne ergutav ja rasvap\u00f5letust soodustav BCAA\" \/>\n<meta property=\"og:url\" content=\"https:\/\/mybody5.ee.mybody.ee\/proov\/product\/self-sodavit-immune-system-330ml-immuunsusteemi-toetav-jook\/\" \/>\n<meta property=\"og:site_name\" content=\"supplero\" \/>\n<meta property=\"article:publisher\" content=\"https:\/\/facebook.com\/MyBody.ee\/\" \/>\n<meta property=\"og:image\" content=\"https:\/\/mybody5.ee.mybody.ee\/proov\/wp-content\/uploads\/2023\/11\/mybody_logo_h65.png\" \/>\n\t<meta property=\"og:image:width\" content=\"229\" \/>\n\t<meta property=\"og:image:height\" content=\"65\" \/>\n\t<meta property=\"og:image:type\" content=\"image\/png\" \/>\n<meta name=\"twitter:card\" content=\"summary_large_image\" \/>\n<meta name=\"twitter:label1\" content=\"Est. reading time\" \/>\n\t<meta name=\"twitter:data1\" content=\"2 minutit\" \/>\n<script type=\"application\/ld+json\" class=\"yoast-schema-graph\">{\"@context\":\"https:\\\/\\\/schema.org\",\"@graph\":[{\"@type\":\"WebPage\",\"@id\":\"https:\\\/\\\/mybody5.ee.mybody.ee\\\/proov\\\/product\\\/self-sodavit-immune-system-330ml-immuunsusteemi-toetav-jook\\\/\",\"url\":\"https:\\\/\\\/mybody5.ee.mybody.ee\\\/proov\\\/product\\\/self-sodavit-immune-system-330ml-immuunsusteemi-toetav-jook\\\/\",\"name\":\"Self Omninutrition BCAA 5000 - funktsionaalne ergutav ja rasvap\u00f5letust soodustav jook - MyBody.ee - Toidulisandid ja sporditarvikud\",\"isPartOf\":{\"@id\":\"https:\\\/\\\/mybody5.ee.mybody.ee\\\/proov\\\/#website\"},\"datePublished\":\"2021-03-20T10:29:23+00:00\",\"description\":\"BCAA 5000 on funktsionaalne ergutav ja rasvap\u00f5letust soodustav BCAA\",\"breadcrumb\":{\"@id\":\"https:\\\/\\\/mybody5.ee.mybody.ee\\\/proov\\\/product\\\/self-sodavit-immune-system-330ml-immuunsusteemi-toetav-jook\\\/#breadcrumb\"},\"inLanguage\":\"et\",\"potentialAction\":[{\"@type\":\"ReadAction\",\"target\":[\"https:\\\/\\\/mybody5.ee.mybody.ee\\\/proov\\\/product\\\/self-sodavit-immune-system-330ml-immuunsusteemi-toetav-jook\\\/\"]}]},{\"@type\":\"BreadcrumbList\",\"@id\":\"https:\\\/\\\/mybody5.ee.mybody.ee\\\/proov\\\/product\\\/self-sodavit-immune-system-330ml-immuunsusteemi-toetav-jook\\\/#breadcrumb\",\"itemListElement\":[{\"@type\":\"ListItem\",\"position\":1,\"name\":\"Home\",\"item\":\"https:\\\/\\\/mybody5.ee.mybody.ee\\\/proov\\\/\"},{\"@type\":\"ListItem\",\"position\":2,\"name\":\"Shop\",\"item\":\"https:\\\/\\\/mybody5.ee.mybody.ee\\\/proov\\\/shop\\\/\"},{\"@type\":\"ListItem\",\"position\":3,\"name\":\"SELF SodaVit Immune System 330ml &#8211; immuuns\u00fcsteemi toetav jook\"}]},{\"@type\":\"WebSite\",\"@id\":\"https:\\\/\\\/mybody5.ee.mybody.ee\\\/proov\\\/#website\",\"url\":\"https:\\\/\\\/mybody5.ee.mybody.ee\\\/proov\\\/\",\"name\":\"MyBody.ee - Toidulisandid ja sporditarvikud\",\"description\":\"Just another WordPress site\",\"publisher\":{\"@id\":\"https:\\\/\\\/mybody5.ee.mybody.ee\\\/proov\\\/#organization\"},\"potentialAction\":[{\"@type\":\"SearchAction\",\"target\":{\"@type\":\"EntryPoint\",\"urlTemplate\":\"https:\\\/\\\/mybody5.ee.mybody.ee\\\/proov\\\/?s={search_term_string}\"},\"query-input\":{\"@type\":\"PropertyValueSpecification\",\"valueRequired\":true,\"valueName\":\"search_term_string\"}}],\"inLanguage\":\"et\"},{\"@type\":\"Organization\",\"@id\":\"https:\\\/\\\/mybody5.ee.mybody.ee\\\/proov\\\/#organization\",\"name\":\"MyBody.ee\",\"url\":\"https:\\\/\\\/mybody5.ee.mybody.ee\\\/proov\\\/\",\"logo\":{\"@type\":\"ImageObject\",\"inLanguage\":\"et\",\"@id\":\"https:\\\/\\\/mybody5.ee.mybody.ee\\\/proov\\\/#\\\/schema\\\/logo\\\/image\\\/\",\"url\":\"https:\\\/\\\/mybody5.ee.mybody.ee\\\/proov\\\/wp-content\\\/uploads\\\/2023\\\/11\\\/mybody_logo_h65-2.png\",\"contentUrl\":\"https:\\\/\\\/mybody5.ee.mybody.ee\\\/proov\\\/wp-content\\\/uploads\\\/2023\\\/11\\\/mybody_logo_h65-2.png\",\"width\":229,\"height\":65,\"caption\":\"MyBody.ee\"},\"image\":{\"@id\":\"https:\\\/\\\/mybody5.ee.mybody.ee\\\/proov\\\/#\\\/schema\\\/logo\\\/image\\\/\"},\"sameAs\":[\"https:\\\/\\\/facebook.com\\\/MyBody.ee\\\/\"]}]}<\/script>\n<!-- \/ Yoast SEO plugin. -->","yoast_head_json":{"title":"Self Omninutrition BCAA 5000 - funktsionaalne ergutav ja rasvap\u00f5letust soodustav jook - MyBody.ee - Toidulisandid ja sporditarvikud","description":"BCAA 5000 on funktsionaalne ergutav ja rasvap\u00f5letust soodustav BCAA","robots":{"index":"index","follow":"follow","max-snippet":"max-snippet:-1","max-image-preview":"max-image-preview:large","max-video-preview":"max-video-preview:-1"},"canonical":"https:\/\/mybody5.ee.mybody.ee\/proov\/product\/self-sodavit-immune-system-330ml-immuunsusteemi-toetav-jook\/","og_locale":"et_EE","og_type":"article","og_title":"Self Omninutrition BCAA 5000 - funktsionaalne ergutav ja rasvap\u00f5letust soodustav jook - MyBody.ee - Toidulisandid ja sporditarvikud","og_description":"BCAA 5000 on funktsionaalne ergutav ja rasvap\u00f5letust soodustav BCAA","og_url":"https:\/\/mybody5.ee.mybody.ee\/proov\/product\/self-sodavit-immune-system-330ml-immuunsusteemi-toetav-jook\/","og_site_name":"supplero","article_publisher":"https:\/\/facebook.com\/MyBody.ee\/","og_image":[{"width":229,"height":65,"url":"https:\/\/mybody5.ee.mybody.ee\/proov\/wp-content\/uploads\/2023\/11\/mybody_logo_h65.png","type":"image\/png"}],"twitter_card":"summary_large_image","twitter_misc":{"Est. reading time":"2 minutit"},"schema":{"@context":"https:\/\/schema.org","@graph":[{"@type":"WebPage","@id":"https:\/\/mybody5.ee.mybody.ee\/proov\/product\/self-sodavit-immune-system-330ml-immuunsusteemi-toetav-jook\/","url":"https:\/\/mybody5.ee.mybody.ee\/proov\/product\/self-sodavit-immune-system-330ml-immuunsusteemi-toetav-jook\/","name":"Self Omninutrition BCAA 5000 - funktsionaalne ergutav ja rasvap\u00f5letust soodustav jook - MyBody.ee - Toidulisandid ja sporditarvikud","isPartOf":{"@id":"https:\/\/mybody5.ee.mybody.ee\/proov\/#website"},"datePublished":"2021-03-20T10:29:23+00:00","description":"BCAA 5000 on funktsionaalne ergutav ja rasvap\u00f5letust soodustav BCAA","breadcrumb":{"@id":"https:\/\/mybody5.ee.mybody.ee\/proov\/product\/self-sodavit-immune-system-330ml-immuunsusteemi-toetav-jook\/#breadcrumb"},"inLanguage":"et","potentialAction":[{"@type":"ReadAction","target":["https:\/\/mybody5.ee.mybody.ee\/proov\/product\/self-sodavit-immune-system-330ml-immuunsusteemi-toetav-jook\/"]}]},{"@type":"BreadcrumbList","@id":"https:\/\/mybody5.ee.mybody.ee\/proov\/product\/self-sodavit-immune-system-330ml-immuunsusteemi-toetav-jook\/#breadcrumb","itemListElement":[{"@type":"ListItem","position":1,"name":"Home","item":"https:\/\/mybody5.ee.mybody.ee\/proov\/"},{"@type":"ListItem","position":2,"name":"Shop","item":"https:\/\/mybody5.ee.mybody.ee\/proov\/shop\/"},{"@type":"ListItem","position":3,"name":"SELF SodaVit Immune System 330ml &#8211; immuuns\u00fcsteemi toetav jook"}]},{"@type":"WebSite","@id":"https:\/\/mybody5.ee.mybody.ee\/proov\/#website","url":"https:\/\/mybody5.ee.mybody.ee\/proov\/","name":"MyBody.ee - Toidulisandid ja sporditarvikud","description":"Just another WordPress site","publisher":{"@id":"https:\/\/mybody5.ee.mybody.ee\/proov\/#organization"},"potentialAction":[{"@type":"SearchAction","target":{"@type":"EntryPoint","urlTemplate":"https:\/\/mybody5.ee.mybody.ee\/proov\/?s={search_term_string}"},"query-input":{"@type":"PropertyValueSpecification","valueRequired":true,"valueName":"search_term_string"}}],"inLanguage":"et"},{"@type":"Organization","@id":"https:\/\/mybody5.ee.mybody.ee\/proov\/#organization","name":"MyBody.ee","url":"https:\/\/mybody5.ee.mybody.ee\/proov\/","logo":{"@type":"ImageObject","inLanguage":"et","@id":"https:\/\/mybody5.ee.mybody.ee\/proov\/#\/schema\/logo\/image\/","url":"https:\/\/mybody5.ee.mybody.ee\/proov\/wp-content\/uploads\/2023\/11\/mybody_logo_h65-2.png","contentUrl":"https:\/\/mybody5.ee.mybody.ee\/proov\/wp-content\/uploads\/2023\/11\/mybody_logo_h65-2.png","width":229,"height":65,"caption":"MyBody.ee"},"image":{"@id":"https:\/\/mybody5.ee.mybody.ee\/proov\/#\/schema\/logo\/image\/"},"sameAs":["https:\/\/facebook.com\/MyBody.ee\/"]}]}},"_links":{"self":[{"href":"https:\/\/mybody5.ee.mybody.ee\/proov\/wp-json\/wp\/v2\/product\/979","targetHints":{"allow":["GET"]}}],"collection":[{"href":"https:\/\/mybody5.ee.mybody.ee\/proov\/wp-json\/wp\/v2\/product"}],"about":[{"href":"https:\/\/mybody5.ee.mybody.ee\/proov\/wp-json\/wp\/v2\/types\/product"}],"replies":[{"embeddable":true,"href":"https:\/\/mybody5.ee.mybody.ee\/proov\/wp-json\/wp\/v2\/comments?post=979"}],"wp:attachment":[{"href":"https:\/\/mybody5.ee.mybody.ee\/proov\/wp-json\/wp\/v2\/media?parent=979"}],"wp:term":[{"taxonomy":"product_cat","embeddable":true,"href":"https:\/\/mybody5.ee.mybody.ee\/proov\/wp-json\/wp\/v2\/product_cat?post=979"},{"taxonomy":"product_tag","embeddable":true,"href":"https:\/\/mybody5.ee.mybody.ee\/proov\/wp-json\/wp\/v2\/product_tag?post=979"}],"curies":[{"name":"wp","href":"https:\/\/api.w.org\/{rel}","templated":true}]}}