{"id":980,"date":"2021-03-21T22:25:19","date_gmt":"2021-03-21T22:25:19","guid":{"rendered":"https:\/\/mybody5.ee.mybody.ee\/proov\/product\/korge-bioloogilise-vaartusega-asendamatud-aminohapped-self-eea-pro-ee\/"},"modified":"2021-03-21T22:25:19","modified_gmt":"2021-03-21T22:25:19","slug":"korge-bioloogilise-vaartusega-asendamatud-aminohapped-self-eea-pro-ee","status":"publish","type":"product","link":"https:\/\/mybody5.ee.mybody.ee\/proov\/product\/korge-bioloogilise-vaartusega-asendamatud-aminohapped-self-eea-pro-ee\/","title":{"rendered":"K\u00f5rge bioloogilise v\u00e4\u00e4rtusega asendamatud aminohapped- SELF EAA PRO 250g"},"content":{"rendered":"<p><strong>SELF EAA PRO&nbsp;<\/strong>on kaasaegne toidulisand treenivale inimesele, mis sisaldab imendumiseks sobilikus vahekorras k\u00f5iki asendamatut aminohapet. Mille \u00fclesandeks on suurendada lihastes toimuvat valgus\u00fcnteesi saavutamaks nende kiirem taastumine ning sooritusv\u00f5ime kasv.<\/p>\n<p>Toime<\/p>\n<ul>\n<li>Taastab lihaseid treeningutest<\/li>\n<li>suurendab valgus\u00fcnteesi<\/li>\n<li>Positiivne m\u00f5ju k\u00f5ikidele spordialadele<\/li>\n<\/ul>\n<h3 style=\"text-align: justify;\">Kasutamine<\/h3>\n<p style=\"text-align: justify;\">Lahusta soovituslik p\u00e4evane annus pulbrit (16g=1m\u00f5\u00f5dulusikat\u00e4is)&nbsp;300-500 ml vedelikuga. Sobib kombineerida s\u00fcsiveikutega (<a href=\"https:\/\/mybody.ee\/et\/energia-vastupidavus\" target=\"_blank\" rel=\"noopener\">Just Carbs ga v\u00f5i Hydro Plus ig<\/a>a)<\/p>\n<h3 style=\"text-align: justify;\">Kellele sobib?<\/h3>\n<p style=\"text-align: justify;\"><strong>SELF EEA PRO<\/strong>&nbsp;sobib k\u00f5ikide spordialadele, kuna asendamatud aminohapped tegelevad lihastaastamisega<\/p>\n<h3>Pakend:<span style=\"font-size:12px;\"><span style=\"font-family: arial,helvetica,sans-serif;\"> 250g<\/span><\/span><\/h3>\n<h3>Maitsed: <font face=\"arial, helvetica, sans-serif\"><span style=\"font-size: 12px;\">&nbsp;troopline ja pirni<\/span><\/font><\/h3>\n<table border=\"1\" cellpadding=\"1\" cellspacing=\"1\" style=\"width:600px;\">\n<tbody>\n<tr>\n<td colspan=\"2\"><strong>SELF EEA PRO&nbsp;<\/strong><strong>toitev\u00e4\u00e4rtus 100g kohta: <\/strong>Energiat 0kcal, valke 0g, s\u00fcsivesikuid 0g, rasvu 0g, sool 0g<\/td>\n<\/tr>\n<tr>\n<td><strong>SELF EEA PRO<\/strong>&nbsp;<strong>aktiivsed koostisosad \u00fche annuse kohta<\/strong><\/td>\n<td><b>16g<\/b><\/td>\n<\/tr>\n<tr>\n<td>L-alaniin<\/td>\n<td>1000 mg<\/td>\n<\/tr>\n<tr>\n<td>L-gl\u00fcsiin<\/td>\n<td>2000 mg<\/td>\n<\/tr>\n<tr>\n<td>L-leutsiin<\/td>\n<td>4000 mg<\/td>\n<\/tr>\n<tr>\n<td>L-l\u00fcsiin<\/td>\n<td>1950 mg<\/td>\n<\/tr>\n<tr>\n<td>L-valiin<\/td>\n<td>500 mg<\/td>\n<\/tr>\n<tr>\n<td>L-isoleutsiin<\/td>\n<td>500 mg<\/td>\n<\/tr>\n<tr>\n<td>L-treoniin<\/td>\n<td>1500 mg<\/td>\n<\/tr>\n<tr>\n<td>L-fen\u00fc\u00fclalaniin&nbsp;<\/td>\n<td>220 mg<\/td>\n<\/tr>\n<tr>\n<td>L-metioniin<\/td>\n<td>210 mg<\/td>\n<\/tr>\n<tr>\n<td>L-histidiin<\/td>\n<td>600 mg<\/td>\n<\/tr>\n<tr>\n<td>L-t\u00fcrosiin<\/td>\n<td>220 mg<\/td>\n<\/tr>\n<tr>\n<td>L-tauriin<\/td>\n<td>1000 mg<\/td>\n<\/tr>\n<tr>\n<td colspan=\"2\">\n<p><span style=\"font-size:10px;\">Koostis<span style=\"font-family: arial,helvetica,sans-serif;\">:&nbsp;<\/span><\/span><\/p>\n<\/td>\n<\/tr>\n<\/tbody>\n<\/table>\n<p><\/p>\n<p>Konsultatsioon<\/p>\n<ul>\n<li>Oled oodatud tasuta konsultatsioonile MYBODY Audentese kauplusesse,<\/li>\n<li>Asukoht: Audentese Spordikeskusesse, Tondi 84.<\/li>\n<li>Telefon EST\/RUS\/ENG +372&nbsp;523 1960<\/li>\n<li>Telefon EST\/ENG +372 56&nbsp;458&nbsp;688<\/li>\n<li><a href=\"mailto:info@mybody.ee\">info@mybody.ee<\/a><\/li>\n<li><a href=\"http:\/\/www.facebook.com\/mybody.ee\">www.facebook.com\/mybody.ee<\/a><\/li>\n<\/ul>\n","protected":false},"excerpt":{"rendered":"<p>SELF EAA PRO&nbsp;on kaasaegne toidulisand treenivale inimesele, mis sisaldab imendumiseks sobilikus vahekorras k\u00f5iki asendamatut aminohapet. Mille \u00fclesandeks on suurendada lihastes toimuvat valgus\u00fcnteesi saavutamaks nende kiirem taastumine ning sooritusv\u00f5ime kasv. Toime Taastab lihaseid treeningutest suurendab valgus\u00fcnteesi Positiivne m\u00f5ju k\u00f5ikidele spordialadele Kasutamine Lahusta soovituslik p\u00e4evane annus pulbrit (16g=1m\u00f5\u00f5dulusikat\u00e4is)&nbsp;300-500 ml vedelikuga. Sobib kombineerida s\u00fcsiveikutega (Just Carbs ga v\u00f5i [&hellip;]<\/p>\n","protected":false},"featured_media":0,"comment_status":"open","ping_status":"closed","template":"","meta":{"inline_featured_image":false},"product_cat":[48,17,29],"product_tag":[],"class_list":{"0":"post-980","1":"product","2":"type-product","3":"status-publish","5":"product_cat-aminohapete-segud","6":"product_cat-aminohapped","7":"product_cat-sooduspakkumised","8":"pa_kogusg-250g","9":"pa_kunakasutada-a6-ennetrennitrenniajalparast","10":"pa_maitse-pirn","11":"pa_maitse-troopiline","12":"pa_susivesikud-250g","13":"pa_vorm-pulber","14":"pa_whentouse-1f-beforeexerciseduringexerci","16":"first","17":"instock","18":"shipping-taxable","19":"purchasable","20":"product-type-variable"},"yoast_head":"<!-- This site is optimized with the Yoast SEO plugin v27.3 - https:\/\/yoast.com\/product\/yoast-seo-wordpress\/ -->\n<title>Asendamatud aminohapped + B-vitamiinid, tsink, magneesium - SELF Essential Amino<\/title>\n<meta name=\"description\" content=\"Asendamatud aminohapped + B-vitamiinid, tsink, magneesium - SELF Essential Amino\" \/>\n<meta name=\"robots\" content=\"index, follow, max-snippet:-1, max-image-preview:large, max-video-preview:-1\" \/>\n<link rel=\"canonical\" href=\"https:\/\/mybody5.ee.mybody.ee\/proov\/product\/korge-bioloogilise-vaartusega-asendamatud-aminohapped-self-eea-pro-ee\/\" \/>\n<meta property=\"og:locale\" content=\"et_EE\" \/>\n<meta property=\"og:type\" content=\"article\" \/>\n<meta property=\"og:title\" content=\"Asendamatud aminohapped + B-vitamiinid, tsink, magneesium - SELF Essential Amino\" \/>\n<meta property=\"og:description\" content=\"Asendamatud aminohapped + B-vitamiinid, tsink, magneesium - SELF Essential Amino\" \/>\n<meta property=\"og:url\" content=\"https:\/\/mybody5.ee.mybody.ee\/proov\/product\/korge-bioloogilise-vaartusega-asendamatud-aminohapped-self-eea-pro-ee\/\" \/>\n<meta property=\"og:site_name\" content=\"supplero\" \/>\n<meta property=\"article:publisher\" content=\"https:\/\/facebook.com\/MyBody.ee\/\" \/>\n<meta property=\"og:image\" content=\"https:\/\/mybody5.ee.mybody.ee\/proov\/wp-content\/uploads\/2023\/11\/mybody_logo_h65.png\" \/>\n\t<meta property=\"og:image:width\" content=\"229\" \/>\n\t<meta property=\"og:image:height\" content=\"65\" \/>\n\t<meta property=\"og:image:type\" content=\"image\/png\" \/>\n<meta name=\"twitter:card\" content=\"summary_large_image\" \/>\n<meta name=\"twitter:label1\" content=\"Est. reading time\" \/>\n\t<meta name=\"twitter:data1\" content=\"1 minut\" \/>\n<script type=\"application\/ld+json\" class=\"yoast-schema-graph\">{\"@context\":\"https:\\\/\\\/schema.org\",\"@graph\":[{\"@type\":\"WebPage\",\"@id\":\"https:\\\/\\\/mybody5.ee.mybody.ee\\\/proov\\\/product\\\/korge-bioloogilise-vaartusega-asendamatud-aminohapped-self-eea-pro-ee\\\/\",\"url\":\"https:\\\/\\\/mybody5.ee.mybody.ee\\\/proov\\\/product\\\/korge-bioloogilise-vaartusega-asendamatud-aminohapped-self-eea-pro-ee\\\/\",\"name\":\"Asendamatud aminohapped + B-vitamiinid, tsink, magneesium - SELF Essential Amino\",\"isPartOf\":{\"@id\":\"https:\\\/\\\/mybody5.ee.mybody.ee\\\/proov\\\/#website\"},\"datePublished\":\"2021-03-21T22:25:19+00:00\",\"description\":\"Asendamatud aminohapped + B-vitamiinid, tsink, magneesium - SELF Essential Amino\",\"breadcrumb\":{\"@id\":\"https:\\\/\\\/mybody5.ee.mybody.ee\\\/proov\\\/product\\\/korge-bioloogilise-vaartusega-asendamatud-aminohapped-self-eea-pro-ee\\\/#breadcrumb\"},\"inLanguage\":\"et\",\"potentialAction\":[{\"@type\":\"ReadAction\",\"target\":[\"https:\\\/\\\/mybody5.ee.mybody.ee\\\/proov\\\/product\\\/korge-bioloogilise-vaartusega-asendamatud-aminohapped-self-eea-pro-ee\\\/\"]}]},{\"@type\":\"BreadcrumbList\",\"@id\":\"https:\\\/\\\/mybody5.ee.mybody.ee\\\/proov\\\/product\\\/korge-bioloogilise-vaartusega-asendamatud-aminohapped-self-eea-pro-ee\\\/#breadcrumb\",\"itemListElement\":[{\"@type\":\"ListItem\",\"position\":1,\"name\":\"Home\",\"item\":\"https:\\\/\\\/mybody5.ee.mybody.ee\\\/proov\\\/\"},{\"@type\":\"ListItem\",\"position\":2,\"name\":\"Shop\",\"item\":\"https:\\\/\\\/mybody5.ee.mybody.ee\\\/proov\\\/shop\\\/\"},{\"@type\":\"ListItem\",\"position\":3,\"name\":\"K\u00f5rge bioloogilise v\u00e4\u00e4rtusega asendamatud aminohapped- SELF EAA PRO 250g\"}]},{\"@type\":\"WebSite\",\"@id\":\"https:\\\/\\\/mybody5.ee.mybody.ee\\\/proov\\\/#website\",\"url\":\"https:\\\/\\\/mybody5.ee.mybody.ee\\\/proov\\\/\",\"name\":\"MyBody.ee - Toidulisandid ja sporditarvikud\",\"description\":\"Just another WordPress site\",\"publisher\":{\"@id\":\"https:\\\/\\\/mybody5.ee.mybody.ee\\\/proov\\\/#organization\"},\"potentialAction\":[{\"@type\":\"SearchAction\",\"target\":{\"@type\":\"EntryPoint\",\"urlTemplate\":\"https:\\\/\\\/mybody5.ee.mybody.ee\\\/proov\\\/?s={search_term_string}\"},\"query-input\":{\"@type\":\"PropertyValueSpecification\",\"valueRequired\":true,\"valueName\":\"search_term_string\"}}],\"inLanguage\":\"et\"},{\"@type\":\"Organization\",\"@id\":\"https:\\\/\\\/mybody5.ee.mybody.ee\\\/proov\\\/#organization\",\"name\":\"MyBody.ee\",\"url\":\"https:\\\/\\\/mybody5.ee.mybody.ee\\\/proov\\\/\",\"logo\":{\"@type\":\"ImageObject\",\"inLanguage\":\"et\",\"@id\":\"https:\\\/\\\/mybody5.ee.mybody.ee\\\/proov\\\/#\\\/schema\\\/logo\\\/image\\\/\",\"url\":\"https:\\\/\\\/mybody5.ee.mybody.ee\\\/proov\\\/wp-content\\\/uploads\\\/2023\\\/11\\\/mybody_logo_h65-2.png\",\"contentUrl\":\"https:\\\/\\\/mybody5.ee.mybody.ee\\\/proov\\\/wp-content\\\/uploads\\\/2023\\\/11\\\/mybody_logo_h65-2.png\",\"width\":229,\"height\":65,\"caption\":\"MyBody.ee\"},\"image\":{\"@id\":\"https:\\\/\\\/mybody5.ee.mybody.ee\\\/proov\\\/#\\\/schema\\\/logo\\\/image\\\/\"},\"sameAs\":[\"https:\\\/\\\/facebook.com\\\/MyBody.ee\\\/\"]}]}<\/script>\n<!-- \/ Yoast SEO plugin. -->","yoast_head_json":{"title":"Asendamatud aminohapped + B-vitamiinid, tsink, magneesium - SELF Essential Amino","description":"Asendamatud aminohapped + B-vitamiinid, tsink, magneesium - SELF Essential Amino","robots":{"index":"index","follow":"follow","max-snippet":"max-snippet:-1","max-image-preview":"max-image-preview:large","max-video-preview":"max-video-preview:-1"},"canonical":"https:\/\/mybody5.ee.mybody.ee\/proov\/product\/korge-bioloogilise-vaartusega-asendamatud-aminohapped-self-eea-pro-ee\/","og_locale":"et_EE","og_type":"article","og_title":"Asendamatud aminohapped + B-vitamiinid, tsink, magneesium - SELF Essential Amino","og_description":"Asendamatud aminohapped + B-vitamiinid, tsink, magneesium - SELF Essential Amino","og_url":"https:\/\/mybody5.ee.mybody.ee\/proov\/product\/korge-bioloogilise-vaartusega-asendamatud-aminohapped-self-eea-pro-ee\/","og_site_name":"supplero","article_publisher":"https:\/\/facebook.com\/MyBody.ee\/","og_image":[{"width":229,"height":65,"url":"https:\/\/mybody5.ee.mybody.ee\/proov\/wp-content\/uploads\/2023\/11\/mybody_logo_h65.png","type":"image\/png"}],"twitter_card":"summary_large_image","twitter_misc":{"Est. reading time":"1 minut"},"schema":{"@context":"https:\/\/schema.org","@graph":[{"@type":"WebPage","@id":"https:\/\/mybody5.ee.mybody.ee\/proov\/product\/korge-bioloogilise-vaartusega-asendamatud-aminohapped-self-eea-pro-ee\/","url":"https:\/\/mybody5.ee.mybody.ee\/proov\/product\/korge-bioloogilise-vaartusega-asendamatud-aminohapped-self-eea-pro-ee\/","name":"Asendamatud aminohapped + B-vitamiinid, tsink, magneesium - SELF Essential Amino","isPartOf":{"@id":"https:\/\/mybody5.ee.mybody.ee\/proov\/#website"},"datePublished":"2021-03-21T22:25:19+00:00","description":"Asendamatud aminohapped + B-vitamiinid, tsink, magneesium - SELF Essential Amino","breadcrumb":{"@id":"https:\/\/mybody5.ee.mybody.ee\/proov\/product\/korge-bioloogilise-vaartusega-asendamatud-aminohapped-self-eea-pro-ee\/#breadcrumb"},"inLanguage":"et","potentialAction":[{"@type":"ReadAction","target":["https:\/\/mybody5.ee.mybody.ee\/proov\/product\/korge-bioloogilise-vaartusega-asendamatud-aminohapped-self-eea-pro-ee\/"]}]},{"@type":"BreadcrumbList","@id":"https:\/\/mybody5.ee.mybody.ee\/proov\/product\/korge-bioloogilise-vaartusega-asendamatud-aminohapped-self-eea-pro-ee\/#breadcrumb","itemListElement":[{"@type":"ListItem","position":1,"name":"Home","item":"https:\/\/mybody5.ee.mybody.ee\/proov\/"},{"@type":"ListItem","position":2,"name":"Shop","item":"https:\/\/mybody5.ee.mybody.ee\/proov\/shop\/"},{"@type":"ListItem","position":3,"name":"K\u00f5rge bioloogilise v\u00e4\u00e4rtusega asendamatud aminohapped- SELF EAA PRO 250g"}]},{"@type":"WebSite","@id":"https:\/\/mybody5.ee.mybody.ee\/proov\/#website","url":"https:\/\/mybody5.ee.mybody.ee\/proov\/","name":"MyBody.ee - Toidulisandid ja sporditarvikud","description":"Just another WordPress site","publisher":{"@id":"https:\/\/mybody5.ee.mybody.ee\/proov\/#organization"},"potentialAction":[{"@type":"SearchAction","target":{"@type":"EntryPoint","urlTemplate":"https:\/\/mybody5.ee.mybody.ee\/proov\/?s={search_term_string}"},"query-input":{"@type":"PropertyValueSpecification","valueRequired":true,"valueName":"search_term_string"}}],"inLanguage":"et"},{"@type":"Organization","@id":"https:\/\/mybody5.ee.mybody.ee\/proov\/#organization","name":"MyBody.ee","url":"https:\/\/mybody5.ee.mybody.ee\/proov\/","logo":{"@type":"ImageObject","inLanguage":"et","@id":"https:\/\/mybody5.ee.mybody.ee\/proov\/#\/schema\/logo\/image\/","url":"https:\/\/mybody5.ee.mybody.ee\/proov\/wp-content\/uploads\/2023\/11\/mybody_logo_h65-2.png","contentUrl":"https:\/\/mybody5.ee.mybody.ee\/proov\/wp-content\/uploads\/2023\/11\/mybody_logo_h65-2.png","width":229,"height":65,"caption":"MyBody.ee"},"image":{"@id":"https:\/\/mybody5.ee.mybody.ee\/proov\/#\/schema\/logo\/image\/"},"sameAs":["https:\/\/facebook.com\/MyBody.ee\/"]}]}},"_links":{"self":[{"href":"https:\/\/mybody5.ee.mybody.ee\/proov\/wp-json\/wp\/v2\/product\/980","targetHints":{"allow":["GET"]}}],"collection":[{"href":"https:\/\/mybody5.ee.mybody.ee\/proov\/wp-json\/wp\/v2\/product"}],"about":[{"href":"https:\/\/mybody5.ee.mybody.ee\/proov\/wp-json\/wp\/v2\/types\/product"}],"replies":[{"embeddable":true,"href":"https:\/\/mybody5.ee.mybody.ee\/proov\/wp-json\/wp\/v2\/comments?post=980"}],"wp:attachment":[{"href":"https:\/\/mybody5.ee.mybody.ee\/proov\/wp-json\/wp\/v2\/media?parent=980"}],"wp:term":[{"taxonomy":"product_cat","embeddable":true,"href":"https:\/\/mybody5.ee.mybody.ee\/proov\/wp-json\/wp\/v2\/product_cat?post=980"},{"taxonomy":"product_tag","embeddable":true,"href":"https:\/\/mybody5.ee.mybody.ee\/proov\/wp-json\/wp\/v2\/product_tag?post=980"}],"curies":[{"name":"wp","href":"https:\/\/api.w.org\/{rel}","templated":true}]}}