{"id":984,"date":"2021-04-02T13:38:53","date_gmt":"2021-04-02T13:38:53","guid":{"rendered":"https:\/\/mybody5.ee.mybody.ee\/proov\/product\/korge-bioloogilise-vaartusega-magneesium-self-magnesium-300g-ee\/"},"modified":"2021-04-02T13:38:53","modified_gmt":"2021-04-02T13:38:53","slug":"korge-bioloogilise-vaartusega-magneesium-self-magnesium-300g-ee","status":"publish","type":"product","link":"https:\/\/mybody5.ee.mybody.ee\/proov\/product\/korge-bioloogilise-vaartusega-magneesium-self-magnesium-300g-ee\/","title":{"rendered":"K\u00f5rge bioloogilise v\u00e4\u00e4rtusega magneesium &#8211; SELF Magnesium 300g"},"content":{"rendered":"<p><font face=\"Arial\"><strong>Magneesium<\/strong>&nbsp;on k\u00f5rge imendumisega toidulisand, mis aitab kaasa n\u00e4rvis\u00fcsteemi ja lihaste normaalsele talitusele. Nende ainete t\u00e4pne vahekord aitab ennetada f\u00fc\u00fcsilist ja vaimset kurnatust, aitab t\u00f5sta vastupidamisv\u00f5imet stressi suhtes ja kindlustab s\u00fcgava, l\u00f5\u00f5gastava une.&nbsp;<\/font><\/p>\n<p><font face=\"Arial\"><strong>Magneesium<\/strong><b>karbonaat<\/b>&nbsp;on essentiaalne mineraalaine, mida leidub k\u00f5ikides keharakkudes ning paikneb 94%lises ulatuses raku sees. T\u00e4iskasvanud inimeses leidub 24 grammi magneesiumit, millest 24% on lihaskoes ning 60% luudes koos teiste mineraalainetega. Magneesiumil on oluline roll rohkem kui 300 erineva ens\u00fcmaatilises protsessis.&nbsp;Magneesumi roll on aidates \u00fcle kanda n\u00e4rviimpulsse ja s\u00e4ilitada vajalikku dopamiinide hulka ajus, mis kutsuvad esile r\u00f5\u00f5mu- ja rahuldustunde.<\/font><\/p>\n<h3><font face=\"Arial\">Toime Euroopa Toiduohtuseamet on hinnanud toote aktiivsete koostisosade t\u00f5endeid ning lubanud v\u00e4ita j\u00e4rgnevat:<\/font><\/h3>\n<ul>\n<li><span style=\"color: rgb(36, 23, 16); font-size: 15px;\"><font face=\"Arial\">aitab kaasa normaalsele lihaste t\u00f6\u00f6le<\/font><\/span><\/li>\n<li><span style=\"color: rgb(36, 23, 16); font-size: 15px;\"><font face=\"Arial\">aitab kaasa normaalsele energiavahetusele<\/font><\/span><\/li>\n<li><span style=\"color: rgb(36, 23, 16); font-size: 15px;\"><font face=\"Arial\">aitab hoida luid ja hambaid normaalsena<\/font><\/span><\/li>\n<li><span style=\"color: rgb(36, 23, 16); font-size: 15px;\"><font face=\"Arial\">aitab kaasa normaalsetele ps\u00fchholoogilistele funktsioonidele<\/font><\/span><\/li>\n<li><span style=\"color: rgb(36, 23, 16); font-size: 15px;\"><font face=\"Arial\">aitab kaasa n\u00e4rvis\u00fcsteemi normaalsele talitlusele<\/font><\/span><\/li>\n<li><span style=\"color: rgb(36, 23, 16); font-size: 15px;\"><font face=\"Arial\">aitab v\u00e4hendada v\u00e4simust ja kurnatust<\/font><\/span><\/li>\n<li><span style=\"color: rgb(36, 23, 16); font-size: 15px;\"><font face=\"Arial\">aitab kaasa normaalsele valgus\u00fcnteesile<\/font><\/span><\/li>\n<li><span style=\"color: rgb(36, 23, 16); font-size: 15px;\"><font face=\"Arial\">osaleb rakujagunemise protsessis<\/font><\/span><\/li>\n<li><span style=\"color: rgb(36, 23, 16); font-size: 15px;\"><font face=\"Arial\">aitab kaasa elektrol\u00fc\u00fctide tasakaalule<\/font><\/span><\/li>\n<\/ul>\n<h3><font face=\"Arial\">Kasutamine<\/font><\/h3>\n<p><font face=\"Arial\">1 m\u00f5\u00f5dulusikas 4,8g umbes tund enne magamaminekut 200ml veega.<\/font><\/p>\n<h3><font face=\"Arial\">Kellele sobib?<\/font><\/h3>\n<p><font face=\"Arial\">Neile, kes soovivad kaitsta enda s\u00fcdant, lihaseid, n\u00e4rvis\u00fcsteemi ning tagada rahulik uni.&nbsp;<\/font><\/p>\n<h3 style=\"color: rgb(0, 0, 0);\"><font face=\"Arial\">Maitsed:&nbsp;<span style=\"font-size: 12px;\">maitsetu ja apelsin.<\/span><\/font><\/h3>\n<h3><font face=\"Arial\">Pakend:<span style=\"font-size:12px;\">&nbsp;300g<\/span><\/font><\/h3>\n<table border=\"1\" cellpadding=\"1\" cellspacing=\"1\" style=\"height:50px;width:400px;\">\n<tbody>\n<tr>\n<td><strong><font face=\"Arial\">SELF Magnesiumkarbonaat koostisosad<\/font><\/strong><\/td>\n<td><strong><font face=\"Arial\">1 m\u00f5\u00f5dulusikas<\/font><\/strong><\/td>\n<\/tr>\n<tr>\n<td><font face=\"Arial\">Magneesiumtsitraat<\/font><\/td>\n<td><font face=\"Arial\">430mg 114,6%<\/font><\/td>\n<\/tr>\n<tr>\n<td><font face=\"Arial\"><br \/><\/font><\/td>\n<td><\/td>\n<\/tr>\n<tr>\n<td colspan=\"2\">\n<p><span style=\"font-size:9px;\"><strong><font face=\"Arial\">Koostis: Magneesiumkarbonaat, happesuse regulaator<\/font><\/strong><\/span><\/p>\n<\/td>\n<\/tr>\n<\/tbody>\n<\/table>\n<p><font face=\"Arial\">Konsultatsioon<\/font><\/p>\n<ul>\n<li><font face=\"Arial\">Oled oodatud tasuta konsultatsioonile MYBODY Audentese kauplusesse,<\/font><\/li>\n<li><font face=\"Arial\">Asukoht: Audentese Spordikeskus, Tondi 84.<\/font><\/li>\n<li><font face=\"Arial\">Telefon EST\/RUS\/ENG +372&nbsp;523 1960<\/font><\/li>\n<li><font face=\"Arial\">Telefon EST\/ENG +372 56&nbsp;458&nbsp;688<\/font><\/li>\n<li><a href=\"mailto:info@mybody.ee\"><font face=\"Arial\">info@mybody.ee<\/font><\/a><\/li>\n<li><a href=\"http:\/\/www.facebook.com\/mybody.ee\"><font face=\"Arial\">www.facebook.com\/mybody.ee<\/font><\/a><\/li>\n<\/ul>\n","protected":false},"excerpt":{"rendered":"<p>Magneesium&nbsp;on k\u00f5rge imendumisega toidulisand, mis aitab kaasa n\u00e4rvis\u00fcsteemi ja lihaste normaalsele talitusele. Nende ainete t\u00e4pne vahekord aitab ennetada f\u00fc\u00fcsilist ja vaimset kurnatust, aitab t\u00f5sta vastupidamisv\u00f5imet stressi suhtes ja kindlustab s\u00fcgava, l\u00f5\u00f5gastava une.&nbsp; Magneesiumkarbonaat&nbsp;on essentiaalne mineraalaine, mida leidub k\u00f5ikides keharakkudes ning paikneb 94%lises ulatuses raku sees. T\u00e4iskasvanud inimeses leidub 24 grammi magneesiumit, millest 24% on lihaskoes [&hellip;]<\/p>\n","protected":false},"featured_media":0,"comment_status":"open","ping_status":"closed","template":"","meta":{"inline_featured_image":false},"product_cat":[37,63,45,30,34,55,50,32],"product_tag":[],"class_list":{"0":"post-984","1":"product","2":"type-product","3":"status-publish","5":"product_cat-joualad","6":"product_cat-populaarsed-est","7":"product_cat-seksuaaltervis","8":"product_cat-spetsiaal","9":"product_cat-sportmangud","10":"product_cat-testosterooni-tostjad","11":"product_cat-vitamiinid-ja-mineraalid","12":"product_cat-mikroelemendid","13":"pa_kogustablettikapslit-90tk","14":"pa_kunakasutada-uldiselttugevdav","15":"pa_maitse-apelsin","16":"pa_maitse-maitsestamata","17":"pa_vorm-tablettkapsel","19":"first","20":"instock","21":"shipping-taxable","22":"purchasable","23":"product-type-variable"},"yoast_head":"<!-- This site is optimized with the Yoast SEO plugin v27.3 - https:\/\/yoast.com\/product\/yoast-seo-wordpress\/ -->\n<title>Magneesiumkarbonaat - MyBody.ee - Toidulisandid ja sporditarvikud<\/title>\n<meta name=\"description\" content=\"Magneesiumkarbonaat - MyBody.ee - Toidulisandid ja sporditarvikud\" \/>\n<meta name=\"robots\" content=\"index, follow, max-snippet:-1, max-image-preview:large, max-video-preview:-1\" \/>\n<link rel=\"canonical\" href=\"https:\/\/mybody5.ee.mybody.ee\/proov\/product\/korge-bioloogilise-vaartusega-magneesium-self-magnesium-300g-ee\/\" \/>\n<meta property=\"og:locale\" content=\"et_EE\" \/>\n<meta property=\"og:type\" content=\"article\" \/>\n<meta property=\"og:title\" content=\"Magneesiumkarbonaat - MyBody.ee - Toidulisandid ja sporditarvikud\" \/>\n<meta property=\"og:description\" content=\"Magneesiumkarbonaat - MyBody.ee - Toidulisandid ja sporditarvikud\" \/>\n<meta property=\"og:url\" content=\"https:\/\/mybody5.ee.mybody.ee\/proov\/product\/korge-bioloogilise-vaartusega-magneesium-self-magnesium-300g-ee\/\" \/>\n<meta property=\"og:site_name\" content=\"supplero\" \/>\n<meta property=\"article:publisher\" content=\"https:\/\/facebook.com\/MyBody.ee\/\" \/>\n<meta property=\"og:image\" content=\"https:\/\/mybody5.ee.mybody.ee\/proov\/wp-content\/uploads\/2023\/11\/mybody_logo_h65.png\" \/>\n\t<meta property=\"og:image:width\" content=\"229\" \/>\n\t<meta property=\"og:image:height\" content=\"65\" \/>\n\t<meta property=\"og:image:type\" content=\"image\/png\" \/>\n<meta name=\"twitter:card\" content=\"summary_large_image\" \/>\n<meta name=\"twitter:label1\" content=\"Est. reading time\" \/>\n\t<meta name=\"twitter:data1\" content=\"1 minut\" \/>\n<script type=\"application\/ld+json\" class=\"yoast-schema-graph\">{\"@context\":\"https:\\\/\\\/schema.org\",\"@graph\":[{\"@type\":\"WebPage\",\"@id\":\"https:\\\/\\\/mybody5.ee.mybody.ee\\\/proov\\\/product\\\/korge-bioloogilise-vaartusega-magneesium-self-magnesium-300g-ee\\\/\",\"url\":\"https:\\\/\\\/mybody5.ee.mybody.ee\\\/proov\\\/product\\\/korge-bioloogilise-vaartusega-magneesium-self-magnesium-300g-ee\\\/\",\"name\":\"Magneesiumkarbonaat - MyBody.ee - Toidulisandid ja sporditarvikud\",\"isPartOf\":{\"@id\":\"https:\\\/\\\/mybody5.ee.mybody.ee\\\/proov\\\/#website\"},\"datePublished\":\"2021-04-02T13:38:53+00:00\",\"description\":\"Magneesiumkarbonaat - MyBody.ee - Toidulisandid ja sporditarvikud\",\"breadcrumb\":{\"@id\":\"https:\\\/\\\/mybody5.ee.mybody.ee\\\/proov\\\/product\\\/korge-bioloogilise-vaartusega-magneesium-self-magnesium-300g-ee\\\/#breadcrumb\"},\"inLanguage\":\"et\",\"potentialAction\":[{\"@type\":\"ReadAction\",\"target\":[\"https:\\\/\\\/mybody5.ee.mybody.ee\\\/proov\\\/product\\\/korge-bioloogilise-vaartusega-magneesium-self-magnesium-300g-ee\\\/\"]}]},{\"@type\":\"BreadcrumbList\",\"@id\":\"https:\\\/\\\/mybody5.ee.mybody.ee\\\/proov\\\/product\\\/korge-bioloogilise-vaartusega-magneesium-self-magnesium-300g-ee\\\/#breadcrumb\",\"itemListElement\":[{\"@type\":\"ListItem\",\"position\":1,\"name\":\"Home\",\"item\":\"https:\\\/\\\/mybody5.ee.mybody.ee\\\/proov\\\/\"},{\"@type\":\"ListItem\",\"position\":2,\"name\":\"Shop\",\"item\":\"https:\\\/\\\/mybody5.ee.mybody.ee\\\/proov\\\/shop\\\/\"},{\"@type\":\"ListItem\",\"position\":3,\"name\":\"K\u00f5rge bioloogilise v\u00e4\u00e4rtusega magneesium &#8211; SELF Magnesium 300g\"}]},{\"@type\":\"WebSite\",\"@id\":\"https:\\\/\\\/mybody5.ee.mybody.ee\\\/proov\\\/#website\",\"url\":\"https:\\\/\\\/mybody5.ee.mybody.ee\\\/proov\\\/\",\"name\":\"MyBody.ee - Toidulisandid ja sporditarvikud\",\"description\":\"Just another WordPress site\",\"publisher\":{\"@id\":\"https:\\\/\\\/mybody5.ee.mybody.ee\\\/proov\\\/#organization\"},\"potentialAction\":[{\"@type\":\"SearchAction\",\"target\":{\"@type\":\"EntryPoint\",\"urlTemplate\":\"https:\\\/\\\/mybody5.ee.mybody.ee\\\/proov\\\/?s={search_term_string}\"},\"query-input\":{\"@type\":\"PropertyValueSpecification\",\"valueRequired\":true,\"valueName\":\"search_term_string\"}}],\"inLanguage\":\"et\"},{\"@type\":\"Organization\",\"@id\":\"https:\\\/\\\/mybody5.ee.mybody.ee\\\/proov\\\/#organization\",\"name\":\"MyBody.ee\",\"url\":\"https:\\\/\\\/mybody5.ee.mybody.ee\\\/proov\\\/\",\"logo\":{\"@type\":\"ImageObject\",\"inLanguage\":\"et\",\"@id\":\"https:\\\/\\\/mybody5.ee.mybody.ee\\\/proov\\\/#\\\/schema\\\/logo\\\/image\\\/\",\"url\":\"https:\\\/\\\/mybody5.ee.mybody.ee\\\/proov\\\/wp-content\\\/uploads\\\/2023\\\/11\\\/mybody_logo_h65-2.png\",\"contentUrl\":\"https:\\\/\\\/mybody5.ee.mybody.ee\\\/proov\\\/wp-content\\\/uploads\\\/2023\\\/11\\\/mybody_logo_h65-2.png\",\"width\":229,\"height\":65,\"caption\":\"MyBody.ee\"},\"image\":{\"@id\":\"https:\\\/\\\/mybody5.ee.mybody.ee\\\/proov\\\/#\\\/schema\\\/logo\\\/image\\\/\"},\"sameAs\":[\"https:\\\/\\\/facebook.com\\\/MyBody.ee\\\/\"]}]}<\/script>\n<!-- \/ Yoast SEO plugin. -->","yoast_head_json":{"title":"Magneesiumkarbonaat - MyBody.ee - Toidulisandid ja sporditarvikud","description":"Magneesiumkarbonaat - MyBody.ee - Toidulisandid ja sporditarvikud","robots":{"index":"index","follow":"follow","max-snippet":"max-snippet:-1","max-image-preview":"max-image-preview:large","max-video-preview":"max-video-preview:-1"},"canonical":"https:\/\/mybody5.ee.mybody.ee\/proov\/product\/korge-bioloogilise-vaartusega-magneesium-self-magnesium-300g-ee\/","og_locale":"et_EE","og_type":"article","og_title":"Magneesiumkarbonaat - MyBody.ee - Toidulisandid ja sporditarvikud","og_description":"Magneesiumkarbonaat - MyBody.ee - Toidulisandid ja sporditarvikud","og_url":"https:\/\/mybody5.ee.mybody.ee\/proov\/product\/korge-bioloogilise-vaartusega-magneesium-self-magnesium-300g-ee\/","og_site_name":"supplero","article_publisher":"https:\/\/facebook.com\/MyBody.ee\/","og_image":[{"width":229,"height":65,"url":"https:\/\/mybody5.ee.mybody.ee\/proov\/wp-content\/uploads\/2023\/11\/mybody_logo_h65.png","type":"image\/png"}],"twitter_card":"summary_large_image","twitter_misc":{"Est. reading time":"1 minut"},"schema":{"@context":"https:\/\/schema.org","@graph":[{"@type":"WebPage","@id":"https:\/\/mybody5.ee.mybody.ee\/proov\/product\/korge-bioloogilise-vaartusega-magneesium-self-magnesium-300g-ee\/","url":"https:\/\/mybody5.ee.mybody.ee\/proov\/product\/korge-bioloogilise-vaartusega-magneesium-self-magnesium-300g-ee\/","name":"Magneesiumkarbonaat - MyBody.ee - Toidulisandid ja sporditarvikud","isPartOf":{"@id":"https:\/\/mybody5.ee.mybody.ee\/proov\/#website"},"datePublished":"2021-04-02T13:38:53+00:00","description":"Magneesiumkarbonaat - MyBody.ee - Toidulisandid ja sporditarvikud","breadcrumb":{"@id":"https:\/\/mybody5.ee.mybody.ee\/proov\/product\/korge-bioloogilise-vaartusega-magneesium-self-magnesium-300g-ee\/#breadcrumb"},"inLanguage":"et","potentialAction":[{"@type":"ReadAction","target":["https:\/\/mybody5.ee.mybody.ee\/proov\/product\/korge-bioloogilise-vaartusega-magneesium-self-magnesium-300g-ee\/"]}]},{"@type":"BreadcrumbList","@id":"https:\/\/mybody5.ee.mybody.ee\/proov\/product\/korge-bioloogilise-vaartusega-magneesium-self-magnesium-300g-ee\/#breadcrumb","itemListElement":[{"@type":"ListItem","position":1,"name":"Home","item":"https:\/\/mybody5.ee.mybody.ee\/proov\/"},{"@type":"ListItem","position":2,"name":"Shop","item":"https:\/\/mybody5.ee.mybody.ee\/proov\/shop\/"},{"@type":"ListItem","position":3,"name":"K\u00f5rge bioloogilise v\u00e4\u00e4rtusega magneesium &#8211; SELF Magnesium 300g"}]},{"@type":"WebSite","@id":"https:\/\/mybody5.ee.mybody.ee\/proov\/#website","url":"https:\/\/mybody5.ee.mybody.ee\/proov\/","name":"MyBody.ee - Toidulisandid ja sporditarvikud","description":"Just another WordPress site","publisher":{"@id":"https:\/\/mybody5.ee.mybody.ee\/proov\/#organization"},"potentialAction":[{"@type":"SearchAction","target":{"@type":"EntryPoint","urlTemplate":"https:\/\/mybody5.ee.mybody.ee\/proov\/?s={search_term_string}"},"query-input":{"@type":"PropertyValueSpecification","valueRequired":true,"valueName":"search_term_string"}}],"inLanguage":"et"},{"@type":"Organization","@id":"https:\/\/mybody5.ee.mybody.ee\/proov\/#organization","name":"MyBody.ee","url":"https:\/\/mybody5.ee.mybody.ee\/proov\/","logo":{"@type":"ImageObject","inLanguage":"et","@id":"https:\/\/mybody5.ee.mybody.ee\/proov\/#\/schema\/logo\/image\/","url":"https:\/\/mybody5.ee.mybody.ee\/proov\/wp-content\/uploads\/2023\/11\/mybody_logo_h65-2.png","contentUrl":"https:\/\/mybody5.ee.mybody.ee\/proov\/wp-content\/uploads\/2023\/11\/mybody_logo_h65-2.png","width":229,"height":65,"caption":"MyBody.ee"},"image":{"@id":"https:\/\/mybody5.ee.mybody.ee\/proov\/#\/schema\/logo\/image\/"},"sameAs":["https:\/\/facebook.com\/MyBody.ee\/"]}]}},"_links":{"self":[{"href":"https:\/\/mybody5.ee.mybody.ee\/proov\/wp-json\/wp\/v2\/product\/984","targetHints":{"allow":["GET"]}}],"collection":[{"href":"https:\/\/mybody5.ee.mybody.ee\/proov\/wp-json\/wp\/v2\/product"}],"about":[{"href":"https:\/\/mybody5.ee.mybody.ee\/proov\/wp-json\/wp\/v2\/types\/product"}],"replies":[{"embeddable":true,"href":"https:\/\/mybody5.ee.mybody.ee\/proov\/wp-json\/wp\/v2\/comments?post=984"}],"wp:attachment":[{"href":"https:\/\/mybody5.ee.mybody.ee\/proov\/wp-json\/wp\/v2\/media?parent=984"}],"wp:term":[{"taxonomy":"product_cat","embeddable":true,"href":"https:\/\/mybody5.ee.mybody.ee\/proov\/wp-json\/wp\/v2\/product_cat?post=984"},{"taxonomy":"product_tag","embeddable":true,"href":"https:\/\/mybody5.ee.mybody.ee\/proov\/wp-json\/wp\/v2\/product_tag?post=984"}],"curies":[{"name":"wp","href":"https:\/\/api.w.org\/{rel}","templated":true}]}}