{"id":988,"date":"2021-04-02T18:07:53","date_gmt":"2021-04-02T18:07:53","guid":{"rendered":"https:\/\/mybody5.ee.mybody.ee\/proov\/product\/magusaisu-vahendav-rasvapoletaja-ala-alpha-lipoic-acid-120kps-ee\/"},"modified":"2021-04-02T18:07:53","modified_gmt":"2021-04-02T18:07:53","slug":"magusaisu-vahendav-rasvapoletaja-ala-alpha-lipoic-acid-120kps-ee","status":"publish","type":"product","link":"https:\/\/mybody5.ee.mybody.ee\/proov\/product\/magusaisu-vahendav-rasvapoletaja-ala-alpha-lipoic-acid-120kps-ee\/","title":{"rendered":"Magusaisu v\u00e4hendav rasvap\u00f5letaja- ALA Alpha Lipoic Acid 120kps"},"content":{"rendered":"<div class=\"htabs\" id=\"tabs\" style=\"line-height: 20.7999992370605px;\"><font face=\"Arial\"><b><span style=\"font-size: 14px;\">Ala Alpha Lipoic Acid<\/span><\/b><span style=\"font-size: 14px;\">&nbsp;<\/span><span style=\"font-size: 14px;\">ladestunud rasvade l\u00f5hustamist ning toetab f\u00fc\u00fcsilist ja vaimset aktiivust.&nbsp;<\/span><\/font><span style=\"caret-color: rgb(51, 51, 51); font-size: 14px; font-family: Arial;\">Alfa-lipoehape suurendab lihasj\u00f5udu, t\u00f5hustab ajufunktsionaalsust, on vananemisvastane, annab energiat ja m\u00f5jutab ainevahetust.<\/span><\/div>\n<div class=\"htabs\" id=\"tabs\" style=\"line-height: 20.7999992370605px;\"><span style=\"caret-color: rgb(51, 51, 51); font-size: 14px; font-family: Arial;\"><br \/><\/span><\/div>\n<p style=\"line-height: 20.7999992370605px;\"><font face=\"Arial\"><span style=\"caret-color: rgb(51, 51, 51); font-size: 14px;\"><b>SELF Alfa-lipoehape <\/b>on \u00fcks t\u00f5husamaid antioks\u00fcdante.&nbsp;<\/span><span style=\"font-size: 14px; margin: 0px; padding: 0px; border: 0px; outline: 0px; font-stretch: inherit; line-height: inherit; vertical-align: baseline; caret-color: rgb(34, 34, 34);\">Vabad radikaalid on keemilised \u00fchendid, mis tekivad oks\u00fcdatsiooni tagaj\u00e4rjel, nt ainevahetuse k\u00f5rvalsaadustena. Inimese organismis eksisteerivad hapniku radikaalid on vajalikud normaalseks hingamiseks, ainevahetuseks ja v\u00f5itlemiseks antigeenidega, st mittekehaomaste ainetega nagu bakterid ja viirused. M\u00f5nikord v\u00f5ib organismis vabade radikaalide osakaal aga tublisti suureneda ja nad hakkavad oma suure aktiivsuse t\u00f5ttu hoopis organismi enda rakke r\u00fcndama ja kahjustama.&nbsp;<\/span><span style=\"font-size: 14px; caret-color: rgb(34, 34, 34);\">Kahjustatud rakud toodavad omakorda uusi vabu radikaale, mis viib organismi \u00fcldise vananemiseni.<\/span><span style=\"caret-color: rgb(51, 51, 51); font-size: 14px;\">&nbsp;Vabad<b> radikaalid on ebastabiilsed molekulid<\/b>, mis tekitavad rakkude, organite ja kudede kahjustusi, <b>v\u00e4hendades<\/b> nii keha <b>vastupanuv\u00f5imet haigustele<\/b>. Alfalipoehape on ka l\u00e4hteaineks \u00fchendile, mis aitab kaasa kahjulike \u00fchendite l\u00f5hustamisele maksas.<\/span><\/font><\/p>\n<p style=\"line-height: 20.7999992370605px;\"><font face=\"Arial\"><span style=\"caret-color: rgb(51, 51, 51); font-size: 14px;\"><b>Alfa-lipoehape<\/b> aitab hoida normaalset vere kolesteroolitaset ning omab positiivset efekti ka rasvade p\u00f5letamisel. Alfa-lipoehape soodustab verevarustust n\u00e4rvide piirkonnas, suurendab glutatiooni f\u00fcsioloogilist taset ja toimib antioks\u00fcdandina, v\u00e4hendades vabade hapnikuradikaalide hulka kahjustatud n\u00e4rvirakus.<\/span><br style=\"margin: 0px; padding: 0px; caret-color: rgb(51, 51, 51); font-size: 12px;\"><br style=\"margin: 0px; padding: 0px; caret-color: rgb(51, 51, 51); font-size: 12px;\"><strong style=\"margin: 0px; padding: 0px; caret-color: rgb(51, 51, 51); font-size: 12px;\"><span style=\"font-size: 14px;\">Alpha Lipoic Acid<\/span><\/strong><span style=\"caret-color: rgb(51, 51, 51); font-size: 14px;\">&nbsp;on soovitatav sportlastele rasvkoe v\u00e4hendamise perioodiks ning j\u00f5u, lihaste struktuuri ja vastupidavuse arendamiseks. Samuti inimestele, keda ohustavad ateroskleroos, diabeet, s\u00fcdame-ja maksahaigused, liigne kehakaal.<\/span><br \/><br style=\"margin: 0px; padding: 0px; caret-color: rgb(51, 51, 51); font-size: 12px;\"><span style=\"caret-color: rgb(51, 51, 51); font-size: 14px;\">Alfa-lipoehape on vitamiinisarnane aine, mis osaleb energia tootmises ning on oluline antioks\u00fcdant, Kuigi organism on v\u00f5imeline alfa-lipoehapet ka ise tootma, on toit siiski selle oluline allikas. Alfa-lipoehapet leidub peaaegu k\u00f5igis toitudes, eelk\u00f5ige neerus, maksas,&nbsp;spinatis ja brokkolis.<\/span><br \/><\/font><\/p>\n<p><span style=\"font-size: 14px;\"><font face=\"Arial\">  <\/font><\/span><\/p>\n<p style=\"line-height: 20.7999992370605px;\"><font face=\"Arial\"><span style=\"font-size: 14px;\"><b>Alpha Lipoic Acid&nbsp;<\/b>rasvap\u00f5letajas sisalduv&nbsp;<\/span><strong><span style=\"font-size: 14px;\">kroom<\/span><\/strong><span style=\"font-size: 14px;\">&nbsp;stabiliseerib veresuhkru taset, puhastab artereid l\u00e4bi kolesterooli ja trigl\u00fctseriidide taseme v\u00e4hendamise ning&nbsp;rasvade ainevahetuse. <b>Kroom<\/b> aitab kaasa ka aminohapete imendumisele&nbsp;ning h\u00f5lbustab s\u00f6\u00f6gisu kontrollimist.<\/span><\/font><\/p>\n<p style=\"line-height: 20.7999992370605px;\"><font face=\"Arial\"><span style=\"outline: 0px; font-weight: 700; font-size: 14px; text-align: justify;\">B7-vitamiin ehk biotiin&nbsp;<\/span><span style=\"font-size: 14px; text-align: justify;\">osaleb naha, juuste, n\u00e4rvide taastamise protsessides on ta \u00fcks t\u00e4htsamaid vitamiine rakkude kasvamise ja uunemise juures.<\/span><span style=\"font-size: 14px;\"><br \/><\/span><\/font><\/p>\n<p style=\"line-height: 20.7999992370605px;\"><font face=\"Arial\"><b style=\"font-size: 14px;\">Alpha Lipoic Acid<\/b><span style=\"font-size: 14px;\">&nbsp;on kvaliteetne ja kaasaegne toode, mis on m\u00f5eldud edukaks kaalu reguleerimiseks.<\/span><\/font><\/p>\n<p><span style=\"font-size: 14px;\"><font face=\"Arial\">  <\/font><\/span><\/p>\n<h3><font face=\"Arial\"><span style=\"font-size: 14px;\">Toime<\/span><\/font><\/h3>\n<p><span style=\"font-size: 14px;\"><font face=\"Arial\">  <\/font><\/span><\/p>\n<ul style=\"line-height: 20.7999992370605px;\"><span style=\"font-size: 14px;\"><font face=\"Arial\"> \t<\/font><\/span><\/p>\n<li><font face=\"Arial\"><span style=\"font-size: 14px;\">Aitab v\u00e4hendada \u00fclekaalu<\/span><\/font><\/li>\n<p><span style=\"font-size: 14px;\"><font face=\"Arial\"> \t<\/font><\/span><\/p>\n<li><font face=\"Arial\"><span style=\"font-size: 14px;\">Normaliseerib kolesteroolitaset<\/span><\/font><\/li>\n<p><span style=\"font-size: 14px;\"><font face=\"Arial\"> \t<\/font><\/span><\/p>\n<li><font face=\"Arial\"><span style=\"font-size: 14px;\">V\u00e4hendab magusaisu<\/span><\/font><\/li>\n<p><span style=\"font-size: 14px;\"><font face=\"Arial\"> \t<\/font><\/span><\/p>\n<li><font face=\"Arial\"><span style=\"font-size: 14px;\">Aitab kaasa f\u00fc\u00fcsilisele aktiivsusele<\/span><\/font><\/li>\n<p><span style=\"font-size: 14px;\"><font face=\"Arial\"> <\/font><\/span><\/ul>\n<p><span style=\"font-size: 14px;\"><font face=\"Arial\">  <\/font><\/span><\/p>\n<h3><font face=\"Arial\"><span style=\"font-size: 14px;\"><b>Kasutamine<\/b><\/span><\/font><\/h3>\n<p><span style=\"font-size: 14px;\"><font face=\"Arial\">  <\/font><\/span><\/p>\n<p style=\"line-height: 20.7999992370605px;\"><font face=\"Arial\"><span style=\"font-size: 14px;\">Soovituslikuks p\u00e4evane annus parima tulemuse saavutamiseks on 2 kapslit enne f\u00fc\u00fcsilist aktiivsust ning koormusevabal p\u00e4eval 2 kapslit enne hommikus\u00f6\u00f6ki.<\/span><\/font><\/p>\n<p><span style=\"font-size: 14px;\"><font face=\"Arial\">  <\/font><\/span><\/p>\n<h3><font face=\"Arial\"><span style=\"font-size: 14px;\"><b>Kellele sobib?<\/b><\/span><\/font><\/h3>\n<p><span style=\"font-size: 14px;\"><font face=\"Arial\">  <\/font><\/span><\/p>\n<p style=\"line-height: 20.7999992370605px;\"><font face=\"Arial\"><strong><span style=\"font-size: 14px;\">ALA Alpha Lipoic Acid&nbsp;<\/span><\/strong><span style=\"font-size: 14px;\">on sobiv k\u00f5igile, kelle eesm\u00e4rgiks on langetada kaalu l\u00e4bi rasvap\u00f5letuse, saavutada soovitud figuur v\u00f5i hoida ideaalkaalu. Eriti hea abiline aeglase ainevahetusega inimestele, kes ei ole f\u00fc\u00fcsiliselt v\u00e4ga aktiivsed. Sobib kaalulangetamiseks ka sportlastele.<\/span><\/font><\/p>\n<p><span style=\"font-size: 14px;\"><font face=\"Arial\">  <\/font><\/span><\/p>\n<h3><font face=\"Arial\"><span style=\"font-size: 14px;\">Pakend: 12<\/span><span style=\"font-size: 14px;\">0 kapslit<\/span><\/font><\/h3>\n<table border=\"1\" cellpadding=\"1\" cellspacing=\"1\" height=\"287\" style=\"height:100px;width:400px;\" width=\"355\">\n<tbody>\n<tr>\n<td><font face=\"Arial\"><strong><span style=\"font-size: 14px;\">SELF ALA Alpha Lipoic Acid koostisosad<\/span><\/strong><\/font><\/td>\n<td><strong><font face=\"Arial\"><span style=\"font-size: 14px;\">mg\/ 2 kapsel<\/span><\/font><\/strong><\/td>\n<\/tr>\n<tr>\n<td><font face=\"Arial\"><span style=\"font-size: 14px;\">Alfa lipohape<\/span><br \/><\/font><\/td>\n<td><font face=\"Arial\"><span style=\"font-size: 14px;\">400 mg<\/span><br \/><\/font><\/td>\n<\/tr>\n<\/tbody>\n<tbody>\n<tr>\n<td><\/td>\n<\/tr>\n<tr>\n<td><font face=\"Arial\">Biotoon B7 vitamiin<\/font><\/td>\n<td><font face=\"Arial\">225&nbsp;<span style=\"font-size: 14px;\">\u00b5g (450%)<\/span><\/font><\/td>\n<\/tr>\n<tr>\n<td><font face=\"Arial\"><span style=\"font-size: 14px;\">Kroomsulfaat<\/span><\/font><\/td>\n<td>\n<p><span style=\"font-size: 14px;\"><font face=\"Arial\"> \t\t\t<\/font><\/span><\/p>\n<p><font face=\"Arial\"><span style=\"font-size: 14px;\">200 \u00b5g (450% RDA*)<\/span><\/font><\/p>\n<\/p>\n<\/td>\n<\/tr>\n<\/tbody>\n<\/table>\n<p><span style=\"font-size: 14px;\"><font face=\"Arial\">  <\/font><\/span><\/p>\n<h3 style=\"color: rgb(0, 0, 0);\"><font face=\"Arial\"><span style=\"font-size: 12px;\">Koostis: Alfa lipohape, b7 vitamiin, kroomsulfaat, stabilisaator E460, vegan E470b vegan kapsel E1204&nbsp;<\/span><\/font><\/h3>\n<p><font face=\"Arial\"><img decoding=\"async\" alt=\"\" src=\"https:\/\/pood.mybody.ee\/image\/data\/B\u00c4NNERID\/soovitab_sticker3_naiste_elge_eller.jpg\" style=\"height:244px; width:400px\"><\/font><\/p>\n<p><span style=\"font-size: 14px;\"><font face=\"Arial\">  <\/font><\/span><\/p>\n<p><font face=\"Arial\"><span style=\"font-size: 14px;\">Konsultatsioon<\/span><\/font><\/p>\n<p><span style=\"font-size: 14px;\"><font face=\"Arial\">  <\/font><\/span><\/p>\n<ul><span style=\"font-size: 14px;\"><font face=\"Arial\"> \t<\/font><\/span><\/p>\n<li><font face=\"Arial\"><span style=\"font-size: 14px;\">Oled oodatud tasuta konsultatsioonile MYBODY Audentese kauplusesse,<\/span><\/font><\/li>\n<p><span style=\"font-size: 14px;\"><font face=\"Arial\"> \t<\/font><\/span><\/p>\n<li><font face=\"Arial\"><span style=\"font-size: 14px;\">Asukoht: Audentese Spordikeskus, Tondi 84.<\/span><\/font><\/li>\n<p><span style=\"font-size: 14px;\"><font face=\"Arial\"> \t<\/font><\/span><\/p>\n<li><font face=\"Arial\"><span style=\"font-size: 14px;\">Telefon EST\/RUS\/ENG +372&nbsp;523 1960<\/span><\/font><\/li>\n<p><span style=\"font-size: 14px;\"><font face=\"Arial\"> \t<\/font><\/span><\/p>\n<li><font face=\"Arial\"><span style=\"font-size: 14px;\">Telefon EST\/ENG +372 56&nbsp;458&nbsp;688<\/span><\/font><\/li>\n<p><span style=\"font-size: 14px;\"><font face=\"Arial\"> \t<\/font><\/span><\/p>\n<li><a href=\"mailto:info@mybody.ee\"><font face=\"Arial\" color=\"#000000\"><span style=\"font-size: 14px;\">info@mybody.ee<\/span><\/font><\/a><\/li>\n<p><span style=\"font-size: 14px;\"><font face=\"Arial\"> \t<\/font><\/span><\/p>\n<li><a href=\"http:\/\/www.facebook.com\/mybody.ee\"><font face=\"Arial\" color=\"#000000\"><span style=\"font-size: 14px;\">www.facebook.com\/mybody.ee<\/span><\/font><\/a><\/li>\n<\/ul>\n","protected":false},"excerpt":{"rendered":"<p>Ala Alpha Lipoic Acid&nbsp;ladestunud rasvade l\u00f5hustamist ning toetab f\u00fc\u00fcsilist ja vaimset aktiivust.&nbsp;Alfa-lipoehape suurendab lihasj\u00f5udu, t\u00f5hustab ajufunktsionaalsust, on vananemisvastane, annab energiat ja m\u00f5jutab ainevahetust. SELF Alfa-lipoehape on \u00fcks t\u00f5husamaid antioks\u00fcdante.&nbsp;Vabad radikaalid on keemilised \u00fchendid, mis tekivad oks\u00fcdatsiooni tagaj\u00e4rjel, nt ainevahetuse k\u00f5rvalsaadustena. Inimese organismis eksisteerivad hapniku radikaalid on vajalikud normaalseks hingamiseks, ainevahetuseks ja v\u00f5itlemiseks antigeenidega, st mittekehaomaste [&hellip;]<\/p>\n","protected":false},"featured_media":0,"comment_status":"open","ping_status":"closed","template":"","meta":{"inline_featured_image":false},"product_cat":[28,40],"product_tag":[],"class_list":{"0":"post-988","1":"product","2":"type-product","3":"status-publish","5":"product_cat-rasvapoletajad","6":"product_cat-tervis-hobi","7":"pa_kogustablettikapslit-60tk","8":"pa_kunakasutada-ennetrenni","9":"pa_vorm-tablettkapsel","11":"first","12":"instock","13":"shipping-taxable","14":"purchasable","15":"product-type-simple"},"yoast_head":"<!-- This site is optimized with the Yoast SEO plugin v27.3 - https:\/\/yoast.com\/product\/yoast-seo-wordpress\/ -->\n<title>Magusaisu v\u00e4hendav rasvap\u00f5letaja- ALA Alpha Lipoic Acid 120kps<\/title>\n<meta name=\"description\" content=\"Magusaisu v\u00e4hendav rasvap\u00f5letaja- ALA Alpha Lipoic Acid 120kps\" \/>\n<meta name=\"robots\" content=\"index, follow, max-snippet:-1, max-image-preview:large, max-video-preview:-1\" \/>\n<link rel=\"canonical\" href=\"https:\/\/mybody5.ee.mybody.ee\/proov\/product\/magusaisu-vahendav-rasvapoletaja-ala-alpha-lipoic-acid-120kps-ee\/\" \/>\n<meta property=\"og:locale\" content=\"et_EE\" \/>\n<meta property=\"og:type\" content=\"article\" \/>\n<meta property=\"og:title\" content=\"Magusaisu v\u00e4hendav rasvap\u00f5letaja- ALA Alpha Lipoic Acid 120kps\" \/>\n<meta property=\"og:description\" content=\"Magusaisu v\u00e4hendav rasvap\u00f5letaja- ALA Alpha Lipoic Acid 120kps\" \/>\n<meta property=\"og:url\" content=\"https:\/\/mybody5.ee.mybody.ee\/proov\/product\/magusaisu-vahendav-rasvapoletaja-ala-alpha-lipoic-acid-120kps-ee\/\" \/>\n<meta property=\"og:site_name\" content=\"supplero\" \/>\n<meta property=\"article:publisher\" content=\"https:\/\/facebook.com\/MyBody.ee\/\" \/>\n<meta property=\"og:image\" content=\"https:\/\/mybody5.ee.mybody.ee\/proov\/wp-content\/uploads\/2023\/11\/mybody_logo_h65.png\" \/>\n\t<meta property=\"og:image:width\" content=\"229\" \/>\n\t<meta property=\"og:image:height\" content=\"65\" \/>\n\t<meta property=\"og:image:type\" content=\"image\/png\" \/>\n<meta name=\"twitter:card\" content=\"summary_large_image\" \/>\n<meta name=\"twitter:label1\" content=\"Est. reading time\" \/>\n\t<meta name=\"twitter:data1\" content=\"2 minutit\" \/>\n<script type=\"application\/ld+json\" class=\"yoast-schema-graph\">{\"@context\":\"https:\\\/\\\/schema.org\",\"@graph\":[{\"@type\":\"WebPage\",\"@id\":\"https:\\\/\\\/mybody5.ee.mybody.ee\\\/proov\\\/product\\\/magusaisu-vahendav-rasvapoletaja-ala-alpha-lipoic-acid-120kps-ee\\\/\",\"url\":\"https:\\\/\\\/mybody5.ee.mybody.ee\\\/proov\\\/product\\\/magusaisu-vahendav-rasvapoletaja-ala-alpha-lipoic-acid-120kps-ee\\\/\",\"name\":\"Magusaisu v\u00e4hendav rasvap\u00f5letaja- ALA Alpha Lipoic Acid 120kps\",\"isPartOf\":{\"@id\":\"https:\\\/\\\/mybody5.ee.mybody.ee\\\/proov\\\/#website\"},\"datePublished\":\"2021-04-02T18:07:53+00:00\",\"description\":\"Magusaisu v\u00e4hendav rasvap\u00f5letaja- ALA Alpha Lipoic Acid 120kps\",\"breadcrumb\":{\"@id\":\"https:\\\/\\\/mybody5.ee.mybody.ee\\\/proov\\\/product\\\/magusaisu-vahendav-rasvapoletaja-ala-alpha-lipoic-acid-120kps-ee\\\/#breadcrumb\"},\"inLanguage\":\"et\",\"potentialAction\":[{\"@type\":\"ReadAction\",\"target\":[\"https:\\\/\\\/mybody5.ee.mybody.ee\\\/proov\\\/product\\\/magusaisu-vahendav-rasvapoletaja-ala-alpha-lipoic-acid-120kps-ee\\\/\"]}]},{\"@type\":\"BreadcrumbList\",\"@id\":\"https:\\\/\\\/mybody5.ee.mybody.ee\\\/proov\\\/product\\\/magusaisu-vahendav-rasvapoletaja-ala-alpha-lipoic-acid-120kps-ee\\\/#breadcrumb\",\"itemListElement\":[{\"@type\":\"ListItem\",\"position\":1,\"name\":\"Home\",\"item\":\"https:\\\/\\\/mybody5.ee.mybody.ee\\\/proov\\\/\"},{\"@type\":\"ListItem\",\"position\":2,\"name\":\"Shop\",\"item\":\"https:\\\/\\\/mybody5.ee.mybody.ee\\\/proov\\\/shop\\\/\"},{\"@type\":\"ListItem\",\"position\":3,\"name\":\"Magusaisu v\u00e4hendav rasvap\u00f5letaja- ALA Alpha Lipoic Acid 120kps\"}]},{\"@type\":\"WebSite\",\"@id\":\"https:\\\/\\\/mybody5.ee.mybody.ee\\\/proov\\\/#website\",\"url\":\"https:\\\/\\\/mybody5.ee.mybody.ee\\\/proov\\\/\",\"name\":\"MyBody.ee - Toidulisandid ja sporditarvikud\",\"description\":\"Just another WordPress site\",\"publisher\":{\"@id\":\"https:\\\/\\\/mybody5.ee.mybody.ee\\\/proov\\\/#organization\"},\"potentialAction\":[{\"@type\":\"SearchAction\",\"target\":{\"@type\":\"EntryPoint\",\"urlTemplate\":\"https:\\\/\\\/mybody5.ee.mybody.ee\\\/proov\\\/?s={search_term_string}\"},\"query-input\":{\"@type\":\"PropertyValueSpecification\",\"valueRequired\":true,\"valueName\":\"search_term_string\"}}],\"inLanguage\":\"et\"},{\"@type\":\"Organization\",\"@id\":\"https:\\\/\\\/mybody5.ee.mybody.ee\\\/proov\\\/#organization\",\"name\":\"MyBody.ee\",\"url\":\"https:\\\/\\\/mybody5.ee.mybody.ee\\\/proov\\\/\",\"logo\":{\"@type\":\"ImageObject\",\"inLanguage\":\"et\",\"@id\":\"https:\\\/\\\/mybody5.ee.mybody.ee\\\/proov\\\/#\\\/schema\\\/logo\\\/image\\\/\",\"url\":\"https:\\\/\\\/mybody5.ee.mybody.ee\\\/proov\\\/wp-content\\\/uploads\\\/2023\\\/11\\\/mybody_logo_h65-2.png\",\"contentUrl\":\"https:\\\/\\\/mybody5.ee.mybody.ee\\\/proov\\\/wp-content\\\/uploads\\\/2023\\\/11\\\/mybody_logo_h65-2.png\",\"width\":229,\"height\":65,\"caption\":\"MyBody.ee\"},\"image\":{\"@id\":\"https:\\\/\\\/mybody5.ee.mybody.ee\\\/proov\\\/#\\\/schema\\\/logo\\\/image\\\/\"},\"sameAs\":[\"https:\\\/\\\/facebook.com\\\/MyBody.ee\\\/\"]}]}<\/script>\n<!-- \/ Yoast SEO plugin. -->","yoast_head_json":{"title":"Magusaisu v\u00e4hendav rasvap\u00f5letaja- ALA Alpha Lipoic Acid 120kps","description":"Magusaisu v\u00e4hendav rasvap\u00f5letaja- ALA Alpha Lipoic Acid 120kps","robots":{"index":"index","follow":"follow","max-snippet":"max-snippet:-1","max-image-preview":"max-image-preview:large","max-video-preview":"max-video-preview:-1"},"canonical":"https:\/\/mybody5.ee.mybody.ee\/proov\/product\/magusaisu-vahendav-rasvapoletaja-ala-alpha-lipoic-acid-120kps-ee\/","og_locale":"et_EE","og_type":"article","og_title":"Magusaisu v\u00e4hendav rasvap\u00f5letaja- ALA Alpha Lipoic Acid 120kps","og_description":"Magusaisu v\u00e4hendav rasvap\u00f5letaja- ALA Alpha Lipoic Acid 120kps","og_url":"https:\/\/mybody5.ee.mybody.ee\/proov\/product\/magusaisu-vahendav-rasvapoletaja-ala-alpha-lipoic-acid-120kps-ee\/","og_site_name":"supplero","article_publisher":"https:\/\/facebook.com\/MyBody.ee\/","og_image":[{"width":229,"height":65,"url":"https:\/\/mybody5.ee.mybody.ee\/proov\/wp-content\/uploads\/2023\/11\/mybody_logo_h65.png","type":"image\/png"}],"twitter_card":"summary_large_image","twitter_misc":{"Est. reading time":"2 minutit"},"schema":{"@context":"https:\/\/schema.org","@graph":[{"@type":"WebPage","@id":"https:\/\/mybody5.ee.mybody.ee\/proov\/product\/magusaisu-vahendav-rasvapoletaja-ala-alpha-lipoic-acid-120kps-ee\/","url":"https:\/\/mybody5.ee.mybody.ee\/proov\/product\/magusaisu-vahendav-rasvapoletaja-ala-alpha-lipoic-acid-120kps-ee\/","name":"Magusaisu v\u00e4hendav rasvap\u00f5letaja- ALA Alpha Lipoic Acid 120kps","isPartOf":{"@id":"https:\/\/mybody5.ee.mybody.ee\/proov\/#website"},"datePublished":"2021-04-02T18:07:53+00:00","description":"Magusaisu v\u00e4hendav rasvap\u00f5letaja- ALA Alpha Lipoic Acid 120kps","breadcrumb":{"@id":"https:\/\/mybody5.ee.mybody.ee\/proov\/product\/magusaisu-vahendav-rasvapoletaja-ala-alpha-lipoic-acid-120kps-ee\/#breadcrumb"},"inLanguage":"et","potentialAction":[{"@type":"ReadAction","target":["https:\/\/mybody5.ee.mybody.ee\/proov\/product\/magusaisu-vahendav-rasvapoletaja-ala-alpha-lipoic-acid-120kps-ee\/"]}]},{"@type":"BreadcrumbList","@id":"https:\/\/mybody5.ee.mybody.ee\/proov\/product\/magusaisu-vahendav-rasvapoletaja-ala-alpha-lipoic-acid-120kps-ee\/#breadcrumb","itemListElement":[{"@type":"ListItem","position":1,"name":"Home","item":"https:\/\/mybody5.ee.mybody.ee\/proov\/"},{"@type":"ListItem","position":2,"name":"Shop","item":"https:\/\/mybody5.ee.mybody.ee\/proov\/shop\/"},{"@type":"ListItem","position":3,"name":"Magusaisu v\u00e4hendav rasvap\u00f5letaja- ALA Alpha Lipoic Acid 120kps"}]},{"@type":"WebSite","@id":"https:\/\/mybody5.ee.mybody.ee\/proov\/#website","url":"https:\/\/mybody5.ee.mybody.ee\/proov\/","name":"MyBody.ee - Toidulisandid ja sporditarvikud","description":"Just another WordPress site","publisher":{"@id":"https:\/\/mybody5.ee.mybody.ee\/proov\/#organization"},"potentialAction":[{"@type":"SearchAction","target":{"@type":"EntryPoint","urlTemplate":"https:\/\/mybody5.ee.mybody.ee\/proov\/?s={search_term_string}"},"query-input":{"@type":"PropertyValueSpecification","valueRequired":true,"valueName":"search_term_string"}}],"inLanguage":"et"},{"@type":"Organization","@id":"https:\/\/mybody5.ee.mybody.ee\/proov\/#organization","name":"MyBody.ee","url":"https:\/\/mybody5.ee.mybody.ee\/proov\/","logo":{"@type":"ImageObject","inLanguage":"et","@id":"https:\/\/mybody5.ee.mybody.ee\/proov\/#\/schema\/logo\/image\/","url":"https:\/\/mybody5.ee.mybody.ee\/proov\/wp-content\/uploads\/2023\/11\/mybody_logo_h65-2.png","contentUrl":"https:\/\/mybody5.ee.mybody.ee\/proov\/wp-content\/uploads\/2023\/11\/mybody_logo_h65-2.png","width":229,"height":65,"caption":"MyBody.ee"},"image":{"@id":"https:\/\/mybody5.ee.mybody.ee\/proov\/#\/schema\/logo\/image\/"},"sameAs":["https:\/\/facebook.com\/MyBody.ee\/"]}]}},"_links":{"self":[{"href":"https:\/\/mybody5.ee.mybody.ee\/proov\/wp-json\/wp\/v2\/product\/988","targetHints":{"allow":["GET"]}}],"collection":[{"href":"https:\/\/mybody5.ee.mybody.ee\/proov\/wp-json\/wp\/v2\/product"}],"about":[{"href":"https:\/\/mybody5.ee.mybody.ee\/proov\/wp-json\/wp\/v2\/types\/product"}],"replies":[{"embeddable":true,"href":"https:\/\/mybody5.ee.mybody.ee\/proov\/wp-json\/wp\/v2\/comments?post=988"}],"wp:attachment":[{"href":"https:\/\/mybody5.ee.mybody.ee\/proov\/wp-json\/wp\/v2\/media?parent=988"}],"wp:term":[{"taxonomy":"product_cat","embeddable":true,"href":"https:\/\/mybody5.ee.mybody.ee\/proov\/wp-json\/wp\/v2\/product_cat?post=988"},{"taxonomy":"product_tag","embeddable":true,"href":"https:\/\/mybody5.ee.mybody.ee\/proov\/wp-json\/wp\/v2\/product_tag?post=988"}],"curies":[{"name":"wp","href":"https:\/\/api.w.org\/{rel}","templated":true}]}}