{"id":989,"date":"2021-04-04T23:02:52","date_gmt":"2021-04-04T23:02:52","guid":{"rendered":"https:\/\/mybody5.ee.mybody.ee\/proov\/product\/proteiinibatoon-aktiivsele-inimesele-all-stars-clean-bar-18tk-ee\/"},"modified":"2021-04-04T23:02:52","modified_gmt":"2021-04-04T23:02:52","slug":"proteiinibatoon-aktiivsele-inimesele-all-stars-clean-bar-18tk-ee","status":"publish","type":"product","link":"https:\/\/mybody5.ee.mybody.ee\/proov\/product\/proteiinibatoon-aktiivsele-inimesele-all-stars-clean-bar-18tk-ee\/","title":{"rendered":"Proteiinibatoon aktiivsele inimesele &#8211; All Stars Clean Bar (18TK)"},"content":{"rendered":"<p><strong>All Stars Clean Bar<\/strong> on suurep\u00e4rase maitsega ja madala s\u00fcsivesiku sisaldusega proteiinibatoon. Iga toitev batoon sisaldab <strong>20g valku, 22-23 kiudained ja k\u00f5igest 2-3 s\u00fcsivesikuid.<\/strong> Clean Bar sisaldab kehale vajalike piimavalke, ning tekitab k\u00fcllastustunde oluliselt kiiremini kui tavaline maius.<\/p>\n<p> <strong>All Stars Clean Bar <\/strong>on t\u00f5esliselt puhta sisuga ning sobib k\u00f5igile aktiivsetele inimestele, kes hoolivad oma toitumisest.<\/p>\n<p><strong>Clean Bar<\/strong> toetab ideaaselt madala s\u00fcsivesikutega dieete, sest enamus maitsvad batoonid on v\u00e4ga suhkrurikkad, aga Clean Bar\u2019iga seda probleemi pole!<\/p>\n<p>Sobib h\u00e4sti vahepalaks, toidukorra asendajaks v\u00f5i peale treeningut taastumiseks.<\/p>\n<ul>\n<li>V\u00e4hem kui 3g s\u00fcsivesikuid&nbsp;\u00fches batoonis<\/li>\n<li>K\u00f5rge valgu ja kiudainete sisaldus<\/li>\n<li>Sobib toidukorraasendajaks<\/li>\n<li>Suussulavad maitsed<\/li>\n<\/ul>\n<h3><span style=\"line-height: 1.6em;\">Clean Bar&nbsp;proteiinibatoon on heaks t\u00e4iendavaks valguallikaks:<\/span><\/h3>\n<ul>\n<li>Noortele ja t\u00e4iskasvanutele<\/li>\n<li>F\u00fc\u00fcsiliselt aktiivsetele inimestele valguvajaduse rahuldamiseks<\/li>\n<li>N\u00e4lja peletamiseks toidukordade vahel<\/li>\n<\/ul>\n<h3>Sportlastele<\/h3>\n<ul>\n<li>Lihasmassi kasvatamiseks<\/li>\n<li>Keha taastamiseks p\u00e4rast treeningut<\/li>\n<li>Dieedi ajal lihasmassi s\u00e4ilitamiseks<\/li>\n<\/ul>\n<h3>Kasutamine<\/h3>\n<p>Sobib toidukorra asendajaks, vahepalaks kui ka treeningj\u00e4rgseks taastumiseks. Hea valik dieettooteks.&nbsp;<\/p>\n<h3>Kellele sobib?<\/h3>\n<p>All Stars&nbsp;Clean Bar&nbsp;on m\u00f5eldud kasutamiseks k\u00f5igile, kes peavad lugu tervislikust toitumisest ning soovivad kiiret ja maitsvat vahepala. Toode sisaldab magusaineid<\/p>\n<h3>Maitsed:&nbsp;<span style=\"font-size:12px;\"><span style=\"font-family:arial,helvetica,sans-serif;\">Cookie&amp;Cream (kreemik\u00fcpsis), Double Chocolate Chunk (topelt \u0161okolaad), Cookie Dough (k\u00fcpsis \u0161okolaadit\u00fckkidega),&nbsp;Cinnamon Roll (kaneelirull),&nbsp;Peanutbutter Chocolate&nbsp;(maap\u00e4hkliv\u00f5i \u0161okolaad)<\/span><\/span><\/h3>\n<h3><span style=\"font-size:12px;\"><span style=\"font-family:arial,helvetica,sans-serif;\"><br \/><\/span><\/span><img decoding=\"async\" src=\"https:\/\/mybody.ee\/image\/catalog\/All Stars\/IMG_5858.JPG\" style=\"width: 50%;\"><img decoding=\"async\" src=\"https:\/\/mybody.ee\/image\/catalog\/All Stars\/IMG_3850.JPG\" style=\"width: 50%;\"><img decoding=\"async\" src=\"https:\/\/mybody.ee\/image\/catalog\/All Stars\/IMG_1008.JPG\" style=\"width: 50%;\"><img decoding=\"async\" src=\"https:\/\/mybody.ee\/image\/catalog\/All Stars\/IMG_7888.jpg\" style=\"width: 50%;\"><\/h3>\n<h3>Kogus:<span style=\"font-family:arial,helvetica,sans-serif;\"> <span style=\"font-size:12px;\">60gx18tk<\/span><\/span><\/h3>\n<div id=\"__if72ru4sdfsdfrkjahiuyi_once\" style=\"display:none;\">&nbsp;<\/div>\n<div id=\"__hggasdgjhsagd_once\" style=\"display:none;\">&nbsp;<\/div>\n<table border=\"1\" cellpadding=\"1\" cellspacing=\"1\" height=\"422\" style=\"height: 100px; line-height: 1.6em; width: 700px;\" width=\"501\">\n<tbody>\n<tr>\n<td><strong>&nbsp;Clean Bar&nbsp;Cookie&amp;Cream (kreemik\u00fcpsis)&nbsp;maitselise&nbsp;toitev\u00e4\u00e4rtus<\/strong><\/td>\n<td><strong>60g<\/strong><\/td>\n<td><strong>100g<\/strong><\/td>\n<\/tr>\n<tr>\n<td>Energiat<\/td>\n<td>193kcal\/803kJ<\/td>\n<td>321kcal\/1338kJ<\/td>\n<\/tr>\n<tr>\n<td>Valke<\/td>\n<td>20 g<\/td>\n<td>33,4 g<\/td>\n<\/tr>\n<tr>\n<td>S\u00fcsivesikuid<br \/> \t\t\tmilles suhkrud<\/td>\n<td>2,3 g<br \/> \t\t\t1,7 g<\/td>\n<td>3,8 g<br \/> \t\t\t2,9 g<\/td>\n<\/tr>\n<tr>\n<td>Rasvu<br \/> \t\t\tmillest k\u00fcllastunud rasvu<\/td>\n<td>6,6 g<br \/> \t\t\t3,8 g<\/td>\n<td>11 g<br \/> \t\t\t6,4 g<\/td>\n<\/tr>\n<tr>\n<td>Kiudaineid<\/td>\n<td>22,5<\/td>\n<td>27,6 g<\/td>\n<\/tr>\n<tr>\n<td>Soola<\/td>\n<td>0,34 g<\/td>\n<td>0,57 g<\/td>\n<\/tr>\n<tr>\n<td colspan=\"3\">\n<p><span style=\"font-size: 10px;\">Koostis: valkude segu (vadakuvalgu isolaat 11,5%, piimavalgu isolaat 9,6%, kaseiin 8,6%, vadakuvalgu konsentraat 6%),&nbsp;isomalto-oligosahhariid, oligofruktoos, kakaov\u00f5i, pol\u00fcdekstroos, kakaomass 3,8%,&nbsp;madala rasvasisaldusega kakao 2,9%, kakao n\u00f6\u00f6bid 2,9%, kummiaraabik (E414), maitseained, tahm (E153), koorepulber 0,3%, sool, magustaja: sukraloos. V\u00f5ib sisaldada nisu, gluteeni, muna, soja, p\u00e4hkli, maap\u00e4hkli ja seesamiseemne j\u00e4\u00e4ke.<\/span><\/p>\n<\/td>\n<\/tr>\n<\/tbody>\n<\/table>\n<p>&nbsp;<\/p>\n<table border=\"1\" cellpadding=\"1\" cellspacing=\"1\" style=\"width: 700px;\">\n<tbody>\n<tr>\n<td><strong>Clean Bar&nbsp;Cinnamon Roll (kaneelirull)&nbsp;maitselise&nbsp;toitev\u00e4\u00e4rtus<\/strong><\/td>\n<td><strong>60g<\/strong><\/td>\n<td><strong>100g<\/strong><\/td>\n<\/tr>\n<tr>\n<td>Energiat<\/td>\n<td>188kcal\/783kJ<\/td>\n<td>314kcal\/1305kJ<\/td>\n<\/tr>\n<tr>\n<td>Valke<\/td>\n<td>20 g<\/td>\n<td>33,3g<\/td>\n<\/tr>\n<tr>\n<td>S\u00fcsivesikuid<br \/> \t\t\tmilles suhkrud<\/td>\n<td>2,7 g<br \/> \t\t\t2,4 g<\/td>\n<td>4,5 g<br \/> \t\t\t3,9 g<\/td>\n<\/tr>\n<tr>\n<td>Rasvu<br \/> \t\t\tmillest k\u00fcllastunud rasvu<\/td>\n<td>6 g<br \/> \t\t\t1,8 g<\/td>\n<td>9,9 g<br \/> \t\t\t3 g<\/td>\n<\/tr>\n<tr>\n<td>Kiudaineid<\/td>\n<td>22,2 g<\/td>\n<td>37 g<\/td>\n<\/tr>\n<tr>\n<td>Soola<\/td>\n<td><span style=\"line-height: 20.8px;\">0,38&nbsp;<\/span>g<\/td>\n<td>0,63 g<\/td>\n<\/tr>\n<tr>\n<td colspan=\"3\">\n<p><span style=\"font-size: 10px;\">Koostis:&nbsp;valkude segu (piimavalgu konsentraat 11%, piimavalgu isolaat 11%, vadakuvalgu konsentraat 6,5%, vadakuvalgu isolaat 6,5%),&nbsp;isomalto-oligosahhariid 23%, oligofruktoos,&nbsp;mandlid 5,3%, kakaomass 5,3% pol\u00fcdekstroos, p\u00e4evalille\u00f5li,&nbsp;kakaov\u00f5i,&nbsp;maitseained, sool, magustaja: stevia gl\u00fckosiid ja sukraloos. V\u00f5ib sisaldada nisu, gluteeni, muna, soja, p\u00e4hkli, maap\u00e4hkli ja seesamiseemne j\u00e4\u00e4ke.<\/span><\/p>\n<\/td>\n<\/tr>\n<\/tbody>\n<\/table>\n<table border=\"1\" cellpadding=\"1\" cellspacing=\"1\" style=\"width: 700px;\">\n<tbody>\n<tr>\n<td><strong>Clean Bar&nbsp;Cookie Dough (k\u00fcpsis \u0161okolaadit\u00fckkidega)&nbsp;maitselise&nbsp;toitev\u00e4\u00e4rtus<\/strong><\/td>\n<td><strong>60g<\/strong><\/td>\n<td><strong>100g<\/strong><\/td>\n<\/tr>\n<tr>\n<td>Energiat<\/td>\n<td>186kcal\/772kJ<\/td>\n<td>310kcal\/1287kJ<\/td>\n<\/tr>\n<tr>\n<td>Valke<\/td>\n<td>20 g<\/td>\n<td>33,4 g<\/td>\n<\/tr>\n<tr>\n<td>S\u00fcsivesikuid<br \/> \t\t\tmilles suhkrud<\/td>\n<td>2,7 g<br \/> \t\t\t2,3 g<\/td>\n<td>4,5 g<br \/> \t\t\t3,8 g<\/td>\n<\/tr>\n<tr>\n<td>Rasvu<br \/> \t\t\tmillest k\u00fcllastunud rasvu<\/td>\n<td>5,4 g<br \/> \t\t\t2,4 g<\/td>\n<td>9 g<br \/> \t\t\t4 g<\/td>\n<\/tr>\n<tr>\n<td>Kiudaineid<\/td>\n<td>23,1 g<\/td>\n<td>38,5 g<\/td>\n<\/tr>\n<tr>\n<td>Soola<\/td>\n<td><span style=\"line-height: 20.8px;\">0,38&nbsp;<\/span>g<\/td>\n<td>0,63 g<\/td>\n<\/tr>\n<tr>\n<td colspan=\"3\">\n<p><span style=\"font-size: 10px;\"><span style=\"line-height: 20.8px;\">Koostis: valkude segu (vadakuvalgu konsentraat 10,6%,&nbsp;piimavalgu isolaat 10,6%, piimavalgu konsentraat 10,6%,&nbsp;vadakuvalgu isolaat 6,4%),&nbsp;isomalto-oligosahhariid, oligofruktoos,&nbsp;kakaomass 8,5%, pol\u00fcdekstroos, p\u00e4evalille\u00f5li,&nbsp;kakaov\u00f5i,&nbsp;maitseained, sool, magustaja: stevia gl\u00fckosiid ja sukraloos. V\u00f5ib sisaldada nisu, gluteeni, muna, soja, p\u00e4hkli, maap\u00e4hkli ja seesamiseemne j\u00e4\u00e4ke.<\/span><\/span><\/p>\n<\/td>\n<\/tr>\n<\/tbody>\n<\/table>\n<p>&nbsp;<\/p>\n<table border=\"1\" cellpadding=\"1\" cellspacing=\"1\" style=\"width: 700px;\">\n<tbody>\n<tr>\n<td><strong>Clean Bar&nbsp;Peanutbutter Chocolate<\/strong><strong>&nbsp;(maap\u00e4hkliv\u00f5i \u0161okolaad) maitselise&nbsp;toitev\u00e4\u00e4rtus<\/strong><\/td>\n<td><strong>60g<\/strong><\/td>\n<td><strong>100g<\/strong><\/td>\n<\/tr>\n<tr>\n<td>Energiat<\/td>\n<td>189kcal\/787kJ<\/td>\n<td>315kcal\/1311kJ<\/td>\n<\/tr>\n<tr>\n<td>Valke<\/td>\n<td>20,6 g<\/td>\n<td>34,3 g<\/td>\n<\/tr>\n<tr>\n<td>S\u00fcsivesikuid<br \/> \t\t\tmilles suhkrud<\/td>\n<td>3,4 g<br \/> \t\t\t2 g<\/td>\n<td>5,6 g<br \/> \t\t\t3,3 g<\/td>\n<\/tr>\n<tr>\n<td>Rasvu<br \/> \t\t\tmillest k\u00fcllastunud rasvu<\/td>\n<td>5,6 g<br \/> \t\t\t2,3 g<\/td>\n<td>9,4 g<br \/> \t\t\t3,8 g<\/td>\n<\/tr>\n<tr>\n<td>Kiudaineid<\/td>\n<td>21,4 g<\/td>\n<td>35,7 g<\/td>\n<\/tr>\n<tr>\n<td>Soola<\/td>\n<td><span style=\"line-height: 20.8px;\">0,47&nbsp;<\/span>g<\/td>\n<td>0,63 g<\/td>\n<\/tr>\n<tr>\n<td colspan=\"3\">\n<p><span style=\"font-size: 10px;\">Koostis: valkude segu (piimavalgu isolaat 11%, vadakuvalgu isolaat 11%, kaltsium kaseinaat 9%),&nbsp;isomalto-oligosahhariid 21%, oligofruktoos,&nbsp;maap\u00e4hklid 8,8%, kakaomass 6,1% pol\u00fcdekstroos,&nbsp;kakaov\u00f5i,&nbsp;maitseained, sool, magustaja: stevia gl\u00fckosiid ja sukraloos. V\u00f5ib sisaldada nisu, gluteeni, muna, soja, p\u00e4hkli, maap\u00e4hkli ja seesamiseemne j\u00e4\u00e4ke.<\/span><\/p>\n<\/td>\n<\/tr>\n<\/tbody>\n<\/table>\n<h3>Konsultatsioon<\/h3>\n<ul>\n<li>Oled oodatud tasuta konsultatsioonile MYBODY Audentese kauplusesse,<\/li>\n<li>Asukoht: Audentese Spordikeskus, Tondi 84.<\/li>\n<li>Telefon EST\/RUS\/ENG +372&nbsp;523 1960<\/li>\n<li>Telefon EST\/ENG +372 56&nbsp;458&nbsp;688<\/li>\n<li><a href=\"mailto:info@mybody.ee\">info@mybody.ee<\/a><\/li>\n<li><a href=\"http:\/\/www.facebook.com\/mybody.ee\">www.facebook.com\/mybody.ee<\/a><\/li>\n<\/ul>\n","protected":false},"excerpt":{"rendered":"<p>All Stars Clean Bar on suurep\u00e4rase maitsega ja madala s\u00fcsivesiku sisaldusega proteiinibatoon. Iga toitev batoon sisaldab 20g valku, 22-23 kiudained ja k\u00f5igest 2-3 s\u00fcsivesikuid. Clean Bar sisaldab kehale vajalike piimavalke, ning tekitab k\u00fcllastustunde oluliselt kiiremini kui tavaline maius. All Stars Clean Bar on t\u00f5esliselt puhta sisuga ning sobib k\u00f5igile aktiivsetele inimestele, kes hoolivad oma toitumisest. [&hellip;]<\/p>\n","protected":false},"featured_media":0,"comment_status":"open","ping_status":"closed","template":"","meta":{"inline_featured_image":false},"product_cat":[60,18,61,29],"product_tag":[],"class_list":{"0":"post-989","1":"product","2":"type-product","3":"status-publish","5":"product_cat-batoonid","6":"product_cat-batoonid-vahepalad-ee","7":"product_cat-proteiinibatoonid","8":"product_cat-sooduspakkumised","9":"pa_maitse-cinnamonrollkaneelirull","10":"pa_maitse-cookieampcreamkreemikupsis","12":"first","13":"instock","14":"shipping-taxable","15":"purchasable","16":"product-type-variable"},"yoast_head":"<!-- This site is optimized with the Yoast SEO plugin v27.3 - https:\/\/yoast.com\/product\/yoast-seo-wordpress\/ -->\n<title>Proteiinibatoon aktiivsele inimesele - All Stars Clean Bar (8TK) - MyBody.ee - Toidulisandid ja sporditarvikud<\/title>\n<meta name=\"description\" content=\"All Stars Clean Bar on suurep\u00e4rase maitsega ja madala\" \/>\n<meta name=\"robots\" content=\"index, follow, max-snippet:-1, max-image-preview:large, max-video-preview:-1\" \/>\n<link rel=\"canonical\" href=\"https:\/\/mybody5.ee.mybody.ee\/proov\/product\/proteiinibatoon-aktiivsele-inimesele-all-stars-clean-bar-18tk-ee\/\" \/>\n<meta property=\"og:locale\" content=\"et_EE\" \/>\n<meta property=\"og:type\" content=\"article\" \/>\n<meta property=\"og:title\" content=\"Proteiinibatoon aktiivsele inimesele - All Stars Clean Bar (8TK) - MyBody.ee - Toidulisandid ja sporditarvikud\" \/>\n<meta property=\"og:description\" content=\"All Stars Clean Bar on suurep\u00e4rase maitsega ja madala\" \/>\n<meta property=\"og:url\" content=\"https:\/\/mybody5.ee.mybody.ee\/proov\/product\/proteiinibatoon-aktiivsele-inimesele-all-stars-clean-bar-18tk-ee\/\" \/>\n<meta property=\"og:site_name\" content=\"supplero\" \/>\n<meta property=\"article:publisher\" content=\"https:\/\/facebook.com\/MyBody.ee\/\" \/>\n<meta property=\"og:image\" content=\"https:\/\/mybody5.ee.mybody.ee\/proov\/wp-content\/uploads\/2023\/11\/mybody_logo_h65.png\" \/>\n\t<meta property=\"og:image:width\" content=\"229\" \/>\n\t<meta property=\"og:image:height\" content=\"65\" \/>\n\t<meta property=\"og:image:type\" content=\"image\/png\" \/>\n<meta name=\"twitter:card\" content=\"summary_large_image\" \/>\n<meta name=\"twitter:label1\" content=\"Est. reading time\" \/>\n\t<meta name=\"twitter:data1\" content=\"3 minutit\" \/>\n<script type=\"application\/ld+json\" class=\"yoast-schema-graph\">{\"@context\":\"https:\\\/\\\/schema.org\",\"@graph\":[{\"@type\":\"WebPage\",\"@id\":\"https:\\\/\\\/mybody5.ee.mybody.ee\\\/proov\\\/product\\\/proteiinibatoon-aktiivsele-inimesele-all-stars-clean-bar-18tk-ee\\\/\",\"url\":\"https:\\\/\\\/mybody5.ee.mybody.ee\\\/proov\\\/product\\\/proteiinibatoon-aktiivsele-inimesele-all-stars-clean-bar-18tk-ee\\\/\",\"name\":\"Proteiinibatoon aktiivsele inimesele - All Stars Clean Bar (8TK) - MyBody.ee - Toidulisandid ja sporditarvikud\",\"isPartOf\":{\"@id\":\"https:\\\/\\\/mybody5.ee.mybody.ee\\\/proov\\\/#website\"},\"datePublished\":\"2021-04-04T23:02:52+00:00\",\"description\":\"All Stars Clean Bar on suurep\u00e4rase maitsega ja madala\",\"breadcrumb\":{\"@id\":\"https:\\\/\\\/mybody5.ee.mybody.ee\\\/proov\\\/product\\\/proteiinibatoon-aktiivsele-inimesele-all-stars-clean-bar-18tk-ee\\\/#breadcrumb\"},\"inLanguage\":\"et\",\"potentialAction\":[{\"@type\":\"ReadAction\",\"target\":[\"https:\\\/\\\/mybody5.ee.mybody.ee\\\/proov\\\/product\\\/proteiinibatoon-aktiivsele-inimesele-all-stars-clean-bar-18tk-ee\\\/\"]}]},{\"@type\":\"BreadcrumbList\",\"@id\":\"https:\\\/\\\/mybody5.ee.mybody.ee\\\/proov\\\/product\\\/proteiinibatoon-aktiivsele-inimesele-all-stars-clean-bar-18tk-ee\\\/#breadcrumb\",\"itemListElement\":[{\"@type\":\"ListItem\",\"position\":1,\"name\":\"Home\",\"item\":\"https:\\\/\\\/mybody5.ee.mybody.ee\\\/proov\\\/\"},{\"@type\":\"ListItem\",\"position\":2,\"name\":\"Shop\",\"item\":\"https:\\\/\\\/mybody5.ee.mybody.ee\\\/proov\\\/shop\\\/\"},{\"@type\":\"ListItem\",\"position\":3,\"name\":\"Proteiinibatoon aktiivsele inimesele &#8211; All Stars Clean Bar (18TK)\"}]},{\"@type\":\"WebSite\",\"@id\":\"https:\\\/\\\/mybody5.ee.mybody.ee\\\/proov\\\/#website\",\"url\":\"https:\\\/\\\/mybody5.ee.mybody.ee\\\/proov\\\/\",\"name\":\"MyBody.ee - Toidulisandid ja sporditarvikud\",\"description\":\"Just another WordPress site\",\"publisher\":{\"@id\":\"https:\\\/\\\/mybody5.ee.mybody.ee\\\/proov\\\/#organization\"},\"potentialAction\":[{\"@type\":\"SearchAction\",\"target\":{\"@type\":\"EntryPoint\",\"urlTemplate\":\"https:\\\/\\\/mybody5.ee.mybody.ee\\\/proov\\\/?s={search_term_string}\"},\"query-input\":{\"@type\":\"PropertyValueSpecification\",\"valueRequired\":true,\"valueName\":\"search_term_string\"}}],\"inLanguage\":\"et\"},{\"@type\":\"Organization\",\"@id\":\"https:\\\/\\\/mybody5.ee.mybody.ee\\\/proov\\\/#organization\",\"name\":\"MyBody.ee\",\"url\":\"https:\\\/\\\/mybody5.ee.mybody.ee\\\/proov\\\/\",\"logo\":{\"@type\":\"ImageObject\",\"inLanguage\":\"et\",\"@id\":\"https:\\\/\\\/mybody5.ee.mybody.ee\\\/proov\\\/#\\\/schema\\\/logo\\\/image\\\/\",\"url\":\"https:\\\/\\\/mybody5.ee.mybody.ee\\\/proov\\\/wp-content\\\/uploads\\\/2023\\\/11\\\/mybody_logo_h65-2.png\",\"contentUrl\":\"https:\\\/\\\/mybody5.ee.mybody.ee\\\/proov\\\/wp-content\\\/uploads\\\/2023\\\/11\\\/mybody_logo_h65-2.png\",\"width\":229,\"height\":65,\"caption\":\"MyBody.ee\"},\"image\":{\"@id\":\"https:\\\/\\\/mybody5.ee.mybody.ee\\\/proov\\\/#\\\/schema\\\/logo\\\/image\\\/\"},\"sameAs\":[\"https:\\\/\\\/facebook.com\\\/MyBody.ee\\\/\"]}]}<\/script>\n<!-- \/ Yoast SEO plugin. -->","yoast_head_json":{"title":"Proteiinibatoon aktiivsele inimesele - All Stars Clean Bar (8TK) - MyBody.ee - Toidulisandid ja sporditarvikud","description":"All Stars Clean Bar on suurep\u00e4rase maitsega ja madala","robots":{"index":"index","follow":"follow","max-snippet":"max-snippet:-1","max-image-preview":"max-image-preview:large","max-video-preview":"max-video-preview:-1"},"canonical":"https:\/\/mybody5.ee.mybody.ee\/proov\/product\/proteiinibatoon-aktiivsele-inimesele-all-stars-clean-bar-18tk-ee\/","og_locale":"et_EE","og_type":"article","og_title":"Proteiinibatoon aktiivsele inimesele - All Stars Clean Bar (8TK) - MyBody.ee - Toidulisandid ja sporditarvikud","og_description":"All Stars Clean Bar on suurep\u00e4rase maitsega ja madala","og_url":"https:\/\/mybody5.ee.mybody.ee\/proov\/product\/proteiinibatoon-aktiivsele-inimesele-all-stars-clean-bar-18tk-ee\/","og_site_name":"supplero","article_publisher":"https:\/\/facebook.com\/MyBody.ee\/","og_image":[{"width":229,"height":65,"url":"https:\/\/mybody5.ee.mybody.ee\/proov\/wp-content\/uploads\/2023\/11\/mybody_logo_h65.png","type":"image\/png"}],"twitter_card":"summary_large_image","twitter_misc":{"Est. reading time":"3 minutit"},"schema":{"@context":"https:\/\/schema.org","@graph":[{"@type":"WebPage","@id":"https:\/\/mybody5.ee.mybody.ee\/proov\/product\/proteiinibatoon-aktiivsele-inimesele-all-stars-clean-bar-18tk-ee\/","url":"https:\/\/mybody5.ee.mybody.ee\/proov\/product\/proteiinibatoon-aktiivsele-inimesele-all-stars-clean-bar-18tk-ee\/","name":"Proteiinibatoon aktiivsele inimesele - All Stars Clean Bar (8TK) - MyBody.ee - Toidulisandid ja sporditarvikud","isPartOf":{"@id":"https:\/\/mybody5.ee.mybody.ee\/proov\/#website"},"datePublished":"2021-04-04T23:02:52+00:00","description":"All Stars Clean Bar on suurep\u00e4rase maitsega ja madala","breadcrumb":{"@id":"https:\/\/mybody5.ee.mybody.ee\/proov\/product\/proteiinibatoon-aktiivsele-inimesele-all-stars-clean-bar-18tk-ee\/#breadcrumb"},"inLanguage":"et","potentialAction":[{"@type":"ReadAction","target":["https:\/\/mybody5.ee.mybody.ee\/proov\/product\/proteiinibatoon-aktiivsele-inimesele-all-stars-clean-bar-18tk-ee\/"]}]},{"@type":"BreadcrumbList","@id":"https:\/\/mybody5.ee.mybody.ee\/proov\/product\/proteiinibatoon-aktiivsele-inimesele-all-stars-clean-bar-18tk-ee\/#breadcrumb","itemListElement":[{"@type":"ListItem","position":1,"name":"Home","item":"https:\/\/mybody5.ee.mybody.ee\/proov\/"},{"@type":"ListItem","position":2,"name":"Shop","item":"https:\/\/mybody5.ee.mybody.ee\/proov\/shop\/"},{"@type":"ListItem","position":3,"name":"Proteiinibatoon aktiivsele inimesele &#8211; All Stars Clean Bar (18TK)"}]},{"@type":"WebSite","@id":"https:\/\/mybody5.ee.mybody.ee\/proov\/#website","url":"https:\/\/mybody5.ee.mybody.ee\/proov\/","name":"MyBody.ee - Toidulisandid ja sporditarvikud","description":"Just another WordPress site","publisher":{"@id":"https:\/\/mybody5.ee.mybody.ee\/proov\/#organization"},"potentialAction":[{"@type":"SearchAction","target":{"@type":"EntryPoint","urlTemplate":"https:\/\/mybody5.ee.mybody.ee\/proov\/?s={search_term_string}"},"query-input":{"@type":"PropertyValueSpecification","valueRequired":true,"valueName":"search_term_string"}}],"inLanguage":"et"},{"@type":"Organization","@id":"https:\/\/mybody5.ee.mybody.ee\/proov\/#organization","name":"MyBody.ee","url":"https:\/\/mybody5.ee.mybody.ee\/proov\/","logo":{"@type":"ImageObject","inLanguage":"et","@id":"https:\/\/mybody5.ee.mybody.ee\/proov\/#\/schema\/logo\/image\/","url":"https:\/\/mybody5.ee.mybody.ee\/proov\/wp-content\/uploads\/2023\/11\/mybody_logo_h65-2.png","contentUrl":"https:\/\/mybody5.ee.mybody.ee\/proov\/wp-content\/uploads\/2023\/11\/mybody_logo_h65-2.png","width":229,"height":65,"caption":"MyBody.ee"},"image":{"@id":"https:\/\/mybody5.ee.mybody.ee\/proov\/#\/schema\/logo\/image\/"},"sameAs":["https:\/\/facebook.com\/MyBody.ee\/"]}]}},"_links":{"self":[{"href":"https:\/\/mybody5.ee.mybody.ee\/proov\/wp-json\/wp\/v2\/product\/989","targetHints":{"allow":["GET"]}}],"collection":[{"href":"https:\/\/mybody5.ee.mybody.ee\/proov\/wp-json\/wp\/v2\/product"}],"about":[{"href":"https:\/\/mybody5.ee.mybody.ee\/proov\/wp-json\/wp\/v2\/types\/product"}],"replies":[{"embeddable":true,"href":"https:\/\/mybody5.ee.mybody.ee\/proov\/wp-json\/wp\/v2\/comments?post=989"}],"wp:attachment":[{"href":"https:\/\/mybody5.ee.mybody.ee\/proov\/wp-json\/wp\/v2\/media?parent=989"}],"wp:term":[{"taxonomy":"product_cat","embeddable":true,"href":"https:\/\/mybody5.ee.mybody.ee\/proov\/wp-json\/wp\/v2\/product_cat?post=989"},{"taxonomy":"product_tag","embeddable":true,"href":"https:\/\/mybody5.ee.mybody.ee\/proov\/wp-json\/wp\/v2\/product_tag?post=989"}],"curies":[{"name":"wp","href":"https:\/\/api.w.org\/{rel}","templated":true}]}}