{"id":993,"date":"2021-04-24T11:32:24","date_gmt":"2021-04-24T11:32:24","guid":{"rendered":"https:\/\/mybody5.ee.mybody.ee\/proov\/product\/maailma-parim-imendumisega-raud-ja-vitamin-c-self-immune-lactoferrin-30-kapslit\/"},"modified":"2021-04-24T11:32:24","modified_gmt":"2021-04-24T11:32:24","slug":"maailma-parim-imendumisega-raud-ja-vitamin-c-self-immune-lactoferrin-30-kapslit","status":"publish","type":"product","link":"https:\/\/mybody5.ee.mybody.ee\/proov\/product\/maailma-parim-imendumisega-raud-ja-vitamin-c-self-immune-lactoferrin-30-kapslit\/","title":{"rendered":"Maailma parim imendumisega raud ja vitamin C &#8211; SELF Immune LactoFerrin 30 kapslit"},"content":{"rendered":"<p><strong><span style=\"font-size: 14px;\"><font face=\"Arial\">SELF Immune LactoFerrin<\/font><\/span><\/strong><\/p>\n<p><font face=\"Arial\"><span style=\"font-size: 14px;\">Toidulisand Immune LactoFerrin on mikroniseeritud raua ja C- vitamiiniga. Sisaldab laktoferriini 200 mg, looduslikult piimas esinevat rauda siduvat valku koos mikroniseeritud raudp\u00fcrofosfaadi ja C-vitamiiniga. Raud aitab kaasa punaste vereliblede ja hemoglobiini no<span style=\"font-size: 14px;\">rmaalsele tasemele ja hapniku transpordile organismis. C-vitamiin aitab kaasa raua imendumisele.<\/span><\/span><\/font><\/p>\n<p><span style=\"caret-color: rgb(76, 76, 76); font-size: 14px;\"><font face=\"Arial\">C-vitamiin on vajalik organismi vastupanuv\u00f5ime t\u00f5stmiseks, kevadv\u00e4simuse ja stressi peletamiseks. Lisaks tugevdab immuunsust ja parandab \u00fcldist heaolu.<\/font><\/span><font face=\"Arial\"><strong><br \/><\/strong><\/font><\/p>\n<p><span style=\"font-size: 14px;\"><font face=\"Arial\">  <\/font><\/span><\/p>\n<p><font face=\"Arial\"><span style=\"font-size: 14px;\">Raua peamine \u00fclesanne organismis on hapniku sidumine kopsudest ja hapniku transport. Lisaks kuulub raud paljude ens\u00fc\u00fcmide koostisse, osaledes muuhulgas energiatootmises ja immuuns\u00fcsteemi t\u00f6\u00f6s.<\/span><span style=\"font-size: 14px;\">&nbsp;Raud osaleb&nbsp;ATP koostises&nbsp;ning samas aitab kahjutuks teha organismi sattunud v\u00f5\u00f5rkehade \u00fchendeid, see aitab t\u00f5sta organismil vastupanuv\u00f5imet haigustele ja stressile. Raud m\u00e4ngib v\u00e4ga olulist rolli meie organismi vereloome t\u00f6\u00f6s mis t\u00e4hendab, et ta aitab kaasa vere punaliblede ja hemoglobiini normaalsele moodu<\/span><span style=\"font-size: 14px;\">stumisele.<\/span><\/font><\/p>\n<h3><font face=\"Arial\">Toime:<\/font><\/h3>\n<ul>\n<li><font face=\"Arial\">bioloogiliselt efektiivne raua imendusmiseks<\/font><\/li>\n<li><font face=\"Arial\">V\u00e4hendab&nbsp;v\u00e4simust&nbsp;<\/font><\/li>\n<li><font face=\"Arial\">Osaleda ATP koostises<\/font><\/li>\n<li><font face=\"Arial\">Aitab kaasa hapniku transpordile<\/font><\/li>\n<li><font face=\"Arial\">Suurendab vastupanuv\u00f5imet stressile ja haigustele&nbsp;<\/font><\/li>\n<li><font face=\"Arial\">Tagab naha normaalse v\u00e4rvuse<\/font><\/li>\n<li><font face=\"Arial\">Toetab immuuns\u00fcsteemi aidates toota valgeid vereliblesid<\/font><\/li>\n<\/ul>\n<h3><font face=\"Arial\">Kasutamine<\/font><\/h3>\n<p><font face=\"Arial\">P\u00e4evane annus 1 kapsel.<\/font><\/p>\n<h3><font face=\"Arial\">Kellele sobib?<\/font><\/h3>\n<p><font face=\"Arial\">Sobib h\u00e4sti neile,&nbsp;kes tegelevad regulaarselt treeningutega. Samuti taimetoitlastele, rasedatele, kellel v\u00f5ib minna vaja abi piisava raua saamiseks.<\/font><\/p>\n<h3><font face=\"Arial\">Pakend: <span style=\"font-size:14px;\">60 kapslit<\/span><\/font><\/h3>\n<table border=\"1\" cellpadding=\"1\" cellspacing=\"1\" style=\"width:500px;\">\n<tbody>\n<tr>\n<td><font face=\"Arial\">SELF Immune LactoFerrin<\/font><\/td>\n<td><font face=\"Arial\">1 kapsel 215% EU-RDA*<\/font><\/td>\n<\/tr>\n<tr>\n<td><font face=\"Arial\">Bioferrin* 2000 &#8211; Lactoferrin<\/font><\/td>\n<td><font face=\"Arial\">200mg<\/font><\/td>\n<\/tr>\n<tr>\n<td colspan=\"2\"><span style=\"font-size:10px;\"><font face=\"Arial\">Koostis: p<span class=\"short_text\" id=\"result_box\" lang=\"et\"><span class=\"hps\">aakumisvastased ained<\/span><\/span>(E460, E470b E551), taimne kapsel (E1204)<\/font><\/span><\/td>\n<\/tr>\n<\/tbody>\n<\/table>\n","protected":false},"excerpt":{"rendered":"<p>SELF Immune LactoFerrin Toidulisand Immune LactoFerrin on mikroniseeritud raua ja C- vitamiiniga. Sisaldab laktoferriini 200 mg, looduslikult piimas esinevat rauda siduvat valku koos mikroniseeritud raudp\u00fcrofosfaadi ja C-vitamiiniga. Raud aitab kaasa punaste vereliblede ja hemoglobiini normaalsele tasemele ja hapniku transpordile organismis. C-vitamiin aitab kaasa raua imendumisele. C-vitamiin on vajalik organismi vastupanuv\u00f5ime t\u00f5stmiseks, kevadv\u00e4simuse ja stressi peletamiseks. [&hellip;]<\/p>\n","protected":false},"featured_media":0,"comment_status":"open","ping_status":"closed","template":"","meta":{"inline_featured_image":false},"product_cat":[20,29,31,32,50],"product_tag":[],"class_list":{"0":"post-993","1":"product","2":"type-product","3":"status-publish","5":"product_cat-energia-vastupidavus","6":"product_cat-sooduspakkumised","7":"product_cat-vegan","8":"product_cat-mikroelemendid","9":"product_cat-vitamiinid-ja-mineraalid","10":"pa_kogustablettikapslit-60tk","11":"pa_kunakasutada-uldiselttugevdav","12":"pa_vorm-tablettkapsel","14":"first","15":"instock","16":"shipping-taxable","17":"purchasable","18":"product-type-simple"},"yoast_head":"<!-- This site is optimized with the Yoast SEO plugin v27.3 - https:\/\/yoast.com\/product\/yoast-seo-wordpress\/ -->\n<title>V\u00e4simuse peletamiseks ja parema hapniku ning verevarustuse liikumise tagamiseks raud - SELF Iron 60 kapslit - MyBody.ee - Toidulisandid ja sporditarvikud<\/title>\n<meta name=\"description\" content=\"SELF Iron Raua peamine \u00fclesanne organismis on hapniku sidumine\" \/>\n<meta name=\"robots\" content=\"index, follow, max-snippet:-1, max-image-preview:large, max-video-preview:-1\" \/>\n<link rel=\"canonical\" href=\"https:\/\/mybody5.ee.mybody.ee\/proov\/product\/maailma-parim-imendumisega-raud-ja-vitamin-c-self-immune-lactoferrin-30-kapslit\/\" \/>\n<meta property=\"og:locale\" content=\"et_EE\" \/>\n<meta property=\"og:type\" content=\"article\" \/>\n<meta property=\"og:title\" content=\"V\u00e4simuse peletamiseks ja parema hapniku ning verevarustuse liikumise tagamiseks raud - SELF Iron 60 kapslit - MyBody.ee - Toidulisandid ja sporditarvikud\" \/>\n<meta property=\"og:description\" content=\"SELF Iron Raua peamine \u00fclesanne organismis on hapniku sidumine\" \/>\n<meta property=\"og:url\" content=\"https:\/\/mybody5.ee.mybody.ee\/proov\/product\/maailma-parim-imendumisega-raud-ja-vitamin-c-self-immune-lactoferrin-30-kapslit\/\" \/>\n<meta property=\"og:site_name\" content=\"supplero\" \/>\n<meta property=\"article:publisher\" content=\"https:\/\/facebook.com\/MyBody.ee\/\" \/>\n<meta property=\"og:image\" content=\"https:\/\/mybody5.ee.mybody.ee\/proov\/wp-content\/uploads\/2023\/11\/mybody_logo_h65.png\" \/>\n\t<meta property=\"og:image:width\" content=\"229\" \/>\n\t<meta property=\"og:image:height\" content=\"65\" \/>\n\t<meta property=\"og:image:type\" content=\"image\/png\" \/>\n<meta name=\"twitter:card\" content=\"summary_large_image\" \/>\n<meta name=\"twitter:label1\" content=\"Est. reading time\" \/>\n\t<meta name=\"twitter:data1\" content=\"1 minut\" \/>\n<script type=\"application\/ld+json\" class=\"yoast-schema-graph\">{\"@context\":\"https:\\\/\\\/schema.org\",\"@graph\":[{\"@type\":\"WebPage\",\"@id\":\"https:\\\/\\\/mybody5.ee.mybody.ee\\\/proov\\\/product\\\/maailma-parim-imendumisega-raud-ja-vitamin-c-self-immune-lactoferrin-30-kapslit\\\/\",\"url\":\"https:\\\/\\\/mybody5.ee.mybody.ee\\\/proov\\\/product\\\/maailma-parim-imendumisega-raud-ja-vitamin-c-self-immune-lactoferrin-30-kapslit\\\/\",\"name\":\"V\u00e4simuse peletamiseks ja parema hapniku ning verevarustuse liikumise tagamiseks raud - SELF Iron 60 kapslit - MyBody.ee - Toidulisandid ja sporditarvikud\",\"isPartOf\":{\"@id\":\"https:\\\/\\\/mybody5.ee.mybody.ee\\\/proov\\\/#website\"},\"datePublished\":\"2021-04-24T11:32:24+00:00\",\"description\":\"SELF Iron Raua peamine \u00fclesanne organismis on hapniku sidumine\",\"breadcrumb\":{\"@id\":\"https:\\\/\\\/mybody5.ee.mybody.ee\\\/proov\\\/product\\\/maailma-parim-imendumisega-raud-ja-vitamin-c-self-immune-lactoferrin-30-kapslit\\\/#breadcrumb\"},\"inLanguage\":\"et\",\"potentialAction\":[{\"@type\":\"ReadAction\",\"target\":[\"https:\\\/\\\/mybody5.ee.mybody.ee\\\/proov\\\/product\\\/maailma-parim-imendumisega-raud-ja-vitamin-c-self-immune-lactoferrin-30-kapslit\\\/\"]}]},{\"@type\":\"BreadcrumbList\",\"@id\":\"https:\\\/\\\/mybody5.ee.mybody.ee\\\/proov\\\/product\\\/maailma-parim-imendumisega-raud-ja-vitamin-c-self-immune-lactoferrin-30-kapslit\\\/#breadcrumb\",\"itemListElement\":[{\"@type\":\"ListItem\",\"position\":1,\"name\":\"Home\",\"item\":\"https:\\\/\\\/mybody5.ee.mybody.ee\\\/proov\\\/\"},{\"@type\":\"ListItem\",\"position\":2,\"name\":\"Shop\",\"item\":\"https:\\\/\\\/mybody5.ee.mybody.ee\\\/proov\\\/shop\\\/\"},{\"@type\":\"ListItem\",\"position\":3,\"name\":\"Maailma parim imendumisega raud ja vitamin C &#8211; SELF Immune LactoFerrin 30 kapslit\"}]},{\"@type\":\"WebSite\",\"@id\":\"https:\\\/\\\/mybody5.ee.mybody.ee\\\/proov\\\/#website\",\"url\":\"https:\\\/\\\/mybody5.ee.mybody.ee\\\/proov\\\/\",\"name\":\"MyBody.ee - Toidulisandid ja sporditarvikud\",\"description\":\"Just another WordPress site\",\"publisher\":{\"@id\":\"https:\\\/\\\/mybody5.ee.mybody.ee\\\/proov\\\/#organization\"},\"potentialAction\":[{\"@type\":\"SearchAction\",\"target\":{\"@type\":\"EntryPoint\",\"urlTemplate\":\"https:\\\/\\\/mybody5.ee.mybody.ee\\\/proov\\\/?s={search_term_string}\"},\"query-input\":{\"@type\":\"PropertyValueSpecification\",\"valueRequired\":true,\"valueName\":\"search_term_string\"}}],\"inLanguage\":\"et\"},{\"@type\":\"Organization\",\"@id\":\"https:\\\/\\\/mybody5.ee.mybody.ee\\\/proov\\\/#organization\",\"name\":\"MyBody.ee\",\"url\":\"https:\\\/\\\/mybody5.ee.mybody.ee\\\/proov\\\/\",\"logo\":{\"@type\":\"ImageObject\",\"inLanguage\":\"et\",\"@id\":\"https:\\\/\\\/mybody5.ee.mybody.ee\\\/proov\\\/#\\\/schema\\\/logo\\\/image\\\/\",\"url\":\"https:\\\/\\\/mybody5.ee.mybody.ee\\\/proov\\\/wp-content\\\/uploads\\\/2023\\\/11\\\/mybody_logo_h65-2.png\",\"contentUrl\":\"https:\\\/\\\/mybody5.ee.mybody.ee\\\/proov\\\/wp-content\\\/uploads\\\/2023\\\/11\\\/mybody_logo_h65-2.png\",\"width\":229,\"height\":65,\"caption\":\"MyBody.ee\"},\"image\":{\"@id\":\"https:\\\/\\\/mybody5.ee.mybody.ee\\\/proov\\\/#\\\/schema\\\/logo\\\/image\\\/\"},\"sameAs\":[\"https:\\\/\\\/facebook.com\\\/MyBody.ee\\\/\"]}]}<\/script>\n<!-- \/ Yoast SEO plugin. -->","yoast_head_json":{"title":"V\u00e4simuse peletamiseks ja parema hapniku ning verevarustuse liikumise tagamiseks raud - SELF Iron 60 kapslit - MyBody.ee - Toidulisandid ja sporditarvikud","description":"SELF Iron Raua peamine \u00fclesanne organismis on hapniku sidumine","robots":{"index":"index","follow":"follow","max-snippet":"max-snippet:-1","max-image-preview":"max-image-preview:large","max-video-preview":"max-video-preview:-1"},"canonical":"https:\/\/mybody5.ee.mybody.ee\/proov\/product\/maailma-parim-imendumisega-raud-ja-vitamin-c-self-immune-lactoferrin-30-kapslit\/","og_locale":"et_EE","og_type":"article","og_title":"V\u00e4simuse peletamiseks ja parema hapniku ning verevarustuse liikumise tagamiseks raud - SELF Iron 60 kapslit - MyBody.ee - Toidulisandid ja sporditarvikud","og_description":"SELF Iron Raua peamine \u00fclesanne organismis on hapniku sidumine","og_url":"https:\/\/mybody5.ee.mybody.ee\/proov\/product\/maailma-parim-imendumisega-raud-ja-vitamin-c-self-immune-lactoferrin-30-kapslit\/","og_site_name":"supplero","article_publisher":"https:\/\/facebook.com\/MyBody.ee\/","og_image":[{"width":229,"height":65,"url":"https:\/\/mybody5.ee.mybody.ee\/proov\/wp-content\/uploads\/2023\/11\/mybody_logo_h65.png","type":"image\/png"}],"twitter_card":"summary_large_image","twitter_misc":{"Est. reading time":"1 minut"},"schema":{"@context":"https:\/\/schema.org","@graph":[{"@type":"WebPage","@id":"https:\/\/mybody5.ee.mybody.ee\/proov\/product\/maailma-parim-imendumisega-raud-ja-vitamin-c-self-immune-lactoferrin-30-kapslit\/","url":"https:\/\/mybody5.ee.mybody.ee\/proov\/product\/maailma-parim-imendumisega-raud-ja-vitamin-c-self-immune-lactoferrin-30-kapslit\/","name":"V\u00e4simuse peletamiseks ja parema hapniku ning verevarustuse liikumise tagamiseks raud - SELF Iron 60 kapslit - MyBody.ee - Toidulisandid ja sporditarvikud","isPartOf":{"@id":"https:\/\/mybody5.ee.mybody.ee\/proov\/#website"},"datePublished":"2021-04-24T11:32:24+00:00","description":"SELF Iron Raua peamine \u00fclesanne organismis on hapniku sidumine","breadcrumb":{"@id":"https:\/\/mybody5.ee.mybody.ee\/proov\/product\/maailma-parim-imendumisega-raud-ja-vitamin-c-self-immune-lactoferrin-30-kapslit\/#breadcrumb"},"inLanguage":"et","potentialAction":[{"@type":"ReadAction","target":["https:\/\/mybody5.ee.mybody.ee\/proov\/product\/maailma-parim-imendumisega-raud-ja-vitamin-c-self-immune-lactoferrin-30-kapslit\/"]}]},{"@type":"BreadcrumbList","@id":"https:\/\/mybody5.ee.mybody.ee\/proov\/product\/maailma-parim-imendumisega-raud-ja-vitamin-c-self-immune-lactoferrin-30-kapslit\/#breadcrumb","itemListElement":[{"@type":"ListItem","position":1,"name":"Home","item":"https:\/\/mybody5.ee.mybody.ee\/proov\/"},{"@type":"ListItem","position":2,"name":"Shop","item":"https:\/\/mybody5.ee.mybody.ee\/proov\/shop\/"},{"@type":"ListItem","position":3,"name":"Maailma parim imendumisega raud ja vitamin C &#8211; SELF Immune LactoFerrin 30 kapslit"}]},{"@type":"WebSite","@id":"https:\/\/mybody5.ee.mybody.ee\/proov\/#website","url":"https:\/\/mybody5.ee.mybody.ee\/proov\/","name":"MyBody.ee - Toidulisandid ja sporditarvikud","description":"Just another WordPress site","publisher":{"@id":"https:\/\/mybody5.ee.mybody.ee\/proov\/#organization"},"potentialAction":[{"@type":"SearchAction","target":{"@type":"EntryPoint","urlTemplate":"https:\/\/mybody5.ee.mybody.ee\/proov\/?s={search_term_string}"},"query-input":{"@type":"PropertyValueSpecification","valueRequired":true,"valueName":"search_term_string"}}],"inLanguage":"et"},{"@type":"Organization","@id":"https:\/\/mybody5.ee.mybody.ee\/proov\/#organization","name":"MyBody.ee","url":"https:\/\/mybody5.ee.mybody.ee\/proov\/","logo":{"@type":"ImageObject","inLanguage":"et","@id":"https:\/\/mybody5.ee.mybody.ee\/proov\/#\/schema\/logo\/image\/","url":"https:\/\/mybody5.ee.mybody.ee\/proov\/wp-content\/uploads\/2023\/11\/mybody_logo_h65-2.png","contentUrl":"https:\/\/mybody5.ee.mybody.ee\/proov\/wp-content\/uploads\/2023\/11\/mybody_logo_h65-2.png","width":229,"height":65,"caption":"MyBody.ee"},"image":{"@id":"https:\/\/mybody5.ee.mybody.ee\/proov\/#\/schema\/logo\/image\/"},"sameAs":["https:\/\/facebook.com\/MyBody.ee\/"]}]}},"_links":{"self":[{"href":"https:\/\/mybody5.ee.mybody.ee\/proov\/wp-json\/wp\/v2\/product\/993","targetHints":{"allow":["GET"]}}],"collection":[{"href":"https:\/\/mybody5.ee.mybody.ee\/proov\/wp-json\/wp\/v2\/product"}],"about":[{"href":"https:\/\/mybody5.ee.mybody.ee\/proov\/wp-json\/wp\/v2\/types\/product"}],"replies":[{"embeddable":true,"href":"https:\/\/mybody5.ee.mybody.ee\/proov\/wp-json\/wp\/v2\/comments?post=993"}],"wp:attachment":[{"href":"https:\/\/mybody5.ee.mybody.ee\/proov\/wp-json\/wp\/v2\/media?parent=993"}],"wp:term":[{"taxonomy":"product_cat","embeddable":true,"href":"https:\/\/mybody5.ee.mybody.ee\/proov\/wp-json\/wp\/v2\/product_cat?post=993"},{"taxonomy":"product_tag","embeddable":true,"href":"https:\/\/mybody5.ee.mybody.ee\/proov\/wp-json\/wp\/v2\/product_tag?post=993"}],"curies":[{"name":"wp","href":"https:\/\/api.w.org\/{rel}","templated":true}]}}