{"id":998,"date":"2021-04-28T12:23:03","date_gmt":"2021-04-28T12:23:03","guid":{"rendered":"https:\/\/mybody5.ee.mybody.ee\/proov\/product\/iconfit-energy-boost-smuutidele-250g\/"},"modified":"2021-04-28T12:23:03","modified_gmt":"2021-04-28T12:23:03","slug":"iconfit-energy-boost-smuutidele-250g","status":"publish","type":"product","link":"https:\/\/mybody5.ee.mybody.ee\/proov\/product\/iconfit-energy-boost-smuutidele-250g\/","title":{"rendered":"ICONFIT Energy Boost (Smuutidele, 250g)"},"content":{"rendered":"<ul>\n<div class=\"post-content woocommerce-product-details__short-description\" style=\"caret-color: rgb(89, 95, 107); color: rgb(89, 95, 107); font-family: &quot;Open Sans&quot;, Arial, Helvetica, sans-serif; font-size: 14px;\">\n<ul class=\"fusion-checklist fusion-checklist-4\" style=\"list-style-type: none; padding: 0px; margin-top: 10px; margin-right: 0px; margin-left: 0px; line-height: 23.8px;\">\n<li class=\"fusion-li-item\" style=\"padding: 0px 0px 5.5px; margin-left: 0px;\">\n<div class=\"fusion-li-item-content\" style=\"margin-left: 33.6px;\">\n<p style=\"margin-bottom: 20px; text-align: justify;\"><span style=\"font-weight: 700;\">ICONFIT Energy Boost on Eestis toodetud supertoitude segu hommikuseks energialaenguks.&nbsp;<\/span>Koostises rikkalikult C vitamiini astelpajust, macast ja baobabist ning looduslik kofeiin guaraanast. Ideaalne energialaeng p\u00e4eva alustamiseks!<\/p>\n<p style=\"margin-bottom: 20px; text-align: justify;\"><span style=\"font-weight: 700;\">Valmistamine &amp; Kasutamine<\/span><\/p>\n<p style=\"margin-bottom: 20px; text-align: justify;\">Lisa iga p\u00e4ev oma hommikusmuutisse (v\u00f5id ka l\u00f5una ajal end turgutada) 1 supilusikas Energy Boost segu ning sega blenderis koos teiste koostisosadega l\u00e4bi. Kuna purgis on suurem kogus siis j\u00e4tkub sellest ka pikemaks \u2013 lausa 31 smuuti jaoks.<\/p>\n<p style=\"margin-bottom: 20px; text-align: justify;\"><span style=\"font-weight: 700; text-align: start;\">Koostisosad ja toitained:&nbsp;<\/span><\/p>\n<table border=\"1\" cellpadding=\"1\" cellspacing=\"1\" height=\"353\" width=\"472\" style=\"background-color: rgb(255, 255, 255); caret-color: rgb(0, 0, 0); color: rgb(0, 0, 0); font-family: &quot;Open Sans&quot;, sans-serif; font-size: 13px; height: 200px; width: 500px;\">\n<tbody>\n<tr>\n<td><strong>Toitev\u00e4\u00e4rtus ja koostisosad<\/strong><\/td>\n<td><strong>100g<\/strong><\/td>\n<td><strong>8g<\/strong><\/td>\n<\/tr>\n<tr>\n<td>Energiat<\/td>\n<td>288kcal\/1204kJ<\/td>\n<td>23kcal\/96kJ<\/td>\n<\/tr>\n<tr>\n<td>Valke<\/td>\n<td>10,5g<\/td>\n<td>0.8g<\/td>\n<\/tr>\n<tr>\n<td>S\u00fcsivesikuid<\/td>\n<td>35,4g<\/td>\n<td>2,8g<\/td>\n<\/tr>\n<tr>\n<td>millest suhkruid<\/td>\n<td>19,4g<\/td>\n<td>1,6g<\/td>\n<\/tr>\n<tr>\n<td>Rasvu<\/td>\n<td>6,5g<\/td>\n<td>0,5g<\/td>\n<\/tr>\n<tr>\n<td>millest k\u00fcllastunud&nbsp;<\/td>\n<td>2,1g<\/td>\n<td>0,2g<\/td>\n<\/tr>\n<tr>\n<td>Kiudained<\/td>\n<td>30,4g<\/td>\n<td>2,4g<\/td>\n<\/tr>\n<tr>\n<td>Sool<\/td>\n<td>1,2g<\/td>\n<td>0,11g&nbsp;<\/td>\n<\/tr>\n<tr>\n<td><\/td>\n<td><\/td>\n<td><\/td>\n<\/tr>\n<tr>\n<td colspan=\"3\">\n<p><span style=\"font-size: 9px;\"><b>Koostisosad: <\/b>Baobab, maca, astelpaju, chia proteiin, guaraana (kofeiinisisaldusega)<\/span><\/p>\n<p><span style=\"font-size: 9px;\"><b>Toodetud Eestis<\/b><\/span><\/p>\n<\/td>\n<\/tr>\n<\/tbody>\n<\/table>\n<p style=\"caret-color: rgb(0, 0, 0); color: rgb(0, 0, 0); font-family: &quot;Open Sans&quot;, sans-serif; font-size: 13px;\"><\/p>\n<p style=\"margin-bottom: 20px; text-align: justify;\"><span style=\"color: rgb(0, 0, 0); font-family: arial, helvetica, sans-serif; font-size: 12px;\">Oled oodatud tasuta konsultatsioonile MYBODY Audentese kauplusesse,<\/span><\/p>\n<\/div>\n<\/li>\n<\/ul>\n<\/div>\n<li style=\"text-align: justify;\"><span style=\"font-size: 12px;\"><span style=\"font-family: arial, helvetica, sans-serif;\">Asukoht: Audentese Spordikeskus, Tondi 84.<\/span><\/span><\/li>\n<li style=\"text-align: justify;\"><span style=\"font-size: 12px;\"><span style=\"font-family: arial, helvetica, sans-serif;\">Telefon EST\/RUS\/ENG +372&nbsp;523 1960<\/span><\/span><\/li>\n<li style=\"text-align: justify;\"><span style=\"font-size: 12px;\"><span style=\"font-family: arial, helvetica, sans-serif;\">Telefon EST\/ENG +372 56&nbsp;458&nbsp;688<\/span><\/span><\/li>\n<li style=\"text-align: justify;\"><span style=\"font-size: 12px;\"><span style=\"font-family: arial, helvetica, sans-serif;\"><a href=\"mailto:info@mybody.ee\">info@mybody.ee<\/a><\/span><\/span><\/li>\n<li style=\"text-align: justify;\"><span style=\"font-size: 12px;\"><span style=\"font-family: arial, helvetica, sans-serif;\"><a href=\"http:\/\/www.facebook.com\/mybody.ee\">www.facebook.com\/mybody.ee<\/a><\/span><\/span><\/li>\n<\/ul>\n","protected":false},"excerpt":{"rendered":"<p>ICONFIT Energy Boost on Eestis toodetud supertoitude segu hommikuseks energialaenguks.&nbsp;Koostises rikkalikult C vitamiini astelpajust, macast ja baobabist ning looduslik kofeiin guaraanast. Ideaalne energialaeng p\u00e4eva alustamiseks! Valmistamine &amp; Kasutamine Lisa iga p\u00e4ev oma hommikusmuutisse (v\u00f5id ka l\u00f5una ajal end turgutada) 1 supilusikas Energy Boost segu ning sega blenderis koos teiste koostisosadega l\u00e4bi. Kuna purgis on suurem [&hellip;]<\/p>\n","protected":false},"featured_media":0,"comment_status":"open","ping_status":"closed","template":"","meta":{"inline_featured_image":false},"product_cat":[25,29,58],"product_tag":[],"class_list":{"0":"post-998","1":"product","2":"type-product","3":"status-publish","5":"product_cat-naturaalsed-toidulisandid","6":"product_cat-sooduspakkumised","7":"product_cat-supertoidud","9":"first","10":"instock","11":"shipping-taxable","12":"purchasable","13":"product-type-simple"},"yoast_head":"<!-- This site is optimized with the Yoast SEO plugin v27.3 - https:\/\/yoast.com\/product\/yoast-seo-wordpress\/ -->\n<title>ICONFIT energy boost (Smuutidele, 250g)- MyBody.ee - Toidulisandid ja sporditarvikud<\/title>\n<meta name=\"description\" content=\"ICONFIT Energy Boost on Eestis toodetud supertoitude segu\" \/>\n<meta name=\"robots\" content=\"index, follow, max-snippet:-1, max-image-preview:large, max-video-preview:-1\" \/>\n<link rel=\"canonical\" href=\"https:\/\/mybody5.ee.mybody.ee\/proov\/product\/iconfit-energy-boost-smuutidele-250g\/\" \/>\n<meta property=\"og:locale\" content=\"et_EE\" \/>\n<meta property=\"og:type\" content=\"article\" \/>\n<meta property=\"og:title\" content=\"ICONFIT energy boost (Smuutidele, 250g)- MyBody.ee - Toidulisandid ja sporditarvikud\" \/>\n<meta property=\"og:description\" content=\"ICONFIT Energy Boost on Eestis toodetud supertoitude segu\" \/>\n<meta property=\"og:url\" content=\"https:\/\/mybody5.ee.mybody.ee\/proov\/product\/iconfit-energy-boost-smuutidele-250g\/\" \/>\n<meta property=\"og:site_name\" content=\"supplero\" \/>\n<meta property=\"article:publisher\" content=\"https:\/\/facebook.com\/MyBody.ee\/\" \/>\n<meta property=\"og:image\" content=\"https:\/\/mybody5.ee.mybody.ee\/proov\/wp-content\/uploads\/2023\/11\/mybody_logo_h65.png\" \/>\n\t<meta property=\"og:image:width\" content=\"229\" \/>\n\t<meta property=\"og:image:height\" content=\"65\" \/>\n\t<meta property=\"og:image:type\" content=\"image\/png\" \/>\n<meta name=\"twitter:card\" content=\"summary_large_image\" \/>\n<meta name=\"twitter:label1\" content=\"Est. reading time\" \/>\n\t<meta name=\"twitter:data1\" content=\"1 minut\" \/>\n<script type=\"application\/ld+json\" class=\"yoast-schema-graph\">{\"@context\":\"https:\\\/\\\/schema.org\",\"@graph\":[{\"@type\":\"WebPage\",\"@id\":\"https:\\\/\\\/mybody5.ee.mybody.ee\\\/proov\\\/product\\\/iconfit-energy-boost-smuutidele-250g\\\/\",\"url\":\"https:\\\/\\\/mybody5.ee.mybody.ee\\\/proov\\\/product\\\/iconfit-energy-boost-smuutidele-250g\\\/\",\"name\":\"ICONFIT energy boost (Smuutidele, 250g)- MyBody.ee - Toidulisandid ja sporditarvikud\",\"isPartOf\":{\"@id\":\"https:\\\/\\\/mybody5.ee.mybody.ee\\\/proov\\\/#website\"},\"datePublished\":\"2021-04-28T12:23:03+00:00\",\"description\":\"ICONFIT Energy Boost on Eestis toodetud supertoitude segu\",\"breadcrumb\":{\"@id\":\"https:\\\/\\\/mybody5.ee.mybody.ee\\\/proov\\\/product\\\/iconfit-energy-boost-smuutidele-250g\\\/#breadcrumb\"},\"inLanguage\":\"et\",\"potentialAction\":[{\"@type\":\"ReadAction\",\"target\":[\"https:\\\/\\\/mybody5.ee.mybody.ee\\\/proov\\\/product\\\/iconfit-energy-boost-smuutidele-250g\\\/\"]}]},{\"@type\":\"BreadcrumbList\",\"@id\":\"https:\\\/\\\/mybody5.ee.mybody.ee\\\/proov\\\/product\\\/iconfit-energy-boost-smuutidele-250g\\\/#breadcrumb\",\"itemListElement\":[{\"@type\":\"ListItem\",\"position\":1,\"name\":\"Home\",\"item\":\"https:\\\/\\\/mybody5.ee.mybody.ee\\\/proov\\\/\"},{\"@type\":\"ListItem\",\"position\":2,\"name\":\"Shop\",\"item\":\"https:\\\/\\\/mybody5.ee.mybody.ee\\\/proov\\\/shop\\\/\"},{\"@type\":\"ListItem\",\"position\":3,\"name\":\"ICONFIT Energy Boost (Smuutidele, 250g)\"}]},{\"@type\":\"WebSite\",\"@id\":\"https:\\\/\\\/mybody5.ee.mybody.ee\\\/proov\\\/#website\",\"url\":\"https:\\\/\\\/mybody5.ee.mybody.ee\\\/proov\\\/\",\"name\":\"MyBody.ee - Toidulisandid ja sporditarvikud\",\"description\":\"Just another WordPress site\",\"publisher\":{\"@id\":\"https:\\\/\\\/mybody5.ee.mybody.ee\\\/proov\\\/#organization\"},\"potentialAction\":[{\"@type\":\"SearchAction\",\"target\":{\"@type\":\"EntryPoint\",\"urlTemplate\":\"https:\\\/\\\/mybody5.ee.mybody.ee\\\/proov\\\/?s={search_term_string}\"},\"query-input\":{\"@type\":\"PropertyValueSpecification\",\"valueRequired\":true,\"valueName\":\"search_term_string\"}}],\"inLanguage\":\"et\"},{\"@type\":\"Organization\",\"@id\":\"https:\\\/\\\/mybody5.ee.mybody.ee\\\/proov\\\/#organization\",\"name\":\"MyBody.ee\",\"url\":\"https:\\\/\\\/mybody5.ee.mybody.ee\\\/proov\\\/\",\"logo\":{\"@type\":\"ImageObject\",\"inLanguage\":\"et\",\"@id\":\"https:\\\/\\\/mybody5.ee.mybody.ee\\\/proov\\\/#\\\/schema\\\/logo\\\/image\\\/\",\"url\":\"https:\\\/\\\/mybody5.ee.mybody.ee\\\/proov\\\/wp-content\\\/uploads\\\/2023\\\/11\\\/mybody_logo_h65-2.png\",\"contentUrl\":\"https:\\\/\\\/mybody5.ee.mybody.ee\\\/proov\\\/wp-content\\\/uploads\\\/2023\\\/11\\\/mybody_logo_h65-2.png\",\"width\":229,\"height\":65,\"caption\":\"MyBody.ee\"},\"image\":{\"@id\":\"https:\\\/\\\/mybody5.ee.mybody.ee\\\/proov\\\/#\\\/schema\\\/logo\\\/image\\\/\"},\"sameAs\":[\"https:\\\/\\\/facebook.com\\\/MyBody.ee\\\/\"]}]}<\/script>\n<!-- \/ Yoast SEO plugin. -->","yoast_head_json":{"title":"ICONFIT energy boost (Smuutidele, 250g)- MyBody.ee - Toidulisandid ja sporditarvikud","description":"ICONFIT Energy Boost on Eestis toodetud supertoitude segu","robots":{"index":"index","follow":"follow","max-snippet":"max-snippet:-1","max-image-preview":"max-image-preview:large","max-video-preview":"max-video-preview:-1"},"canonical":"https:\/\/mybody5.ee.mybody.ee\/proov\/product\/iconfit-energy-boost-smuutidele-250g\/","og_locale":"et_EE","og_type":"article","og_title":"ICONFIT energy boost (Smuutidele, 250g)- MyBody.ee - Toidulisandid ja sporditarvikud","og_description":"ICONFIT Energy Boost on Eestis toodetud supertoitude segu","og_url":"https:\/\/mybody5.ee.mybody.ee\/proov\/product\/iconfit-energy-boost-smuutidele-250g\/","og_site_name":"supplero","article_publisher":"https:\/\/facebook.com\/MyBody.ee\/","og_image":[{"width":229,"height":65,"url":"https:\/\/mybody5.ee.mybody.ee\/proov\/wp-content\/uploads\/2023\/11\/mybody_logo_h65.png","type":"image\/png"}],"twitter_card":"summary_large_image","twitter_misc":{"Est. reading time":"1 minut"},"schema":{"@context":"https:\/\/schema.org","@graph":[{"@type":"WebPage","@id":"https:\/\/mybody5.ee.mybody.ee\/proov\/product\/iconfit-energy-boost-smuutidele-250g\/","url":"https:\/\/mybody5.ee.mybody.ee\/proov\/product\/iconfit-energy-boost-smuutidele-250g\/","name":"ICONFIT energy boost (Smuutidele, 250g)- MyBody.ee - Toidulisandid ja sporditarvikud","isPartOf":{"@id":"https:\/\/mybody5.ee.mybody.ee\/proov\/#website"},"datePublished":"2021-04-28T12:23:03+00:00","description":"ICONFIT Energy Boost on Eestis toodetud supertoitude segu","breadcrumb":{"@id":"https:\/\/mybody5.ee.mybody.ee\/proov\/product\/iconfit-energy-boost-smuutidele-250g\/#breadcrumb"},"inLanguage":"et","potentialAction":[{"@type":"ReadAction","target":["https:\/\/mybody5.ee.mybody.ee\/proov\/product\/iconfit-energy-boost-smuutidele-250g\/"]}]},{"@type":"BreadcrumbList","@id":"https:\/\/mybody5.ee.mybody.ee\/proov\/product\/iconfit-energy-boost-smuutidele-250g\/#breadcrumb","itemListElement":[{"@type":"ListItem","position":1,"name":"Home","item":"https:\/\/mybody5.ee.mybody.ee\/proov\/"},{"@type":"ListItem","position":2,"name":"Shop","item":"https:\/\/mybody5.ee.mybody.ee\/proov\/shop\/"},{"@type":"ListItem","position":3,"name":"ICONFIT Energy Boost (Smuutidele, 250g)"}]},{"@type":"WebSite","@id":"https:\/\/mybody5.ee.mybody.ee\/proov\/#website","url":"https:\/\/mybody5.ee.mybody.ee\/proov\/","name":"MyBody.ee - Toidulisandid ja sporditarvikud","description":"Just another WordPress site","publisher":{"@id":"https:\/\/mybody5.ee.mybody.ee\/proov\/#organization"},"potentialAction":[{"@type":"SearchAction","target":{"@type":"EntryPoint","urlTemplate":"https:\/\/mybody5.ee.mybody.ee\/proov\/?s={search_term_string}"},"query-input":{"@type":"PropertyValueSpecification","valueRequired":true,"valueName":"search_term_string"}}],"inLanguage":"et"},{"@type":"Organization","@id":"https:\/\/mybody5.ee.mybody.ee\/proov\/#organization","name":"MyBody.ee","url":"https:\/\/mybody5.ee.mybody.ee\/proov\/","logo":{"@type":"ImageObject","inLanguage":"et","@id":"https:\/\/mybody5.ee.mybody.ee\/proov\/#\/schema\/logo\/image\/","url":"https:\/\/mybody5.ee.mybody.ee\/proov\/wp-content\/uploads\/2023\/11\/mybody_logo_h65-2.png","contentUrl":"https:\/\/mybody5.ee.mybody.ee\/proov\/wp-content\/uploads\/2023\/11\/mybody_logo_h65-2.png","width":229,"height":65,"caption":"MyBody.ee"},"image":{"@id":"https:\/\/mybody5.ee.mybody.ee\/proov\/#\/schema\/logo\/image\/"},"sameAs":["https:\/\/facebook.com\/MyBody.ee\/"]}]}},"_links":{"self":[{"href":"https:\/\/mybody5.ee.mybody.ee\/proov\/wp-json\/wp\/v2\/product\/998","targetHints":{"allow":["GET"]}}],"collection":[{"href":"https:\/\/mybody5.ee.mybody.ee\/proov\/wp-json\/wp\/v2\/product"}],"about":[{"href":"https:\/\/mybody5.ee.mybody.ee\/proov\/wp-json\/wp\/v2\/types\/product"}],"replies":[{"embeddable":true,"href":"https:\/\/mybody5.ee.mybody.ee\/proov\/wp-json\/wp\/v2\/comments?post=998"}],"wp:attachment":[{"href":"https:\/\/mybody5.ee.mybody.ee\/proov\/wp-json\/wp\/v2\/media?parent=998"}],"wp:term":[{"taxonomy":"product_cat","embeddable":true,"href":"https:\/\/mybody5.ee.mybody.ee\/proov\/wp-json\/wp\/v2\/product_cat?post=998"},{"taxonomy":"product_tag","embeddable":true,"href":"https:\/\/mybody5.ee.mybody.ee\/proov\/wp-json\/wp\/v2\/product_tag?post=998"}],"curies":[{"name":"wp","href":"https:\/\/api.w.org\/{rel}","templated":true}]}}